{"id":18430,"date":"2019-08-02T15:40:55","date_gmt":"2019-08-02T15:40:55","guid":{"rendered":"https:\/\/svilupporaytech.com\/ueber-uns\/laboratorio-fisico-chimico"},"modified":"2019-09-04T12:54:31","modified_gmt":"2019-09-04T12:54:31","slug":"physikalischeschemisches-labor","status":"publish","type":"page","link":"https:\/\/svilupporaytech.com\/de\/ueber-uns\/physikalischeschemisches-labor\/","title":{"rendered":"Physikalisches\/chemisches Labor"},"content":{"rendered":"<div class=\"wpb-content-wrapper\"><p>[vc_row css=&#8220;.vc_custom_1564757943622{margin-bottom: 20px !important;}&#8220;][vc_column][vc_custom_heading text=&#8220;Physikalisches\/chemisches Labor&#8220; font_container=&#8220;tag:h1|font_size:32px|text_align:left|color:%23e30613|line_height:38px&#8220; use_theme_fonts=&#8220;yes&#8220; css=&#8220;.vc_custom_1566483754740{margin-bottom: 30px !important;}&#8220;][vc_row_inner][vc_column_inner width=&#8220;1\/4&#8243;][vc_single_image image=&#8220;541&#8243; img_size=&#8220;medium&#8220; add_caption=&#8220;yes&#8220; alignment=&#8220;center&#8220;][vc_single_image image=&#8220;18944&#8243; img_size=&#8220;medium&#8220; add_caption=&#8220;yes&#8220; alignment=&#8220;center&#8220; css=&#8220;.vc_custom_1567604581685{margin-top: 30px !important;}&#8220;][\/vc_column_inner][vc_column_inner width=&#8220;3\/4&#8243;][vc_column_text]<\/p>\n<h6>Das Labor verf\u00fcgt \u00fcber:<\/h6>\n<ul class=\"square\">\n<li class=\"\">Thermostatische Zellen f\u00fcr die Pr\u00fcfung bis zu -40 \u00b0 C und + 250 \u00b0 C<\/li>\n<li class=\"\">Instron Dynamometer f\u00fcr Traktion und Druck Pr\u00fcfungen<\/li>\n<li class=\"\">Penetrometer f\u00fcr Pr\u00fcfungen f\u00fcr Gel und Fette nach ASTM-D 217<\/li>\n<li class=\"\">Pr\u00e4zisionswaagen<\/li>\n<li class=\"\">H\u00e4rtemesser Shore A<\/li>\n<li class=\"\">Brookfield Viskosimeter<\/li>\n<li class=\"\">R\u00fchrarme und Mischer<\/li>\n<\/ul>\n<p>[\/vc_column_text][\/vc_column_inner][\/vc_row_inner][\/vc_column][\/vc_row]<\/p>\n<\/div>","protected":false},"excerpt":{"rendered":"<p>[vc_row css=&#8220;.vc_custom_1564757943622{margin-bottom: 20px !important;}&#8220;][vc_column][vc_custom_heading text=&#8220;Physikalisches\/chemisches Labor&#8220; font_container=&#8220;tag:h1|font_size:32px|text_align:left|color:%23e30613|line_height:38px&#8220; use_theme_fonts=&#8220;yes&#8220; css=&#8220;.vc_custom_1566483754740{margin-bottom: 30px !important;}&#8220;][vc_row_inner][vc_column_inner width=&#8220;1\/4&#8243;][vc_single_image image=&#8220;541&#8243; img_size=&#8220;medium&#8220; add_caption=&#8220;yes&#8220; alignment=&#8220;center&#8220;][vc_single_image image=&#8220;18944&#8243; img_size=&#8220;medium&#8220; add_caption=&#8220;yes&#8220; alignment=&#8220;center&#8220; css=&#8220;.vc_custom_1567604581685{margin-top: 30px !important;}&#8220;][\/vc_column_inner][vc_column_inner width=&#8220;3\/4&#8243;][vc_column_text] Das Labor verf\u00fcgt \u00fcber: Thermostatische Zellen<span class=\"excerpt-hellip\"> [\u2026]<\/span><\/p>\n","protected":false},"author":1,"featured_media":0,"parent":7177,"menu_order":1,"comment_status":"closed","ping_status":"closed","template":"","meta":{"footnotes":""},"yoast_head":"<!-- This site is optimized with the Yoast SEO plugin v22.7 - https:\/\/yoast.com\/wordpress\/plugins\/seo\/ -->\n<title>Physikalisches\/chemisches Labor | Raytech<\/title>\n<meta name=\"robots\" content=\"index, follow, max-snippet:-1, max-image-preview:large, max-video-preview:-1\" \/>\n<link rel=\"canonical\" href=\"https:\/\/svilupporaytech.com\/de\/ueber-uns\/physikalischeschemisches-labor\/\" \/>\n<meta property=\"og:locale\" content=\"de_DE\" \/>\n<meta property=\"og:type\" content=\"article\" \/>\n<meta property=\"og:title\" content=\"Physikalisches\/chemisches Labor | Raytech\" \/>\n<meta property=\"og:description\" content=\"[vc_row css=&#8220;.vc_custom_1564757943622{margin-bottom: 20px !important;}&#8220;][vc_column][vc_custom_heading text=&#8220;Physikalisches\/chemisches Labor&#8220; font_container=&#8220;tag:h1|font_size:32px|text_align:left|color:%23e30613|line_height:38px&#8220; use_theme_fonts=&#8220;yes&#8220; css=&#8220;.vc_custom_1566483754740{margin-bottom: 30px !important;}&#8220;][vc_row_inner][vc_column_inner width=&#8220;1\/4&#8243;][vc_single_image image=&#8220;541&#8243; img_size=&#8220;medium&#8220; add_caption=&#8220;yes&#8220; alignment=&#8220;center&#8220;][vc_single_image image=&#8220;18944&#8243; img_size=&#8220;medium&#8220; add_caption=&#8220;yes&#8220; alignment=&#8220;center&#8220; css=&#8220;.vc_custom_1567604581685{margin-top: 30px !important;}&#8220;][\/vc_column_inner][vc_column_inner width=&#8220;3\/4&#8243;][vc_column_text] Das Labor verf\u00fcgt \u00fcber: Thermostatische Zellen [\u2026]\" \/>\n<meta property=\"og:url\" content=\"https:\/\/svilupporaytech.com\/de\/ueber-uns\/physikalischeschemisches-labor\/\" \/>\n<meta property=\"og:site_name\" content=\"Raytech\" \/>\n<meta property=\"article:modified_time\" content=\"2019-09-04T12:54:31+00:00\" \/>\n<meta property=\"og:image\" content=\"https:\/\/svilupporaytech.com\/wp-content\/uploads\/logo_raytech.png\" \/>\n\t<meta property=\"og:image:width\" content=\"188\" \/>\n\t<meta property=\"og:image:height\" content=\"101\" \/>\n\t<meta property=\"og:image:type\" content=\"image\/png\" \/>\n<meta name=\"twitter:card\" content=\"summary_large_image\" \/>\n<meta name=\"twitter:label1\" content=\"Gesch\u00e4tzte Lesezeit\" \/>\n\t<meta name=\"twitter:data1\" content=\"1\u00a0Minute\" \/>\n<script type=\"application\/ld+json\" class=\"yoast-schema-graph\">{\"@context\":\"https:\/\/schema.org\",\"@graph\":[{\"@type\":\"WebPage\",\"@id\":\"https:\/\/svilupporaytech.com\/de\/ueber-uns\/physikalischeschemisches-labor\/\",\"url\":\"https:\/\/svilupporaytech.com\/de\/ueber-uns\/physikalischeschemisches-labor\/\",\"name\":\"Physikalisches\/chemisches Labor | Raytech\",\"isPartOf\":{\"@id\":\"https:\/\/svilupporaytech.com\/#website\"},\"datePublished\":\"2019-08-02T15:40:55+00:00\",\"dateModified\":\"2019-09-04T12:54:31+00:00\",\"breadcrumb\":{\"@id\":\"https:\/\/svilupporaytech.com\/de\/ueber-uns\/physikalischeschemisches-labor\/#breadcrumb\"},\"inLanguage\":\"de\",\"potentialAction\":[{\"@type\":\"ReadAction\",\"target\":[\"https:\/\/svilupporaytech.com\/de\/ueber-uns\/physikalischeschemisches-labor\/\"]}]},{\"@type\":\"BreadcrumbList\",\"@id\":\"https:\/\/svilupporaytech.com\/de\/ueber-uns\/physikalischeschemisches-labor\/#breadcrumb\",\"itemListElement\":[{\"@type\":\"ListItem\",\"position\":1,\"name\":\"Home\",\"item\":\"https:\/\/svilupporaytech.com\/de\/\"},{\"@type\":\"ListItem\",\"position\":2,\"name\":\"\u00dcber uns\",\"item\":\"https:\/\/svilupporaytech.com\/de\/ueber-uns\/\"},{\"@type\":\"ListItem\",\"position\":3,\"name\":\"Physikalisches\/chemisches Labor\"}]},{\"@type\":\"WebSite\",\"@id\":\"https:\/\/svilupporaytech.com\/#website\",\"url\":\"https:\/\/svilupporaytech.com\/\",\"name\":\"Raytech\",\"description\":\"Cable accessories company\",\"potentialAction\":[{\"@type\":\"SearchAction\",\"target\":{\"@type\":\"EntryPoint\",\"urlTemplate\":\"https:\/\/svilupporaytech.com\/?s={search_term_string}\"},\"query-input\":\"required name=search_term_string\"}],\"inLanguage\":\"de\"}]}<\/script>\n<!-- \/ Yoast SEO plugin. -->","yoast_head_json":{"title":"Physikalisches\/chemisches Labor | Raytech","robots":{"index":"index","follow":"follow","max-snippet":"max-snippet:-1","max-image-preview":"max-image-preview:large","max-video-preview":"max-video-preview:-1"},"canonical":"https:\/\/svilupporaytech.com\/de\/ueber-uns\/physikalischeschemisches-labor\/","og_locale":"de_DE","og_type":"article","og_title":"Physikalisches\/chemisches Labor | Raytech","og_description":"[vc_row css=&#8220;.vc_custom_1564757943622{margin-bottom: 20px !important;}&#8220;][vc_column][vc_custom_heading text=&#8220;Physikalisches\/chemisches Labor&#8220; font_container=&#8220;tag:h1|font_size:32px|text_align:left|color:%23e30613|line_height:38px&#8220; use_theme_fonts=&#8220;yes&#8220; css=&#8220;.vc_custom_1566483754740{margin-bottom: 30px !important;}&#8220;][vc_row_inner][vc_column_inner width=&#8220;1\/4&#8243;][vc_single_image image=&#8220;541&#8243; img_size=&#8220;medium&#8220; add_caption=&#8220;yes&#8220; alignment=&#8220;center&#8220;][vc_single_image image=&#8220;18944&#8243; img_size=&#8220;medium&#8220; add_caption=&#8220;yes&#8220; alignment=&#8220;center&#8220; css=&#8220;.vc_custom_1567604581685{margin-top: 30px !important;}&#8220;][\/vc_column_inner][vc_column_inner width=&#8220;3\/4&#8243;][vc_column_text] Das Labor verf\u00fcgt \u00fcber: Thermostatische Zellen [\u2026]","og_url":"https:\/\/svilupporaytech.com\/de\/ueber-uns\/physikalischeschemisches-labor\/","og_site_name":"Raytech","article_modified_time":"2019-09-04T12:54:31+00:00","og_image":[{"width":188,"height":101,"url":"https:\/\/svilupporaytech.com\/wp-content\/uploads\/logo_raytech.png","type":"image\/png"}],"twitter_card":"summary_large_image","twitter_misc":{"Gesch\u00e4tzte Lesezeit":"1\u00a0Minute"},"schema":{"@context":"https:\/\/schema.org","@graph":[{"@type":"WebPage","@id":"https:\/\/svilupporaytech.com\/de\/ueber-uns\/physikalischeschemisches-labor\/","url":"https:\/\/svilupporaytech.com\/de\/ueber-uns\/physikalischeschemisches-labor\/","name":"Physikalisches\/chemisches Labor | Raytech","isPartOf":{"@id":"https:\/\/svilupporaytech.com\/#website"},"datePublished":"2019-08-02T15:40:55+00:00","dateModified":"2019-09-04T12:54:31+00:00","breadcrumb":{"@id":"https:\/\/svilupporaytech.com\/de\/ueber-uns\/physikalischeschemisches-labor\/#breadcrumb"},"inLanguage":"de","potentialAction":[{"@type":"ReadAction","target":["https:\/\/svilupporaytech.com\/de\/ueber-uns\/physikalischeschemisches-labor\/"]}]},{"@type":"BreadcrumbList","@id":"https:\/\/svilupporaytech.com\/de\/ueber-uns\/physikalischeschemisches-labor\/#breadcrumb","itemListElement":[{"@type":"ListItem","position":1,"name":"Home","item":"https:\/\/svilupporaytech.com\/de\/"},{"@type":"ListItem","position":2,"name":"\u00dcber uns","item":"https:\/\/svilupporaytech.com\/de\/ueber-uns\/"},{"@type":"ListItem","position":3,"name":"Physikalisches\/chemisches Labor"}]},{"@type":"WebSite","@id":"https:\/\/svilupporaytech.com\/#website","url":"https:\/\/svilupporaytech.com\/","name":"Raytech","description":"Cable accessories company","potentialAction":[{"@type":"SearchAction","target":{"@type":"EntryPoint","urlTemplate":"https:\/\/svilupporaytech.com\/?s={search_term_string}"},"query-input":"required name=search_term_string"}],"inLanguage":"de"}]}},"_links":{"self":[{"href":"https:\/\/svilupporaytech.com\/de\/wp-json\/wp\/v2\/pages\/18430"}],"collection":[{"href":"https:\/\/svilupporaytech.com\/de\/wp-json\/wp\/v2\/pages"}],"about":[{"href":"https:\/\/svilupporaytech.com\/de\/wp-json\/wp\/v2\/types\/page"}],"author":[{"embeddable":true,"href":"https:\/\/svilupporaytech.com\/de\/wp-json\/wp\/v2\/users\/1"}],"replies":[{"embeddable":true,"href":"https:\/\/svilupporaytech.com\/de\/wp-json\/wp\/v2\/comments?post=18430"}],"version-history":[{"count":0,"href":"https:\/\/svilupporaytech.com\/de\/wp-json\/wp\/v2\/pages\/18430\/revisions"}],"up":[{"embeddable":true,"href":"https:\/\/svilupporaytech.com\/de\/wp-json\/wp\/v2\/pages\/7177"}],"wp:attachment":[{"href":"https:\/\/svilupporaytech.com\/de\/wp-json\/wp\/v2\/media?parent=18430"}],"curies":[{"name":"wp","href":"https:\/\/api.w.org\/{rel}","templated":true}]}}