{"id":7179,"date":"2015-09-17T08:41:32","date_gmt":"2015-09-17T08:41:32","guid":{"rendered":"https:\/\/svilupporaytech.com\/?page_id=7179&#038;lang=de"},"modified":"2023-12-13T13:27:32","modified_gmt":"2023-12-13T12:27:32","slug":"unternehmen","status":"publish","type":"page","link":"https:\/\/svilupporaytech.com\/de\/ueber-uns\/unternehmen\/","title":{"rendered":"Unternehmen"},"content":{"rendered":"<div class=\"wpb-content-wrapper\"><p>[vc_row css=&#8220;.vc_custom_1564757943622{margin-bottom: 20px !important;}&#8220;][vc_column][vc_custom_heading text=&#8220;Raytech, 25 Jahre Forschung und Entwicklung&#8220; font_container=&#8220;tag:h1|font_size:32px|text_align:left|color:%23e30613|line_height:38px&#8220; use_theme_fonts=&#8220;yes&#8220; css=&#8220;.vc_custom_1566815552156{margin-bottom: 30px !important;}&#8220;][vc_row_inner][vc_column_inner width=&#8220;1\/4&#8243;][vc_single_image image=&#8220;34715&#8243; img_size=&#8220;full&#8220; add_caption=&#8220;yes&#8220; alignment=&#8220;center&#8220;][vc_btn title=&#8220;Zertifizierung herunterladen&#8220; style=&#8220;custom&#8220; custom_background=&#8220;#e30613&#8243; custom_text=&#8220;#ffffff&#8220; shape=&#8220;square&#8220; align=&#8220;center&#8220; i_align=&#8220;right&#8220; i_icon_fontawesome=&#8220;fa fa-file-pdf-o&#8220; add_icon=&#8220;true&#8220; link=&#8220;url:https%3A%2F%2Fwww.raytech.it%2Fwp-content%2Fuploads%2Fraytech-srl-ecovadis-rating-certificate-2023-12-13-eng.pdf||target:%20_blank|&#8220; css=&#8220;.vc_custom_1702470432651{margin-top: 30px !important;margin-bottom: 60px !important;}&#8220;][vc_single_image image=&#8220;18688&#8243; img_size=&#8220;full&#8220; add_caption=&#8220;yes&#8220; alignment=&#8220;center&#8220; css=&#8220;.vc_custom_1702470320948{margin-top: 60px !important;}&#8220;][\/vc_column_inner][vc_column_inner width=&#8220;3\/4&#8243;][vc_column_text]Die Firma\u00a0<em><span style=\"color: #ff0000;\"><strong>Raytech<\/strong><\/span>\u00a0<\/em>mit Sitz in Mailand, dem bedeutendsten Wirtschaftsund Finanzgebiet Italiens, und ist im Hinblick auf die Produktivit\u00e4t der\u00a0<strong>Hersteller mit dem breitesten Angebot an Zubeh\u00f6r und Komponenten<\/strong>f\u00fcr Stromkabel der Welt.<\/p>\n<p>Die Leidenschaft f\u00fcr Planung und Innovation hat es Raytech erm\u00f6glicht, sich weiterzuentwickeln, sich an die Anforderungen und Normen eines nationalen und internationalen, best\u00e4ndig weiterwachsenden Marktes anzupassen und die Herausforderung anzunehmen, den Endanwender mit neuen und immer besseren Produkten in extrem kurzer Zeit versorgen und zu \u00fcberraschen \u2013 ganz ohne Einbu\u00dfen bei dem strengen Qualit\u00e4tssystem, das uns seit eh und eh in unserem Produktionsumfeld auszeichnet.<\/p>\n<p>Die technischen Leistungen der Produkte von Raytech wurden in unseren Laboratorien getestet und zertifiziert, wodurch selbst den anspruchsvollsten Installateuren h\u00f6chste Zuverl\u00e4ssigkeit garantiert werden kann, die unsere Artikel dank eines konsolidierten und hochqualifizierten Vertriebsnetzwerks in\u00a0<strong>36 L\u00e4ndern weltweit erhalten<\/strong>.<\/p>\n<p>Auf einem immer schnelleren und wettbewerbsintensiveren Markt ist Raytech als Vorl\u00e4ufer f\u00fcr die\u00a0<strong>besten und innovativsten Technologien<\/strong>\u00a0sowie f\u00fcr die Integrit\u00e4t und Leidenschaft bekannt, die die Eckpfeiler seiner zwanzigj\u00e4hrigen Aktivit\u00e4t bilden.[\/vc_column_text][vc_column_text css=&#8220;.vc_custom_1566479835411{margin-top: 50px !important;}&#8220;]Die\u00a0<strong>Qualit\u00e4t des Unternehmens und der Produkten\u00a0<\/strong><strong>Raytech<\/strong>\u00a0wird von den h\u00f6heren Zertifizierungsstellen unterst\u00fctzt[\/vc_column_text][vc_separator css=&#8220;.vc_custom_1564757906154{margin-top: 20px !important;margin-bottom: 20px !important;}&#8220;][vc_column_text el_class=&#8220;logo_gallery&#8220; css=&#8220;.vc_custom_1697719450364{margin-top: 20px !important;}&#8220;]<div class=\"column one-fourth\"><img loading=\"lazy\" decoding=\"async\" class=\"alignleft size-full wp-image-18728\" src=\"https:\/\/svilupporaytech.com\/wp-content\/uploads\/imq-retina.jpg\" alt=\"IMQ-Zertifizierung\" width=\"150\" height=\"150\" srcset=\"https:\/\/svilupporaytech.com\/wp-content\/uploads\/imq-retina.jpg 300w, https:\/\/svilupporaytech.com\/wp-content\/uploads\/imq-retina-150x150.jpg 150w, https:\/\/svilupporaytech.com\/wp-content\/uploads\/imq-retina-146x146.jpg 146w, https:\/\/svilupporaytech.com\/wp-content\/uploads\/imq-retina-50x50.jpg 50w, https:\/\/svilupporaytech.com\/wp-content\/uploads\/imq-retina-75x75.jpg 75w, https:\/\/svilupporaytech.com\/wp-content\/uploads\/imq-retina-85x85.jpg 85w, https:\/\/svilupporaytech.com\/wp-content\/uploads\/imq-retina-80x80.jpg 80w\" sizes=\"(max-width: 150px) 100vw, 150px\" \/><\/div>\n<div class=\"column one-fourth\"><img loading=\"lazy\" decoding=\"async\" class=\"alignleft size-full wp-image-23001\" src=\"https:\/\/svilupporaytech.com\/wp-content\/uploads\/csq-iso45001.jpg\" alt=\"CSQ ISO 45001-Zertifizierung\" width=\"150\" height=\"150\" srcset=\"https:\/\/svilupporaytech.com\/wp-content\/uploads\/csq-iso45001.jpg 150w, https:\/\/svilupporaytech.com\/wp-content\/uploads\/csq-iso45001-146x146.jpg 146w, https:\/\/svilupporaytech.com\/wp-content\/uploads\/csq-iso45001-50x50.jpg 50w, https:\/\/svilupporaytech.com\/wp-content\/uploads\/csq-iso45001-75x75.jpg 75w, https:\/\/svilupporaytech.com\/wp-content\/uploads\/csq-iso45001-85x85.jpg 85w, https:\/\/svilupporaytech.com\/wp-content\/uploads\/csq-iso45001-80x80.jpg 80w\" sizes=\"(max-width: 150px) 100vw, 150px\" \/><\/div>\n<div class=\"column one-fourth\"><img loading=\"lazy\" decoding=\"async\" class=\"alignleft size-full wp-image-23008\" src=\"https:\/\/svilupporaytech.com\/wp-content\/uploads\/logo-iqnet.jpg\" alt=\"IQNet-Zertifizierung\" width=\"150\" height=\"150\" srcset=\"https:\/\/svilupporaytech.com\/wp-content\/uploads\/logo-iqnet.jpg 150w, https:\/\/svilupporaytech.com\/wp-content\/uploads\/logo-iqnet-146x146.jpg 146w, https:\/\/svilupporaytech.com\/wp-content\/uploads\/logo-iqnet-50x50.jpg 50w, https:\/\/svilupporaytech.com\/wp-content\/uploads\/logo-iqnet-75x75.jpg 75w, https:\/\/svilupporaytech.com\/wp-content\/uploads\/logo-iqnet-85x85.jpg 85w, https:\/\/svilupporaytech.com\/wp-content\/uploads\/logo-iqnet-80x80.jpg 80w\" sizes=\"(max-width: 150px) 100vw, 150px\" \/><\/div>\n<div class=\"column one-fourth\"><img loading=\"lazy\" decoding=\"async\" class=\"alignleft size-full wp-image-22994\" src=\"https:\/\/svilupporaytech.com\/wp-content\/uploads\/csq-iso9001.jpg\" alt=\"CSQ ISO 9001-Zertifizierung\" width=\"150\" height=\"150\" srcset=\"https:\/\/svilupporaytech.com\/wp-content\/uploads\/csq-iso9001.jpg 150w, https:\/\/svilupporaytech.com\/wp-content\/uploads\/csq-iso9001-146x146.jpg 146w, https:\/\/svilupporaytech.com\/wp-content\/uploads\/csq-iso9001-50x50.jpg 50w, https:\/\/svilupporaytech.com\/wp-content\/uploads\/csq-iso9001-75x75.jpg 75w, https:\/\/svilupporaytech.com\/wp-content\/uploads\/csq-iso9001-85x85.jpg 85w, https:\/\/svilupporaytech.com\/wp-content\/uploads\/csq-iso9001-80x80.jpg 80w\" sizes=\"(max-width: 150px) 100vw, 150px\" \/><\/div>\n<div class=\"column one-fourth\"><img loading=\"lazy\" decoding=\"async\" class=\"alignleft size-full wp-image-18742\" src=\"https:\/\/svilupporaytech.com\/wp-content\/uploads\/rse-retina.jpg\" alt=\"RSE-Zertifizierung\" width=\"150\" height=\"150\" srcset=\"https:\/\/svilupporaytech.com\/wp-content\/uploads\/rse-retina.jpg 300w, https:\/\/svilupporaytech.com\/wp-content\/uploads\/rse-retina-150x150.jpg 150w, https:\/\/svilupporaytech.com\/wp-content\/uploads\/rse-retina-146x146.jpg 146w, https:\/\/svilupporaytech.com\/wp-content\/uploads\/rse-retina-50x50.jpg 50w, https:\/\/svilupporaytech.com\/wp-content\/uploads\/rse-retina-75x75.jpg 75w, https:\/\/svilupporaytech.com\/wp-content\/uploads\/rse-retina-85x85.jpg 85w, https:\/\/svilupporaytech.com\/wp-content\/uploads\/rse-retina-80x80.jpg 80w\" sizes=\"(max-width: 150px) 100vw, 150px\" \/><\/div>\n<div class=\"column one-fourth\"><img loading=\"lazy\" decoding=\"async\" class=\"alignleft size-full wp-image-18707\" src=\"https:\/\/svilupporaytech.com\/wp-content\/uploads\/bureau-retina.jpg\" alt=\"Bureau Veritas-Zertifizierung\" width=\"150\" height=\"150\" srcset=\"https:\/\/svilupporaytech.com\/wp-content\/uploads\/bureau-retina.jpg 300w, https:\/\/svilupporaytech.com\/wp-content\/uploads\/bureau-retina-150x150.jpg 150w, https:\/\/svilupporaytech.com\/wp-content\/uploads\/bureau-retina-146x146.jpg 146w, https:\/\/svilupporaytech.com\/wp-content\/uploads\/bureau-retina-50x50.jpg 50w, https:\/\/svilupporaytech.com\/wp-content\/uploads\/bureau-retina-75x75.jpg 75w, https:\/\/svilupporaytech.com\/wp-content\/uploads\/bureau-retina-85x85.jpg 85w, https:\/\/svilupporaytech.com\/wp-content\/uploads\/bureau-retina-80x80.jpg 80w\" sizes=\"(max-width: 150px) 100vw, 150px\" \/><\/div>\n<div class=\"column one-fourth\"><img loading=\"lazy\" decoding=\"async\" class=\"alignleft size-full wp-image-18735\" src=\"https:\/\/svilupporaytech.com\/wp-content\/uploads\/kema-retina.jpg\" alt=\"KEMA-Zertifizierung\" width=\"150\" height=\"150\" srcset=\"https:\/\/svilupporaytech.com\/wp-content\/uploads\/kema-retina-150x150.jpg 150w, https:\/\/svilupporaytech.com\/wp-content\/uploads\/kema-retina-85x85.jpg 85w, https:\/\/svilupporaytech.com\/wp-content\/uploads\/kema-retina-80x80.jpg 80w, https:\/\/svilupporaytech.com\/wp-content\/uploads\/kema-retina-300x300.jpg 300w\" sizes=\"(max-width: 150px) 100vw, 150px\" \/><\/div>\n<div class=\"column one-fourth\"><img loading=\"lazy\" decoding=\"async\" class=\"alignleft size-full wp-image-18721\" src=\"https:\/\/svilupporaytech.com\/wp-content\/uploads\/dekra-retina.jpg\" alt=\"DEKRA-Zertifizierung\" width=\"150\" height=\"150\" srcset=\"https:\/\/svilupporaytech.com\/wp-content\/uploads\/dekra-retina-150x150.jpg 150w, https:\/\/svilupporaytech.com\/wp-content\/uploads\/dekra-retina-85x85.jpg 85w, https:\/\/svilupporaytech.com\/wp-content\/uploads\/dekra-retina-80x80.jpg 80w, https:\/\/svilupporaytech.com\/wp-content\/uploads\/dekra-retina-300x300.jpg 300w\" sizes=\"(max-width: 150px) 100vw, 150px\" \/><\/div>\n<div class=\"column one-fourth\"><img loading=\"lazy\" decoding=\"async\" class=\"alignleft size-full wp-image-18721\" src=\"https:\/\/svilupporaytech.com\/wp-content\/uploads\/csq-iso14001-v1.jpg\" alt=\"CSQ ISO 14001-Zertifizierung\" width=\"150\" height=\"150\" \/><\/div>\n[\/vc_column_text][\/vc_column_inner][\/vc_row_inner][\/vc_column][\/vc_row]<\/p>\n<\/div>","protected":false},"excerpt":{"rendered":"<p>[vc_row css=&#8220;.vc_custom_1564757943622{margin-bottom: 20px !important;}&#8220;][vc_column][vc_custom_heading text=&#8220;Raytech, 25 Jahre Forschung und Entwicklung&#8220; font_container=&#8220;tag:h1|font_size:32px|text_align:left|color:%23e30613|line_height:38px&#8220; use_theme_fonts=&#8220;yes&#8220; css=&#8220;.vc_custom_1566815552156{margin-bottom: 30px !important;}&#8220;][vc_row_inner][vc_column_inner width=&#8220;1\/4&#8243;][vc_single_image image=&#8220;34715&#8243; img_size=&#8220;full&#8220; add_caption=&#8220;yes&#8220; alignment=&#8220;center&#8220;][vc_btn title=&#8220;Zertifizierung herunterladen&#8220; style=&#8220;custom&#8220; custom_background=&#8220;#e30613&#8243; custom_text=&#8220;#ffffff&#8220; shape=&#8220;square&#8220; align=&#8220;center&#8220; i_align=&#8220;right&#8220; i_icon_fontawesome=&#8220;fa fa-file-pdf-o&#8220;<span class=\"excerpt-hellip\"> [\u2026]<\/span><\/p>\n","protected":false},"author":1,"featured_media":0,"parent":7177,"menu_order":1,"comment_status":"closed","ping_status":"closed","template":"","meta":{"footnotes":""},"yoast_head":"<!-- This site is optimized with the Yoast SEO plugin v22.7 - https:\/\/yoast.com\/wordpress\/plugins\/seo\/ -->\n<title>Unternehmen | Raytech<\/title>\n<meta name=\"robots\" content=\"index, follow, max-snippet:-1, max-image-preview:large, max-video-preview:-1\" \/>\n<link rel=\"canonical\" href=\"https:\/\/svilupporaytech.com\/de\/ueber-uns\/unternehmen\/\" \/>\n<meta property=\"og:locale\" content=\"de_DE\" \/>\n<meta property=\"og:type\" content=\"article\" \/>\n<meta property=\"og:title\" content=\"Unternehmen | Raytech\" \/>\n<meta property=\"og:description\" content=\"[vc_row css=&#8220;.vc_custom_1564757943622{margin-bottom: 20px !important;}&#8220;][vc_column][vc_custom_heading text=&#8220;Raytech, 25 Jahre Forschung und Entwicklung&#8220; font_container=&#8220;tag:h1|font_size:32px|text_align:left|color:%23e30613|line_height:38px&#8220; use_theme_fonts=&#8220;yes&#8220; css=&#8220;.vc_custom_1566815552156{margin-bottom: 30px !important;}&#8220;][vc_row_inner][vc_column_inner width=&#8220;1\/4&#8243;][vc_single_image image=&#8220;34715&#8243; img_size=&#8220;full&#8220; add_caption=&#8220;yes&#8220; alignment=&#8220;center&#8220;][vc_btn title=&#8220;Zertifizierung herunterladen&#8220; style=&#8220;custom&#8220; custom_background=&#8220;#e30613&#8243; custom_text=&#8220;#ffffff&#8220; shape=&#8220;square&#8220; align=&#8220;center&#8220; i_align=&#8220;right&#8220; i_icon_fontawesome=&#8220;fa fa-file-pdf-o&#8220; [\u2026]\" \/>\n<meta property=\"og:url\" content=\"https:\/\/svilupporaytech.com\/de\/ueber-uns\/unternehmen\/\" \/>\n<meta property=\"og:site_name\" content=\"Raytech\" \/>\n<meta property=\"article:modified_time\" content=\"2023-12-13T12:27:32+00:00\" \/>\n<meta property=\"og:image\" content=\"https:\/\/svilupporaytech.com\/wp-content\/uploads\/imq-retina.jpg\" \/>\n<meta name=\"twitter:card\" content=\"summary_large_image\" \/>\n<meta name=\"twitter:label1\" content=\"Gesch\u00e4tzte Lesezeit\" \/>\n\t<meta name=\"twitter:data1\" content=\"3\u00a0Minuten\" \/>\n<script type=\"application\/ld+json\" class=\"yoast-schema-graph\">{\"@context\":\"https:\/\/schema.org\",\"@graph\":[{\"@type\":\"WebPage\",\"@id\":\"https:\/\/svilupporaytech.com\/de\/ueber-uns\/unternehmen\/\",\"url\":\"https:\/\/svilupporaytech.com\/de\/ueber-uns\/unternehmen\/\",\"name\":\"Unternehmen | Raytech\",\"isPartOf\":{\"@id\":\"https:\/\/svilupporaytech.com\/#website\"},\"primaryImageOfPage\":{\"@id\":\"https:\/\/svilupporaytech.com\/de\/ueber-uns\/unternehmen\/#primaryimage\"},\"image\":{\"@id\":\"https:\/\/svilupporaytech.com\/de\/ueber-uns\/unternehmen\/#primaryimage\"},\"thumbnailUrl\":\"https:\/\/svilupporaytech.com\/wp-content\/uploads\/imq-retina.jpg\",\"datePublished\":\"2015-09-17T08:41:32+00:00\",\"dateModified\":\"2023-12-13T12:27:32+00:00\",\"breadcrumb\":{\"@id\":\"https:\/\/svilupporaytech.com\/de\/ueber-uns\/unternehmen\/#breadcrumb\"},\"inLanguage\":\"de\",\"potentialAction\":[{\"@type\":\"ReadAction\",\"target\":[\"https:\/\/svilupporaytech.com\/de\/ueber-uns\/unternehmen\/\"]}]},{\"@type\":\"ImageObject\",\"inLanguage\":\"de\",\"@id\":\"https:\/\/svilupporaytech.com\/de\/ueber-uns\/unternehmen\/#primaryimage\",\"url\":\"https:\/\/svilupporaytech.com\/wp-content\/uploads\/imq-retina.jpg\",\"contentUrl\":\"https:\/\/svilupporaytech.com\/wp-content\/uploads\/imq-retina.jpg\"},{\"@type\":\"BreadcrumbList\",\"@id\":\"https:\/\/svilupporaytech.com\/de\/ueber-uns\/unternehmen\/#breadcrumb\",\"itemListElement\":[{\"@type\":\"ListItem\",\"position\":1,\"name\":\"Home\",\"item\":\"https:\/\/svilupporaytech.com\/de\/\"},{\"@type\":\"ListItem\",\"position\":2,\"name\":\"\u00dcber uns\",\"item\":\"https:\/\/svilupporaytech.com\/de\/ueber-uns\/\"},{\"@type\":\"ListItem\",\"position\":3,\"name\":\"Unternehmen\"}]},{\"@type\":\"WebSite\",\"@id\":\"https:\/\/svilupporaytech.com\/#website\",\"url\":\"https:\/\/svilupporaytech.com\/\",\"name\":\"Raytech\",\"description\":\"Cable accessories company\",\"potentialAction\":[{\"@type\":\"SearchAction\",\"target\":{\"@type\":\"EntryPoint\",\"urlTemplate\":\"https:\/\/svilupporaytech.com\/?s={search_term_string}\"},\"query-input\":\"required name=search_term_string\"}],\"inLanguage\":\"de\"}]}<\/script>\n<!-- \/ Yoast SEO plugin. -->","yoast_head_json":{"title":"Unternehmen | Raytech","robots":{"index":"index","follow":"follow","max-snippet":"max-snippet:-1","max-image-preview":"max-image-preview:large","max-video-preview":"max-video-preview:-1"},"canonical":"https:\/\/svilupporaytech.com\/de\/ueber-uns\/unternehmen\/","og_locale":"de_DE","og_type":"article","og_title":"Unternehmen | Raytech","og_description":"[vc_row css=&#8220;.vc_custom_1564757943622{margin-bottom: 20px !important;}&#8220;][vc_column][vc_custom_heading text=&#8220;Raytech, 25 Jahre Forschung und Entwicklung&#8220; font_container=&#8220;tag:h1|font_size:32px|text_align:left|color:%23e30613|line_height:38px&#8220; use_theme_fonts=&#8220;yes&#8220; css=&#8220;.vc_custom_1566815552156{margin-bottom: 30px !important;}&#8220;][vc_row_inner][vc_column_inner width=&#8220;1\/4&#8243;][vc_single_image image=&#8220;34715&#8243; img_size=&#8220;full&#8220; add_caption=&#8220;yes&#8220; alignment=&#8220;center&#8220;][vc_btn title=&#8220;Zertifizierung herunterladen&#8220; style=&#8220;custom&#8220; custom_background=&#8220;#e30613&#8243; custom_text=&#8220;#ffffff&#8220; shape=&#8220;square&#8220; align=&#8220;center&#8220; i_align=&#8220;right&#8220; i_icon_fontawesome=&#8220;fa fa-file-pdf-o&#8220; [\u2026]","og_url":"https:\/\/svilupporaytech.com\/de\/ueber-uns\/unternehmen\/","og_site_name":"Raytech","article_modified_time":"2023-12-13T12:27:32+00:00","og_image":[{"url":"https:\/\/svilupporaytech.com\/wp-content\/uploads\/imq-retina.jpg"}],"twitter_card":"summary_large_image","twitter_misc":{"Gesch\u00e4tzte Lesezeit":"3\u00a0Minuten"},"schema":{"@context":"https:\/\/schema.org","@graph":[{"@type":"WebPage","@id":"https:\/\/svilupporaytech.com\/de\/ueber-uns\/unternehmen\/","url":"https:\/\/svilupporaytech.com\/de\/ueber-uns\/unternehmen\/","name":"Unternehmen | Raytech","isPartOf":{"@id":"https:\/\/svilupporaytech.com\/#website"},"primaryImageOfPage":{"@id":"https:\/\/svilupporaytech.com\/de\/ueber-uns\/unternehmen\/#primaryimage"},"image":{"@id":"https:\/\/svilupporaytech.com\/de\/ueber-uns\/unternehmen\/#primaryimage"},"thumbnailUrl":"https:\/\/svilupporaytech.com\/wp-content\/uploads\/imq-retina.jpg","datePublished":"2015-09-17T08:41:32+00:00","dateModified":"2023-12-13T12:27:32+00:00","breadcrumb":{"@id":"https:\/\/svilupporaytech.com\/de\/ueber-uns\/unternehmen\/#breadcrumb"},"inLanguage":"de","potentialAction":[{"@type":"ReadAction","target":["https:\/\/svilupporaytech.com\/de\/ueber-uns\/unternehmen\/"]}]},{"@type":"ImageObject","inLanguage":"de","@id":"https:\/\/svilupporaytech.com\/de\/ueber-uns\/unternehmen\/#primaryimage","url":"https:\/\/svilupporaytech.com\/wp-content\/uploads\/imq-retina.jpg","contentUrl":"https:\/\/svilupporaytech.com\/wp-content\/uploads\/imq-retina.jpg"},{"@type":"BreadcrumbList","@id":"https:\/\/svilupporaytech.com\/de\/ueber-uns\/unternehmen\/#breadcrumb","itemListElement":[{"@type":"ListItem","position":1,"name":"Home","item":"https:\/\/svilupporaytech.com\/de\/"},{"@type":"ListItem","position":2,"name":"\u00dcber uns","item":"https:\/\/svilupporaytech.com\/de\/ueber-uns\/"},{"@type":"ListItem","position":3,"name":"Unternehmen"}]},{"@type":"WebSite","@id":"https:\/\/svilupporaytech.com\/#website","url":"https:\/\/svilupporaytech.com\/","name":"Raytech","description":"Cable accessories company","potentialAction":[{"@type":"SearchAction","target":{"@type":"EntryPoint","urlTemplate":"https:\/\/svilupporaytech.com\/?s={search_term_string}"},"query-input":"required name=search_term_string"}],"inLanguage":"de"}]}},"_links":{"self":[{"href":"https:\/\/svilupporaytech.com\/de\/wp-json\/wp\/v2\/pages\/7179"}],"collection":[{"href":"https:\/\/svilupporaytech.com\/de\/wp-json\/wp\/v2\/pages"}],"about":[{"href":"https:\/\/svilupporaytech.com\/de\/wp-json\/wp\/v2\/types\/page"}],"author":[{"embeddable":true,"href":"https:\/\/svilupporaytech.com\/de\/wp-json\/wp\/v2\/users\/1"}],"replies":[{"embeddable":true,"href":"https:\/\/svilupporaytech.com\/de\/wp-json\/wp\/v2\/comments?post=7179"}],"version-history":[{"count":3,"href":"https:\/\/svilupporaytech.com\/de\/wp-json\/wp\/v2\/pages\/7179\/revisions"}],"predecessor-version":[{"id":34739,"href":"https:\/\/svilupporaytech.com\/de\/wp-json\/wp\/v2\/pages\/7179\/revisions\/34739"}],"up":[{"embeddable":true,"href":"https:\/\/svilupporaytech.com\/de\/wp-json\/wp\/v2\/pages\/7177"}],"wp:attachment":[{"href":"https:\/\/svilupporaytech.com\/de\/wp-json\/wp\/v2\/media?parent=7179"}],"curies":[{"name":"wp","href":"https:\/\/api.w.org\/{rel}","templated":true}]}}