{"id":13355,"date":"2018-10-25T13:06:49","date_gmt":"2018-10-25T13:06:51","guid":{"rendered":"http:\/\/raytech.it?post_type=product&#038;p=13355"},"modified":"2019-11-12T10:10:58","modified_gmt":"2019-11-12T10:10:58","slug":"happy-joint-x6","status":"publish","type":"product","link":"https:\/\/svilupporaytech.com\/de\/produkt\/niederspannung\/verbindungmuffe\/vorgefuellte-gel-verbindungsmuffe\/happy-joint-x6\/","title":{"rendered":"Happy Joint X6"},"content":{"rendered":"<h4 class=\"text_color_green\">Die revolution\u00e4ren kleine Gel gef\u00fcllten Zubeh\u00f6re mit 3 Eing\u00e4ngen auch zur Verwendung unter Wasser (IPX8). Mit Klemmen im Kit enthalten.<\/h4>\n<ul class=\"prod_bullet_point\">\n<li>Vielseitig &#8211; Gebrauchsfertig &#8211; Wieder zug\u00e4nglich<\/li>\n<li>Klein, kompakt und best\u00e4ndig<\/li>\n<li>Ohne Werkzeuge<\/li>\n<li>Vorgef\u00fcllte mit Ungiftig und unbegrenzt lagerf\u00e4hig Gel<\/li>\n<li>Sie K\u00f6nnen sofort Energie f\u00fchren<\/li>\n<li>F\u00fcr geraden oder abgezwigten Verbindungen<\/li>\n<li>F\u00fcr starren oder flexible isolierten Dr\u00e4hte, bis 6 mm<sup>2<\/sup><\/li>\n<li>Bis zu 5 Leitern mit 1 Phase oder bis zu 2 Leitern mit 2 oder 3 Phasen<\/li>\n<li>Halogen free<\/li>\n<li>UV resistant<\/li>\n<\/ul>\n","protected":false},"excerpt":{"rendered":"<p>Die revolution\u00e4ren kleine Gel gef\u00fcllten Zubeh\u00f6re mit 3 Eing\u00e4ngen auch zur Verwendung unter Wasser (IPX8). Mit Klemmen im Kit enthalten. Vielseitig &#8211; Gebrauchsfertig &#8211; Wieder zug\u00e4nglich Klein, kompakt und best\u00e4ndig<span class=\"excerpt-hellip\"> [\u2026]<\/span><\/p>\n","protected":false},"featured_media":13367,"template":"","meta":[],"product_cat":[280,282,285],"product_tag":[],"yoast_head":"<!-- This site is optimized with the Yoast SEO plugin v22.7 - https:\/\/yoast.com\/wordpress\/plugins\/seo\/ -->\n<title>Happy Joint X6 | Raytech<\/title>\n<meta name=\"description\" content=\"Le microgiunzioni IP68, preriempite in gel, salvaspazio complete di connettore e a minimo impatto estetico\" \/>\n<meta name=\"robots\" content=\"index, follow, max-snippet:-1, max-image-preview:large, max-video-preview:-1\" \/>\n<link rel=\"canonical\" href=\"https:\/\/svilupporaytech.com\/de\/produkt\/niederspannung\/verbindungmuffe\/vorgefuellte-gel-verbindungsmuffe\/happy-joint-x6\/\" \/>\n<meta property=\"og:locale\" content=\"de_DE\" \/>\n<meta property=\"og:type\" content=\"article\" \/>\n<meta property=\"og:title\" content=\"Happy Joint X6 | Raytech\" \/>\n<meta property=\"og:description\" content=\"Le microgiunzioni IP68, preriempite in gel, salvaspazio complete di connettore e a minimo impatto estetico\" \/>\n<meta property=\"og:url\" content=\"https:\/\/svilupporaytech.com\/de\/produkt\/niederspannung\/verbindungmuffe\/vorgefuellte-gel-verbindungsmuffe\/happy-joint-x6\/\" \/>\n<meta property=\"og:site_name\" content=\"Raytech\" \/>\n<meta property=\"article:modified_time\" content=\"2019-11-12T10:10:58+00:00\" \/>\n<meta property=\"og:image\" content=\"https:\/\/svilupporaytech.com\/wp-content\/uploads\/happy-joint-x6.jpg\" \/>\n\t<meta property=\"og:image:width\" content=\"1024\" \/>\n\t<meta property=\"og:image:height\" content=\"1024\" \/>\n\t<meta property=\"og:image:type\" content=\"image\/jpeg\" \/>\n<meta name=\"twitter:card\" content=\"summary_large_image\" \/>\n<script type=\"application\/ld+json\" class=\"yoast-schema-graph\">{\"@context\":\"https:\/\/schema.org\",\"@graph\":[{\"@type\":\"WebPage\",\"@id\":\"https:\/\/svilupporaytech.com\/de\/produkt\/niederspannung\/verbindungmuffe\/vorgefuellte-gel-verbindungsmuffe\/happy-joint-x6\/\",\"url\":\"https:\/\/svilupporaytech.com\/de\/produkt\/niederspannung\/verbindungmuffe\/vorgefuellte-gel-verbindungsmuffe\/happy-joint-x6\/\",\"name\":\"Happy Joint X6 | Raytech\",\"isPartOf\":{\"@id\":\"https:\/\/svilupporaytech.com\/#website\"},\"primaryImageOfPage\":{\"@id\":\"https:\/\/svilupporaytech.com\/de\/produkt\/niederspannung\/verbindungmuffe\/vorgefuellte-gel-verbindungsmuffe\/happy-joint-x6\/#primaryimage\"},\"image\":{\"@id\":\"https:\/\/svilupporaytech.com\/de\/produkt\/niederspannung\/verbindungmuffe\/vorgefuellte-gel-verbindungsmuffe\/happy-joint-x6\/#primaryimage\"},\"thumbnailUrl\":\"https:\/\/svilupporaytech.com\/wp-content\/uploads\/happy-joint-x6.jpg\",\"datePublished\":\"2018-10-25T13:06:51+00:00\",\"dateModified\":\"2019-11-12T10:10:58+00:00\",\"description\":\"Le microgiunzioni IP68, preriempite in gel, salvaspazio complete di connettore e a minimo impatto estetico\",\"breadcrumb\":{\"@id\":\"https:\/\/svilupporaytech.com\/de\/produkt\/niederspannung\/verbindungmuffe\/vorgefuellte-gel-verbindungsmuffe\/happy-joint-x6\/#breadcrumb\"},\"inLanguage\":\"de\",\"potentialAction\":[{\"@type\":\"ReadAction\",\"target\":[\"https:\/\/svilupporaytech.com\/de\/produkt\/niederspannung\/verbindungmuffe\/vorgefuellte-gel-verbindungsmuffe\/happy-joint-x6\/\"]}]},{\"@type\":\"ImageObject\",\"inLanguage\":\"de\",\"@id\":\"https:\/\/svilupporaytech.com\/de\/produkt\/niederspannung\/verbindungmuffe\/vorgefuellte-gel-verbindungsmuffe\/happy-joint-x6\/#primaryimage\",\"url\":\"https:\/\/svilupporaytech.com\/wp-content\/uploads\/happy-joint-x6.jpg\",\"contentUrl\":\"https:\/\/svilupporaytech.com\/wp-content\/uploads\/happy-joint-x6.jpg\",\"width\":1024,\"height\":1024},{\"@type\":\"BreadcrumbList\",\"@id\":\"https:\/\/svilupporaytech.com\/de\/produkt\/niederspannung\/verbindungmuffe\/vorgefuellte-gel-verbindungsmuffe\/happy-joint-x6\/#breadcrumb\",\"itemListElement\":[{\"@type\":\"ListItem\",\"position\":1,\"name\":\"Home\",\"item\":\"https:\/\/svilupporaytech.com\/de\/\"},{\"@type\":\"ListItem\",\"position\":2,\"name\":\"Shop\",\"item\":\"https:\/\/svilupporaytech.com\/de\/shop\/\"},{\"@type\":\"ListItem\",\"position\":3,\"name\":\"Happy Joint X6\"}]},{\"@type\":\"WebSite\",\"@id\":\"https:\/\/svilupporaytech.com\/#website\",\"url\":\"https:\/\/svilupporaytech.com\/\",\"name\":\"Raytech\",\"description\":\"Cable accessories company\",\"potentialAction\":[{\"@type\":\"SearchAction\",\"target\":{\"@type\":\"EntryPoint\",\"urlTemplate\":\"https:\/\/svilupporaytech.com\/?s={search_term_string}\"},\"query-input\":\"required name=search_term_string\"}],\"inLanguage\":\"de\"}]}<\/script>\n<!-- \/ Yoast SEO plugin. -->","yoast_head_json":{"title":"Happy Joint X6 | Raytech","description":"Le microgiunzioni IP68, preriempite in gel, salvaspazio complete di connettore e a minimo impatto estetico","robots":{"index":"index","follow":"follow","max-snippet":"max-snippet:-1","max-image-preview":"max-image-preview:large","max-video-preview":"max-video-preview:-1"},"canonical":"https:\/\/svilupporaytech.com\/de\/produkt\/niederspannung\/verbindungmuffe\/vorgefuellte-gel-verbindungsmuffe\/happy-joint-x6\/","og_locale":"de_DE","og_type":"article","og_title":"Happy Joint X6 | Raytech","og_description":"Le microgiunzioni IP68, preriempite in gel, salvaspazio complete di connettore e a minimo impatto estetico","og_url":"https:\/\/svilupporaytech.com\/de\/produkt\/niederspannung\/verbindungmuffe\/vorgefuellte-gel-verbindungsmuffe\/happy-joint-x6\/","og_site_name":"Raytech","article_modified_time":"2019-11-12T10:10:58+00:00","og_image":[{"width":1024,"height":1024,"url":"https:\/\/svilupporaytech.com\/wp-content\/uploads\/happy-joint-x6.jpg","type":"image\/jpeg"}],"twitter_card":"summary_large_image","schema":{"@context":"https:\/\/schema.org","@graph":[{"@type":"WebPage","@id":"https:\/\/svilupporaytech.com\/de\/produkt\/niederspannung\/verbindungmuffe\/vorgefuellte-gel-verbindungsmuffe\/happy-joint-x6\/","url":"https:\/\/svilupporaytech.com\/de\/produkt\/niederspannung\/verbindungmuffe\/vorgefuellte-gel-verbindungsmuffe\/happy-joint-x6\/","name":"Happy Joint X6 | Raytech","isPartOf":{"@id":"https:\/\/svilupporaytech.com\/#website"},"primaryImageOfPage":{"@id":"https:\/\/svilupporaytech.com\/de\/produkt\/niederspannung\/verbindungmuffe\/vorgefuellte-gel-verbindungsmuffe\/happy-joint-x6\/#primaryimage"},"image":{"@id":"https:\/\/svilupporaytech.com\/de\/produkt\/niederspannung\/verbindungmuffe\/vorgefuellte-gel-verbindungsmuffe\/happy-joint-x6\/#primaryimage"},"thumbnailUrl":"https:\/\/svilupporaytech.com\/wp-content\/uploads\/happy-joint-x6.jpg","datePublished":"2018-10-25T13:06:51+00:00","dateModified":"2019-11-12T10:10:58+00:00","description":"Le microgiunzioni IP68, preriempite in gel, salvaspazio complete di connettore e a minimo impatto estetico","breadcrumb":{"@id":"https:\/\/svilupporaytech.com\/de\/produkt\/niederspannung\/verbindungmuffe\/vorgefuellte-gel-verbindungsmuffe\/happy-joint-x6\/#breadcrumb"},"inLanguage":"de","potentialAction":[{"@type":"ReadAction","target":["https:\/\/svilupporaytech.com\/de\/produkt\/niederspannung\/verbindungmuffe\/vorgefuellte-gel-verbindungsmuffe\/happy-joint-x6\/"]}]},{"@type":"ImageObject","inLanguage":"de","@id":"https:\/\/svilupporaytech.com\/de\/produkt\/niederspannung\/verbindungmuffe\/vorgefuellte-gel-verbindungsmuffe\/happy-joint-x6\/#primaryimage","url":"https:\/\/svilupporaytech.com\/wp-content\/uploads\/happy-joint-x6.jpg","contentUrl":"https:\/\/svilupporaytech.com\/wp-content\/uploads\/happy-joint-x6.jpg","width":1024,"height":1024},{"@type":"BreadcrumbList","@id":"https:\/\/svilupporaytech.com\/de\/produkt\/niederspannung\/verbindungmuffe\/vorgefuellte-gel-verbindungsmuffe\/happy-joint-x6\/#breadcrumb","itemListElement":[{"@type":"ListItem","position":1,"name":"Home","item":"https:\/\/svilupporaytech.com\/de\/"},{"@type":"ListItem","position":2,"name":"Shop","item":"https:\/\/svilupporaytech.com\/de\/shop\/"},{"@type":"ListItem","position":3,"name":"Happy Joint X6"}]},{"@type":"WebSite","@id":"https:\/\/svilupporaytech.com\/#website","url":"https:\/\/svilupporaytech.com\/","name":"Raytech","description":"Cable accessories company","potentialAction":[{"@type":"SearchAction","target":{"@type":"EntryPoint","urlTemplate":"https:\/\/svilupporaytech.com\/?s={search_term_string}"},"query-input":"required name=search_term_string"}],"inLanguage":"de"}]}},"_links":{"self":[{"href":"https:\/\/svilupporaytech.com\/de\/wp-json\/wp\/v2\/product\/13355"}],"collection":[{"href":"https:\/\/svilupporaytech.com\/de\/wp-json\/wp\/v2\/product"}],"about":[{"href":"https:\/\/svilupporaytech.com\/de\/wp-json\/wp\/v2\/types\/product"}],"wp:featuredmedia":[{"embeddable":true,"href":"https:\/\/svilupporaytech.com\/de\/wp-json\/wp\/v2\/media\/13367"}],"wp:attachment":[{"href":"https:\/\/svilupporaytech.com\/de\/wp-json\/wp\/v2\/media?parent=13355"}],"wp:term":[{"taxonomy":"product_cat","embeddable":true,"href":"https:\/\/svilupporaytech.com\/de\/wp-json\/wp\/v2\/product_cat?post=13355"},{"taxonomy":"product_tag","embeddable":true,"href":"https:\/\/svilupporaytech.com\/de\/wp-json\/wp\/v2\/product_tag?post=13355"}],"curies":[{"name":"wp","href":"https:\/\/api.w.org\/{rel}","templated":true}]}}