{"id":13438,"date":"2018-11-05T11:26:54","date_gmt":"2018-11-05T11:26:56","guid":{"rendered":"http:\/\/raytech.it?post_type=product&#038;p=13438"},"modified":"2021-03-12T00:49:00","modified_gmt":"2021-03-11T23:49:00","slug":"fox-box-ip68","status":"publish","type":"product","link":"https:\/\/svilupporaytech.com\/de\/produkt\/niederspannung\/verbindungmuffe\/vorgefuellte-gel-verbindungsmuffe\/fox-box-ip68\/","title":{"rendered":"Fox Box IP68"},"content":{"rendered":"<h4>Die Verbindungsdose mit 3 oder 5 Eing\u00e4ngen.<br \/>\nUmlaufende Kammer mit Gel vorgef\u00fcllt zur maximalen<br \/>\nGewichtseinsparung und Raumnutzung.<\/h4>\n<p>Im Lieferumfang ist Zubeh\u00f6r zur allerh\u00f6chsten Flexibilit\u00e4t bei der Gestaltung der Verbindung<br \/>\nf\u00fcr Kabel von 6 bis 18 mm Au\u00dfendurchmesser und Kabelrohre von 16, 20 und 32 mm<br \/>\nDurchmesser enthalten. Die innenliegende Kammer ist nicht mit Gel gef\u00fcllt. Dies erm\u00f6glicht<br \/>\neine einfache Herstellung der Verbindung sowie eventuell sp\u00e4tere L\u00f6sung der Verbindung.<br \/>\nDas Gel in der umlaufenden (perimetralen) Kammer fixiert und isoliert auch eventuelle<br \/>\nAbschirmungen der Kabel.<\/p>\n<p><\/br><\/br><\/p>\n<ul>\n<li>Funktionales und elegantes Design<\/li>\n<li>Ideal fu\u0308r sichtbare -, Sicherheits- und U\u0308berwachungskamera Installationen<\/li>\n<li>Gebrauchsfertig, kann in jeder Umgebungsbedingung installiert werden<\/li>\n<li>Schraubenloser \u201cClick\u201d-Verschluss<\/li>\n<li>Besonders fu\u0308r feuchte, nasse Umgebung sowie unter Wasser geeignet<\/li>\n<li>Keine Haltbarkeitseinschra\u0308nkung beim Gebrauch<\/li>\n<li>Immer wieder zuga\u0308nglich<\/li>\n<li>Laschen fu\u0308r Boden- Wand- und Deckenbefestigung<\/li>\n<li>Halogenfrei und UV-besta\u0308ndig<\/li>\n<\/ul>\n","protected":false},"excerpt":{"rendered":"<p>Die Verbindungsdose mit 3 oder 5 Eing\u00e4ngen. Umlaufende Kammer mit Gel vorgef\u00fcllt zur maximalen Gewichtseinsparung und Raumnutzung. Im Lieferumfang ist Zubeh\u00f6r zur allerh\u00f6chsten Flexibilit\u00e4t bei der Gestaltung der Verbindung f\u00fcr<span class=\"excerpt-hellip\"> [\u2026]<\/span><\/p>\n","protected":false},"featured_media":19399,"template":"","meta":[],"product_cat":[280,282,285,290],"product_tag":[],"yoast_head":"<!-- This site is optimized with the Yoast SEO plugin v22.7 - https:\/\/yoast.com\/wordpress\/plugins\/seo\/ -->\n<title>Fox Box IP68 | Raytech<\/title>\n<meta name=\"description\" content=\"Le microgiunzioni IP68, preriempite in gel, salvaspazio complete di connettore e a minimo impatto estetico\" \/>\n<meta name=\"robots\" content=\"index, follow, max-snippet:-1, max-image-preview:large, max-video-preview:-1\" \/>\n<link rel=\"canonical\" href=\"https:\/\/svilupporaytech.com\/de\/produkt\/niederspannung\/verbindungmuffe\/vorgefuellte-gel-verbindungsmuffe\/fox-box-ip68\/\" \/>\n<meta property=\"og:locale\" content=\"de_DE\" \/>\n<meta property=\"og:type\" content=\"article\" \/>\n<meta property=\"og:title\" content=\"Fox Box IP68 | Raytech\" \/>\n<meta property=\"og:description\" content=\"Le microgiunzioni IP68, preriempite in gel, salvaspazio complete di connettore e a minimo impatto estetico\" \/>\n<meta property=\"og:url\" content=\"https:\/\/svilupporaytech.com\/de\/produkt\/niederspannung\/verbindungmuffe\/vorgefuellte-gel-verbindungsmuffe\/fox-box-ip68\/\" \/>\n<meta property=\"og:site_name\" content=\"Raytech\" \/>\n<meta property=\"article:modified_time\" content=\"2021-03-11T23:49:00+00:00\" \/>\n<meta property=\"og:image\" content=\"https:\/\/svilupporaytech.com\/wp-content\/uploads\/foxbox-1.jpg\" \/>\n\t<meta property=\"og:image:width\" content=\"1024\" \/>\n\t<meta property=\"og:image:height\" content=\"1024\" \/>\n\t<meta property=\"og:image:type\" content=\"image\/jpeg\" \/>\n<meta name=\"twitter:card\" content=\"summary_large_image\" \/>\n<meta name=\"twitter:label1\" content=\"Gesch\u00e4tzte Lesezeit\" \/>\n\t<meta name=\"twitter:data1\" content=\"1\u00a0Minute\" \/>\n<script type=\"application\/ld+json\" class=\"yoast-schema-graph\">{\"@context\":\"https:\/\/schema.org\",\"@graph\":[{\"@type\":\"WebPage\",\"@id\":\"https:\/\/svilupporaytech.com\/de\/produkt\/niederspannung\/verbindungmuffe\/vorgefuellte-gel-verbindungsmuffe\/fox-box-ip68\/\",\"url\":\"https:\/\/svilupporaytech.com\/de\/produkt\/niederspannung\/verbindungmuffe\/vorgefuellte-gel-verbindungsmuffe\/fox-box-ip68\/\",\"name\":\"Fox Box IP68 | Raytech\",\"isPartOf\":{\"@id\":\"https:\/\/svilupporaytech.com\/#website\"},\"primaryImageOfPage\":{\"@id\":\"https:\/\/svilupporaytech.com\/de\/produkt\/niederspannung\/verbindungmuffe\/vorgefuellte-gel-verbindungsmuffe\/fox-box-ip68\/#primaryimage\"},\"image\":{\"@id\":\"https:\/\/svilupporaytech.com\/de\/produkt\/niederspannung\/verbindungmuffe\/vorgefuellte-gel-verbindungsmuffe\/fox-box-ip68\/#primaryimage\"},\"thumbnailUrl\":\"https:\/\/svilupporaytech.com\/wp-content\/uploads\/foxbox-1.jpg\",\"datePublished\":\"2018-11-05T11:26:56+00:00\",\"dateModified\":\"2021-03-11T23:49:00+00:00\",\"description\":\"Le microgiunzioni IP68, preriempite in gel, salvaspazio complete di connettore e a minimo impatto estetico\",\"breadcrumb\":{\"@id\":\"https:\/\/svilupporaytech.com\/de\/produkt\/niederspannung\/verbindungmuffe\/vorgefuellte-gel-verbindungsmuffe\/fox-box-ip68\/#breadcrumb\"},\"inLanguage\":\"de\",\"potentialAction\":[{\"@type\":\"ReadAction\",\"target\":[\"https:\/\/svilupporaytech.com\/de\/produkt\/niederspannung\/verbindungmuffe\/vorgefuellte-gel-verbindungsmuffe\/fox-box-ip68\/\"]}]},{\"@type\":\"ImageObject\",\"inLanguage\":\"de\",\"@id\":\"https:\/\/svilupporaytech.com\/de\/produkt\/niederspannung\/verbindungmuffe\/vorgefuellte-gel-verbindungsmuffe\/fox-box-ip68\/#primaryimage\",\"url\":\"https:\/\/svilupporaytech.com\/wp-content\/uploads\/foxbox-1.jpg\",\"contentUrl\":\"https:\/\/svilupporaytech.com\/wp-content\/uploads\/foxbox-1.jpg\",\"width\":1024,\"height\":1024},{\"@type\":\"BreadcrumbList\",\"@id\":\"https:\/\/svilupporaytech.com\/de\/produkt\/niederspannung\/verbindungmuffe\/vorgefuellte-gel-verbindungsmuffe\/fox-box-ip68\/#breadcrumb\",\"itemListElement\":[{\"@type\":\"ListItem\",\"position\":1,\"name\":\"Home\",\"item\":\"https:\/\/svilupporaytech.com\/de\/\"},{\"@type\":\"ListItem\",\"position\":2,\"name\":\"Shop\",\"item\":\"https:\/\/svilupporaytech.com\/de\/shop\/\"},{\"@type\":\"ListItem\",\"position\":3,\"name\":\"Fox Box IP68\"}]},{\"@type\":\"WebSite\",\"@id\":\"https:\/\/svilupporaytech.com\/#website\",\"url\":\"https:\/\/svilupporaytech.com\/\",\"name\":\"Raytech\",\"description\":\"Cable accessories company\",\"potentialAction\":[{\"@type\":\"SearchAction\",\"target\":{\"@type\":\"EntryPoint\",\"urlTemplate\":\"https:\/\/svilupporaytech.com\/?s={search_term_string}\"},\"query-input\":\"required name=search_term_string\"}],\"inLanguage\":\"de\"}]}<\/script>\n<!-- \/ Yoast SEO plugin. -->","yoast_head_json":{"title":"Fox Box IP68 | Raytech","description":"Le microgiunzioni IP68, preriempite in gel, salvaspazio complete di connettore e a minimo impatto estetico","robots":{"index":"index","follow":"follow","max-snippet":"max-snippet:-1","max-image-preview":"max-image-preview:large","max-video-preview":"max-video-preview:-1"},"canonical":"https:\/\/svilupporaytech.com\/de\/produkt\/niederspannung\/verbindungmuffe\/vorgefuellte-gel-verbindungsmuffe\/fox-box-ip68\/","og_locale":"de_DE","og_type":"article","og_title":"Fox Box IP68 | Raytech","og_description":"Le microgiunzioni IP68, preriempite in gel, salvaspazio complete di connettore e a minimo impatto estetico","og_url":"https:\/\/svilupporaytech.com\/de\/produkt\/niederspannung\/verbindungmuffe\/vorgefuellte-gel-verbindungsmuffe\/fox-box-ip68\/","og_site_name":"Raytech","article_modified_time":"2021-03-11T23:49:00+00:00","og_image":[{"width":1024,"height":1024,"url":"https:\/\/svilupporaytech.com\/wp-content\/uploads\/foxbox-1.jpg","type":"image\/jpeg"}],"twitter_card":"summary_large_image","twitter_misc":{"Gesch\u00e4tzte Lesezeit":"1\u00a0Minute"},"schema":{"@context":"https:\/\/schema.org","@graph":[{"@type":"WebPage","@id":"https:\/\/svilupporaytech.com\/de\/produkt\/niederspannung\/verbindungmuffe\/vorgefuellte-gel-verbindungsmuffe\/fox-box-ip68\/","url":"https:\/\/svilupporaytech.com\/de\/produkt\/niederspannung\/verbindungmuffe\/vorgefuellte-gel-verbindungsmuffe\/fox-box-ip68\/","name":"Fox Box IP68 | Raytech","isPartOf":{"@id":"https:\/\/svilupporaytech.com\/#website"},"primaryImageOfPage":{"@id":"https:\/\/svilupporaytech.com\/de\/produkt\/niederspannung\/verbindungmuffe\/vorgefuellte-gel-verbindungsmuffe\/fox-box-ip68\/#primaryimage"},"image":{"@id":"https:\/\/svilupporaytech.com\/de\/produkt\/niederspannung\/verbindungmuffe\/vorgefuellte-gel-verbindungsmuffe\/fox-box-ip68\/#primaryimage"},"thumbnailUrl":"https:\/\/svilupporaytech.com\/wp-content\/uploads\/foxbox-1.jpg","datePublished":"2018-11-05T11:26:56+00:00","dateModified":"2021-03-11T23:49:00+00:00","description":"Le microgiunzioni IP68, preriempite in gel, salvaspazio complete di connettore e a minimo impatto estetico","breadcrumb":{"@id":"https:\/\/svilupporaytech.com\/de\/produkt\/niederspannung\/verbindungmuffe\/vorgefuellte-gel-verbindungsmuffe\/fox-box-ip68\/#breadcrumb"},"inLanguage":"de","potentialAction":[{"@type":"ReadAction","target":["https:\/\/svilupporaytech.com\/de\/produkt\/niederspannung\/verbindungmuffe\/vorgefuellte-gel-verbindungsmuffe\/fox-box-ip68\/"]}]},{"@type":"ImageObject","inLanguage":"de","@id":"https:\/\/svilupporaytech.com\/de\/produkt\/niederspannung\/verbindungmuffe\/vorgefuellte-gel-verbindungsmuffe\/fox-box-ip68\/#primaryimage","url":"https:\/\/svilupporaytech.com\/wp-content\/uploads\/foxbox-1.jpg","contentUrl":"https:\/\/svilupporaytech.com\/wp-content\/uploads\/foxbox-1.jpg","width":1024,"height":1024},{"@type":"BreadcrumbList","@id":"https:\/\/svilupporaytech.com\/de\/produkt\/niederspannung\/verbindungmuffe\/vorgefuellte-gel-verbindungsmuffe\/fox-box-ip68\/#breadcrumb","itemListElement":[{"@type":"ListItem","position":1,"name":"Home","item":"https:\/\/svilupporaytech.com\/de\/"},{"@type":"ListItem","position":2,"name":"Shop","item":"https:\/\/svilupporaytech.com\/de\/shop\/"},{"@type":"ListItem","position":3,"name":"Fox Box IP68"}]},{"@type":"WebSite","@id":"https:\/\/svilupporaytech.com\/#website","url":"https:\/\/svilupporaytech.com\/","name":"Raytech","description":"Cable accessories company","potentialAction":[{"@type":"SearchAction","target":{"@type":"EntryPoint","urlTemplate":"https:\/\/svilupporaytech.com\/?s={search_term_string}"},"query-input":"required name=search_term_string"}],"inLanguage":"de"}]}},"_links":{"self":[{"href":"https:\/\/svilupporaytech.com\/de\/wp-json\/wp\/v2\/product\/13438"}],"collection":[{"href":"https:\/\/svilupporaytech.com\/de\/wp-json\/wp\/v2\/product"}],"about":[{"href":"https:\/\/svilupporaytech.com\/de\/wp-json\/wp\/v2\/types\/product"}],"wp:featuredmedia":[{"embeddable":true,"href":"https:\/\/svilupporaytech.com\/de\/wp-json\/wp\/v2\/media\/19399"}],"wp:attachment":[{"href":"https:\/\/svilupporaytech.com\/de\/wp-json\/wp\/v2\/media?parent=13438"}],"wp:term":[{"taxonomy":"product_cat","embeddable":true,"href":"https:\/\/svilupporaytech.com\/de\/wp-json\/wp\/v2\/product_cat?post=13438"},{"taxonomy":"product_tag","embeddable":true,"href":"https:\/\/svilupporaytech.com\/de\/wp-json\/wp\/v2\/product_tag?post=13438"}],"curies":[{"name":"wp","href":"https:\/\/api.w.org\/{rel}","templated":true}]}}