{"id":33247,"date":"2023-06-07T11:32:01","date_gmt":"2023-06-07T10:32:05","guid":{"rendered":"https:\/\/svilupporaytech.com\/?post_type=product&#038;p=33247"},"modified":"2023-06-12T17:42:12","modified_gmt":"2023-06-12T16:42:12","slug":"magic-gel-sprint-box-100","status":"publish","type":"product","link":"https:\/\/svilupporaytech.com\/de\/produkt\/niederspannung\/dose\/magic-gel-sprint-box-100\/","title":{"rendered":"Magic Gel Sprint BOX 100"},"content":{"rendered":"<h4><span style=\"color: #008b33;\">Kit pour connexions IP68 avec Magic Gel Sprint.<\/span><\/h4>\n<p>Le kit comprend un pack de Magic Gel Sprint 450, un gel formul\u00e9 pour une polym\u00e9risation extra-rapide directement \u00e0 l\u2019int\u00e9rieur du flacon, et une bo\u00eete 100 x<br \/>\n100 x h50 mm : une fois la connexion dans la bo\u00eete pr\u00e9par\u00e9e, on pr\u00e9pare le gel en versant simplement le contenu de la petite bouteille dans la grande bouteille.<br \/>\nPuis, secouer et verser. Op\u00e9ration termin\u00e9e !<\/p>\n<ul>\n<li>Pour C\u00c2BLES \u00c9NERGIE, C\u00c2BLES TELECOM et pour CIRCUITS \u00c9LECTRONIQUES.<\/li>\n<li>Atoxique et s\u00fbr et pas classifi\u00e9 comme dangereux selon la Directive CLP.<\/li>\n<li>Appropri\u00e9 \u00e0 l\u2019installation en eau sal\u00e9e (mer) et dans l\u2019eau chlor\u00e9e (piscines).<\/li>\n<li>Appropri\u00e9 pour les hautes profondeurs.<\/li>\n<li>Pour des installations jusqu\u2019\u00e0 1 kV.<\/li>\n<li>Sans date de p\u00e9remption.<\/li>\n<li>Amovible.<\/li>\n<li>Convient aux temp\u00e9ratures \u00e9lev\u00e9es.<\/li>\n<\/ul>\n","protected":false},"excerpt":{"rendered":"<p>Kit pour connexions IP68 avec Magic Gel Sprint. Le kit comprend un pack de Magic Gel Sprint 450, un gel formul\u00e9 pour une polym\u00e9risation extra-rapide directement \u00e0 l\u2019int\u00e9rieur du flacon,<span class=\"excerpt-hellip\"> [\u2026]<\/span><\/p>\n","protected":false},"featured_media":33309,"template":"","meta":[],"product_cat":[280,290],"product_tag":[],"yoast_head":"<!-- This site is optimized with the Yoast SEO plugin v22.7 - https:\/\/yoast.com\/wordpress\/plugins\/seo\/ -->\n<title>Magic Gel Sprint BOX 100 | Raytech<\/title>\n<meta name=\"robots\" content=\"index, follow, max-snippet:-1, max-image-preview:large, max-video-preview:-1\" \/>\n<link rel=\"canonical\" href=\"https:\/\/svilupporaytech.com\/de\/produkt\/niederspannung\/dose\/magic-gel-sprint-box-100\/\" \/>\n<meta property=\"og:locale\" content=\"de_DE\" \/>\n<meta property=\"og:type\" content=\"article\" \/>\n<meta property=\"og:title\" content=\"Magic Gel Sprint BOX 100 | Raytech\" \/>\n<meta property=\"og:description\" content=\"Kit pour connexions IP68 avec Magic Gel Sprint. Le kit comprend un pack de Magic Gel Sprint 450, un gel formul\u00e9 pour une polym\u00e9risation extra-rapide directement \u00e0 l\u2019int\u00e9rieur du flacon, [\u2026]\" \/>\n<meta property=\"og:url\" content=\"https:\/\/svilupporaytech.com\/de\/produkt\/niederspannung\/dose\/magic-gel-sprint-box-100\/\" \/>\n<meta property=\"og:site_name\" content=\"Raytech\" \/>\n<meta property=\"article:modified_time\" content=\"2023-06-12T16:42:12+00:00\" \/>\n<meta property=\"og:image\" content=\"https:\/\/svilupporaytech.com\/wp-content\/uploads\/Magic-Gel-Sprint-BOX-100.jpg\" \/>\n\t<meta property=\"og:image:width\" content=\"1024\" \/>\n\t<meta property=\"og:image:height\" content=\"1024\" \/>\n\t<meta property=\"og:image:type\" content=\"image\/jpeg\" \/>\n<meta name=\"twitter:card\" content=\"summary_large_image\" \/>\n<meta name=\"twitter:label1\" content=\"Gesch\u00e4tzte Lesezeit\" \/>\n\t<meta name=\"twitter:data1\" content=\"1\u00a0Minute\" \/>\n<script type=\"application\/ld+json\" class=\"yoast-schema-graph\">{\"@context\":\"https:\/\/schema.org\",\"@graph\":[{\"@type\":\"WebPage\",\"@id\":\"https:\/\/svilupporaytech.com\/de\/produkt\/niederspannung\/dose\/magic-gel-sprint-box-100\/\",\"url\":\"https:\/\/svilupporaytech.com\/de\/produkt\/niederspannung\/dose\/magic-gel-sprint-box-100\/\",\"name\":\"Magic Gel Sprint BOX 100 | Raytech\",\"isPartOf\":{\"@id\":\"https:\/\/svilupporaytech.com\/#website\"},\"primaryImageOfPage\":{\"@id\":\"https:\/\/svilupporaytech.com\/de\/produkt\/niederspannung\/dose\/magic-gel-sprint-box-100\/#primaryimage\"},\"image\":{\"@id\":\"https:\/\/svilupporaytech.com\/de\/produkt\/niederspannung\/dose\/magic-gel-sprint-box-100\/#primaryimage\"},\"thumbnailUrl\":\"https:\/\/svilupporaytech.com\/wp-content\/uploads\/Magic-Gel-Sprint-BOX-100.jpg\",\"datePublished\":\"2023-06-07T10:32:05+00:00\",\"dateModified\":\"2023-06-12T16:42:12+00:00\",\"breadcrumb\":{\"@id\":\"https:\/\/svilupporaytech.com\/de\/produkt\/niederspannung\/dose\/magic-gel-sprint-box-100\/#breadcrumb\"},\"inLanguage\":\"de\",\"potentialAction\":[{\"@type\":\"ReadAction\",\"target\":[\"https:\/\/svilupporaytech.com\/de\/produkt\/niederspannung\/dose\/magic-gel-sprint-box-100\/\"]}]},{\"@type\":\"ImageObject\",\"inLanguage\":\"de\",\"@id\":\"https:\/\/svilupporaytech.com\/de\/produkt\/niederspannung\/dose\/magic-gel-sprint-box-100\/#primaryimage\",\"url\":\"https:\/\/svilupporaytech.com\/wp-content\/uploads\/Magic-Gel-Sprint-BOX-100.jpg\",\"contentUrl\":\"https:\/\/svilupporaytech.com\/wp-content\/uploads\/Magic-Gel-Sprint-BOX-100.jpg\",\"width\":1024,\"height\":1024},{\"@type\":\"BreadcrumbList\",\"@id\":\"https:\/\/svilupporaytech.com\/de\/produkt\/niederspannung\/dose\/magic-gel-sprint-box-100\/#breadcrumb\",\"itemListElement\":[{\"@type\":\"ListItem\",\"position\":1,\"name\":\"Home\",\"item\":\"https:\/\/svilupporaytech.com\/de\/\"},{\"@type\":\"ListItem\",\"position\":2,\"name\":\"Shop\",\"item\":\"https:\/\/svilupporaytech.com\/de\/shop\/\"},{\"@type\":\"ListItem\",\"position\":3,\"name\":\"Magic Gel Sprint BOX 100\"}]},{\"@type\":\"WebSite\",\"@id\":\"https:\/\/svilupporaytech.com\/#website\",\"url\":\"https:\/\/svilupporaytech.com\/\",\"name\":\"Raytech\",\"description\":\"Cable accessories company\",\"potentialAction\":[{\"@type\":\"SearchAction\",\"target\":{\"@type\":\"EntryPoint\",\"urlTemplate\":\"https:\/\/svilupporaytech.com\/?s={search_term_string}\"},\"query-input\":\"required name=search_term_string\"}],\"inLanguage\":\"de\"}]}<\/script>\n<!-- \/ Yoast SEO plugin. -->","yoast_head_json":{"title":"Magic Gel Sprint BOX 100 | Raytech","robots":{"index":"index","follow":"follow","max-snippet":"max-snippet:-1","max-image-preview":"max-image-preview:large","max-video-preview":"max-video-preview:-1"},"canonical":"https:\/\/svilupporaytech.com\/de\/produkt\/niederspannung\/dose\/magic-gel-sprint-box-100\/","og_locale":"de_DE","og_type":"article","og_title":"Magic Gel Sprint BOX 100 | Raytech","og_description":"Kit pour connexions IP68 avec Magic Gel Sprint. Le kit comprend un pack de Magic Gel Sprint 450, un gel formul\u00e9 pour une polym\u00e9risation extra-rapide directement \u00e0 l\u2019int\u00e9rieur du flacon, [\u2026]","og_url":"https:\/\/svilupporaytech.com\/de\/produkt\/niederspannung\/dose\/magic-gel-sprint-box-100\/","og_site_name":"Raytech","article_modified_time":"2023-06-12T16:42:12+00:00","og_image":[{"width":1024,"height":1024,"url":"https:\/\/svilupporaytech.com\/wp-content\/uploads\/Magic-Gel-Sprint-BOX-100.jpg","type":"image\/jpeg"}],"twitter_card":"summary_large_image","twitter_misc":{"Gesch\u00e4tzte Lesezeit":"1\u00a0Minute"},"schema":{"@context":"https:\/\/schema.org","@graph":[{"@type":"WebPage","@id":"https:\/\/svilupporaytech.com\/de\/produkt\/niederspannung\/dose\/magic-gel-sprint-box-100\/","url":"https:\/\/svilupporaytech.com\/de\/produkt\/niederspannung\/dose\/magic-gel-sprint-box-100\/","name":"Magic Gel Sprint BOX 100 | Raytech","isPartOf":{"@id":"https:\/\/svilupporaytech.com\/#website"},"primaryImageOfPage":{"@id":"https:\/\/svilupporaytech.com\/de\/produkt\/niederspannung\/dose\/magic-gel-sprint-box-100\/#primaryimage"},"image":{"@id":"https:\/\/svilupporaytech.com\/de\/produkt\/niederspannung\/dose\/magic-gel-sprint-box-100\/#primaryimage"},"thumbnailUrl":"https:\/\/svilupporaytech.com\/wp-content\/uploads\/Magic-Gel-Sprint-BOX-100.jpg","datePublished":"2023-06-07T10:32:05+00:00","dateModified":"2023-06-12T16:42:12+00:00","breadcrumb":{"@id":"https:\/\/svilupporaytech.com\/de\/produkt\/niederspannung\/dose\/magic-gel-sprint-box-100\/#breadcrumb"},"inLanguage":"de","potentialAction":[{"@type":"ReadAction","target":["https:\/\/svilupporaytech.com\/de\/produkt\/niederspannung\/dose\/magic-gel-sprint-box-100\/"]}]},{"@type":"ImageObject","inLanguage":"de","@id":"https:\/\/svilupporaytech.com\/de\/produkt\/niederspannung\/dose\/magic-gel-sprint-box-100\/#primaryimage","url":"https:\/\/svilupporaytech.com\/wp-content\/uploads\/Magic-Gel-Sprint-BOX-100.jpg","contentUrl":"https:\/\/svilupporaytech.com\/wp-content\/uploads\/Magic-Gel-Sprint-BOX-100.jpg","width":1024,"height":1024},{"@type":"BreadcrumbList","@id":"https:\/\/svilupporaytech.com\/de\/produkt\/niederspannung\/dose\/magic-gel-sprint-box-100\/#breadcrumb","itemListElement":[{"@type":"ListItem","position":1,"name":"Home","item":"https:\/\/svilupporaytech.com\/de\/"},{"@type":"ListItem","position":2,"name":"Shop","item":"https:\/\/svilupporaytech.com\/de\/shop\/"},{"@type":"ListItem","position":3,"name":"Magic Gel Sprint BOX 100"}]},{"@type":"WebSite","@id":"https:\/\/svilupporaytech.com\/#website","url":"https:\/\/svilupporaytech.com\/","name":"Raytech","description":"Cable accessories company","potentialAction":[{"@type":"SearchAction","target":{"@type":"EntryPoint","urlTemplate":"https:\/\/svilupporaytech.com\/?s={search_term_string}"},"query-input":"required name=search_term_string"}],"inLanguage":"de"}]}},"_links":{"self":[{"href":"https:\/\/svilupporaytech.com\/de\/wp-json\/wp\/v2\/product\/33247"}],"collection":[{"href":"https:\/\/svilupporaytech.com\/de\/wp-json\/wp\/v2\/product"}],"about":[{"href":"https:\/\/svilupporaytech.com\/de\/wp-json\/wp\/v2\/types\/product"}],"wp:featuredmedia":[{"embeddable":true,"href":"https:\/\/svilupporaytech.com\/de\/wp-json\/wp\/v2\/media\/33309"}],"wp:attachment":[{"href":"https:\/\/svilupporaytech.com\/de\/wp-json\/wp\/v2\/media?parent=33247"}],"wp:term":[{"taxonomy":"product_cat","embeddable":true,"href":"https:\/\/svilupporaytech.com\/de\/wp-json\/wp\/v2\/product_cat?post=33247"},{"taxonomy":"product_tag","embeddable":true,"href":"https:\/\/svilupporaytech.com\/de\/wp-json\/wp\/v2\/product_tag?post=33247"}],"curies":[{"name":"wp","href":"https:\/\/api.w.org\/{rel}","templated":true}]}}