{"id":33820,"date":"2023-06-08T10:51:03","date_gmt":"2023-06-08T09:51:03","guid":{"rendered":"https:\/\/svilupporaytech.com\/prodotto\/unkategorisiert\/little-joint-easy"},"modified":"2023-06-12T17:33:35","modified_gmt":"2023-06-12T16:33:35","slug":"little-joint-easy","status":"publish","type":"product","link":"https:\/\/svilupporaytech.com\/de\/produkt\/niederspannung\/verbindungmuffe\/vorgefuellte-gel-verbindungsmuffe\/little-joint-easy\/","title":{"rendered":"LITTLE JOINT EASY"},"content":{"rendered":"<h4>Die IP68\/IP69K-Miniverbindungen sind mit Gel gefu\u0308llt und verfu\u0308gen u\u0308ber einen In-Out-Hebelanschluss.<\/h4>\n<p>Die integrierten Kabelverschraubungen erm\u00f6glichen die Schutzart IP68 und IP69K,<br \/>\nw\u00e4hrend die Kupplung auf dem Kabel verriegelt wird. Geeignet fu\u0308r alle Arten von<br \/>\nInstallationen, auch fu\u0308r die extremsten.<\/p>\n<ul>\n<li>Vorgefu\u0308llt mit Gel gem\u00e4\u00df der CLP-Richtlinie nicht als gef\u00e4hrlich eingestuft und Unbegrenzt lagerf\u00e4hig.<\/li>\n<li>\u00c4u\u00dferst kompakt und gebrauchsfertig.<\/li>\n<li>Ideal fu\u0308r Installation von Beleuchtungen fu\u0308r G\u00e4rten, Au\u00dfenanlagen, Abmauerungen, Treppen, Wegen etc.<\/li>\n<li>Immer zug\u00e4nglich.<\/li>\n<\/ul>\n","protected":false},"excerpt":{"rendered":"<p>Die IP68\/IP69K-Miniverbindungen sind mit Gel gefu\u0308llt und verfu\u0308gen u\u0308ber einen In-Out-Hebelanschluss. Die integrierten Kabelverschraubungen erm\u00f6glichen die Schutzart IP68 und IP69K, w\u00e4hrend die Kupplung auf dem Kabel verriegelt wird. Geeignet fu\u0308r<span class=\"excerpt-hellip\"> [\u2026]<\/span><\/p>\n","protected":false},"featured_media":33741,"template":"","meta":[],"product_cat":[280,282,285],"product_tag":[],"yoast_head":"<!-- This site is optimized with the Yoast SEO plugin v22.7 - https:\/\/yoast.com\/wordpress\/plugins\/seo\/ -->\n<title>LITTLE JOINT EASY - Mini giunti IP68 e IP69K pre-riempiti in gel | Raytech<\/title>\n<meta name=\"robots\" content=\"index, follow, max-snippet:-1, max-image-preview:large, max-video-preview:-1\" \/>\n<link rel=\"canonical\" href=\"https:\/\/svilupporaytech.com\/de\/produkt\/niederspannung\/verbindungmuffe\/vorgefuellte-gel-verbindungsmuffe\/little-joint-easy\/\" \/>\n<meta property=\"og:locale\" content=\"de_DE\" \/>\n<meta property=\"og:type\" content=\"article\" \/>\n<meta property=\"og:title\" content=\"LITTLE JOINT EASY - Mini giunti IP68 e IP69K pre-riempiti in gel | Raytech\" \/>\n<meta property=\"og:description\" content=\"Die IP68\/IP69K-Miniverbindungen sind mit Gel gefu\u0308llt und verfu\u0308gen u\u0308ber einen In-Out-Hebelanschluss. Die integrierten Kabelverschraubungen erm\u00f6glichen die Schutzart IP68 und IP69K, w\u00e4hrend die Kupplung auf dem Kabel verriegelt wird. Geeignet fu\u0308r [\u2026]\" \/>\n<meta property=\"og:url\" content=\"https:\/\/svilupporaytech.com\/de\/produkt\/niederspannung\/verbindungmuffe\/vorgefuellte-gel-verbindungsmuffe\/little-joint-easy\/\" \/>\n<meta property=\"og:site_name\" content=\"Raytech\" \/>\n<meta property=\"article:modified_time\" content=\"2023-06-12T16:33:35+00:00\" \/>\n<meta property=\"og:image\" content=\"https:\/\/svilupporaytech.com\/wp-content\/uploads\/LittleJoint-EASY.jpg\" \/>\n\t<meta property=\"og:image:width\" content=\"1024\" \/>\n\t<meta property=\"og:image:height\" content=\"1024\" \/>\n\t<meta property=\"og:image:type\" content=\"image\/jpeg\" \/>\n<meta name=\"twitter:card\" content=\"summary_large_image\" \/>\n<script type=\"application\/ld+json\" class=\"yoast-schema-graph\">{\"@context\":\"https:\/\/schema.org\",\"@graph\":[{\"@type\":\"WebPage\",\"@id\":\"https:\/\/svilupporaytech.com\/de\/produkt\/niederspannung\/verbindungmuffe\/vorgefuellte-gel-verbindungsmuffe\/little-joint-easy\/\",\"url\":\"https:\/\/svilupporaytech.com\/de\/produkt\/niederspannung\/verbindungmuffe\/vorgefuellte-gel-verbindungsmuffe\/little-joint-easy\/\",\"name\":\"LITTLE JOINT EASY - Mini giunti IP68 e IP69K pre-riempiti in gel | Raytech\",\"isPartOf\":{\"@id\":\"https:\/\/svilupporaytech.com\/#website\"},\"primaryImageOfPage\":{\"@id\":\"https:\/\/svilupporaytech.com\/de\/produkt\/niederspannung\/verbindungmuffe\/vorgefuellte-gel-verbindungsmuffe\/little-joint-easy\/#primaryimage\"},\"image\":{\"@id\":\"https:\/\/svilupporaytech.com\/de\/produkt\/niederspannung\/verbindungmuffe\/vorgefuellte-gel-verbindungsmuffe\/little-joint-easy\/#primaryimage\"},\"thumbnailUrl\":\"https:\/\/svilupporaytech.com\/wp-content\/uploads\/LittleJoint-EASY.jpg\",\"datePublished\":\"2023-06-08T09:51:03+00:00\",\"dateModified\":\"2023-06-12T16:33:35+00:00\",\"breadcrumb\":{\"@id\":\"https:\/\/svilupporaytech.com\/de\/produkt\/niederspannung\/verbindungmuffe\/vorgefuellte-gel-verbindungsmuffe\/little-joint-easy\/#breadcrumb\"},\"inLanguage\":\"de\",\"potentialAction\":[{\"@type\":\"ReadAction\",\"target\":[\"https:\/\/svilupporaytech.com\/de\/produkt\/niederspannung\/verbindungmuffe\/vorgefuellte-gel-verbindungsmuffe\/little-joint-easy\/\"]}]},{\"@type\":\"ImageObject\",\"inLanguage\":\"de\",\"@id\":\"https:\/\/svilupporaytech.com\/de\/produkt\/niederspannung\/verbindungmuffe\/vorgefuellte-gel-verbindungsmuffe\/little-joint-easy\/#primaryimage\",\"url\":\"https:\/\/svilupporaytech.com\/wp-content\/uploads\/LittleJoint-EASY.jpg\",\"contentUrl\":\"https:\/\/svilupporaytech.com\/wp-content\/uploads\/LittleJoint-EASY.jpg\",\"width\":1024,\"height\":1024},{\"@type\":\"BreadcrumbList\",\"@id\":\"https:\/\/svilupporaytech.com\/de\/produkt\/niederspannung\/verbindungmuffe\/vorgefuellte-gel-verbindungsmuffe\/little-joint-easy\/#breadcrumb\",\"itemListElement\":[{\"@type\":\"ListItem\",\"position\":1,\"name\":\"Home\",\"item\":\"https:\/\/svilupporaytech.com\/de\/\"},{\"@type\":\"ListItem\",\"position\":2,\"name\":\"Shop\",\"item\":\"https:\/\/svilupporaytech.com\/de\/shop\/\"},{\"@type\":\"ListItem\",\"position\":3,\"name\":\"LITTLE JOINT EASY\"}]},{\"@type\":\"WebSite\",\"@id\":\"https:\/\/svilupporaytech.com\/#website\",\"url\":\"https:\/\/svilupporaytech.com\/\",\"name\":\"Raytech\",\"description\":\"Cable accessories company\",\"potentialAction\":[{\"@type\":\"SearchAction\",\"target\":{\"@type\":\"EntryPoint\",\"urlTemplate\":\"https:\/\/svilupporaytech.com\/?s={search_term_string}\"},\"query-input\":\"required name=search_term_string\"}],\"inLanguage\":\"de\"}]}<\/script>\n<!-- \/ Yoast SEO plugin. -->","yoast_head_json":{"title":"LITTLE JOINT EASY - Mini giunti IP68 e IP69K pre-riempiti in gel | Raytech","robots":{"index":"index","follow":"follow","max-snippet":"max-snippet:-1","max-image-preview":"max-image-preview:large","max-video-preview":"max-video-preview:-1"},"canonical":"https:\/\/svilupporaytech.com\/de\/produkt\/niederspannung\/verbindungmuffe\/vorgefuellte-gel-verbindungsmuffe\/little-joint-easy\/","og_locale":"de_DE","og_type":"article","og_title":"LITTLE JOINT EASY - Mini giunti IP68 e IP69K pre-riempiti in gel | Raytech","og_description":"Die IP68\/IP69K-Miniverbindungen sind mit Gel gefu\u0308llt und verfu\u0308gen u\u0308ber einen In-Out-Hebelanschluss. Die integrierten Kabelverschraubungen erm\u00f6glichen die Schutzart IP68 und IP69K, w\u00e4hrend die Kupplung auf dem Kabel verriegelt wird. Geeignet fu\u0308r [\u2026]","og_url":"https:\/\/svilupporaytech.com\/de\/produkt\/niederspannung\/verbindungmuffe\/vorgefuellte-gel-verbindungsmuffe\/little-joint-easy\/","og_site_name":"Raytech","article_modified_time":"2023-06-12T16:33:35+00:00","og_image":[{"width":1024,"height":1024,"url":"https:\/\/svilupporaytech.com\/wp-content\/uploads\/LittleJoint-EASY.jpg","type":"image\/jpeg"}],"twitter_card":"summary_large_image","schema":{"@context":"https:\/\/schema.org","@graph":[{"@type":"WebPage","@id":"https:\/\/svilupporaytech.com\/de\/produkt\/niederspannung\/verbindungmuffe\/vorgefuellte-gel-verbindungsmuffe\/little-joint-easy\/","url":"https:\/\/svilupporaytech.com\/de\/produkt\/niederspannung\/verbindungmuffe\/vorgefuellte-gel-verbindungsmuffe\/little-joint-easy\/","name":"LITTLE JOINT EASY - Mini giunti IP68 e IP69K pre-riempiti in gel | Raytech","isPartOf":{"@id":"https:\/\/svilupporaytech.com\/#website"},"primaryImageOfPage":{"@id":"https:\/\/svilupporaytech.com\/de\/produkt\/niederspannung\/verbindungmuffe\/vorgefuellte-gel-verbindungsmuffe\/little-joint-easy\/#primaryimage"},"image":{"@id":"https:\/\/svilupporaytech.com\/de\/produkt\/niederspannung\/verbindungmuffe\/vorgefuellte-gel-verbindungsmuffe\/little-joint-easy\/#primaryimage"},"thumbnailUrl":"https:\/\/svilupporaytech.com\/wp-content\/uploads\/LittleJoint-EASY.jpg","datePublished":"2023-06-08T09:51:03+00:00","dateModified":"2023-06-12T16:33:35+00:00","breadcrumb":{"@id":"https:\/\/svilupporaytech.com\/de\/produkt\/niederspannung\/verbindungmuffe\/vorgefuellte-gel-verbindungsmuffe\/little-joint-easy\/#breadcrumb"},"inLanguage":"de","potentialAction":[{"@type":"ReadAction","target":["https:\/\/svilupporaytech.com\/de\/produkt\/niederspannung\/verbindungmuffe\/vorgefuellte-gel-verbindungsmuffe\/little-joint-easy\/"]}]},{"@type":"ImageObject","inLanguage":"de","@id":"https:\/\/svilupporaytech.com\/de\/produkt\/niederspannung\/verbindungmuffe\/vorgefuellte-gel-verbindungsmuffe\/little-joint-easy\/#primaryimage","url":"https:\/\/svilupporaytech.com\/wp-content\/uploads\/LittleJoint-EASY.jpg","contentUrl":"https:\/\/svilupporaytech.com\/wp-content\/uploads\/LittleJoint-EASY.jpg","width":1024,"height":1024},{"@type":"BreadcrumbList","@id":"https:\/\/svilupporaytech.com\/de\/produkt\/niederspannung\/verbindungmuffe\/vorgefuellte-gel-verbindungsmuffe\/little-joint-easy\/#breadcrumb","itemListElement":[{"@type":"ListItem","position":1,"name":"Home","item":"https:\/\/svilupporaytech.com\/de\/"},{"@type":"ListItem","position":2,"name":"Shop","item":"https:\/\/svilupporaytech.com\/de\/shop\/"},{"@type":"ListItem","position":3,"name":"LITTLE JOINT EASY"}]},{"@type":"WebSite","@id":"https:\/\/svilupporaytech.com\/#website","url":"https:\/\/svilupporaytech.com\/","name":"Raytech","description":"Cable accessories company","potentialAction":[{"@type":"SearchAction","target":{"@type":"EntryPoint","urlTemplate":"https:\/\/svilupporaytech.com\/?s={search_term_string}"},"query-input":"required name=search_term_string"}],"inLanguage":"de"}]}},"_links":{"self":[{"href":"https:\/\/svilupporaytech.com\/de\/wp-json\/wp\/v2\/product\/33820"}],"collection":[{"href":"https:\/\/svilupporaytech.com\/de\/wp-json\/wp\/v2\/product"}],"about":[{"href":"https:\/\/svilupporaytech.com\/de\/wp-json\/wp\/v2\/types\/product"}],"wp:featuredmedia":[{"embeddable":true,"href":"https:\/\/svilupporaytech.com\/de\/wp-json\/wp\/v2\/media\/33741"}],"wp:attachment":[{"href":"https:\/\/svilupporaytech.com\/de\/wp-json\/wp\/v2\/media?parent=33820"}],"wp:term":[{"taxonomy":"product_cat","embeddable":true,"href":"https:\/\/svilupporaytech.com\/de\/wp-json\/wp\/v2\/product_cat?post=33820"},{"taxonomy":"product_tag","embeddable":true,"href":"https:\/\/svilupporaytech.com\/de\/wp-json\/wp\/v2\/product_tag?post=33820"}],"curies":[{"name":"wp","href":"https:\/\/api.w.org\/{rel}","templated":true}]}}