{"id":6499,"date":"2015-07-15T12:29:39","date_gmt":"2015-12-18T11:02:31","guid":{"rendered":"https:\/\/svilupporaytech.com\/?post_type=product&#038;p=6499&#038;lang=de"},"modified":"2019-12-18T15:43:18","modified_gmt":"2019-12-18T14:43:18","slug":"rapid-joint","status":"publish","type":"product","link":"https:\/\/svilupporaytech.com\/de\/produkt\/niederspannung\/verbindungmuffe\/vorgefuellte-gel-verbindungsmuffe\/rapid-joint\/","title":{"rendered":"Rapid Joint"},"content":{"rendered":"<h4>Vorgef\u00fcllte Gel Verbindungsmuffe mit radialem Verschluss<br \/>\nf\u00fcr Kabel mit extrudierter Isolierung bis 1 kV<\/h4>\n<p>Gemacht mit selbstl\u00f6schendem, nicht flammverbreitendem Material f\u00fcr Kabel mit einer<br \/>\nBetriebstemperatur von 90\u00b0C. Das System mit radialem Verschluss erleichtert das Anbringen des<br \/>\nVerbinders und machen ihn sp\u00e4ter nur unter Verwendung eines Werkzeugs wieder zug\u00e4nglich.<br \/>\n<\/br><\/br><\/p>\n<ul>\n<li> F\u00fcr gerade Verbindungen<\/li>\n<li>Mit Zwischenst\u00fccken ausgestattet f\u00fcr die richtige Zentrierung<\/li>\n<p>der Verbindung<\/li>\n<li>F\u00fcr jede Anwendung auch unter Wasser<\/li>\n<li>Gro\u00dfe Reihe von Gestaltungen von Kabeln<\/li>\n<li>Ungiftig und keine Haltbarkeitseinschr\u00e4nkung<\/li>\n<\/ul>\n","protected":false},"excerpt":{"rendered":"<p>Vorgef\u00fcllte Gel Verbindungsmuffe mit radialem Verschluss f\u00fcr Kabel mit extrudierter Isolierung bis 1 kV Gemacht mit selbstl\u00f6schendem, nicht flammverbreitendem Material f\u00fcr Kabel mit einer Betriebstemperatur von 90\u00b0C. Das System mit<span class=\"excerpt-hellip\"> [\u2026]<\/span><\/p>\n","protected":false},"featured_media":3436,"template":"","meta":[],"product_cat":[280,282,285],"product_tag":[],"yoast_head":"<!-- This site is optimized with the Yoast SEO plugin v22.7 - https:\/\/yoast.com\/wordpress\/plugins\/seo\/ -->\n<title>Rapid Joint | Raytech<\/title>\n<meta name=\"robots\" content=\"index, follow, max-snippet:-1, max-image-preview:large, max-video-preview:-1\" \/>\n<link rel=\"canonical\" href=\"https:\/\/svilupporaytech.com\/de\/produkt\/niederspannung\/verbindungmuffe\/vorgefuellte-gel-verbindungsmuffe\/rapid-joint\/\" \/>\n<meta property=\"og:locale\" content=\"de_DE\" \/>\n<meta property=\"og:type\" content=\"article\" \/>\n<meta property=\"og:title\" content=\"Rapid Joint | Raytech\" \/>\n<meta property=\"og:description\" content=\"Vorgef\u00fcllte Gel Verbindungsmuffe mit radialem Verschluss f\u00fcr Kabel mit extrudierter Isolierung bis 1 kV Gemacht mit selbstl\u00f6schendem, nicht flammverbreitendem Material f\u00fcr Kabel mit einer Betriebstemperatur von 90\u00b0C. Das System mit [\u2026]\" \/>\n<meta property=\"og:url\" content=\"https:\/\/svilupporaytech.com\/de\/produkt\/niederspannung\/verbindungmuffe\/vorgefuellte-gel-verbindungsmuffe\/rapid-joint\/\" \/>\n<meta property=\"og:site_name\" content=\"Raytech\" \/>\n<meta property=\"article:modified_time\" content=\"2019-12-18T14:43:18+00:00\" \/>\n<meta property=\"og:image\" content=\"https:\/\/svilupporaytech.com\/wp-content\/uploads\/rapid-joint-1.jpg\" \/>\n\t<meta property=\"og:image:width\" content=\"1024\" \/>\n\t<meta property=\"og:image:height\" content=\"1024\" \/>\n\t<meta property=\"og:image:type\" content=\"image\/jpeg\" \/>\n<meta name=\"twitter:card\" content=\"summary_large_image\" \/>\n<script type=\"application\/ld+json\" class=\"yoast-schema-graph\">{\"@context\":\"https:\/\/schema.org\",\"@graph\":[{\"@type\":\"WebPage\",\"@id\":\"https:\/\/svilupporaytech.com\/de\/produkt\/niederspannung\/verbindungmuffe\/vorgefuellte-gel-verbindungsmuffe\/rapid-joint\/\",\"url\":\"https:\/\/svilupporaytech.com\/de\/produkt\/niederspannung\/verbindungmuffe\/vorgefuellte-gel-verbindungsmuffe\/rapid-joint\/\",\"name\":\"Rapid Joint | Raytech\",\"isPartOf\":{\"@id\":\"https:\/\/svilupporaytech.com\/#website\"},\"primaryImageOfPage\":{\"@id\":\"https:\/\/svilupporaytech.com\/de\/produkt\/niederspannung\/verbindungmuffe\/vorgefuellte-gel-verbindungsmuffe\/rapid-joint\/#primaryimage\"},\"image\":{\"@id\":\"https:\/\/svilupporaytech.com\/de\/produkt\/niederspannung\/verbindungmuffe\/vorgefuellte-gel-verbindungsmuffe\/rapid-joint\/#primaryimage\"},\"thumbnailUrl\":\"https:\/\/svilupporaytech.com\/wp-content\/uploads\/rapid-joint-1.jpg\",\"datePublished\":\"2015-12-18T11:02:31+00:00\",\"dateModified\":\"2019-12-18T14:43:18+00:00\",\"breadcrumb\":{\"@id\":\"https:\/\/svilupporaytech.com\/de\/produkt\/niederspannung\/verbindungmuffe\/vorgefuellte-gel-verbindungsmuffe\/rapid-joint\/#breadcrumb\"},\"inLanguage\":\"de\",\"potentialAction\":[{\"@type\":\"ReadAction\",\"target\":[\"https:\/\/svilupporaytech.com\/de\/produkt\/niederspannung\/verbindungmuffe\/vorgefuellte-gel-verbindungsmuffe\/rapid-joint\/\"]}]},{\"@type\":\"ImageObject\",\"inLanguage\":\"de\",\"@id\":\"https:\/\/svilupporaytech.com\/de\/produkt\/niederspannung\/verbindungmuffe\/vorgefuellte-gel-verbindungsmuffe\/rapid-joint\/#primaryimage\",\"url\":\"https:\/\/svilupporaytech.com\/wp-content\/uploads\/rapid-joint-1.jpg\",\"contentUrl\":\"https:\/\/svilupporaytech.com\/wp-content\/uploads\/rapid-joint-1.jpg\",\"width\":1024,\"height\":1024},{\"@type\":\"BreadcrumbList\",\"@id\":\"https:\/\/svilupporaytech.com\/de\/produkt\/niederspannung\/verbindungmuffe\/vorgefuellte-gel-verbindungsmuffe\/rapid-joint\/#breadcrumb\",\"itemListElement\":[{\"@type\":\"ListItem\",\"position\":1,\"name\":\"Home\",\"item\":\"https:\/\/svilupporaytech.com\/de\/\"},{\"@type\":\"ListItem\",\"position\":2,\"name\":\"Shop\",\"item\":\"https:\/\/svilupporaytech.com\/de\/shop\/\"},{\"@type\":\"ListItem\",\"position\":3,\"name\":\"Rapid Joint\"}]},{\"@type\":\"WebSite\",\"@id\":\"https:\/\/svilupporaytech.com\/#website\",\"url\":\"https:\/\/svilupporaytech.com\/\",\"name\":\"Raytech\",\"description\":\"Cable accessories company\",\"potentialAction\":[{\"@type\":\"SearchAction\",\"target\":{\"@type\":\"EntryPoint\",\"urlTemplate\":\"https:\/\/svilupporaytech.com\/?s={search_term_string}\"},\"query-input\":\"required name=search_term_string\"}],\"inLanguage\":\"de\"}]}<\/script>\n<!-- \/ Yoast SEO plugin. -->","yoast_head_json":{"title":"Rapid Joint | Raytech","robots":{"index":"index","follow":"follow","max-snippet":"max-snippet:-1","max-image-preview":"max-image-preview:large","max-video-preview":"max-video-preview:-1"},"canonical":"https:\/\/svilupporaytech.com\/de\/produkt\/niederspannung\/verbindungmuffe\/vorgefuellte-gel-verbindungsmuffe\/rapid-joint\/","og_locale":"de_DE","og_type":"article","og_title":"Rapid Joint | Raytech","og_description":"Vorgef\u00fcllte Gel Verbindungsmuffe mit radialem Verschluss f\u00fcr Kabel mit extrudierter Isolierung bis 1 kV Gemacht mit selbstl\u00f6schendem, nicht flammverbreitendem Material f\u00fcr Kabel mit einer Betriebstemperatur von 90\u00b0C. Das System mit [\u2026]","og_url":"https:\/\/svilupporaytech.com\/de\/produkt\/niederspannung\/verbindungmuffe\/vorgefuellte-gel-verbindungsmuffe\/rapid-joint\/","og_site_name":"Raytech","article_modified_time":"2019-12-18T14:43:18+00:00","og_image":[{"width":1024,"height":1024,"url":"https:\/\/svilupporaytech.com\/wp-content\/uploads\/rapid-joint-1.jpg","type":"image\/jpeg"}],"twitter_card":"summary_large_image","schema":{"@context":"https:\/\/schema.org","@graph":[{"@type":"WebPage","@id":"https:\/\/svilupporaytech.com\/de\/produkt\/niederspannung\/verbindungmuffe\/vorgefuellte-gel-verbindungsmuffe\/rapid-joint\/","url":"https:\/\/svilupporaytech.com\/de\/produkt\/niederspannung\/verbindungmuffe\/vorgefuellte-gel-verbindungsmuffe\/rapid-joint\/","name":"Rapid Joint | Raytech","isPartOf":{"@id":"https:\/\/svilupporaytech.com\/#website"},"primaryImageOfPage":{"@id":"https:\/\/svilupporaytech.com\/de\/produkt\/niederspannung\/verbindungmuffe\/vorgefuellte-gel-verbindungsmuffe\/rapid-joint\/#primaryimage"},"image":{"@id":"https:\/\/svilupporaytech.com\/de\/produkt\/niederspannung\/verbindungmuffe\/vorgefuellte-gel-verbindungsmuffe\/rapid-joint\/#primaryimage"},"thumbnailUrl":"https:\/\/svilupporaytech.com\/wp-content\/uploads\/rapid-joint-1.jpg","datePublished":"2015-12-18T11:02:31+00:00","dateModified":"2019-12-18T14:43:18+00:00","breadcrumb":{"@id":"https:\/\/svilupporaytech.com\/de\/produkt\/niederspannung\/verbindungmuffe\/vorgefuellte-gel-verbindungsmuffe\/rapid-joint\/#breadcrumb"},"inLanguage":"de","potentialAction":[{"@type":"ReadAction","target":["https:\/\/svilupporaytech.com\/de\/produkt\/niederspannung\/verbindungmuffe\/vorgefuellte-gel-verbindungsmuffe\/rapid-joint\/"]}]},{"@type":"ImageObject","inLanguage":"de","@id":"https:\/\/svilupporaytech.com\/de\/produkt\/niederspannung\/verbindungmuffe\/vorgefuellte-gel-verbindungsmuffe\/rapid-joint\/#primaryimage","url":"https:\/\/svilupporaytech.com\/wp-content\/uploads\/rapid-joint-1.jpg","contentUrl":"https:\/\/svilupporaytech.com\/wp-content\/uploads\/rapid-joint-1.jpg","width":1024,"height":1024},{"@type":"BreadcrumbList","@id":"https:\/\/svilupporaytech.com\/de\/produkt\/niederspannung\/verbindungmuffe\/vorgefuellte-gel-verbindungsmuffe\/rapid-joint\/#breadcrumb","itemListElement":[{"@type":"ListItem","position":1,"name":"Home","item":"https:\/\/svilupporaytech.com\/de\/"},{"@type":"ListItem","position":2,"name":"Shop","item":"https:\/\/svilupporaytech.com\/de\/shop\/"},{"@type":"ListItem","position":3,"name":"Rapid Joint"}]},{"@type":"WebSite","@id":"https:\/\/svilupporaytech.com\/#website","url":"https:\/\/svilupporaytech.com\/","name":"Raytech","description":"Cable accessories company","potentialAction":[{"@type":"SearchAction","target":{"@type":"EntryPoint","urlTemplate":"https:\/\/svilupporaytech.com\/?s={search_term_string}"},"query-input":"required name=search_term_string"}],"inLanguage":"de"}]}},"_links":{"self":[{"href":"https:\/\/svilupporaytech.com\/de\/wp-json\/wp\/v2\/product\/6499"}],"collection":[{"href":"https:\/\/svilupporaytech.com\/de\/wp-json\/wp\/v2\/product"}],"about":[{"href":"https:\/\/svilupporaytech.com\/de\/wp-json\/wp\/v2\/types\/product"}],"wp:featuredmedia":[{"embeddable":true,"href":"https:\/\/svilupporaytech.com\/de\/wp-json\/wp\/v2\/media\/3436"}],"wp:attachment":[{"href":"https:\/\/svilupporaytech.com\/de\/wp-json\/wp\/v2\/media?parent=6499"}],"wp:term":[{"taxonomy":"product_cat","embeddable":true,"href":"https:\/\/svilupporaytech.com\/de\/wp-json\/wp\/v2\/product_cat?post=6499"},{"taxonomy":"product_tag","embeddable":true,"href":"https:\/\/svilupporaytech.com\/de\/wp-json\/wp\/v2\/product_tag?post=6499"}],"curies":[{"name":"wp","href":"https:\/\/api.w.org\/{rel}","templated":true}]}}