{"id":6504,"date":"2015-11-10T10:42:08","date_gmt":"2015-12-18T11:22:43","guid":{"rendered":"https:\/\/svilupporaytech.com\/?post_type=product&#038;p=6504&#038;lang=de"},"modified":"2019-12-18T14:56:27","modified_gmt":"2019-12-18T13:56:27","slug":"rapid-joint-ip68","status":"publish","type":"product","link":"https:\/\/svilupporaytech.com\/de\/produkt\/niederspannung\/verbindungmuffe\/vorgefuellte-gel-verbindungsmuffe\/rapid-joint-ip68\/","title":{"rendered":"Rapid Joint IP68"},"content":{"rendered":"<h4>Vorgef\u00fcllte Gel Verbindungsmuffe mit radialem Verschluss<br \/>\nf\u00fcr Kabel mit extrudierter Isolierung bis 1 kV .<\/h4>\n<p>Dank der Prim\u00e4risolierung, bestehend aus einem vernetzten Polymergel, und der isolierenden Kunststoffh\u00fclle mit au\u00dfergew\u00f6hnlicher Robustheit geh\u00f6rt der Verbinder zur Klasse<br \/>\n2 gem\u00e4\u00df den Definitionen der Norm CEI 64-8. Der Verbinder wurde auf die relevanten<br \/>\ninternationalen Spezifikationen getestet, mit wiederholten Biege- und Drehzyklen sowie<br \/>\ndurch Eintauchen in Wasser, und f\u00fcr konform mit den mechanischen, elektrischen und<br \/>\nVersiegelungsanforderungen an Zubeh\u00f6r f\u00fcr Kunststoffkabel erkl\u00e4rt. Der Verbinder und<br \/>\nseine Bestandteile sind unbegrenzt haltbar, chemisch inert und somit absolut sicher; die<br \/>\nAnschl\u00fcsse der Leiter sind auch nach langen Betriebszeiten wieder zug\u00e4nglich. Gemacht mit<br \/>\nselbstl\u00f6schendem, nicht flammverbreitendem Material f\u00fcr Kabel mit einer Betriebstemperatur<br \/>\nvon 90\u00b0C. Das System mit radialem Verschluss erleichtert das Anbringen des Verbinders und<br \/>\nmachen ihn sp\u00e4ter nur unter Verwendung eines Werkzeugs wieder zug\u00e4nglich.<br \/>\n<\/br><\/br><\/p>\n<ul>\n<li><span style=\"color: #009233;\">F\u00fcr gerade Verbindungen<\/span><\/li>\n<li><span style=\"color: #009233;\">F\u00fcr mehradrige Kabel mit bis 5 Adern<\/span><\/li>\n<li><span style=\"color: #009233;\">Mit Zwischenst\u00fccken ausgestattet f\u00fcr die richtige Zentrierung der Verbindung<\/span><\/li>\n<li><span style=\"color: #009233;\">F\u00fcr jede Anwendung auch unter Wasser<\/span><\/li>\n<li><span style=\"color: #009233;\">Gro\u00dfe Reihe von Gestaltungen von Kabeln<\/span><\/li>\n<li><span style=\"color: #009233;\">Wieder zug\u00e4nglich nur mit Werkzeug<\/span><\/li>\n<li><span style=\"color: #009233;\">Geeignet auch f\u00fcr die Kreuzung der Phasen<\/span><\/li>\n<li><span style=\"color: #009233;\">Ungiftig und unbegrenzt lagerf\u00e4hig<\/span><\/li>\n<\/ul>\n","protected":false},"excerpt":{"rendered":"<p>Vorgef\u00fcllte Gel Verbindungsmuffe mit radialem Verschluss f\u00fcr Kabel mit extrudierter Isolierung bis 1 kV . Dank der Prim\u00e4risolierung, bestehend aus einem vernetzten Polymergel, und der isolierenden Kunststoffh\u00fclle mit au\u00dfergew\u00f6hnlicher Robustheit<span class=\"excerpt-hellip\"> [\u2026]<\/span><\/p>\n","protected":false},"featured_media":19300,"template":"","meta":[],"product_cat":[280,282,285],"product_tag":[],"yoast_head":"<!-- This site is optimized with the Yoast SEO plugin v22.7 - https:\/\/yoast.com\/wordpress\/plugins\/seo\/ -->\n<title>Rapid Joint IP68 | Raytech<\/title>\n<meta name=\"robots\" content=\"index, follow, max-snippet:-1, max-image-preview:large, max-video-preview:-1\" \/>\n<link rel=\"canonical\" href=\"https:\/\/svilupporaytech.com\/de\/produkt\/niederspannung\/verbindungmuffe\/vorgefuellte-gel-verbindungsmuffe\/rapid-joint-ip68\/\" \/>\n<meta property=\"og:locale\" content=\"de_DE\" \/>\n<meta property=\"og:type\" content=\"article\" \/>\n<meta property=\"og:title\" content=\"Rapid Joint IP68 | Raytech\" \/>\n<meta property=\"og:description\" content=\"Vorgef\u00fcllte Gel Verbindungsmuffe mit radialem Verschluss f\u00fcr Kabel mit extrudierter Isolierung bis 1 kV . Dank der Prim\u00e4risolierung, bestehend aus einem vernetzten Polymergel, und der isolierenden Kunststoffh\u00fclle mit au\u00dfergew\u00f6hnlicher Robustheit [\u2026]\" \/>\n<meta property=\"og:url\" content=\"https:\/\/svilupporaytech.com\/de\/produkt\/niederspannung\/verbindungmuffe\/vorgefuellte-gel-verbindungsmuffe\/rapid-joint-ip68\/\" \/>\n<meta property=\"og:site_name\" content=\"Raytech\" \/>\n<meta property=\"article:modified_time\" content=\"2019-12-18T13:56:27+00:00\" \/>\n<meta property=\"og:image\" content=\"https:\/\/svilupporaytech.com\/wp-content\/uploads\/rapidJIp68.jpg\" \/>\n\t<meta property=\"og:image:width\" content=\"1024\" \/>\n\t<meta property=\"og:image:height\" content=\"1024\" \/>\n\t<meta property=\"og:image:type\" content=\"image\/jpeg\" \/>\n<meta name=\"twitter:card\" content=\"summary_large_image\" \/>\n<meta name=\"twitter:label1\" content=\"Gesch\u00e4tzte Lesezeit\" \/>\n\t<meta name=\"twitter:data1\" content=\"1\u00a0Minute\" \/>\n<script type=\"application\/ld+json\" class=\"yoast-schema-graph\">{\"@context\":\"https:\/\/schema.org\",\"@graph\":[{\"@type\":\"WebPage\",\"@id\":\"https:\/\/svilupporaytech.com\/de\/produkt\/niederspannung\/verbindungmuffe\/vorgefuellte-gel-verbindungsmuffe\/rapid-joint-ip68\/\",\"url\":\"https:\/\/svilupporaytech.com\/de\/produkt\/niederspannung\/verbindungmuffe\/vorgefuellte-gel-verbindungsmuffe\/rapid-joint-ip68\/\",\"name\":\"Rapid Joint IP68 | Raytech\",\"isPartOf\":{\"@id\":\"https:\/\/svilupporaytech.com\/#website\"},\"primaryImageOfPage\":{\"@id\":\"https:\/\/svilupporaytech.com\/de\/produkt\/niederspannung\/verbindungmuffe\/vorgefuellte-gel-verbindungsmuffe\/rapid-joint-ip68\/#primaryimage\"},\"image\":{\"@id\":\"https:\/\/svilupporaytech.com\/de\/produkt\/niederspannung\/verbindungmuffe\/vorgefuellte-gel-verbindungsmuffe\/rapid-joint-ip68\/#primaryimage\"},\"thumbnailUrl\":\"https:\/\/svilupporaytech.com\/wp-content\/uploads\/rapidJIp68.jpg\",\"datePublished\":\"2015-12-18T11:22:43+00:00\",\"dateModified\":\"2019-12-18T13:56:27+00:00\",\"breadcrumb\":{\"@id\":\"https:\/\/svilupporaytech.com\/de\/produkt\/niederspannung\/verbindungmuffe\/vorgefuellte-gel-verbindungsmuffe\/rapid-joint-ip68\/#breadcrumb\"},\"inLanguage\":\"de\",\"potentialAction\":[{\"@type\":\"ReadAction\",\"target\":[\"https:\/\/svilupporaytech.com\/de\/produkt\/niederspannung\/verbindungmuffe\/vorgefuellte-gel-verbindungsmuffe\/rapid-joint-ip68\/\"]}]},{\"@type\":\"ImageObject\",\"inLanguage\":\"de\",\"@id\":\"https:\/\/svilupporaytech.com\/de\/produkt\/niederspannung\/verbindungmuffe\/vorgefuellte-gel-verbindungsmuffe\/rapid-joint-ip68\/#primaryimage\",\"url\":\"https:\/\/svilupporaytech.com\/wp-content\/uploads\/rapidJIp68.jpg\",\"contentUrl\":\"https:\/\/svilupporaytech.com\/wp-content\/uploads\/rapidJIp68.jpg\",\"width\":1024,\"height\":1024},{\"@type\":\"BreadcrumbList\",\"@id\":\"https:\/\/svilupporaytech.com\/de\/produkt\/niederspannung\/verbindungmuffe\/vorgefuellte-gel-verbindungsmuffe\/rapid-joint-ip68\/#breadcrumb\",\"itemListElement\":[{\"@type\":\"ListItem\",\"position\":1,\"name\":\"Home\",\"item\":\"https:\/\/svilupporaytech.com\/de\/\"},{\"@type\":\"ListItem\",\"position\":2,\"name\":\"Shop\",\"item\":\"https:\/\/svilupporaytech.com\/de\/shop\/\"},{\"@type\":\"ListItem\",\"position\":3,\"name\":\"Rapid Joint IP68\"}]},{\"@type\":\"WebSite\",\"@id\":\"https:\/\/svilupporaytech.com\/#website\",\"url\":\"https:\/\/svilupporaytech.com\/\",\"name\":\"Raytech\",\"description\":\"Cable accessories company\",\"potentialAction\":[{\"@type\":\"SearchAction\",\"target\":{\"@type\":\"EntryPoint\",\"urlTemplate\":\"https:\/\/svilupporaytech.com\/?s={search_term_string}\"},\"query-input\":\"required name=search_term_string\"}],\"inLanguage\":\"de\"}]}<\/script>\n<!-- \/ Yoast SEO plugin. -->","yoast_head_json":{"title":"Rapid Joint IP68 | Raytech","robots":{"index":"index","follow":"follow","max-snippet":"max-snippet:-1","max-image-preview":"max-image-preview:large","max-video-preview":"max-video-preview:-1"},"canonical":"https:\/\/svilupporaytech.com\/de\/produkt\/niederspannung\/verbindungmuffe\/vorgefuellte-gel-verbindungsmuffe\/rapid-joint-ip68\/","og_locale":"de_DE","og_type":"article","og_title":"Rapid Joint IP68 | Raytech","og_description":"Vorgef\u00fcllte Gel Verbindungsmuffe mit radialem Verschluss f\u00fcr Kabel mit extrudierter Isolierung bis 1 kV . Dank der Prim\u00e4risolierung, bestehend aus einem vernetzten Polymergel, und der isolierenden Kunststoffh\u00fclle mit au\u00dfergew\u00f6hnlicher Robustheit [\u2026]","og_url":"https:\/\/svilupporaytech.com\/de\/produkt\/niederspannung\/verbindungmuffe\/vorgefuellte-gel-verbindungsmuffe\/rapid-joint-ip68\/","og_site_name":"Raytech","article_modified_time":"2019-12-18T13:56:27+00:00","og_image":[{"width":1024,"height":1024,"url":"https:\/\/svilupporaytech.com\/wp-content\/uploads\/rapidJIp68.jpg","type":"image\/jpeg"}],"twitter_card":"summary_large_image","twitter_misc":{"Gesch\u00e4tzte Lesezeit":"1\u00a0Minute"},"schema":{"@context":"https:\/\/schema.org","@graph":[{"@type":"WebPage","@id":"https:\/\/svilupporaytech.com\/de\/produkt\/niederspannung\/verbindungmuffe\/vorgefuellte-gel-verbindungsmuffe\/rapid-joint-ip68\/","url":"https:\/\/svilupporaytech.com\/de\/produkt\/niederspannung\/verbindungmuffe\/vorgefuellte-gel-verbindungsmuffe\/rapid-joint-ip68\/","name":"Rapid Joint IP68 | Raytech","isPartOf":{"@id":"https:\/\/svilupporaytech.com\/#website"},"primaryImageOfPage":{"@id":"https:\/\/svilupporaytech.com\/de\/produkt\/niederspannung\/verbindungmuffe\/vorgefuellte-gel-verbindungsmuffe\/rapid-joint-ip68\/#primaryimage"},"image":{"@id":"https:\/\/svilupporaytech.com\/de\/produkt\/niederspannung\/verbindungmuffe\/vorgefuellte-gel-verbindungsmuffe\/rapid-joint-ip68\/#primaryimage"},"thumbnailUrl":"https:\/\/svilupporaytech.com\/wp-content\/uploads\/rapidJIp68.jpg","datePublished":"2015-12-18T11:22:43+00:00","dateModified":"2019-12-18T13:56:27+00:00","breadcrumb":{"@id":"https:\/\/svilupporaytech.com\/de\/produkt\/niederspannung\/verbindungmuffe\/vorgefuellte-gel-verbindungsmuffe\/rapid-joint-ip68\/#breadcrumb"},"inLanguage":"de","potentialAction":[{"@type":"ReadAction","target":["https:\/\/svilupporaytech.com\/de\/produkt\/niederspannung\/verbindungmuffe\/vorgefuellte-gel-verbindungsmuffe\/rapid-joint-ip68\/"]}]},{"@type":"ImageObject","inLanguage":"de","@id":"https:\/\/svilupporaytech.com\/de\/produkt\/niederspannung\/verbindungmuffe\/vorgefuellte-gel-verbindungsmuffe\/rapid-joint-ip68\/#primaryimage","url":"https:\/\/svilupporaytech.com\/wp-content\/uploads\/rapidJIp68.jpg","contentUrl":"https:\/\/svilupporaytech.com\/wp-content\/uploads\/rapidJIp68.jpg","width":1024,"height":1024},{"@type":"BreadcrumbList","@id":"https:\/\/svilupporaytech.com\/de\/produkt\/niederspannung\/verbindungmuffe\/vorgefuellte-gel-verbindungsmuffe\/rapid-joint-ip68\/#breadcrumb","itemListElement":[{"@type":"ListItem","position":1,"name":"Home","item":"https:\/\/svilupporaytech.com\/de\/"},{"@type":"ListItem","position":2,"name":"Shop","item":"https:\/\/svilupporaytech.com\/de\/shop\/"},{"@type":"ListItem","position":3,"name":"Rapid Joint IP68"}]},{"@type":"WebSite","@id":"https:\/\/svilupporaytech.com\/#website","url":"https:\/\/svilupporaytech.com\/","name":"Raytech","description":"Cable accessories company","potentialAction":[{"@type":"SearchAction","target":{"@type":"EntryPoint","urlTemplate":"https:\/\/svilupporaytech.com\/?s={search_term_string}"},"query-input":"required name=search_term_string"}],"inLanguage":"de"}]}},"_links":{"self":[{"href":"https:\/\/svilupporaytech.com\/de\/wp-json\/wp\/v2\/product\/6504"}],"collection":[{"href":"https:\/\/svilupporaytech.com\/de\/wp-json\/wp\/v2\/product"}],"about":[{"href":"https:\/\/svilupporaytech.com\/de\/wp-json\/wp\/v2\/types\/product"}],"wp:featuredmedia":[{"embeddable":true,"href":"https:\/\/svilupporaytech.com\/de\/wp-json\/wp\/v2\/media\/19300"}],"wp:attachment":[{"href":"https:\/\/svilupporaytech.com\/de\/wp-json\/wp\/v2\/media?parent=6504"}],"wp:term":[{"taxonomy":"product_cat","embeddable":true,"href":"https:\/\/svilupporaytech.com\/de\/wp-json\/wp\/v2\/product_cat?post=6504"},{"taxonomy":"product_tag","embeddable":true,"href":"https:\/\/svilupporaytech.com\/de\/wp-json\/wp\/v2\/product_tag?post=6504"}],"curies":[{"name":"wp","href":"https:\/\/api.w.org\/{rel}","templated":true}]}}