{"id":6522,"date":"2015-09-15T09:31:27","date_gmt":"2015-12-18T13:45:18","guid":{"rendered":"https:\/\/svilupporaytech.com\/?post_type=product&#038;p=6522&#038;lang=de"},"modified":"2019-11-11T15:27:26","modified_gmt":"2019-11-11T15:27:26","slug":"glv","status":"publish","type":"product","link":"https:\/\/svilupporaytech.com\/de\/produkt\/niederspannung\/verbindungmuffe\/waermschrumpftechnik\/glv\/","title":{"rendered":"Gerade oder abgezweigte w\u00e4rmeschrumpfende Verbindungen f\u00fcr Kabel mit extrudiertem Isoliermittel bis 1 kV"},"content":{"rendered":"<p><strong><span style=\"color: #009832;\">Gerade oder abgezweigte w\u00e4rmeschrumpfende\u00a0Verbindungen f\u00fcr Kabel mit extrudiertem Isoliermittel bis 1 kV<\/span><\/strong><\/p>\n<p><strong>GDL<\/strong><br \/>\nVerbindung f\u00fcr einpolige Kabel auch mit\u00a0konzentrischem Nullleiter<\/p>\n<p><strong>GLV<\/strong><br \/>\nVerbindung f\u00fcr mehrpolige Kabel\u00a0(auch f\u00fcr Pumpen unter Wasser)<\/p>\n<p><strong>GLV-N<\/strong><br \/>\nVerbindung f\u00fcr mehrpolige Kabel mit konzentrischem Nullleiter<\/p>\n<p><strong>GLV-ARM<\/strong><br \/>\nVerbindung f\u00fcr armierte mehrpolige Kabel<\/p>\n<p><strong>BOPA<\/strong><br \/>\nVerbindung f\u00fcr Kabel MT f\u00fcr \u00f6ffentliche Beleuchtung<\/p>\n<p><strong>DJ<\/strong><br \/>\nAbgezweigte Verbindung BT<\/p>\n<p><strong>GLV F\/R &#8211; GMP F\/R<\/strong><br \/>\n<strong style=\"color: #009832;\">Verbindung f\u00fcr feuerfeste Kabel<\/strong><br \/>\nDie flammensicheren Verbinder von Raytech sind f\u00fcr Kabel 0,6\/1 kV geeignet, und zwar\u00a0sowohl f\u00fcr <strong>energie<\/strong>, als auch f\u00fcr <strong>Signal &#8211; und Kontrollkabel<\/strong><\/p>\n<p><strong>DJ F\/R<\/strong><br \/>\n<strong style=\"color: #009832;\">Abgezweigte Verbindung f\u00fcr feuerfeste Kabel<\/strong><br \/>\nRaytech Verbindungen wie DJ F\/R sind von Typ feuerbest\u00e4ndig f\u00fcr <strong>Energie<\/strong> Kabel 0.6\/1 kV<\/p>\n<p><strong>GMP<\/strong><br \/>\nVerbindungszubeh\u00f6r f\u00fcr mehrpolige Signal-, Steuer- oder\u00a0Kontrollkabel<\/p>\n<p><strong>GMC<\/strong><br \/>\nVerbindungszubeh\u00f6r f\u00fcr vielpaarige Kommunikations-,\u00a0Steuer- oder Kontrollkabel<\/p>\n","protected":false},"excerpt":{"rendered":"<p>Gerade oder abgezweigte w\u00e4rmeschrumpfende\u00a0Verbindungen f\u00fcr Kabel mit extrudiertem Isoliermittel bis 1 kV GDL Verbindung f\u00fcr einpolige Kabel auch mit\u00a0konzentrischem Nullleiter GLV Verbindung f\u00fcr mehrpolige Kabel\u00a0(auch f\u00fcr Pumpen unter Wasser) GLV-N<span class=\"excerpt-hellip\"> [\u2026]<\/span><\/p>\n","protected":false},"featured_media":4973,"template":"","meta":[],"product_cat":[280,282,288],"product_tag":[],"yoast_head":"<!-- This site is optimized with the Yoast SEO plugin v22.7 - https:\/\/yoast.com\/wordpress\/plugins\/seo\/ -->\n<title>Gerade oder abgezweigte w\u00e4rmeschrumpfende Verbindungen f\u00fcr Kabel mit extrudiertem Isoliermittel bis 1 kV | Raytech<\/title>\n<meta name=\"robots\" content=\"index, follow, max-snippet:-1, max-image-preview:large, max-video-preview:-1\" \/>\n<link rel=\"canonical\" href=\"https:\/\/svilupporaytech.com\/de\/produkt\/niederspannung\/verbindungmuffe\/waermschrumpftechnik\/glv\/\" \/>\n<meta property=\"og:locale\" content=\"de_DE\" \/>\n<meta property=\"og:type\" content=\"article\" \/>\n<meta property=\"og:title\" content=\"Gerade oder abgezweigte w\u00e4rmeschrumpfende Verbindungen f\u00fcr Kabel mit extrudiertem Isoliermittel bis 1 kV | Raytech\" \/>\n<meta property=\"og:description\" content=\"Gerade oder abgezweigte w\u00e4rmeschrumpfende\u00a0Verbindungen f\u00fcr Kabel mit extrudiertem Isoliermittel bis 1 kV GDL Verbindung f\u00fcr einpolige Kabel auch mit\u00a0konzentrischem Nullleiter GLV Verbindung f\u00fcr mehrpolige Kabel\u00a0(auch f\u00fcr Pumpen unter Wasser) GLV-N [\u2026]\" \/>\n<meta property=\"og:url\" content=\"https:\/\/svilupporaytech.com\/de\/produkt\/niederspannung\/verbindungmuffe\/waermschrumpftechnik\/glv\/\" \/>\n<meta property=\"og:site_name\" content=\"Raytech\" \/>\n<meta property=\"article:modified_time\" content=\"2019-11-11T15:27:26+00:00\" \/>\n<meta property=\"og:image\" content=\"https:\/\/svilupporaytech.com\/wp-content\/uploads\/termorestringenti-glv.jpg\" \/>\n\t<meta property=\"og:image:width\" content=\"1024\" \/>\n\t<meta property=\"og:image:height\" content=\"1024\" \/>\n\t<meta property=\"og:image:type\" content=\"image\/jpeg\" \/>\n<meta name=\"twitter:card\" content=\"summary_large_image\" \/>\n<meta name=\"twitter:label1\" content=\"Gesch\u00e4tzte Lesezeit\" \/>\n\t<meta name=\"twitter:data1\" content=\"1\u00a0Minute\" \/>\n<script type=\"application\/ld+json\" class=\"yoast-schema-graph\">{\"@context\":\"https:\/\/schema.org\",\"@graph\":[{\"@type\":\"WebPage\",\"@id\":\"https:\/\/svilupporaytech.com\/de\/produkt\/niederspannung\/verbindungmuffe\/waermschrumpftechnik\/glv\/\",\"url\":\"https:\/\/svilupporaytech.com\/de\/produkt\/niederspannung\/verbindungmuffe\/waermschrumpftechnik\/glv\/\",\"name\":\"Gerade oder abgezweigte w\u00e4rmeschrumpfende Verbindungen f\u00fcr Kabel mit extrudiertem Isoliermittel bis 1 kV | Raytech\",\"isPartOf\":{\"@id\":\"https:\/\/svilupporaytech.com\/#website\"},\"primaryImageOfPage\":{\"@id\":\"https:\/\/svilupporaytech.com\/de\/produkt\/niederspannung\/verbindungmuffe\/waermschrumpftechnik\/glv\/#primaryimage\"},\"image\":{\"@id\":\"https:\/\/svilupporaytech.com\/de\/produkt\/niederspannung\/verbindungmuffe\/waermschrumpftechnik\/glv\/#primaryimage\"},\"thumbnailUrl\":\"https:\/\/svilupporaytech.com\/wp-content\/uploads\/termorestringenti-glv.jpg\",\"datePublished\":\"2015-12-18T13:45:18+00:00\",\"dateModified\":\"2019-11-11T15:27:26+00:00\",\"breadcrumb\":{\"@id\":\"https:\/\/svilupporaytech.com\/de\/produkt\/niederspannung\/verbindungmuffe\/waermschrumpftechnik\/glv\/#breadcrumb\"},\"inLanguage\":\"de\",\"potentialAction\":[{\"@type\":\"ReadAction\",\"target\":[\"https:\/\/svilupporaytech.com\/de\/produkt\/niederspannung\/verbindungmuffe\/waermschrumpftechnik\/glv\/\"]}]},{\"@type\":\"ImageObject\",\"inLanguage\":\"de\",\"@id\":\"https:\/\/svilupporaytech.com\/de\/produkt\/niederspannung\/verbindungmuffe\/waermschrumpftechnik\/glv\/#primaryimage\",\"url\":\"https:\/\/svilupporaytech.com\/wp-content\/uploads\/termorestringenti-glv.jpg\",\"contentUrl\":\"https:\/\/svilupporaytech.com\/wp-content\/uploads\/termorestringenti-glv.jpg\",\"width\":1024,\"height\":1024},{\"@type\":\"BreadcrumbList\",\"@id\":\"https:\/\/svilupporaytech.com\/de\/produkt\/niederspannung\/verbindungmuffe\/waermschrumpftechnik\/glv\/#breadcrumb\",\"itemListElement\":[{\"@type\":\"ListItem\",\"position\":1,\"name\":\"Home\",\"item\":\"https:\/\/svilupporaytech.com\/de\/\"},{\"@type\":\"ListItem\",\"position\":2,\"name\":\"Shop\",\"item\":\"https:\/\/svilupporaytech.com\/de\/shop\/\"},{\"@type\":\"ListItem\",\"position\":3,\"name\":\"Gerade oder abgezweigte w\u00e4rmeschrumpfende Verbindungen f\u00fcr Kabel mit extrudiertem Isoliermittel bis 1 kV\"}]},{\"@type\":\"WebSite\",\"@id\":\"https:\/\/svilupporaytech.com\/#website\",\"url\":\"https:\/\/svilupporaytech.com\/\",\"name\":\"Raytech\",\"description\":\"Cable accessories company\",\"potentialAction\":[{\"@type\":\"SearchAction\",\"target\":{\"@type\":\"EntryPoint\",\"urlTemplate\":\"https:\/\/svilupporaytech.com\/?s={search_term_string}\"},\"query-input\":\"required name=search_term_string\"}],\"inLanguage\":\"de\"}]}<\/script>\n<!-- \/ Yoast SEO plugin. -->","yoast_head_json":{"title":"Gerade oder abgezweigte w\u00e4rmeschrumpfende Verbindungen f\u00fcr Kabel mit extrudiertem Isoliermittel bis 1 kV | Raytech","robots":{"index":"index","follow":"follow","max-snippet":"max-snippet:-1","max-image-preview":"max-image-preview:large","max-video-preview":"max-video-preview:-1"},"canonical":"https:\/\/svilupporaytech.com\/de\/produkt\/niederspannung\/verbindungmuffe\/waermschrumpftechnik\/glv\/","og_locale":"de_DE","og_type":"article","og_title":"Gerade oder abgezweigte w\u00e4rmeschrumpfende Verbindungen f\u00fcr Kabel mit extrudiertem Isoliermittel bis 1 kV | Raytech","og_description":"Gerade oder abgezweigte w\u00e4rmeschrumpfende\u00a0Verbindungen f\u00fcr Kabel mit extrudiertem Isoliermittel bis 1 kV GDL Verbindung f\u00fcr einpolige Kabel auch mit\u00a0konzentrischem Nullleiter GLV Verbindung f\u00fcr mehrpolige Kabel\u00a0(auch f\u00fcr Pumpen unter Wasser) GLV-N [\u2026]","og_url":"https:\/\/svilupporaytech.com\/de\/produkt\/niederspannung\/verbindungmuffe\/waermschrumpftechnik\/glv\/","og_site_name":"Raytech","article_modified_time":"2019-11-11T15:27:26+00:00","og_image":[{"width":1024,"height":1024,"url":"https:\/\/svilupporaytech.com\/wp-content\/uploads\/termorestringenti-glv.jpg","type":"image\/jpeg"}],"twitter_card":"summary_large_image","twitter_misc":{"Gesch\u00e4tzte Lesezeit":"1\u00a0Minute"},"schema":{"@context":"https:\/\/schema.org","@graph":[{"@type":"WebPage","@id":"https:\/\/svilupporaytech.com\/de\/produkt\/niederspannung\/verbindungmuffe\/waermschrumpftechnik\/glv\/","url":"https:\/\/svilupporaytech.com\/de\/produkt\/niederspannung\/verbindungmuffe\/waermschrumpftechnik\/glv\/","name":"Gerade oder abgezweigte w\u00e4rmeschrumpfende Verbindungen f\u00fcr Kabel mit extrudiertem Isoliermittel bis 1 kV | Raytech","isPartOf":{"@id":"https:\/\/svilupporaytech.com\/#website"},"primaryImageOfPage":{"@id":"https:\/\/svilupporaytech.com\/de\/produkt\/niederspannung\/verbindungmuffe\/waermschrumpftechnik\/glv\/#primaryimage"},"image":{"@id":"https:\/\/svilupporaytech.com\/de\/produkt\/niederspannung\/verbindungmuffe\/waermschrumpftechnik\/glv\/#primaryimage"},"thumbnailUrl":"https:\/\/svilupporaytech.com\/wp-content\/uploads\/termorestringenti-glv.jpg","datePublished":"2015-12-18T13:45:18+00:00","dateModified":"2019-11-11T15:27:26+00:00","breadcrumb":{"@id":"https:\/\/svilupporaytech.com\/de\/produkt\/niederspannung\/verbindungmuffe\/waermschrumpftechnik\/glv\/#breadcrumb"},"inLanguage":"de","potentialAction":[{"@type":"ReadAction","target":["https:\/\/svilupporaytech.com\/de\/produkt\/niederspannung\/verbindungmuffe\/waermschrumpftechnik\/glv\/"]}]},{"@type":"ImageObject","inLanguage":"de","@id":"https:\/\/svilupporaytech.com\/de\/produkt\/niederspannung\/verbindungmuffe\/waermschrumpftechnik\/glv\/#primaryimage","url":"https:\/\/svilupporaytech.com\/wp-content\/uploads\/termorestringenti-glv.jpg","contentUrl":"https:\/\/svilupporaytech.com\/wp-content\/uploads\/termorestringenti-glv.jpg","width":1024,"height":1024},{"@type":"BreadcrumbList","@id":"https:\/\/svilupporaytech.com\/de\/produkt\/niederspannung\/verbindungmuffe\/waermschrumpftechnik\/glv\/#breadcrumb","itemListElement":[{"@type":"ListItem","position":1,"name":"Home","item":"https:\/\/svilupporaytech.com\/de\/"},{"@type":"ListItem","position":2,"name":"Shop","item":"https:\/\/svilupporaytech.com\/de\/shop\/"},{"@type":"ListItem","position":3,"name":"Gerade oder abgezweigte w\u00e4rmeschrumpfende Verbindungen f\u00fcr Kabel mit extrudiertem Isoliermittel bis 1 kV"}]},{"@type":"WebSite","@id":"https:\/\/svilupporaytech.com\/#website","url":"https:\/\/svilupporaytech.com\/","name":"Raytech","description":"Cable accessories company","potentialAction":[{"@type":"SearchAction","target":{"@type":"EntryPoint","urlTemplate":"https:\/\/svilupporaytech.com\/?s={search_term_string}"},"query-input":"required name=search_term_string"}],"inLanguage":"de"}]}},"_links":{"self":[{"href":"https:\/\/svilupporaytech.com\/de\/wp-json\/wp\/v2\/product\/6522"}],"collection":[{"href":"https:\/\/svilupporaytech.com\/de\/wp-json\/wp\/v2\/product"}],"about":[{"href":"https:\/\/svilupporaytech.com\/de\/wp-json\/wp\/v2\/types\/product"}],"wp:featuredmedia":[{"embeddable":true,"href":"https:\/\/svilupporaytech.com\/de\/wp-json\/wp\/v2\/media\/4973"}],"wp:attachment":[{"href":"https:\/\/svilupporaytech.com\/de\/wp-json\/wp\/v2\/media?parent=6522"}],"wp:term":[{"taxonomy":"product_cat","embeddable":true,"href":"https:\/\/svilupporaytech.com\/de\/wp-json\/wp\/v2\/product_cat?post=6522"},{"taxonomy":"product_tag","embeddable":true,"href":"https:\/\/svilupporaytech.com\/de\/wp-json\/wp\/v2\/product_tag?post=6522"}],"curies":[{"name":"wp","href":"https:\/\/api.w.org\/{rel}","templated":true}]}}