{"id":6539,"date":"2015-07-15T14:53:59","date_gmt":"2015-12-18T16:21:18","guid":{"rendered":"https:\/\/svilupporaytech.com\/?post_type=product&#038;p=6539&#038;lang=de"},"modified":"2023-06-16T13:19:40","modified_gmt":"2023-06-16T12:19:40","slug":"magic-gel","status":"publish","type":"product","link":"https:\/\/svilupporaytech.com\/de\/produkt\/niederspannung\/vergusmasse\/gel-de\/magic-gel\/","title":{"rendered":"Magic Gel"},"content":{"rendered":"<h4><span style=\"color: #009832;\">Zweikomponenten-Gel mit h\u00f6chsten dielektrischen und thermischen Eigenschaften, ideal f\u00fcr Verbindungssysteme (Muffeln oder K\u00e4sten), f\u00fcr Stromkabel<\/span><\/h4>\n<p>Die isolierende und versiegelnde Gel garantiert in einem geeigneten Geh\u00e4use einen Schutzgrad von IP68 und ist in der Lage, jeden Typ von Harz zu ersetzen. Es handelt sich um ein selbstversiegelndes polymers Isolationsmittel mit Kaltvernetzung in zwei praktischen Flaschen oder in Mono Nutzung Beutel. Nach dem Gie\u00dfen umschlie\u00dft und verkleidet das Isoliermittel mit sehr niedriger Viskosit\u00e4t jede Art von Material durch Vernetzung in weniger als 10 Minuten. Absolut ungiftig, Vernetzung mit einem sehr geringen isothermischen Spitze, sodass die Materialen, mit denen es in Ber\u00fchrung kommt, keiner thermischen Belastung ausgesetzt werden.<\/p>\n<ul>\n<li><span style=\"color: #009832;\">F\u00fcr alle Anwendungen, die sich durch hohe Spannungen und hohe Temperaturen auszeichnen! <\/span><\/li>\n<li><span style=\"color: #009832;\">Schnell vernetzend (nur 10 Minuten)<\/span><\/li>\n<li><span style=\"color: #009832;\">Leicht zu entfernen auch nach langen Betriebszeiten<\/span><\/li>\n<li><span style=\"color: #009832;\">Ungiftig und unbegrenzt lagerf\u00e4hig<\/span><\/li>\n<li><span style=\"color: #009832;\">Niedrige Viskosit\u00e4t<\/span><\/li>\n<\/ul>\n","protected":false},"excerpt":{"rendered":"<p>Zweikomponenten-Gel mit h\u00f6chsten dielektrischen und thermischen Eigenschaften, ideal f\u00fcr Verbindungssysteme (Muffeln oder K\u00e4sten), f\u00fcr Stromkabel Die isolierende und versiegelnde Gel garantiert in einem geeigneten Geh\u00e4use einen Schutzgrad von IP68 und<span class=\"excerpt-hellip\"> [\u2026]<\/span><\/p>\n","protected":false},"featured_media":24976,"template":"","meta":[],"product_cat":[280,295,296],"product_tag":[],"yoast_head":"<!-- This site is optimized with the Yoast SEO plugin v22.7 - https:\/\/yoast.com\/wordpress\/plugins\/seo\/ -->\n<title>Magic Gel | Raytech<\/title>\n<meta name=\"robots\" content=\"index, follow, max-snippet:-1, max-image-preview:large, max-video-preview:-1\" \/>\n<link rel=\"canonical\" href=\"https:\/\/svilupporaytech.com\/de\/produkt\/niederspannung\/vergusmasse\/gel-de\/magic-gel\/\" \/>\n<meta property=\"og:locale\" content=\"de_DE\" \/>\n<meta property=\"og:type\" content=\"article\" \/>\n<meta property=\"og:title\" content=\"Magic Gel | Raytech\" \/>\n<meta property=\"og:description\" content=\"Zweikomponenten-Gel mit h\u00f6chsten dielektrischen und thermischen Eigenschaften, ideal f\u00fcr Verbindungssysteme (Muffeln oder K\u00e4sten), f\u00fcr Stromkabel Die isolierende und versiegelnde Gel garantiert in einem geeigneten Geh\u00e4use einen Schutzgrad von IP68 und [\u2026]\" \/>\n<meta property=\"og:url\" content=\"https:\/\/svilupporaytech.com\/de\/produkt\/niederspannung\/vergusmasse\/gel-de\/magic-gel\/\" \/>\n<meta property=\"og:site_name\" content=\"Raytech\" \/>\n<meta property=\"article:modified_time\" content=\"2023-06-16T12:19:40+00:00\" \/>\n<meta property=\"og:image\" content=\"https:\/\/svilupporaytech.com\/wp-content\/uploads\/magic-gel-5-1.jpg\" \/>\n\t<meta property=\"og:image:width\" content=\"1024\" \/>\n\t<meta property=\"og:image:height\" content=\"1024\" \/>\n\t<meta property=\"og:image:type\" content=\"image\/jpeg\" \/>\n<meta name=\"twitter:card\" content=\"summary_large_image\" \/>\n<meta name=\"twitter:label1\" content=\"Gesch\u00e4tzte Lesezeit\" \/>\n\t<meta name=\"twitter:data1\" content=\"1\u00a0Minute\" \/>\n<script type=\"application\/ld+json\" class=\"yoast-schema-graph\">{\"@context\":\"https:\/\/schema.org\",\"@graph\":[{\"@type\":\"WebPage\",\"@id\":\"https:\/\/svilupporaytech.com\/de\/produkt\/niederspannung\/vergusmasse\/gel-de\/magic-gel\/\",\"url\":\"https:\/\/svilupporaytech.com\/de\/produkt\/niederspannung\/vergusmasse\/gel-de\/magic-gel\/\",\"name\":\"Magic Gel | Raytech\",\"isPartOf\":{\"@id\":\"https:\/\/svilupporaytech.com\/#website\"},\"primaryImageOfPage\":{\"@id\":\"https:\/\/svilupporaytech.com\/de\/produkt\/niederspannung\/vergusmasse\/gel-de\/magic-gel\/#primaryimage\"},\"image\":{\"@id\":\"https:\/\/svilupporaytech.com\/de\/produkt\/niederspannung\/vergusmasse\/gel-de\/magic-gel\/#primaryimage\"},\"thumbnailUrl\":\"https:\/\/svilupporaytech.com\/wp-content\/uploads\/magic-gel-5-1.jpg\",\"datePublished\":\"2015-12-18T16:21:18+00:00\",\"dateModified\":\"2023-06-16T12:19:40+00:00\",\"breadcrumb\":{\"@id\":\"https:\/\/svilupporaytech.com\/de\/produkt\/niederspannung\/vergusmasse\/gel-de\/magic-gel\/#breadcrumb\"},\"inLanguage\":\"de\",\"potentialAction\":[{\"@type\":\"ReadAction\",\"target\":[\"https:\/\/svilupporaytech.com\/de\/produkt\/niederspannung\/vergusmasse\/gel-de\/magic-gel\/\"]}]},{\"@type\":\"ImageObject\",\"inLanguage\":\"de\",\"@id\":\"https:\/\/svilupporaytech.com\/de\/produkt\/niederspannung\/vergusmasse\/gel-de\/magic-gel\/#primaryimage\",\"url\":\"https:\/\/svilupporaytech.com\/wp-content\/uploads\/magic-gel-5-1.jpg\",\"contentUrl\":\"https:\/\/svilupporaytech.com\/wp-content\/uploads\/magic-gel-5-1.jpg\",\"width\":1024,\"height\":1024},{\"@type\":\"BreadcrumbList\",\"@id\":\"https:\/\/svilupporaytech.com\/de\/produkt\/niederspannung\/vergusmasse\/gel-de\/magic-gel\/#breadcrumb\",\"itemListElement\":[{\"@type\":\"ListItem\",\"position\":1,\"name\":\"Home\",\"item\":\"https:\/\/svilupporaytech.com\/de\/\"},{\"@type\":\"ListItem\",\"position\":2,\"name\":\"Shop\",\"item\":\"https:\/\/svilupporaytech.com\/de\/shop\/\"},{\"@type\":\"ListItem\",\"position\":3,\"name\":\"Magic Gel\"}]},{\"@type\":\"WebSite\",\"@id\":\"https:\/\/svilupporaytech.com\/#website\",\"url\":\"https:\/\/svilupporaytech.com\/\",\"name\":\"Raytech\",\"description\":\"Cable accessories company\",\"potentialAction\":[{\"@type\":\"SearchAction\",\"target\":{\"@type\":\"EntryPoint\",\"urlTemplate\":\"https:\/\/svilupporaytech.com\/?s={search_term_string}\"},\"query-input\":\"required name=search_term_string\"}],\"inLanguage\":\"de\"}]}<\/script>\n<!-- \/ Yoast SEO plugin. -->","yoast_head_json":{"title":"Magic Gel | Raytech","robots":{"index":"index","follow":"follow","max-snippet":"max-snippet:-1","max-image-preview":"max-image-preview:large","max-video-preview":"max-video-preview:-1"},"canonical":"https:\/\/svilupporaytech.com\/de\/produkt\/niederspannung\/vergusmasse\/gel-de\/magic-gel\/","og_locale":"de_DE","og_type":"article","og_title":"Magic Gel | Raytech","og_description":"Zweikomponenten-Gel mit h\u00f6chsten dielektrischen und thermischen Eigenschaften, ideal f\u00fcr Verbindungssysteme (Muffeln oder K\u00e4sten), f\u00fcr Stromkabel Die isolierende und versiegelnde Gel garantiert in einem geeigneten Geh\u00e4use einen Schutzgrad von IP68 und [\u2026]","og_url":"https:\/\/svilupporaytech.com\/de\/produkt\/niederspannung\/vergusmasse\/gel-de\/magic-gel\/","og_site_name":"Raytech","article_modified_time":"2023-06-16T12:19:40+00:00","og_image":[{"width":1024,"height":1024,"url":"https:\/\/svilupporaytech.com\/wp-content\/uploads\/magic-gel-5-1.jpg","type":"image\/jpeg"}],"twitter_card":"summary_large_image","twitter_misc":{"Gesch\u00e4tzte Lesezeit":"1\u00a0Minute"},"schema":{"@context":"https:\/\/schema.org","@graph":[{"@type":"WebPage","@id":"https:\/\/svilupporaytech.com\/de\/produkt\/niederspannung\/vergusmasse\/gel-de\/magic-gel\/","url":"https:\/\/svilupporaytech.com\/de\/produkt\/niederspannung\/vergusmasse\/gel-de\/magic-gel\/","name":"Magic Gel | Raytech","isPartOf":{"@id":"https:\/\/svilupporaytech.com\/#website"},"primaryImageOfPage":{"@id":"https:\/\/svilupporaytech.com\/de\/produkt\/niederspannung\/vergusmasse\/gel-de\/magic-gel\/#primaryimage"},"image":{"@id":"https:\/\/svilupporaytech.com\/de\/produkt\/niederspannung\/vergusmasse\/gel-de\/magic-gel\/#primaryimage"},"thumbnailUrl":"https:\/\/svilupporaytech.com\/wp-content\/uploads\/magic-gel-5-1.jpg","datePublished":"2015-12-18T16:21:18+00:00","dateModified":"2023-06-16T12:19:40+00:00","breadcrumb":{"@id":"https:\/\/svilupporaytech.com\/de\/produkt\/niederspannung\/vergusmasse\/gel-de\/magic-gel\/#breadcrumb"},"inLanguage":"de","potentialAction":[{"@type":"ReadAction","target":["https:\/\/svilupporaytech.com\/de\/produkt\/niederspannung\/vergusmasse\/gel-de\/magic-gel\/"]}]},{"@type":"ImageObject","inLanguage":"de","@id":"https:\/\/svilupporaytech.com\/de\/produkt\/niederspannung\/vergusmasse\/gel-de\/magic-gel\/#primaryimage","url":"https:\/\/svilupporaytech.com\/wp-content\/uploads\/magic-gel-5-1.jpg","contentUrl":"https:\/\/svilupporaytech.com\/wp-content\/uploads\/magic-gel-5-1.jpg","width":1024,"height":1024},{"@type":"BreadcrumbList","@id":"https:\/\/svilupporaytech.com\/de\/produkt\/niederspannung\/vergusmasse\/gel-de\/magic-gel\/#breadcrumb","itemListElement":[{"@type":"ListItem","position":1,"name":"Home","item":"https:\/\/svilupporaytech.com\/de\/"},{"@type":"ListItem","position":2,"name":"Shop","item":"https:\/\/svilupporaytech.com\/de\/shop\/"},{"@type":"ListItem","position":3,"name":"Magic Gel"}]},{"@type":"WebSite","@id":"https:\/\/svilupporaytech.com\/#website","url":"https:\/\/svilupporaytech.com\/","name":"Raytech","description":"Cable accessories company","potentialAction":[{"@type":"SearchAction","target":{"@type":"EntryPoint","urlTemplate":"https:\/\/svilupporaytech.com\/?s={search_term_string}"},"query-input":"required name=search_term_string"}],"inLanguage":"de"}]}},"_links":{"self":[{"href":"https:\/\/svilupporaytech.com\/de\/wp-json\/wp\/v2\/product\/6539"}],"collection":[{"href":"https:\/\/svilupporaytech.com\/de\/wp-json\/wp\/v2\/product"}],"about":[{"href":"https:\/\/svilupporaytech.com\/de\/wp-json\/wp\/v2\/types\/product"}],"wp:featuredmedia":[{"embeddable":true,"href":"https:\/\/svilupporaytech.com\/de\/wp-json\/wp\/v2\/media\/24976"}],"wp:attachment":[{"href":"https:\/\/svilupporaytech.com\/de\/wp-json\/wp\/v2\/media?parent=6539"}],"wp:term":[{"taxonomy":"product_cat","embeddable":true,"href":"https:\/\/svilupporaytech.com\/de\/wp-json\/wp\/v2\/product_cat?post=6539"},{"taxonomy":"product_tag","embeddable":true,"href":"https:\/\/svilupporaytech.com\/de\/wp-json\/wp\/v2\/product_tag?post=6539"}],"curies":[{"name":"wp","href":"https:\/\/api.w.org\/{rel}","templated":true}]}}