{"id":6561,"date":"2015-11-09T10:50:09","date_gmt":"2015-12-18T16:52:07","guid":{"rendered":"https:\/\/svilupporaytech.com\/?post_type=product&#038;p=6561&#038;lang=de"},"modified":"2023-06-16T13:36:25","modified_gmt":"2023-06-16T12:36:25","slug":"techno-gelgum","status":"publish","type":"product","link":"https:\/\/svilupporaytech.com\/de\/produkt\/niederspannung\/vergusmasse\/gelgum-de\/techno-gelgum\/","title":{"rendered":"Techno GelGum"},"content":{"rendered":"<h4><span style=\"color: #009832;\">Zweikomponenten-Isoliermittel in Monoflasche mit hohen dielektrischen, versiegelnden und thermischen Eigenschaften. Undurchl\u00e4ssig und jederzeit wieder zug\u00e4nglich!<\/span><\/h4>\n<p>TechnoGelGum ist ein flexibles Elastomer mit starkem Halt, dessen Formulierung f\u00fcr den Schutz von Verbindungen von STROMKABELN, TELEFONKABELN und ELEKTRONISCHEN SCHALTKREISEN optimiert wurde. Ein neues Rezept, das dem Produkt eine \u00fcberraschende und einmalige Konsistenz verleiht: Es vereint die Eigenschaften eines Gels mit denen von Gummi und verst\u00e4rkt sie. Es ist daher elastisch und flexible wie ein Gel, zugleich aber auch stark und trocken wie Gummi.<\/p>\n<ul>\n<li><span style=\"color: #009832;\">F\u00fcr Installationen bis 1 kV<\/span><\/li>\n<li><span style=\"color: #009832;\">Geeignet f\u00fcr hohe Temperaturen<\/span><\/li>\n<li><span style=\"color: #009832;\">Geeignet f\u00fcr die Anwendung auch unter Wasser und in gro\u00dfen Tiefen<\/span><\/li>\n<li><span style=\"color: #009832;\">Waterproof &gt; 1 MPa<\/span><\/li>\n<li><span style=\"color: #009832;\">UV-best\u00e4ndig<\/span><\/li>\n<li><span style=\"color: #009832;\">Entfernbar<\/span><\/li>\n<li><span style=\"color: #009832;\">Widerstandsf\u00e4hig gegen\u00fcber Vibrationen, wirkt d\u00e4mpfend<\/span><\/li>\n<li><span style=\"color: #009832;\">Geeignet f\u00fcr Salzwasser-Anlage (Meer) und in chloriertem Wasser (Pools)<\/span><\/li>\n<li><span style=\"color: #009832;\">Giftfrei und sicher<\/span><\/li>\n<\/ul>\n","protected":false},"excerpt":{"rendered":"<p>Zweikomponenten-Isoliermittel in Monoflasche mit hohen dielektrischen, versiegelnden und thermischen Eigenschaften. Undurchl\u00e4ssig und jederzeit wieder zug\u00e4nglich! TechnoGelGum ist ein flexibles Elastomer mit starkem Halt, dessen Formulierung f\u00fcr den Schutz von Verbindungen<span class=\"excerpt-hellip\"> [\u2026]<\/span><\/p>\n","protected":false},"featured_media":4220,"template":"","meta":[],"product_cat":[280,295,297],"product_tag":[],"yoast_head":"<!-- This site is optimized with the Yoast SEO plugin v22.7 - https:\/\/yoast.com\/wordpress\/plugins\/seo\/ -->\n<title>Techno GelGum | Raytech<\/title>\n<meta name=\"robots\" content=\"index, follow, max-snippet:-1, max-image-preview:large, max-video-preview:-1\" \/>\n<link rel=\"canonical\" href=\"https:\/\/svilupporaytech.com\/de\/produkt\/niederspannung\/vergusmasse\/gelgum-de\/techno-gelgum\/\" \/>\n<meta property=\"og:locale\" content=\"de_DE\" \/>\n<meta property=\"og:type\" content=\"article\" \/>\n<meta property=\"og:title\" content=\"Techno GelGum | Raytech\" \/>\n<meta property=\"og:description\" content=\"Zweikomponenten-Isoliermittel in Monoflasche mit hohen dielektrischen, versiegelnden und thermischen Eigenschaften. Undurchl\u00e4ssig und jederzeit wieder zug\u00e4nglich! TechnoGelGum ist ein flexibles Elastomer mit starkem Halt, dessen Formulierung f\u00fcr den Schutz von Verbindungen [\u2026]\" \/>\n<meta property=\"og:url\" content=\"https:\/\/svilupporaytech.com\/de\/produkt\/niederspannung\/vergusmasse\/gelgum-de\/techno-gelgum\/\" \/>\n<meta property=\"og:site_name\" content=\"Raytech\" \/>\n<meta property=\"article:modified_time\" content=\"2023-06-16T12:36:25+00:00\" \/>\n<meta property=\"og:image\" content=\"https:\/\/svilupporaytech.com\/wp-content\/uploads\/GELGUM-1.jpg\" \/>\n\t<meta property=\"og:image:width\" content=\"1024\" \/>\n\t<meta property=\"og:image:height\" content=\"1024\" \/>\n\t<meta property=\"og:image:type\" content=\"image\/jpeg\" \/>\n<meta name=\"twitter:card\" content=\"summary_large_image\" \/>\n<meta name=\"twitter:label1\" content=\"Gesch\u00e4tzte Lesezeit\" \/>\n\t<meta name=\"twitter:data1\" content=\"1\u00a0Minute\" \/>\n<script type=\"application\/ld+json\" class=\"yoast-schema-graph\">{\"@context\":\"https:\/\/schema.org\",\"@graph\":[{\"@type\":\"WebPage\",\"@id\":\"https:\/\/svilupporaytech.com\/de\/produkt\/niederspannung\/vergusmasse\/gelgum-de\/techno-gelgum\/\",\"url\":\"https:\/\/svilupporaytech.com\/de\/produkt\/niederspannung\/vergusmasse\/gelgum-de\/techno-gelgum\/\",\"name\":\"Techno GelGum | Raytech\",\"isPartOf\":{\"@id\":\"https:\/\/svilupporaytech.com\/#website\"},\"primaryImageOfPage\":{\"@id\":\"https:\/\/svilupporaytech.com\/de\/produkt\/niederspannung\/vergusmasse\/gelgum-de\/techno-gelgum\/#primaryimage\"},\"image\":{\"@id\":\"https:\/\/svilupporaytech.com\/de\/produkt\/niederspannung\/vergusmasse\/gelgum-de\/techno-gelgum\/#primaryimage\"},\"thumbnailUrl\":\"https:\/\/svilupporaytech.com\/wp-content\/uploads\/GELGUM-1.jpg\",\"datePublished\":\"2015-12-18T16:52:07+00:00\",\"dateModified\":\"2023-06-16T12:36:25+00:00\",\"breadcrumb\":{\"@id\":\"https:\/\/svilupporaytech.com\/de\/produkt\/niederspannung\/vergusmasse\/gelgum-de\/techno-gelgum\/#breadcrumb\"},\"inLanguage\":\"de\",\"potentialAction\":[{\"@type\":\"ReadAction\",\"target\":[\"https:\/\/svilupporaytech.com\/de\/produkt\/niederspannung\/vergusmasse\/gelgum-de\/techno-gelgum\/\"]}]},{\"@type\":\"ImageObject\",\"inLanguage\":\"de\",\"@id\":\"https:\/\/svilupporaytech.com\/de\/produkt\/niederspannung\/vergusmasse\/gelgum-de\/techno-gelgum\/#primaryimage\",\"url\":\"https:\/\/svilupporaytech.com\/wp-content\/uploads\/GELGUM-1.jpg\",\"contentUrl\":\"https:\/\/svilupporaytech.com\/wp-content\/uploads\/GELGUM-1.jpg\",\"width\":1024,\"height\":1024},{\"@type\":\"BreadcrumbList\",\"@id\":\"https:\/\/svilupporaytech.com\/de\/produkt\/niederspannung\/vergusmasse\/gelgum-de\/techno-gelgum\/#breadcrumb\",\"itemListElement\":[{\"@type\":\"ListItem\",\"position\":1,\"name\":\"Home\",\"item\":\"https:\/\/svilupporaytech.com\/de\/\"},{\"@type\":\"ListItem\",\"position\":2,\"name\":\"Shop\",\"item\":\"https:\/\/svilupporaytech.com\/de\/shop\/\"},{\"@type\":\"ListItem\",\"position\":3,\"name\":\"Techno GelGum\"}]},{\"@type\":\"WebSite\",\"@id\":\"https:\/\/svilupporaytech.com\/#website\",\"url\":\"https:\/\/svilupporaytech.com\/\",\"name\":\"Raytech\",\"description\":\"Cable accessories company\",\"potentialAction\":[{\"@type\":\"SearchAction\",\"target\":{\"@type\":\"EntryPoint\",\"urlTemplate\":\"https:\/\/svilupporaytech.com\/?s={search_term_string}\"},\"query-input\":\"required name=search_term_string\"}],\"inLanguage\":\"de\"}]}<\/script>\n<!-- \/ Yoast SEO plugin. -->","yoast_head_json":{"title":"Techno GelGum | Raytech","robots":{"index":"index","follow":"follow","max-snippet":"max-snippet:-1","max-image-preview":"max-image-preview:large","max-video-preview":"max-video-preview:-1"},"canonical":"https:\/\/svilupporaytech.com\/de\/produkt\/niederspannung\/vergusmasse\/gelgum-de\/techno-gelgum\/","og_locale":"de_DE","og_type":"article","og_title":"Techno GelGum | Raytech","og_description":"Zweikomponenten-Isoliermittel in Monoflasche mit hohen dielektrischen, versiegelnden und thermischen Eigenschaften. Undurchl\u00e4ssig und jederzeit wieder zug\u00e4nglich! TechnoGelGum ist ein flexibles Elastomer mit starkem Halt, dessen Formulierung f\u00fcr den Schutz von Verbindungen [\u2026]","og_url":"https:\/\/svilupporaytech.com\/de\/produkt\/niederspannung\/vergusmasse\/gelgum-de\/techno-gelgum\/","og_site_name":"Raytech","article_modified_time":"2023-06-16T12:36:25+00:00","og_image":[{"width":1024,"height":1024,"url":"https:\/\/svilupporaytech.com\/wp-content\/uploads\/GELGUM-1.jpg","type":"image\/jpeg"}],"twitter_card":"summary_large_image","twitter_misc":{"Gesch\u00e4tzte Lesezeit":"1\u00a0Minute"},"schema":{"@context":"https:\/\/schema.org","@graph":[{"@type":"WebPage","@id":"https:\/\/svilupporaytech.com\/de\/produkt\/niederspannung\/vergusmasse\/gelgum-de\/techno-gelgum\/","url":"https:\/\/svilupporaytech.com\/de\/produkt\/niederspannung\/vergusmasse\/gelgum-de\/techno-gelgum\/","name":"Techno GelGum | Raytech","isPartOf":{"@id":"https:\/\/svilupporaytech.com\/#website"},"primaryImageOfPage":{"@id":"https:\/\/svilupporaytech.com\/de\/produkt\/niederspannung\/vergusmasse\/gelgum-de\/techno-gelgum\/#primaryimage"},"image":{"@id":"https:\/\/svilupporaytech.com\/de\/produkt\/niederspannung\/vergusmasse\/gelgum-de\/techno-gelgum\/#primaryimage"},"thumbnailUrl":"https:\/\/svilupporaytech.com\/wp-content\/uploads\/GELGUM-1.jpg","datePublished":"2015-12-18T16:52:07+00:00","dateModified":"2023-06-16T12:36:25+00:00","breadcrumb":{"@id":"https:\/\/svilupporaytech.com\/de\/produkt\/niederspannung\/vergusmasse\/gelgum-de\/techno-gelgum\/#breadcrumb"},"inLanguage":"de","potentialAction":[{"@type":"ReadAction","target":["https:\/\/svilupporaytech.com\/de\/produkt\/niederspannung\/vergusmasse\/gelgum-de\/techno-gelgum\/"]}]},{"@type":"ImageObject","inLanguage":"de","@id":"https:\/\/svilupporaytech.com\/de\/produkt\/niederspannung\/vergusmasse\/gelgum-de\/techno-gelgum\/#primaryimage","url":"https:\/\/svilupporaytech.com\/wp-content\/uploads\/GELGUM-1.jpg","contentUrl":"https:\/\/svilupporaytech.com\/wp-content\/uploads\/GELGUM-1.jpg","width":1024,"height":1024},{"@type":"BreadcrumbList","@id":"https:\/\/svilupporaytech.com\/de\/produkt\/niederspannung\/vergusmasse\/gelgum-de\/techno-gelgum\/#breadcrumb","itemListElement":[{"@type":"ListItem","position":1,"name":"Home","item":"https:\/\/svilupporaytech.com\/de\/"},{"@type":"ListItem","position":2,"name":"Shop","item":"https:\/\/svilupporaytech.com\/de\/shop\/"},{"@type":"ListItem","position":3,"name":"Techno GelGum"}]},{"@type":"WebSite","@id":"https:\/\/svilupporaytech.com\/#website","url":"https:\/\/svilupporaytech.com\/","name":"Raytech","description":"Cable accessories company","potentialAction":[{"@type":"SearchAction","target":{"@type":"EntryPoint","urlTemplate":"https:\/\/svilupporaytech.com\/?s={search_term_string}"},"query-input":"required name=search_term_string"}],"inLanguage":"de"}]}},"_links":{"self":[{"href":"https:\/\/svilupporaytech.com\/de\/wp-json\/wp\/v2\/product\/6561"}],"collection":[{"href":"https:\/\/svilupporaytech.com\/de\/wp-json\/wp\/v2\/product"}],"about":[{"href":"https:\/\/svilupporaytech.com\/de\/wp-json\/wp\/v2\/types\/product"}],"wp:featuredmedia":[{"embeddable":true,"href":"https:\/\/svilupporaytech.com\/de\/wp-json\/wp\/v2\/media\/4220"}],"wp:attachment":[{"href":"https:\/\/svilupporaytech.com\/de\/wp-json\/wp\/v2\/media?parent=6561"}],"wp:term":[{"taxonomy":"product_cat","embeddable":true,"href":"https:\/\/svilupporaytech.com\/de\/wp-json\/wp\/v2\/product_cat?post=6561"},{"taxonomy":"product_tag","embeddable":true,"href":"https:\/\/svilupporaytech.com\/de\/wp-json\/wp\/v2\/product_tag?post=6561"}],"curies":[{"name":"wp","href":"https:\/\/api.w.org\/{rel}","templated":true}]}}