{"id":6638,"date":"2015-07-15T15:47:56","date_gmt":"2015-12-22T13:56:17","guid":{"rendered":"https:\/\/svilupporaytech.com\/?post_type=product&#038;p=6638&#038;lang=de"},"modified":"2019-11-11T10:16:58","modified_gmt":"2019-11-11T10:16:58","slug":"power-kit-ip68","status":"publish","type":"product","link":"https:\/\/svilupporaytech.com\/de\/produkt\/niederspannung\/dose\/power-kit-ip68\/","title":{"rendered":"Power Kit IP68"},"content":{"rendered":"<h4><span style=\"color: #009832;\">Das einzige KIT IP68, das auch dann wieder zug\u00e4nglich und wiederverwendbar ist, wenn der Kasten an der Decke installiert oder eingebaut ist!<\/span><\/h4>\n<p>Die vielseitigste und sicherste L\u00f6sung f\u00fcr totale gesch\u00fctzte Anschl\u00fcsse im Kasten mit Schutzgrad IP68, dank Magic Power, dem neu entwickelten Gel, schnell vernetzend, sicher und zuverl\u00e4ssig, extrem klebrig, selbstversiegelnd, mit h\u00f6chsten elektrischen, thermischen und elastischen Eigenschaften. Garantierte Versiegelung unter allen Verlegungsbedingungen, auch unter Wasser. Power kit IP68 Solution, ist in der Tat ein einzigartiges Produkt! Nicht nur, weil die Isolierung auf zwei unterschiedliche Weisen verwendet werden kann, sowohl als traditionelles Produkt, das in den Kasten \u201cgegossen\u201d wird als auch als \u201cvernetzendes und klebendes\u201d Produkt (zuerst vernetzen lassen), sondern weil es aufgrund der Wiedererreichbarkeit und Wiederverwendbarkeit Zeit und Geld spart!<\/p>\n<ul>\n<li><span style=\"color: #009832;\">Komplettes Kit f\u00fcr einen perfekten Anschluss IP68 <\/span><\/li>\n<li><span style=\"color: #009832;\">Isoliert mit Magic Power Gel dem innovativen Gel in einer selbstbindenden Monoflasche<\/span><\/li>\n<li><span style=\"color: #009832;\">Verwendbar auch bei widrigen umgebungsbedingungen<\/span><\/li>\n<li><span style=\"color: #009832;\">Geeignet f\u00fcr gro\u00dfe Tiefen<\/span><\/li>\n<li><span style=\"color: #009832;\">Keine Verschwendung<\/span><\/li>\n<li><span style=\"color: #009832;\">Keine Haltbarkeitsbegrenzung<\/span><\/li>\n<\/ul>\n","protected":false},"excerpt":{"rendered":"<p>Das einzige KIT IP68, das auch dann wieder zug\u00e4nglich und wiederverwendbar ist, wenn der Kasten an der Decke installiert oder eingebaut ist! Die vielseitigste und sicherste L\u00f6sung f\u00fcr totale gesch\u00fctzte<span class=\"excerpt-hellip\"> [\u2026]<\/span><\/p>\n","protected":false},"featured_media":3336,"template":"","meta":[],"product_cat":[280,290],"product_tag":[],"yoast_head":"<!-- This site is optimized with the Yoast SEO plugin v22.7 - https:\/\/yoast.com\/wordpress\/plugins\/seo\/ -->\n<title>Power Kit IP68 | Raytech<\/title>\n<meta name=\"robots\" content=\"index, follow, max-snippet:-1, max-image-preview:large, max-video-preview:-1\" \/>\n<link rel=\"canonical\" href=\"https:\/\/svilupporaytech.com\/de\/produkt\/niederspannung\/dose\/power-kit-ip68\/\" \/>\n<meta property=\"og:locale\" content=\"de_DE\" \/>\n<meta property=\"og:type\" content=\"article\" \/>\n<meta property=\"og:title\" content=\"Power Kit IP68 | Raytech\" \/>\n<meta property=\"og:description\" content=\"Das einzige KIT IP68, das auch dann wieder zug\u00e4nglich und wiederverwendbar ist, wenn der Kasten an der Decke installiert oder eingebaut ist! Die vielseitigste und sicherste L\u00f6sung f\u00fcr totale gesch\u00fctzte [\u2026]\" \/>\n<meta property=\"og:url\" content=\"https:\/\/svilupporaytech.com\/de\/produkt\/niederspannung\/dose\/power-kit-ip68\/\" \/>\n<meta property=\"og:site_name\" content=\"Raytech\" \/>\n<meta property=\"article:modified_time\" content=\"2019-11-11T10:16:58+00:00\" \/>\n<meta property=\"og:image\" content=\"https:\/\/svilupporaytech.com\/wp-content\/uploads\/power-kit-IP68-2.jpg\" \/>\n\t<meta property=\"og:image:width\" content=\"1024\" \/>\n\t<meta property=\"og:image:height\" content=\"1024\" \/>\n\t<meta property=\"og:image:type\" content=\"image\/jpeg\" \/>\n<meta name=\"twitter:card\" content=\"summary_large_image\" \/>\n<meta name=\"twitter:label1\" content=\"Gesch\u00e4tzte Lesezeit\" \/>\n\t<meta name=\"twitter:data1\" content=\"1\u00a0Minute\" \/>\n<script type=\"application\/ld+json\" class=\"yoast-schema-graph\">{\"@context\":\"https:\/\/schema.org\",\"@graph\":[{\"@type\":\"WebPage\",\"@id\":\"https:\/\/svilupporaytech.com\/de\/produkt\/niederspannung\/dose\/power-kit-ip68\/\",\"url\":\"https:\/\/svilupporaytech.com\/de\/produkt\/niederspannung\/dose\/power-kit-ip68\/\",\"name\":\"Power Kit IP68 | Raytech\",\"isPartOf\":{\"@id\":\"https:\/\/svilupporaytech.com\/#website\"},\"primaryImageOfPage\":{\"@id\":\"https:\/\/svilupporaytech.com\/de\/produkt\/niederspannung\/dose\/power-kit-ip68\/#primaryimage\"},\"image\":{\"@id\":\"https:\/\/svilupporaytech.com\/de\/produkt\/niederspannung\/dose\/power-kit-ip68\/#primaryimage\"},\"thumbnailUrl\":\"https:\/\/svilupporaytech.com\/wp-content\/uploads\/power-kit-IP68-2.jpg\",\"datePublished\":\"2015-12-22T13:56:17+00:00\",\"dateModified\":\"2019-11-11T10:16:58+00:00\",\"breadcrumb\":{\"@id\":\"https:\/\/svilupporaytech.com\/de\/produkt\/niederspannung\/dose\/power-kit-ip68\/#breadcrumb\"},\"inLanguage\":\"de\",\"potentialAction\":[{\"@type\":\"ReadAction\",\"target\":[\"https:\/\/svilupporaytech.com\/de\/produkt\/niederspannung\/dose\/power-kit-ip68\/\"]}]},{\"@type\":\"ImageObject\",\"inLanguage\":\"de\",\"@id\":\"https:\/\/svilupporaytech.com\/de\/produkt\/niederspannung\/dose\/power-kit-ip68\/#primaryimage\",\"url\":\"https:\/\/svilupporaytech.com\/wp-content\/uploads\/power-kit-IP68-2.jpg\",\"contentUrl\":\"https:\/\/svilupporaytech.com\/wp-content\/uploads\/power-kit-IP68-2.jpg\",\"width\":1024,\"height\":1024},{\"@type\":\"BreadcrumbList\",\"@id\":\"https:\/\/svilupporaytech.com\/de\/produkt\/niederspannung\/dose\/power-kit-ip68\/#breadcrumb\",\"itemListElement\":[{\"@type\":\"ListItem\",\"position\":1,\"name\":\"Home\",\"item\":\"https:\/\/svilupporaytech.com\/de\/\"},{\"@type\":\"ListItem\",\"position\":2,\"name\":\"Shop\",\"item\":\"https:\/\/svilupporaytech.com\/de\/shop\/\"},{\"@type\":\"ListItem\",\"position\":3,\"name\":\"Power Kit IP68\"}]},{\"@type\":\"WebSite\",\"@id\":\"https:\/\/svilupporaytech.com\/#website\",\"url\":\"https:\/\/svilupporaytech.com\/\",\"name\":\"Raytech\",\"description\":\"Cable accessories company\",\"potentialAction\":[{\"@type\":\"SearchAction\",\"target\":{\"@type\":\"EntryPoint\",\"urlTemplate\":\"https:\/\/svilupporaytech.com\/?s={search_term_string}\"},\"query-input\":\"required name=search_term_string\"}],\"inLanguage\":\"de\"}]}<\/script>\n<!-- \/ Yoast SEO plugin. -->","yoast_head_json":{"title":"Power Kit IP68 | Raytech","robots":{"index":"index","follow":"follow","max-snippet":"max-snippet:-1","max-image-preview":"max-image-preview:large","max-video-preview":"max-video-preview:-1"},"canonical":"https:\/\/svilupporaytech.com\/de\/produkt\/niederspannung\/dose\/power-kit-ip68\/","og_locale":"de_DE","og_type":"article","og_title":"Power Kit IP68 | Raytech","og_description":"Das einzige KIT IP68, das auch dann wieder zug\u00e4nglich und wiederverwendbar ist, wenn der Kasten an der Decke installiert oder eingebaut ist! Die vielseitigste und sicherste L\u00f6sung f\u00fcr totale gesch\u00fctzte [\u2026]","og_url":"https:\/\/svilupporaytech.com\/de\/produkt\/niederspannung\/dose\/power-kit-ip68\/","og_site_name":"Raytech","article_modified_time":"2019-11-11T10:16:58+00:00","og_image":[{"width":1024,"height":1024,"url":"https:\/\/svilupporaytech.com\/wp-content\/uploads\/power-kit-IP68-2.jpg","type":"image\/jpeg"}],"twitter_card":"summary_large_image","twitter_misc":{"Gesch\u00e4tzte Lesezeit":"1\u00a0Minute"},"schema":{"@context":"https:\/\/schema.org","@graph":[{"@type":"WebPage","@id":"https:\/\/svilupporaytech.com\/de\/produkt\/niederspannung\/dose\/power-kit-ip68\/","url":"https:\/\/svilupporaytech.com\/de\/produkt\/niederspannung\/dose\/power-kit-ip68\/","name":"Power Kit IP68 | Raytech","isPartOf":{"@id":"https:\/\/svilupporaytech.com\/#website"},"primaryImageOfPage":{"@id":"https:\/\/svilupporaytech.com\/de\/produkt\/niederspannung\/dose\/power-kit-ip68\/#primaryimage"},"image":{"@id":"https:\/\/svilupporaytech.com\/de\/produkt\/niederspannung\/dose\/power-kit-ip68\/#primaryimage"},"thumbnailUrl":"https:\/\/svilupporaytech.com\/wp-content\/uploads\/power-kit-IP68-2.jpg","datePublished":"2015-12-22T13:56:17+00:00","dateModified":"2019-11-11T10:16:58+00:00","breadcrumb":{"@id":"https:\/\/svilupporaytech.com\/de\/produkt\/niederspannung\/dose\/power-kit-ip68\/#breadcrumb"},"inLanguage":"de","potentialAction":[{"@type":"ReadAction","target":["https:\/\/svilupporaytech.com\/de\/produkt\/niederspannung\/dose\/power-kit-ip68\/"]}]},{"@type":"ImageObject","inLanguage":"de","@id":"https:\/\/svilupporaytech.com\/de\/produkt\/niederspannung\/dose\/power-kit-ip68\/#primaryimage","url":"https:\/\/svilupporaytech.com\/wp-content\/uploads\/power-kit-IP68-2.jpg","contentUrl":"https:\/\/svilupporaytech.com\/wp-content\/uploads\/power-kit-IP68-2.jpg","width":1024,"height":1024},{"@type":"BreadcrumbList","@id":"https:\/\/svilupporaytech.com\/de\/produkt\/niederspannung\/dose\/power-kit-ip68\/#breadcrumb","itemListElement":[{"@type":"ListItem","position":1,"name":"Home","item":"https:\/\/svilupporaytech.com\/de\/"},{"@type":"ListItem","position":2,"name":"Shop","item":"https:\/\/svilupporaytech.com\/de\/shop\/"},{"@type":"ListItem","position":3,"name":"Power Kit IP68"}]},{"@type":"WebSite","@id":"https:\/\/svilupporaytech.com\/#website","url":"https:\/\/svilupporaytech.com\/","name":"Raytech","description":"Cable accessories company","potentialAction":[{"@type":"SearchAction","target":{"@type":"EntryPoint","urlTemplate":"https:\/\/svilupporaytech.com\/?s={search_term_string}"},"query-input":"required name=search_term_string"}],"inLanguage":"de"}]}},"_links":{"self":[{"href":"https:\/\/svilupporaytech.com\/de\/wp-json\/wp\/v2\/product\/6638"}],"collection":[{"href":"https:\/\/svilupporaytech.com\/de\/wp-json\/wp\/v2\/product"}],"about":[{"href":"https:\/\/svilupporaytech.com\/de\/wp-json\/wp\/v2\/types\/product"}],"wp:featuredmedia":[{"embeddable":true,"href":"https:\/\/svilupporaytech.com\/de\/wp-json\/wp\/v2\/media\/3336"}],"wp:attachment":[{"href":"https:\/\/svilupporaytech.com\/de\/wp-json\/wp\/v2\/media?parent=6638"}],"wp:term":[{"taxonomy":"product_cat","embeddable":true,"href":"https:\/\/svilupporaytech.com\/de\/wp-json\/wp\/v2\/product_cat?post=6638"},{"taxonomy":"product_tag","embeddable":true,"href":"https:\/\/svilupporaytech.com\/de\/wp-json\/wp\/v2\/product_tag?post=6638"}],"curies":[{"name":"wp","href":"https:\/\/api.w.org\/{rel}","templated":true}]}}