{"id":6640,"date":"2015-07-15T15:55:38","date_gmt":"2015-12-22T14:05:03","guid":{"rendered":"https:\/\/svilupporaytech.com\/?post_type=product&#038;p=6640&#038;lang=de"},"modified":"2019-12-21T16:57:57","modified_gmt":"2019-12-21T15:57:57","slug":"magic-box","status":"publish","type":"product","link":"https:\/\/svilupporaytech.com\/de\/produkt\/niederspannung\/dose\/magic-box\/","title":{"rendered":"Magic Box IP68"},"content":{"rendered":"<h4><span style=\"color: #009832;\">Komplettes Anschluss-Kit IP68 isoliert mit Magic Fluid<\/span><\/h4>\n<p>Universal-Kit IP68, unbegrenzt haltbar, mechanisch robust, ungiftig, geeignet f\u00fcr die Installation auch bei extremsten Bedingungen, zug\u00e4nglich, konform mit den internationalen Normen. Sch\u00fctzt vor Wasser, Feuchtigkeit, Staub und Kontakt mit kleinen Tieren.<\/p>\n<ul>\n<li><span style=\"color: #009832;\">Auch nach langen Betriebszeiten wieder zug\u00e4nglich<\/span><\/li>\n<li><span style=\"color: #009832;\">F\u00e4ngt St\u00f6\u00dfe ab, ohne Risse zu bilden<\/span><\/li>\n<li><span style=\"color: #009832;\">Auch zum Verlegen in gro\u00dfen Tiefen<\/span><\/li>\n<li><span style=\"color: #009832;\">Auch zum Bef\u00fcllen in der Senkrechte geeignet<\/span><\/li>\n<li><span style=\"color: #009832;\">Unbegrenzt lagerf\u00e4hig<\/span><\/li>\n<li><span style=\"color: #009832;\">Ungiftig und sicher<\/span><\/li>\n<\/ul>\n","protected":false},"excerpt":{"rendered":"<p>Komplettes Anschluss-Kit IP68 isoliert mit Magic Fluid Universal-Kit IP68, unbegrenzt haltbar, mechanisch robust, ungiftig, geeignet f\u00fcr die Installation auch bei extremsten Bedingungen, zug\u00e4nglich, konform mit den internationalen Normen. Sch\u00fctzt vor<span class=\"excerpt-hellip\"> [\u2026]<\/span><\/p>\n","protected":false},"featured_media":33024,"template":"","meta":[],"product_cat":[280,290],"product_tag":[],"yoast_head":"<!-- This site is optimized with the Yoast SEO plugin v22.7 - https:\/\/yoast.com\/wordpress\/plugins\/seo\/ -->\n<title>Magic Box IP68 | Raytech<\/title>\n<meta name=\"robots\" content=\"index, follow, max-snippet:-1, max-image-preview:large, max-video-preview:-1\" \/>\n<link rel=\"canonical\" href=\"https:\/\/svilupporaytech.com\/de\/produkt\/niederspannung\/dose\/magic-box\/\" \/>\n<meta property=\"og:locale\" content=\"de_DE\" \/>\n<meta property=\"og:type\" content=\"article\" \/>\n<meta property=\"og:title\" content=\"Magic Box IP68 | Raytech\" \/>\n<meta property=\"og:description\" content=\"Komplettes Anschluss-Kit IP68 isoliert mit Magic Fluid Universal-Kit IP68, unbegrenzt haltbar, mechanisch robust, ungiftig, geeignet f\u00fcr die Installation auch bei extremsten Bedingungen, zug\u00e4nglich, konform mit den internationalen Normen. Sch\u00fctzt vor [\u2026]\" \/>\n<meta property=\"og:url\" content=\"https:\/\/svilupporaytech.com\/de\/produkt\/niederspannung\/dose\/magic-box\/\" \/>\n<meta property=\"og:site_name\" content=\"Raytech\" \/>\n<meta property=\"article:modified_time\" content=\"2019-12-21T15:57:57+00:00\" \/>\n<meta property=\"og:image\" content=\"https:\/\/svilupporaytech.com\/wp-content\/uploads\/MagicBox.jpg\" \/>\n\t<meta property=\"og:image:width\" content=\"1024\" \/>\n\t<meta property=\"og:image:height\" content=\"936\" \/>\n\t<meta property=\"og:image:type\" content=\"image\/jpeg\" \/>\n<meta name=\"twitter:card\" content=\"summary_large_image\" \/>\n<script type=\"application\/ld+json\" class=\"yoast-schema-graph\">{\"@context\":\"https:\/\/schema.org\",\"@graph\":[{\"@type\":\"WebPage\",\"@id\":\"https:\/\/svilupporaytech.com\/de\/produkt\/niederspannung\/dose\/magic-box\/\",\"url\":\"https:\/\/svilupporaytech.com\/de\/produkt\/niederspannung\/dose\/magic-box\/\",\"name\":\"Magic Box IP68 | Raytech\",\"isPartOf\":{\"@id\":\"https:\/\/svilupporaytech.com\/#website\"},\"primaryImageOfPage\":{\"@id\":\"https:\/\/svilupporaytech.com\/de\/produkt\/niederspannung\/dose\/magic-box\/#primaryimage\"},\"image\":{\"@id\":\"https:\/\/svilupporaytech.com\/de\/produkt\/niederspannung\/dose\/magic-box\/#primaryimage\"},\"thumbnailUrl\":\"https:\/\/svilupporaytech.com\/wp-content\/uploads\/MagicBox.jpg\",\"datePublished\":\"2015-12-22T14:05:03+00:00\",\"dateModified\":\"2019-12-21T15:57:57+00:00\",\"breadcrumb\":{\"@id\":\"https:\/\/svilupporaytech.com\/de\/produkt\/niederspannung\/dose\/magic-box\/#breadcrumb\"},\"inLanguage\":\"de\",\"potentialAction\":[{\"@type\":\"ReadAction\",\"target\":[\"https:\/\/svilupporaytech.com\/de\/produkt\/niederspannung\/dose\/magic-box\/\"]}]},{\"@type\":\"ImageObject\",\"inLanguage\":\"de\",\"@id\":\"https:\/\/svilupporaytech.com\/de\/produkt\/niederspannung\/dose\/magic-box\/#primaryimage\",\"url\":\"https:\/\/svilupporaytech.com\/wp-content\/uploads\/MagicBox.jpg\",\"contentUrl\":\"https:\/\/svilupporaytech.com\/wp-content\/uploads\/MagicBox.jpg\",\"width\":1024,\"height\":936},{\"@type\":\"BreadcrumbList\",\"@id\":\"https:\/\/svilupporaytech.com\/de\/produkt\/niederspannung\/dose\/magic-box\/#breadcrumb\",\"itemListElement\":[{\"@type\":\"ListItem\",\"position\":1,\"name\":\"Home\",\"item\":\"https:\/\/svilupporaytech.com\/de\/\"},{\"@type\":\"ListItem\",\"position\":2,\"name\":\"Shop\",\"item\":\"https:\/\/svilupporaytech.com\/de\/shop\/\"},{\"@type\":\"ListItem\",\"position\":3,\"name\":\"Magic Box IP68\"}]},{\"@type\":\"WebSite\",\"@id\":\"https:\/\/svilupporaytech.com\/#website\",\"url\":\"https:\/\/svilupporaytech.com\/\",\"name\":\"Raytech\",\"description\":\"Cable accessories company\",\"potentialAction\":[{\"@type\":\"SearchAction\",\"target\":{\"@type\":\"EntryPoint\",\"urlTemplate\":\"https:\/\/svilupporaytech.com\/?s={search_term_string}\"},\"query-input\":\"required name=search_term_string\"}],\"inLanguage\":\"de\"}]}<\/script>\n<!-- \/ Yoast SEO plugin. -->","yoast_head_json":{"title":"Magic Box IP68 | Raytech","robots":{"index":"index","follow":"follow","max-snippet":"max-snippet:-1","max-image-preview":"max-image-preview:large","max-video-preview":"max-video-preview:-1"},"canonical":"https:\/\/svilupporaytech.com\/de\/produkt\/niederspannung\/dose\/magic-box\/","og_locale":"de_DE","og_type":"article","og_title":"Magic Box IP68 | Raytech","og_description":"Komplettes Anschluss-Kit IP68 isoliert mit Magic Fluid Universal-Kit IP68, unbegrenzt haltbar, mechanisch robust, ungiftig, geeignet f\u00fcr die Installation auch bei extremsten Bedingungen, zug\u00e4nglich, konform mit den internationalen Normen. Sch\u00fctzt vor [\u2026]","og_url":"https:\/\/svilupporaytech.com\/de\/produkt\/niederspannung\/dose\/magic-box\/","og_site_name":"Raytech","article_modified_time":"2019-12-21T15:57:57+00:00","og_image":[{"width":1024,"height":936,"url":"https:\/\/svilupporaytech.com\/wp-content\/uploads\/MagicBox.jpg","type":"image\/jpeg"}],"twitter_card":"summary_large_image","schema":{"@context":"https:\/\/schema.org","@graph":[{"@type":"WebPage","@id":"https:\/\/svilupporaytech.com\/de\/produkt\/niederspannung\/dose\/magic-box\/","url":"https:\/\/svilupporaytech.com\/de\/produkt\/niederspannung\/dose\/magic-box\/","name":"Magic Box IP68 | Raytech","isPartOf":{"@id":"https:\/\/svilupporaytech.com\/#website"},"primaryImageOfPage":{"@id":"https:\/\/svilupporaytech.com\/de\/produkt\/niederspannung\/dose\/magic-box\/#primaryimage"},"image":{"@id":"https:\/\/svilupporaytech.com\/de\/produkt\/niederspannung\/dose\/magic-box\/#primaryimage"},"thumbnailUrl":"https:\/\/svilupporaytech.com\/wp-content\/uploads\/MagicBox.jpg","datePublished":"2015-12-22T14:05:03+00:00","dateModified":"2019-12-21T15:57:57+00:00","breadcrumb":{"@id":"https:\/\/svilupporaytech.com\/de\/produkt\/niederspannung\/dose\/magic-box\/#breadcrumb"},"inLanguage":"de","potentialAction":[{"@type":"ReadAction","target":["https:\/\/svilupporaytech.com\/de\/produkt\/niederspannung\/dose\/magic-box\/"]}]},{"@type":"ImageObject","inLanguage":"de","@id":"https:\/\/svilupporaytech.com\/de\/produkt\/niederspannung\/dose\/magic-box\/#primaryimage","url":"https:\/\/svilupporaytech.com\/wp-content\/uploads\/MagicBox.jpg","contentUrl":"https:\/\/svilupporaytech.com\/wp-content\/uploads\/MagicBox.jpg","width":1024,"height":936},{"@type":"BreadcrumbList","@id":"https:\/\/svilupporaytech.com\/de\/produkt\/niederspannung\/dose\/magic-box\/#breadcrumb","itemListElement":[{"@type":"ListItem","position":1,"name":"Home","item":"https:\/\/svilupporaytech.com\/de\/"},{"@type":"ListItem","position":2,"name":"Shop","item":"https:\/\/svilupporaytech.com\/de\/shop\/"},{"@type":"ListItem","position":3,"name":"Magic Box IP68"}]},{"@type":"WebSite","@id":"https:\/\/svilupporaytech.com\/#website","url":"https:\/\/svilupporaytech.com\/","name":"Raytech","description":"Cable accessories company","potentialAction":[{"@type":"SearchAction","target":{"@type":"EntryPoint","urlTemplate":"https:\/\/svilupporaytech.com\/?s={search_term_string}"},"query-input":"required name=search_term_string"}],"inLanguage":"de"}]}},"_links":{"self":[{"href":"https:\/\/svilupporaytech.com\/de\/wp-json\/wp\/v2\/product\/6640"}],"collection":[{"href":"https:\/\/svilupporaytech.com\/de\/wp-json\/wp\/v2\/product"}],"about":[{"href":"https:\/\/svilupporaytech.com\/de\/wp-json\/wp\/v2\/types\/product"}],"wp:featuredmedia":[{"embeddable":true,"href":"https:\/\/svilupporaytech.com\/de\/wp-json\/wp\/v2\/media\/33024"}],"wp:attachment":[{"href":"https:\/\/svilupporaytech.com\/de\/wp-json\/wp\/v2\/media?parent=6640"}],"wp:term":[{"taxonomy":"product_cat","embeddable":true,"href":"https:\/\/svilupporaytech.com\/de\/wp-json\/wp\/v2\/product_cat?post=6640"},{"taxonomy":"product_tag","embeddable":true,"href":"https:\/\/svilupporaytech.com\/de\/wp-json\/wp\/v2\/product_tag?post=6640"}],"curies":[{"name":"wp","href":"https:\/\/api.w.org\/{rel}","templated":true}]}}