{"id":6661,"date":"2015-07-15T15:39:05","date_gmt":"2015-12-22T14:51:07","guid":{"rendered":"https:\/\/svilupporaytech.com\/?post_type=product&#038;p=6661&#038;lang=de"},"modified":"2016-01-04T09:39:10","modified_gmt":"2016-01-04T09:39:10","slug":"dcp-tec","status":"publish","type":"product","link":"https:\/\/svilupporaytech.com\/de\/produkt\/niederspannung\/waermschrumpftechnik-de-2\/schlaeuche\/duennwandig\/dcp-tec\/","title":{"rendered":"Schlauch zum Verkleiden von Erdungskabeln"},"content":{"rendered":"<h4><span style=\"color: #009832;\">DCP-TEC<br \/>\nSchlauch zum Verkleiden von Erdungskabeln<\/span><\/h4>\n<p>Flexible Schrumpfschl\u00e4uche aus modifiziertem und mittels Bestrahlung vernetztem Polyolefin. Verk\u00fcrzung bei Schrumpfung bis 15%. Geeignet zum Isolieren und Abdecken von Leitern und ihrer Anschl\u00fcsse, von Schranken usw. Selbstklebende und selbstbindende Isolierb\u00e4nder.<\/p>\n","protected":false},"excerpt":{"rendered":"<p>DCP-TEC Schlauch zum Verkleiden von Erdungskabeln Flexible Schrumpfschl\u00e4uche aus modifiziertem und mittels Bestrahlung vernetztem Polyolefin. Verk\u00fcrzung bei Schrumpfung bis 15%. Geeignet zum Isolieren und Abdecken von Leitern und ihrer Anschl\u00fcsse,<span class=\"excerpt-hellip\"> [\u2026]<\/span><\/p>\n","protected":false},"featured_media":2229,"template":"","meta":[],"product_cat":[280,289,469,496],"product_tag":[],"yoast_head":"<!-- This site is optimized with the Yoast SEO plugin v22.7 - https:\/\/yoast.com\/wordpress\/plugins\/seo\/ -->\n<title>Schlauch zum Verkleiden von Erdungskabeln | Raytech<\/title>\n<meta name=\"robots\" content=\"index, follow, max-snippet:-1, max-image-preview:large, max-video-preview:-1\" \/>\n<link rel=\"canonical\" href=\"https:\/\/svilupporaytech.com\/de\/produkt\/niederspannung\/waermschrumpftechnik-de-2\/schlaeuche\/duennwandig\/dcp-tec\/\" \/>\n<meta property=\"og:locale\" content=\"de_DE\" \/>\n<meta property=\"og:type\" content=\"article\" \/>\n<meta property=\"og:title\" content=\"Schlauch zum Verkleiden von Erdungskabeln | Raytech\" \/>\n<meta property=\"og:description\" content=\"DCP-TEC Schlauch zum Verkleiden von Erdungskabeln Flexible Schrumpfschl\u00e4uche aus modifiziertem und mittels Bestrahlung vernetztem Polyolefin. Verk\u00fcrzung bei Schrumpfung bis 15%. Geeignet zum Isolieren und Abdecken von Leitern und ihrer Anschl\u00fcsse, [\u2026]\" \/>\n<meta property=\"og:url\" content=\"https:\/\/svilupporaytech.com\/de\/produkt\/niederspannung\/waermschrumpftechnik-de-2\/schlaeuche\/duennwandig\/dcp-tec\/\" \/>\n<meta property=\"og:site_name\" content=\"Raytech\" \/>\n<meta property=\"article:modified_time\" content=\"2016-01-04T09:39:10+00:00\" \/>\n<meta property=\"og:image\" content=\"https:\/\/svilupporaytech.com\/wp-content\/uploads\/dcp-tec.jpg\" \/>\n\t<meta property=\"og:image:width\" content=\"1024\" \/>\n\t<meta property=\"og:image:height\" content=\"1024\" \/>\n\t<meta property=\"og:image:type\" content=\"image\/jpeg\" \/>\n<meta name=\"twitter:card\" content=\"summary_large_image\" \/>\n<script type=\"application\/ld+json\" class=\"yoast-schema-graph\">{\"@context\":\"https:\/\/schema.org\",\"@graph\":[{\"@type\":\"WebPage\",\"@id\":\"https:\/\/svilupporaytech.com\/de\/produkt\/niederspannung\/waermschrumpftechnik-de-2\/schlaeuche\/duennwandig\/dcp-tec\/\",\"url\":\"https:\/\/svilupporaytech.com\/de\/produkt\/niederspannung\/waermschrumpftechnik-de-2\/schlaeuche\/duennwandig\/dcp-tec\/\",\"name\":\"Schlauch zum Verkleiden von Erdungskabeln | Raytech\",\"isPartOf\":{\"@id\":\"https:\/\/svilupporaytech.com\/#website\"},\"primaryImageOfPage\":{\"@id\":\"https:\/\/svilupporaytech.com\/de\/produkt\/niederspannung\/waermschrumpftechnik-de-2\/schlaeuche\/duennwandig\/dcp-tec\/#primaryimage\"},\"image\":{\"@id\":\"https:\/\/svilupporaytech.com\/de\/produkt\/niederspannung\/waermschrumpftechnik-de-2\/schlaeuche\/duennwandig\/dcp-tec\/#primaryimage\"},\"thumbnailUrl\":\"https:\/\/svilupporaytech.com\/wp-content\/uploads\/dcp-tec.jpg\",\"datePublished\":\"2015-12-22T14:51:07+00:00\",\"dateModified\":\"2016-01-04T09:39:10+00:00\",\"breadcrumb\":{\"@id\":\"https:\/\/svilupporaytech.com\/de\/produkt\/niederspannung\/waermschrumpftechnik-de-2\/schlaeuche\/duennwandig\/dcp-tec\/#breadcrumb\"},\"inLanguage\":\"de\",\"potentialAction\":[{\"@type\":\"ReadAction\",\"target\":[\"https:\/\/svilupporaytech.com\/de\/produkt\/niederspannung\/waermschrumpftechnik-de-2\/schlaeuche\/duennwandig\/dcp-tec\/\"]}]},{\"@type\":\"ImageObject\",\"inLanguage\":\"de\",\"@id\":\"https:\/\/svilupporaytech.com\/de\/produkt\/niederspannung\/waermschrumpftechnik-de-2\/schlaeuche\/duennwandig\/dcp-tec\/#primaryimage\",\"url\":\"https:\/\/svilupporaytech.com\/wp-content\/uploads\/dcp-tec.jpg\",\"contentUrl\":\"https:\/\/svilupporaytech.com\/wp-content\/uploads\/dcp-tec.jpg\",\"width\":1024,\"height\":1024},{\"@type\":\"BreadcrumbList\",\"@id\":\"https:\/\/svilupporaytech.com\/de\/produkt\/niederspannung\/waermschrumpftechnik-de-2\/schlaeuche\/duennwandig\/dcp-tec\/#breadcrumb\",\"itemListElement\":[{\"@type\":\"ListItem\",\"position\":1,\"name\":\"Home\",\"item\":\"https:\/\/svilupporaytech.com\/de\/\"},{\"@type\":\"ListItem\",\"position\":2,\"name\":\"Shop\",\"item\":\"https:\/\/svilupporaytech.com\/de\/shop\/\"},{\"@type\":\"ListItem\",\"position\":3,\"name\":\"Schlauch zum Verkleiden von Erdungskabeln\"}]},{\"@type\":\"WebSite\",\"@id\":\"https:\/\/svilupporaytech.com\/#website\",\"url\":\"https:\/\/svilupporaytech.com\/\",\"name\":\"Raytech\",\"description\":\"Cable accessories company\",\"potentialAction\":[{\"@type\":\"SearchAction\",\"target\":{\"@type\":\"EntryPoint\",\"urlTemplate\":\"https:\/\/svilupporaytech.com\/?s={search_term_string}\"},\"query-input\":\"required name=search_term_string\"}],\"inLanguage\":\"de\"}]}<\/script>\n<!-- \/ Yoast SEO plugin. -->","yoast_head_json":{"title":"Schlauch zum Verkleiden von Erdungskabeln | Raytech","robots":{"index":"index","follow":"follow","max-snippet":"max-snippet:-1","max-image-preview":"max-image-preview:large","max-video-preview":"max-video-preview:-1"},"canonical":"https:\/\/svilupporaytech.com\/de\/produkt\/niederspannung\/waermschrumpftechnik-de-2\/schlaeuche\/duennwandig\/dcp-tec\/","og_locale":"de_DE","og_type":"article","og_title":"Schlauch zum Verkleiden von Erdungskabeln | Raytech","og_description":"DCP-TEC Schlauch zum Verkleiden von Erdungskabeln Flexible Schrumpfschl\u00e4uche aus modifiziertem und mittels Bestrahlung vernetztem Polyolefin. Verk\u00fcrzung bei Schrumpfung bis 15%. Geeignet zum Isolieren und Abdecken von Leitern und ihrer Anschl\u00fcsse, [\u2026]","og_url":"https:\/\/svilupporaytech.com\/de\/produkt\/niederspannung\/waermschrumpftechnik-de-2\/schlaeuche\/duennwandig\/dcp-tec\/","og_site_name":"Raytech","article_modified_time":"2016-01-04T09:39:10+00:00","og_image":[{"width":1024,"height":1024,"url":"https:\/\/svilupporaytech.com\/wp-content\/uploads\/dcp-tec.jpg","type":"image\/jpeg"}],"twitter_card":"summary_large_image","schema":{"@context":"https:\/\/schema.org","@graph":[{"@type":"WebPage","@id":"https:\/\/svilupporaytech.com\/de\/produkt\/niederspannung\/waermschrumpftechnik-de-2\/schlaeuche\/duennwandig\/dcp-tec\/","url":"https:\/\/svilupporaytech.com\/de\/produkt\/niederspannung\/waermschrumpftechnik-de-2\/schlaeuche\/duennwandig\/dcp-tec\/","name":"Schlauch zum Verkleiden von Erdungskabeln | Raytech","isPartOf":{"@id":"https:\/\/svilupporaytech.com\/#website"},"primaryImageOfPage":{"@id":"https:\/\/svilupporaytech.com\/de\/produkt\/niederspannung\/waermschrumpftechnik-de-2\/schlaeuche\/duennwandig\/dcp-tec\/#primaryimage"},"image":{"@id":"https:\/\/svilupporaytech.com\/de\/produkt\/niederspannung\/waermschrumpftechnik-de-2\/schlaeuche\/duennwandig\/dcp-tec\/#primaryimage"},"thumbnailUrl":"https:\/\/svilupporaytech.com\/wp-content\/uploads\/dcp-tec.jpg","datePublished":"2015-12-22T14:51:07+00:00","dateModified":"2016-01-04T09:39:10+00:00","breadcrumb":{"@id":"https:\/\/svilupporaytech.com\/de\/produkt\/niederspannung\/waermschrumpftechnik-de-2\/schlaeuche\/duennwandig\/dcp-tec\/#breadcrumb"},"inLanguage":"de","potentialAction":[{"@type":"ReadAction","target":["https:\/\/svilupporaytech.com\/de\/produkt\/niederspannung\/waermschrumpftechnik-de-2\/schlaeuche\/duennwandig\/dcp-tec\/"]}]},{"@type":"ImageObject","inLanguage":"de","@id":"https:\/\/svilupporaytech.com\/de\/produkt\/niederspannung\/waermschrumpftechnik-de-2\/schlaeuche\/duennwandig\/dcp-tec\/#primaryimage","url":"https:\/\/svilupporaytech.com\/wp-content\/uploads\/dcp-tec.jpg","contentUrl":"https:\/\/svilupporaytech.com\/wp-content\/uploads\/dcp-tec.jpg","width":1024,"height":1024},{"@type":"BreadcrumbList","@id":"https:\/\/svilupporaytech.com\/de\/produkt\/niederspannung\/waermschrumpftechnik-de-2\/schlaeuche\/duennwandig\/dcp-tec\/#breadcrumb","itemListElement":[{"@type":"ListItem","position":1,"name":"Home","item":"https:\/\/svilupporaytech.com\/de\/"},{"@type":"ListItem","position":2,"name":"Shop","item":"https:\/\/svilupporaytech.com\/de\/shop\/"},{"@type":"ListItem","position":3,"name":"Schlauch zum Verkleiden von Erdungskabeln"}]},{"@type":"WebSite","@id":"https:\/\/svilupporaytech.com\/#website","url":"https:\/\/svilupporaytech.com\/","name":"Raytech","description":"Cable accessories company","potentialAction":[{"@type":"SearchAction","target":{"@type":"EntryPoint","urlTemplate":"https:\/\/svilupporaytech.com\/?s={search_term_string}"},"query-input":"required name=search_term_string"}],"inLanguage":"de"}]}},"_links":{"self":[{"href":"https:\/\/svilupporaytech.com\/de\/wp-json\/wp\/v2\/product\/6661"}],"collection":[{"href":"https:\/\/svilupporaytech.com\/de\/wp-json\/wp\/v2\/product"}],"about":[{"href":"https:\/\/svilupporaytech.com\/de\/wp-json\/wp\/v2\/types\/product"}],"wp:featuredmedia":[{"embeddable":true,"href":"https:\/\/svilupporaytech.com\/de\/wp-json\/wp\/v2\/media\/2229"}],"wp:attachment":[{"href":"https:\/\/svilupporaytech.com\/de\/wp-json\/wp\/v2\/media?parent=6661"}],"wp:term":[{"taxonomy":"product_cat","embeddable":true,"href":"https:\/\/svilupporaytech.com\/de\/wp-json\/wp\/v2\/product_cat?post=6661"},{"taxonomy":"product_tag","embeddable":true,"href":"https:\/\/svilupporaytech.com\/de\/wp-json\/wp\/v2\/product_tag?post=6661"}],"curies":[{"name":"wp","href":"https:\/\/api.w.org\/{rel}","templated":true}]}}