{"id":6677,"date":"2015-07-15T15:45:06","date_gmt":"2015-12-22T15:41:04","guid":{"rendered":"https:\/\/svilupporaytech.com\/?post_type=product&#038;p=6677&#038;lang=de"},"modified":"2015-12-22T15:41:04","modified_gmt":"2015-12-22T15:41:04","slug":"dickwandige-schlaeuche-ray-csm","status":"publish","type":"product","link":"https:\/\/svilupporaytech.com\/de\/produkt\/niederspannung\/waermschrumpftechnik-de-2\/schlaeuche\/dickwandig\/dickwandige-schlaeuche-ray-csm\/","title":{"rendered":"Dickwandige Schl\u00e4uche Ray-CSM"},"content":{"rendered":"<h4><span style=\"color: #009832;\">Dickwandige Schl\u00e4uche<\/span><\/h4>\n<p>Der starkwandige Schrumpfschlauch RAY-CSM ist speziell f\u00fcr Verwendungszwecke entwickelt, die eine au\u00dfergew\u00f6hnliche mechanische Widerstandsf\u00e4higkeit erfordern. Ideal f\u00fcr die Anwendung unter Wasser oder unter der Erde oder \u00fcberall dort, wo eine au\u00dfergew\u00f6hnliche Widerstandsf\u00e4higkeit gegen Abrieb und St\u00f6\u00dfe aber auch gegen Witterungseinfl\u00fcsse wie UVStrahlung erforderlich ist, und zum Versiegeln, besonders in Verbindung mit Schmelzkleber, und zum Schutz vor Korrosion.<\/p>\n","protected":false},"excerpt":{"rendered":"<p>Dickwandige Schl\u00e4uche Der starkwandige Schrumpfschlauch RAY-CSM ist speziell f\u00fcr Verwendungszwecke entwickelt, die eine au\u00dfergew\u00f6hnliche mechanische Widerstandsf\u00e4higkeit erfordern. Ideal f\u00fcr die Anwendung unter Wasser oder unter der Erde oder \u00fcberall dort,<span class=\"excerpt-hellip\"> [\u2026]<\/span><\/p>\n","protected":false},"featured_media":2271,"template":"","meta":[],"product_cat":[280,289,469,482],"product_tag":[],"yoast_head":"<!-- This site is optimized with the Yoast SEO plugin v22.7 - https:\/\/yoast.com\/wordpress\/plugins\/seo\/ -->\n<title>Dickwandige Schl\u00e4uche Ray-CSM | Raytech<\/title>\n<meta name=\"robots\" content=\"index, follow, max-snippet:-1, max-image-preview:large, max-video-preview:-1\" \/>\n<link rel=\"canonical\" href=\"https:\/\/svilupporaytech.com\/de\/produkt\/niederspannung\/waermschrumpftechnik-de-2\/schlaeuche\/dickwandig\/dickwandige-schlaeuche-ray-csm\/\" \/>\n<meta property=\"og:locale\" content=\"de_DE\" \/>\n<meta property=\"og:type\" content=\"article\" \/>\n<meta property=\"og:title\" content=\"Dickwandige Schl\u00e4uche Ray-CSM | Raytech\" \/>\n<meta property=\"og:description\" content=\"Dickwandige Schl\u00e4uche Der starkwandige Schrumpfschlauch RAY-CSM ist speziell f\u00fcr Verwendungszwecke entwickelt, die eine au\u00dfergew\u00f6hnliche mechanische Widerstandsf\u00e4higkeit erfordern. Ideal f\u00fcr die Anwendung unter Wasser oder unter der Erde oder \u00fcberall dort, [\u2026]\" \/>\n<meta property=\"og:url\" content=\"https:\/\/svilupporaytech.com\/de\/produkt\/niederspannung\/waermschrumpftechnik-de-2\/schlaeuche\/dickwandig\/dickwandige-schlaeuche-ray-csm\/\" \/>\n<meta property=\"og:site_name\" content=\"Raytech\" \/>\n<meta property=\"og:image\" content=\"https:\/\/svilupporaytech.com\/wp-content\/uploads\/ray-csm.jpg\" \/>\n\t<meta property=\"og:image:width\" content=\"1024\" \/>\n\t<meta property=\"og:image:height\" content=\"1024\" \/>\n\t<meta property=\"og:image:type\" content=\"image\/jpeg\" \/>\n<meta name=\"twitter:card\" content=\"summary_large_image\" \/>\n<script type=\"application\/ld+json\" class=\"yoast-schema-graph\">{\"@context\":\"https:\/\/schema.org\",\"@graph\":[{\"@type\":\"WebPage\",\"@id\":\"https:\/\/svilupporaytech.com\/de\/produkt\/niederspannung\/waermschrumpftechnik-de-2\/schlaeuche\/dickwandig\/dickwandige-schlaeuche-ray-csm\/\",\"url\":\"https:\/\/svilupporaytech.com\/de\/produkt\/niederspannung\/waermschrumpftechnik-de-2\/schlaeuche\/dickwandig\/dickwandige-schlaeuche-ray-csm\/\",\"name\":\"Dickwandige Schl\u00e4uche Ray-CSM | Raytech\",\"isPartOf\":{\"@id\":\"https:\/\/svilupporaytech.com\/#website\"},\"primaryImageOfPage\":{\"@id\":\"https:\/\/svilupporaytech.com\/de\/produkt\/niederspannung\/waermschrumpftechnik-de-2\/schlaeuche\/dickwandig\/dickwandige-schlaeuche-ray-csm\/#primaryimage\"},\"image\":{\"@id\":\"https:\/\/svilupporaytech.com\/de\/produkt\/niederspannung\/waermschrumpftechnik-de-2\/schlaeuche\/dickwandig\/dickwandige-schlaeuche-ray-csm\/#primaryimage\"},\"thumbnailUrl\":\"https:\/\/svilupporaytech.com\/wp-content\/uploads\/ray-csm.jpg\",\"datePublished\":\"2015-12-22T15:41:04+00:00\",\"dateModified\":\"2015-12-22T15:41:04+00:00\",\"breadcrumb\":{\"@id\":\"https:\/\/svilupporaytech.com\/de\/produkt\/niederspannung\/waermschrumpftechnik-de-2\/schlaeuche\/dickwandig\/dickwandige-schlaeuche-ray-csm\/#breadcrumb\"},\"inLanguage\":\"de\",\"potentialAction\":[{\"@type\":\"ReadAction\",\"target\":[\"https:\/\/svilupporaytech.com\/de\/produkt\/niederspannung\/waermschrumpftechnik-de-2\/schlaeuche\/dickwandig\/dickwandige-schlaeuche-ray-csm\/\"]}]},{\"@type\":\"ImageObject\",\"inLanguage\":\"de\",\"@id\":\"https:\/\/svilupporaytech.com\/de\/produkt\/niederspannung\/waermschrumpftechnik-de-2\/schlaeuche\/dickwandig\/dickwandige-schlaeuche-ray-csm\/#primaryimage\",\"url\":\"https:\/\/svilupporaytech.com\/wp-content\/uploads\/ray-csm.jpg\",\"contentUrl\":\"https:\/\/svilupporaytech.com\/wp-content\/uploads\/ray-csm.jpg\",\"width\":1024,\"height\":1024},{\"@type\":\"BreadcrumbList\",\"@id\":\"https:\/\/svilupporaytech.com\/de\/produkt\/niederspannung\/waermschrumpftechnik-de-2\/schlaeuche\/dickwandig\/dickwandige-schlaeuche-ray-csm\/#breadcrumb\",\"itemListElement\":[{\"@type\":\"ListItem\",\"position\":1,\"name\":\"Home\",\"item\":\"https:\/\/svilupporaytech.com\/de\/\"},{\"@type\":\"ListItem\",\"position\":2,\"name\":\"Shop\",\"item\":\"https:\/\/svilupporaytech.com\/de\/shop\/\"},{\"@type\":\"ListItem\",\"position\":3,\"name\":\"Dickwandige Schl\u00e4uche Ray-CSM\"}]},{\"@type\":\"WebSite\",\"@id\":\"https:\/\/svilupporaytech.com\/#website\",\"url\":\"https:\/\/svilupporaytech.com\/\",\"name\":\"Raytech\",\"description\":\"Cable accessories company\",\"potentialAction\":[{\"@type\":\"SearchAction\",\"target\":{\"@type\":\"EntryPoint\",\"urlTemplate\":\"https:\/\/svilupporaytech.com\/?s={search_term_string}\"},\"query-input\":\"required name=search_term_string\"}],\"inLanguage\":\"de\"}]}<\/script>\n<!-- \/ Yoast SEO plugin. -->","yoast_head_json":{"title":"Dickwandige Schl\u00e4uche Ray-CSM | Raytech","robots":{"index":"index","follow":"follow","max-snippet":"max-snippet:-1","max-image-preview":"max-image-preview:large","max-video-preview":"max-video-preview:-1"},"canonical":"https:\/\/svilupporaytech.com\/de\/produkt\/niederspannung\/waermschrumpftechnik-de-2\/schlaeuche\/dickwandig\/dickwandige-schlaeuche-ray-csm\/","og_locale":"de_DE","og_type":"article","og_title":"Dickwandige Schl\u00e4uche Ray-CSM | Raytech","og_description":"Dickwandige Schl\u00e4uche Der starkwandige Schrumpfschlauch RAY-CSM ist speziell f\u00fcr Verwendungszwecke entwickelt, die eine au\u00dfergew\u00f6hnliche mechanische Widerstandsf\u00e4higkeit erfordern. Ideal f\u00fcr die Anwendung unter Wasser oder unter der Erde oder \u00fcberall dort, [\u2026]","og_url":"https:\/\/svilupporaytech.com\/de\/produkt\/niederspannung\/waermschrumpftechnik-de-2\/schlaeuche\/dickwandig\/dickwandige-schlaeuche-ray-csm\/","og_site_name":"Raytech","og_image":[{"width":1024,"height":1024,"url":"https:\/\/svilupporaytech.com\/wp-content\/uploads\/ray-csm.jpg","type":"image\/jpeg"}],"twitter_card":"summary_large_image","schema":{"@context":"https:\/\/schema.org","@graph":[{"@type":"WebPage","@id":"https:\/\/svilupporaytech.com\/de\/produkt\/niederspannung\/waermschrumpftechnik-de-2\/schlaeuche\/dickwandig\/dickwandige-schlaeuche-ray-csm\/","url":"https:\/\/svilupporaytech.com\/de\/produkt\/niederspannung\/waermschrumpftechnik-de-2\/schlaeuche\/dickwandig\/dickwandige-schlaeuche-ray-csm\/","name":"Dickwandige Schl\u00e4uche Ray-CSM | Raytech","isPartOf":{"@id":"https:\/\/svilupporaytech.com\/#website"},"primaryImageOfPage":{"@id":"https:\/\/svilupporaytech.com\/de\/produkt\/niederspannung\/waermschrumpftechnik-de-2\/schlaeuche\/dickwandig\/dickwandige-schlaeuche-ray-csm\/#primaryimage"},"image":{"@id":"https:\/\/svilupporaytech.com\/de\/produkt\/niederspannung\/waermschrumpftechnik-de-2\/schlaeuche\/dickwandig\/dickwandige-schlaeuche-ray-csm\/#primaryimage"},"thumbnailUrl":"https:\/\/svilupporaytech.com\/wp-content\/uploads\/ray-csm.jpg","datePublished":"2015-12-22T15:41:04+00:00","dateModified":"2015-12-22T15:41:04+00:00","breadcrumb":{"@id":"https:\/\/svilupporaytech.com\/de\/produkt\/niederspannung\/waermschrumpftechnik-de-2\/schlaeuche\/dickwandig\/dickwandige-schlaeuche-ray-csm\/#breadcrumb"},"inLanguage":"de","potentialAction":[{"@type":"ReadAction","target":["https:\/\/svilupporaytech.com\/de\/produkt\/niederspannung\/waermschrumpftechnik-de-2\/schlaeuche\/dickwandig\/dickwandige-schlaeuche-ray-csm\/"]}]},{"@type":"ImageObject","inLanguage":"de","@id":"https:\/\/svilupporaytech.com\/de\/produkt\/niederspannung\/waermschrumpftechnik-de-2\/schlaeuche\/dickwandig\/dickwandige-schlaeuche-ray-csm\/#primaryimage","url":"https:\/\/svilupporaytech.com\/wp-content\/uploads\/ray-csm.jpg","contentUrl":"https:\/\/svilupporaytech.com\/wp-content\/uploads\/ray-csm.jpg","width":1024,"height":1024},{"@type":"BreadcrumbList","@id":"https:\/\/svilupporaytech.com\/de\/produkt\/niederspannung\/waermschrumpftechnik-de-2\/schlaeuche\/dickwandig\/dickwandige-schlaeuche-ray-csm\/#breadcrumb","itemListElement":[{"@type":"ListItem","position":1,"name":"Home","item":"https:\/\/svilupporaytech.com\/de\/"},{"@type":"ListItem","position":2,"name":"Shop","item":"https:\/\/svilupporaytech.com\/de\/shop\/"},{"@type":"ListItem","position":3,"name":"Dickwandige Schl\u00e4uche Ray-CSM"}]},{"@type":"WebSite","@id":"https:\/\/svilupporaytech.com\/#website","url":"https:\/\/svilupporaytech.com\/","name":"Raytech","description":"Cable accessories company","potentialAction":[{"@type":"SearchAction","target":{"@type":"EntryPoint","urlTemplate":"https:\/\/svilupporaytech.com\/?s={search_term_string}"},"query-input":"required name=search_term_string"}],"inLanguage":"de"}]}},"_links":{"self":[{"href":"https:\/\/svilupporaytech.com\/de\/wp-json\/wp\/v2\/product\/6677"}],"collection":[{"href":"https:\/\/svilupporaytech.com\/de\/wp-json\/wp\/v2\/product"}],"about":[{"href":"https:\/\/svilupporaytech.com\/de\/wp-json\/wp\/v2\/types\/product"}],"wp:featuredmedia":[{"embeddable":true,"href":"https:\/\/svilupporaytech.com\/de\/wp-json\/wp\/v2\/media\/2271"}],"wp:attachment":[{"href":"https:\/\/svilupporaytech.com\/de\/wp-json\/wp\/v2\/media?parent=6677"}],"wp:term":[{"taxonomy":"product_cat","embeddable":true,"href":"https:\/\/svilupporaytech.com\/de\/wp-json\/wp\/v2\/product_cat?post=6677"},{"taxonomy":"product_tag","embeddable":true,"href":"https:\/\/svilupporaytech.com\/de\/wp-json\/wp\/v2\/product_tag?post=6677"}],"curies":[{"name":"wp","href":"https:\/\/api.w.org\/{rel}","templated":true}]}}