{"id":6679,"date":"2015-07-15T15:47:32","date_gmt":"2015-12-22T15:50:51","guid":{"rendered":"https:\/\/svilupporaytech.com\/?post_type=product&#038;p=6679&#038;lang=de"},"modified":"2015-12-22T15:50:51","modified_gmt":"2015-12-22T15:50:51","slug":"korrosionsschutz-von-masten","status":"publish","type":"product","link":"https:\/\/svilupporaytech.com\/de\/produkt\/niederspannung\/waermschrumpftechnik-de-2\/schlaeuche\/mastschutz\/korrosionsschutz-von-masten\/","title":{"rendered":"Korrosionsschutz von Masten"},"content":{"rendered":"<h4><span style=\"color: #009832;\">Korrosionsschutz von Masten<\/span><\/h4>\n<p>Bei einem installierten Mast ist der Abschnitt, der am anf\u00e4lligsten f\u00fcr Korrosion ist, der direkt \u00fcber oder unter dem Boden. Dieser Abschnitt wird von korrosiven Stoffen angegriffen, die zu einer schnellen Verschlechterung des Metalls und somit zu einer erheblichen Verringerung der Lebensdauer des Mastes f\u00fchren. Spezielle Schrumpfschl\u00e4uche haben sich als geeigneten zum Korrosionsschutz von Masten f\u00fcr folgende Zwecke erwiesen: \u00f6ffentliche Beleuchtung, Stromnetz, Ampeln und Verkehrsanzeigen. Sie bestehen aus vernetztem Polyofelin mit gro\u00dfer St\u00e4rke; die Innenseite der Schl\u00e4uche und der Binder ist mit einem entsprechenden Schmelzkleber versehen, der eine perfekte Versiegelung gew\u00e4hrleistet, dank der keinerlei Feuchtigkeit eindringen kann.<\/p>\n<ul>\n<li><span style=\"color: #009832;\">Starke Haftung<\/span><\/li>\n<li><span style=\"color: #009832;\">Hervorragende elektrische Eigenschaften<\/span><\/li>\n<li><span style=\"color: #009832;\">Gute chemische Widerstandsf\u00e4higkeit<\/span><\/li>\n<li><span style=\"color: #009832;\">Widerstandsf\u00e4higkeit gegen Schimmel und Mikroorganismen<\/span><\/li>\n<li><span style=\"color: #009832;\">Konstanter Schutz gegen Streustrom<\/span><\/li>\n<li><span style=\"color: #009832;\">Leichte Anwendung<\/span><\/li>\n<li><span style=\"color: #009832;\">Lange Stabilit\u00e4t aller Eigenschaften<\/span><\/li>\n<\/ul>\n","protected":false},"excerpt":{"rendered":"<p>Korrosionsschutz von Masten Bei einem installierten Mast ist der Abschnitt, der am anf\u00e4lligsten f\u00fcr Korrosion ist, der direkt \u00fcber oder unter dem Boden. Dieser Abschnitt wird von korrosiven Stoffen angegriffen,<span class=\"excerpt-hellip\"> [\u2026]<\/span><\/p>\n","protected":false},"featured_media":2285,"template":"","meta":[],"product_cat":[280,289,469,497],"product_tag":[],"yoast_head":"<!-- This site is optimized with the Yoast SEO plugin v22.7 - https:\/\/yoast.com\/wordpress\/plugins\/seo\/ -->\n<title>Korrosionsschutz von Masten | Raytech<\/title>\n<meta name=\"robots\" content=\"index, follow, max-snippet:-1, max-image-preview:large, max-video-preview:-1\" \/>\n<link rel=\"canonical\" href=\"https:\/\/svilupporaytech.com\/de\/produkt\/niederspannung\/waermschrumpftechnik-de-2\/schlaeuche\/mastschutz\/korrosionsschutz-von-masten\/\" \/>\n<meta property=\"og:locale\" content=\"de_DE\" \/>\n<meta property=\"og:type\" content=\"article\" \/>\n<meta property=\"og:title\" content=\"Korrosionsschutz von Masten | Raytech\" \/>\n<meta property=\"og:description\" content=\"Korrosionsschutz von Masten Bei einem installierten Mast ist der Abschnitt, der am anf\u00e4lligsten f\u00fcr Korrosion ist, der direkt \u00fcber oder unter dem Boden. Dieser Abschnitt wird von korrosiven Stoffen angegriffen, [\u2026]\" \/>\n<meta property=\"og:url\" content=\"https:\/\/svilupporaytech.com\/de\/produkt\/niederspannung\/waermschrumpftechnik-de-2\/schlaeuche\/mastschutz\/korrosionsschutz-von-masten\/\" \/>\n<meta property=\"og:site_name\" content=\"Raytech\" \/>\n<meta property=\"og:image\" content=\"https:\/\/svilupporaytech.com\/wp-content\/uploads\/wpc-ltpsm.jpg\" \/>\n\t<meta property=\"og:image:width\" content=\"1024\" \/>\n\t<meta property=\"og:image:height\" content=\"1024\" \/>\n\t<meta property=\"og:image:type\" content=\"image\/jpeg\" \/>\n<meta name=\"twitter:card\" content=\"summary_large_image\" \/>\n<meta name=\"twitter:label1\" content=\"Gesch\u00e4tzte Lesezeit\" \/>\n\t<meta name=\"twitter:data1\" content=\"1\u00a0Minute\" \/>\n<script type=\"application\/ld+json\" class=\"yoast-schema-graph\">{\"@context\":\"https:\/\/schema.org\",\"@graph\":[{\"@type\":\"WebPage\",\"@id\":\"https:\/\/svilupporaytech.com\/de\/produkt\/niederspannung\/waermschrumpftechnik-de-2\/schlaeuche\/mastschutz\/korrosionsschutz-von-masten\/\",\"url\":\"https:\/\/svilupporaytech.com\/de\/produkt\/niederspannung\/waermschrumpftechnik-de-2\/schlaeuche\/mastschutz\/korrosionsschutz-von-masten\/\",\"name\":\"Korrosionsschutz von Masten | Raytech\",\"isPartOf\":{\"@id\":\"https:\/\/svilupporaytech.com\/#website\"},\"primaryImageOfPage\":{\"@id\":\"https:\/\/svilupporaytech.com\/de\/produkt\/niederspannung\/waermschrumpftechnik-de-2\/schlaeuche\/mastschutz\/korrosionsschutz-von-masten\/#primaryimage\"},\"image\":{\"@id\":\"https:\/\/svilupporaytech.com\/de\/produkt\/niederspannung\/waermschrumpftechnik-de-2\/schlaeuche\/mastschutz\/korrosionsschutz-von-masten\/#primaryimage\"},\"thumbnailUrl\":\"https:\/\/svilupporaytech.com\/wp-content\/uploads\/wpc-ltpsm.jpg\",\"datePublished\":\"2015-12-22T15:50:51+00:00\",\"dateModified\":\"2015-12-22T15:50:51+00:00\",\"breadcrumb\":{\"@id\":\"https:\/\/svilupporaytech.com\/de\/produkt\/niederspannung\/waermschrumpftechnik-de-2\/schlaeuche\/mastschutz\/korrosionsschutz-von-masten\/#breadcrumb\"},\"inLanguage\":\"de\",\"potentialAction\":[{\"@type\":\"ReadAction\",\"target\":[\"https:\/\/svilupporaytech.com\/de\/produkt\/niederspannung\/waermschrumpftechnik-de-2\/schlaeuche\/mastschutz\/korrosionsschutz-von-masten\/\"]}]},{\"@type\":\"ImageObject\",\"inLanguage\":\"de\",\"@id\":\"https:\/\/svilupporaytech.com\/de\/produkt\/niederspannung\/waermschrumpftechnik-de-2\/schlaeuche\/mastschutz\/korrosionsschutz-von-masten\/#primaryimage\",\"url\":\"https:\/\/svilupporaytech.com\/wp-content\/uploads\/wpc-ltpsm.jpg\",\"contentUrl\":\"https:\/\/svilupporaytech.com\/wp-content\/uploads\/wpc-ltpsm.jpg\",\"width\":1024,\"height\":1024},{\"@type\":\"BreadcrumbList\",\"@id\":\"https:\/\/svilupporaytech.com\/de\/produkt\/niederspannung\/waermschrumpftechnik-de-2\/schlaeuche\/mastschutz\/korrosionsschutz-von-masten\/#breadcrumb\",\"itemListElement\":[{\"@type\":\"ListItem\",\"position\":1,\"name\":\"Home\",\"item\":\"https:\/\/svilupporaytech.com\/de\/\"},{\"@type\":\"ListItem\",\"position\":2,\"name\":\"Shop\",\"item\":\"https:\/\/svilupporaytech.com\/de\/shop\/\"},{\"@type\":\"ListItem\",\"position\":3,\"name\":\"Korrosionsschutz von Masten\"}]},{\"@type\":\"WebSite\",\"@id\":\"https:\/\/svilupporaytech.com\/#website\",\"url\":\"https:\/\/svilupporaytech.com\/\",\"name\":\"Raytech\",\"description\":\"Cable accessories company\",\"potentialAction\":[{\"@type\":\"SearchAction\",\"target\":{\"@type\":\"EntryPoint\",\"urlTemplate\":\"https:\/\/svilupporaytech.com\/?s={search_term_string}\"},\"query-input\":\"required name=search_term_string\"}],\"inLanguage\":\"de\"}]}<\/script>\n<!-- \/ Yoast SEO plugin. -->","yoast_head_json":{"title":"Korrosionsschutz von Masten | Raytech","robots":{"index":"index","follow":"follow","max-snippet":"max-snippet:-1","max-image-preview":"max-image-preview:large","max-video-preview":"max-video-preview:-1"},"canonical":"https:\/\/svilupporaytech.com\/de\/produkt\/niederspannung\/waermschrumpftechnik-de-2\/schlaeuche\/mastschutz\/korrosionsschutz-von-masten\/","og_locale":"de_DE","og_type":"article","og_title":"Korrosionsschutz von Masten | Raytech","og_description":"Korrosionsschutz von Masten Bei einem installierten Mast ist der Abschnitt, der am anf\u00e4lligsten f\u00fcr Korrosion ist, der direkt \u00fcber oder unter dem Boden. Dieser Abschnitt wird von korrosiven Stoffen angegriffen, [\u2026]","og_url":"https:\/\/svilupporaytech.com\/de\/produkt\/niederspannung\/waermschrumpftechnik-de-2\/schlaeuche\/mastschutz\/korrosionsschutz-von-masten\/","og_site_name":"Raytech","og_image":[{"width":1024,"height":1024,"url":"https:\/\/svilupporaytech.com\/wp-content\/uploads\/wpc-ltpsm.jpg","type":"image\/jpeg"}],"twitter_card":"summary_large_image","twitter_misc":{"Gesch\u00e4tzte Lesezeit":"1\u00a0Minute"},"schema":{"@context":"https:\/\/schema.org","@graph":[{"@type":"WebPage","@id":"https:\/\/svilupporaytech.com\/de\/produkt\/niederspannung\/waermschrumpftechnik-de-2\/schlaeuche\/mastschutz\/korrosionsschutz-von-masten\/","url":"https:\/\/svilupporaytech.com\/de\/produkt\/niederspannung\/waermschrumpftechnik-de-2\/schlaeuche\/mastschutz\/korrosionsschutz-von-masten\/","name":"Korrosionsschutz von Masten | Raytech","isPartOf":{"@id":"https:\/\/svilupporaytech.com\/#website"},"primaryImageOfPage":{"@id":"https:\/\/svilupporaytech.com\/de\/produkt\/niederspannung\/waermschrumpftechnik-de-2\/schlaeuche\/mastschutz\/korrosionsschutz-von-masten\/#primaryimage"},"image":{"@id":"https:\/\/svilupporaytech.com\/de\/produkt\/niederspannung\/waermschrumpftechnik-de-2\/schlaeuche\/mastschutz\/korrosionsschutz-von-masten\/#primaryimage"},"thumbnailUrl":"https:\/\/svilupporaytech.com\/wp-content\/uploads\/wpc-ltpsm.jpg","datePublished":"2015-12-22T15:50:51+00:00","dateModified":"2015-12-22T15:50:51+00:00","breadcrumb":{"@id":"https:\/\/svilupporaytech.com\/de\/produkt\/niederspannung\/waermschrumpftechnik-de-2\/schlaeuche\/mastschutz\/korrosionsschutz-von-masten\/#breadcrumb"},"inLanguage":"de","potentialAction":[{"@type":"ReadAction","target":["https:\/\/svilupporaytech.com\/de\/produkt\/niederspannung\/waermschrumpftechnik-de-2\/schlaeuche\/mastschutz\/korrosionsschutz-von-masten\/"]}]},{"@type":"ImageObject","inLanguage":"de","@id":"https:\/\/svilupporaytech.com\/de\/produkt\/niederspannung\/waermschrumpftechnik-de-2\/schlaeuche\/mastschutz\/korrosionsschutz-von-masten\/#primaryimage","url":"https:\/\/svilupporaytech.com\/wp-content\/uploads\/wpc-ltpsm.jpg","contentUrl":"https:\/\/svilupporaytech.com\/wp-content\/uploads\/wpc-ltpsm.jpg","width":1024,"height":1024},{"@type":"BreadcrumbList","@id":"https:\/\/svilupporaytech.com\/de\/produkt\/niederspannung\/waermschrumpftechnik-de-2\/schlaeuche\/mastschutz\/korrosionsschutz-von-masten\/#breadcrumb","itemListElement":[{"@type":"ListItem","position":1,"name":"Home","item":"https:\/\/svilupporaytech.com\/de\/"},{"@type":"ListItem","position":2,"name":"Shop","item":"https:\/\/svilupporaytech.com\/de\/shop\/"},{"@type":"ListItem","position":3,"name":"Korrosionsschutz von Masten"}]},{"@type":"WebSite","@id":"https:\/\/svilupporaytech.com\/#website","url":"https:\/\/svilupporaytech.com\/","name":"Raytech","description":"Cable accessories company","potentialAction":[{"@type":"SearchAction","target":{"@type":"EntryPoint","urlTemplate":"https:\/\/svilupporaytech.com\/?s={search_term_string}"},"query-input":"required name=search_term_string"}],"inLanguage":"de"}]}},"_links":{"self":[{"href":"https:\/\/svilupporaytech.com\/de\/wp-json\/wp\/v2\/product\/6679"}],"collection":[{"href":"https:\/\/svilupporaytech.com\/de\/wp-json\/wp\/v2\/product"}],"about":[{"href":"https:\/\/svilupporaytech.com\/de\/wp-json\/wp\/v2\/types\/product"}],"wp:featuredmedia":[{"embeddable":true,"href":"https:\/\/svilupporaytech.com\/de\/wp-json\/wp\/v2\/media\/2285"}],"wp:attachment":[{"href":"https:\/\/svilupporaytech.com\/de\/wp-json\/wp\/v2\/media?parent=6679"}],"wp:term":[{"taxonomy":"product_cat","embeddable":true,"href":"https:\/\/svilupporaytech.com\/de\/wp-json\/wp\/v2\/product_cat?post=6679"},{"taxonomy":"product_tag","embeddable":true,"href":"https:\/\/svilupporaytech.com\/de\/wp-json\/wp\/v2\/product_tag?post=6679"}],"curies":[{"name":"wp","href":"https:\/\/api.w.org\/{rel}","templated":true}]}}