{"id":6683,"date":"2015-07-16T09:53:42","date_gmt":"2015-12-22T15:57:15","guid":{"rendered":"https:\/\/svilupporaytech.com\/?post_type=product&#038;p=6683&#038;lang=de"},"modified":"2015-12-22T15:57:15","modified_gmt":"2015-12-22T15:57:15","slug":"raytech-super-3-3","status":"publish","type":"product","link":"https:\/\/svilupporaytech.com\/de\/produkt\/niederspannung\/isolierbaender\/selbstklebende-baender-aus-pvc\/raytech-super-3-3\/","title":{"rendered":"Raytech Super 3-3"},"content":{"rendered":"<h4><span style=\"color: #009832;\">Selbstklebend zur Verwendung bei niedrigen und hohen Temperaturen<\/span><\/h4>\n<p>Isolierendes Klebeband aus PVC mit ausgezeichneten elektrischen und mechanischen Eigenschaften f\u00fcr den weitesten Betriebstemperaturbereich. Es ist besonders geeignet f\u00fcr den Gebrauch bei niedrign Temperaturen und bei den schwersten atmosph\u00e4rischen Bedingungen. Ausbreitungsverz\u00f6gert und selbstl\u00f6schend. Geeignet als Prim\u00e4risolierstoff f\u00fcr Verbindungen bis 0.6\/1 kV, als Au\u00dfenverkleidung f\u00fcr Verbindungen und<\/p>\n","protected":false},"excerpt":{"rendered":"<p>Selbstklebend zur Verwendung bei niedrigen und hohen Temperaturen Isolierendes Klebeband aus PVC mit ausgezeichneten elektrischen und mechanischen Eigenschaften f\u00fcr den weitesten Betriebstemperaturbereich. Es ist besonders geeignet f\u00fcr den Gebrauch bei<span class=\"excerpt-hellip\"> [\u2026]<\/span><\/p>\n","protected":false},"featured_media":1396,"template":"","meta":[],"product_cat":[280,291,293],"product_tag":[],"yoast_head":"<!-- This site is optimized with the Yoast SEO plugin v22.7 - https:\/\/yoast.com\/wordpress\/plugins\/seo\/ -->\n<title>Raytech Super 3-3 | Raytech<\/title>\n<meta name=\"robots\" content=\"index, follow, max-snippet:-1, max-image-preview:large, max-video-preview:-1\" \/>\n<link rel=\"canonical\" href=\"https:\/\/svilupporaytech.com\/de\/produkt\/niederspannung\/isolierbaender\/selbstklebende-baender-aus-pvc\/raytech-super-3-3\/\" \/>\n<meta property=\"og:locale\" content=\"de_DE\" \/>\n<meta property=\"og:type\" content=\"article\" \/>\n<meta property=\"og:title\" content=\"Raytech Super 3-3 | Raytech\" \/>\n<meta property=\"og:description\" content=\"Selbstklebend zur Verwendung bei niedrigen und hohen Temperaturen Isolierendes Klebeband aus PVC mit ausgezeichneten elektrischen und mechanischen Eigenschaften f\u00fcr den weitesten Betriebstemperaturbereich. Es ist besonders geeignet f\u00fcr den Gebrauch bei [\u2026]\" \/>\n<meta property=\"og:url\" content=\"https:\/\/svilupporaytech.com\/de\/produkt\/niederspannung\/isolierbaender\/selbstklebende-baender-aus-pvc\/raytech-super-3-3\/\" \/>\n<meta property=\"og:site_name\" content=\"Raytech\" \/>\n<meta property=\"og:image\" content=\"https:\/\/svilupporaytech.com\/wp-content\/uploads\/raytech-super-3-3.jpg\" \/>\n\t<meta property=\"og:image:width\" content=\"500\" \/>\n\t<meta property=\"og:image:height\" content=\"500\" \/>\n\t<meta property=\"og:image:type\" content=\"image\/jpeg\" \/>\n<meta name=\"twitter:card\" content=\"summary_large_image\" \/>\n<script type=\"application\/ld+json\" class=\"yoast-schema-graph\">{\"@context\":\"https:\/\/schema.org\",\"@graph\":[{\"@type\":\"WebPage\",\"@id\":\"https:\/\/svilupporaytech.com\/de\/produkt\/niederspannung\/isolierbaender\/selbstklebende-baender-aus-pvc\/raytech-super-3-3\/\",\"url\":\"https:\/\/svilupporaytech.com\/de\/produkt\/niederspannung\/isolierbaender\/selbstklebende-baender-aus-pvc\/raytech-super-3-3\/\",\"name\":\"Raytech Super 3-3 | Raytech\",\"isPartOf\":{\"@id\":\"https:\/\/svilupporaytech.com\/#website\"},\"primaryImageOfPage\":{\"@id\":\"https:\/\/svilupporaytech.com\/de\/produkt\/niederspannung\/isolierbaender\/selbstklebende-baender-aus-pvc\/raytech-super-3-3\/#primaryimage\"},\"image\":{\"@id\":\"https:\/\/svilupporaytech.com\/de\/produkt\/niederspannung\/isolierbaender\/selbstklebende-baender-aus-pvc\/raytech-super-3-3\/#primaryimage\"},\"thumbnailUrl\":\"https:\/\/svilupporaytech.com\/wp-content\/uploads\/raytech-super-3-3.jpg\",\"datePublished\":\"2015-12-22T15:57:15+00:00\",\"dateModified\":\"2015-12-22T15:57:15+00:00\",\"breadcrumb\":{\"@id\":\"https:\/\/svilupporaytech.com\/de\/produkt\/niederspannung\/isolierbaender\/selbstklebende-baender-aus-pvc\/raytech-super-3-3\/#breadcrumb\"},\"inLanguage\":\"de\",\"potentialAction\":[{\"@type\":\"ReadAction\",\"target\":[\"https:\/\/svilupporaytech.com\/de\/produkt\/niederspannung\/isolierbaender\/selbstklebende-baender-aus-pvc\/raytech-super-3-3\/\"]}]},{\"@type\":\"ImageObject\",\"inLanguage\":\"de\",\"@id\":\"https:\/\/svilupporaytech.com\/de\/produkt\/niederspannung\/isolierbaender\/selbstklebende-baender-aus-pvc\/raytech-super-3-3\/#primaryimage\",\"url\":\"https:\/\/svilupporaytech.com\/wp-content\/uploads\/raytech-super-3-3.jpg\",\"contentUrl\":\"https:\/\/svilupporaytech.com\/wp-content\/uploads\/raytech-super-3-3.jpg\",\"width\":500,\"height\":500},{\"@type\":\"BreadcrumbList\",\"@id\":\"https:\/\/svilupporaytech.com\/de\/produkt\/niederspannung\/isolierbaender\/selbstklebende-baender-aus-pvc\/raytech-super-3-3\/#breadcrumb\",\"itemListElement\":[{\"@type\":\"ListItem\",\"position\":1,\"name\":\"Home\",\"item\":\"https:\/\/svilupporaytech.com\/de\/\"},{\"@type\":\"ListItem\",\"position\":2,\"name\":\"Shop\",\"item\":\"https:\/\/svilupporaytech.com\/de\/shop\/\"},{\"@type\":\"ListItem\",\"position\":3,\"name\":\"Raytech Super 3-3\"}]},{\"@type\":\"WebSite\",\"@id\":\"https:\/\/svilupporaytech.com\/#website\",\"url\":\"https:\/\/svilupporaytech.com\/\",\"name\":\"Raytech\",\"description\":\"Cable accessories company\",\"potentialAction\":[{\"@type\":\"SearchAction\",\"target\":{\"@type\":\"EntryPoint\",\"urlTemplate\":\"https:\/\/svilupporaytech.com\/?s={search_term_string}\"},\"query-input\":\"required name=search_term_string\"}],\"inLanguage\":\"de\"}]}<\/script>\n<!-- \/ Yoast SEO plugin. -->","yoast_head_json":{"title":"Raytech Super 3-3 | Raytech","robots":{"index":"index","follow":"follow","max-snippet":"max-snippet:-1","max-image-preview":"max-image-preview:large","max-video-preview":"max-video-preview:-1"},"canonical":"https:\/\/svilupporaytech.com\/de\/produkt\/niederspannung\/isolierbaender\/selbstklebende-baender-aus-pvc\/raytech-super-3-3\/","og_locale":"de_DE","og_type":"article","og_title":"Raytech Super 3-3 | Raytech","og_description":"Selbstklebend zur Verwendung bei niedrigen und hohen Temperaturen Isolierendes Klebeband aus PVC mit ausgezeichneten elektrischen und mechanischen Eigenschaften f\u00fcr den weitesten Betriebstemperaturbereich. Es ist besonders geeignet f\u00fcr den Gebrauch bei [\u2026]","og_url":"https:\/\/svilupporaytech.com\/de\/produkt\/niederspannung\/isolierbaender\/selbstklebende-baender-aus-pvc\/raytech-super-3-3\/","og_site_name":"Raytech","og_image":[{"width":500,"height":500,"url":"https:\/\/svilupporaytech.com\/wp-content\/uploads\/raytech-super-3-3.jpg","type":"image\/jpeg"}],"twitter_card":"summary_large_image","schema":{"@context":"https:\/\/schema.org","@graph":[{"@type":"WebPage","@id":"https:\/\/svilupporaytech.com\/de\/produkt\/niederspannung\/isolierbaender\/selbstklebende-baender-aus-pvc\/raytech-super-3-3\/","url":"https:\/\/svilupporaytech.com\/de\/produkt\/niederspannung\/isolierbaender\/selbstklebende-baender-aus-pvc\/raytech-super-3-3\/","name":"Raytech Super 3-3 | Raytech","isPartOf":{"@id":"https:\/\/svilupporaytech.com\/#website"},"primaryImageOfPage":{"@id":"https:\/\/svilupporaytech.com\/de\/produkt\/niederspannung\/isolierbaender\/selbstklebende-baender-aus-pvc\/raytech-super-3-3\/#primaryimage"},"image":{"@id":"https:\/\/svilupporaytech.com\/de\/produkt\/niederspannung\/isolierbaender\/selbstklebende-baender-aus-pvc\/raytech-super-3-3\/#primaryimage"},"thumbnailUrl":"https:\/\/svilupporaytech.com\/wp-content\/uploads\/raytech-super-3-3.jpg","datePublished":"2015-12-22T15:57:15+00:00","dateModified":"2015-12-22T15:57:15+00:00","breadcrumb":{"@id":"https:\/\/svilupporaytech.com\/de\/produkt\/niederspannung\/isolierbaender\/selbstklebende-baender-aus-pvc\/raytech-super-3-3\/#breadcrumb"},"inLanguage":"de","potentialAction":[{"@type":"ReadAction","target":["https:\/\/svilupporaytech.com\/de\/produkt\/niederspannung\/isolierbaender\/selbstklebende-baender-aus-pvc\/raytech-super-3-3\/"]}]},{"@type":"ImageObject","inLanguage":"de","@id":"https:\/\/svilupporaytech.com\/de\/produkt\/niederspannung\/isolierbaender\/selbstklebende-baender-aus-pvc\/raytech-super-3-3\/#primaryimage","url":"https:\/\/svilupporaytech.com\/wp-content\/uploads\/raytech-super-3-3.jpg","contentUrl":"https:\/\/svilupporaytech.com\/wp-content\/uploads\/raytech-super-3-3.jpg","width":500,"height":500},{"@type":"BreadcrumbList","@id":"https:\/\/svilupporaytech.com\/de\/produkt\/niederspannung\/isolierbaender\/selbstklebende-baender-aus-pvc\/raytech-super-3-3\/#breadcrumb","itemListElement":[{"@type":"ListItem","position":1,"name":"Home","item":"https:\/\/svilupporaytech.com\/de\/"},{"@type":"ListItem","position":2,"name":"Shop","item":"https:\/\/svilupporaytech.com\/de\/shop\/"},{"@type":"ListItem","position":3,"name":"Raytech Super 3-3"}]},{"@type":"WebSite","@id":"https:\/\/svilupporaytech.com\/#website","url":"https:\/\/svilupporaytech.com\/","name":"Raytech","description":"Cable accessories company","potentialAction":[{"@type":"SearchAction","target":{"@type":"EntryPoint","urlTemplate":"https:\/\/svilupporaytech.com\/?s={search_term_string}"},"query-input":"required name=search_term_string"}],"inLanguage":"de"}]}},"_links":{"self":[{"href":"https:\/\/svilupporaytech.com\/de\/wp-json\/wp\/v2\/product\/6683"}],"collection":[{"href":"https:\/\/svilupporaytech.com\/de\/wp-json\/wp\/v2\/product"}],"about":[{"href":"https:\/\/svilupporaytech.com\/de\/wp-json\/wp\/v2\/types\/product"}],"wp:featuredmedia":[{"embeddable":true,"href":"https:\/\/svilupporaytech.com\/de\/wp-json\/wp\/v2\/media\/1396"}],"wp:attachment":[{"href":"https:\/\/svilupporaytech.com\/de\/wp-json\/wp\/v2\/media?parent=6683"}],"wp:term":[{"taxonomy":"product_cat","embeddable":true,"href":"https:\/\/svilupporaytech.com\/de\/wp-json\/wp\/v2\/product_cat?post=6683"},{"taxonomy":"product_tag","embeddable":true,"href":"https:\/\/svilupporaytech.com\/de\/wp-json\/wp\/v2\/product_tag?post=6683"}],"curies":[{"name":"wp","href":"https:\/\/api.w.org\/{rel}","templated":true}]}}