{"id":6686,"date":"2015-07-16T10:00:26","date_gmt":"2015-12-22T16:25:19","guid":{"rendered":"https:\/\/svilupporaytech.com\/?post_type=product&#038;p=6686&#038;lang=de"},"modified":"2016-01-26T13:49:18","modified_gmt":"2016-01-26T13:49:18","slug":"raytech-23-bt","status":"publish","type":"product","link":"https:\/\/svilupporaytech.com\/de\/produkt\/niederspannung\/isolierbaender\/bindemittel\/raytech-23-bt\/","title":{"rendered":"Raytech 23 BT"},"content":{"rendered":"<h4><span style=\"color: #009832;\">Selbstverschwei\u00dfendes Isolierband f\u00fcr Niederspannung<\/span><\/h4>\n<p>Selbstvershwei\u00dfendes Isolierband aus Gummi f\u00fcr niedrige Spannung (0.6\/1kV). Es ist geeignet f\u00fcr die Isolierung und die Siegelung von elektrischen Niederspannungsverbindungen. Es amalgamiert sich schnell, es gleicht sich dem unterliegenden handgefertigten Erzeugnis an und es bildet einen kompakten K\u00f6rper. Die Verbindungsstellen m\u00fcssen mit einem Band aus PVC gesch\u00fctzt werden.<\/p>\n","protected":false},"excerpt":{"rendered":"<p><strong>Approvazioni<\/strong> UL 510<\/p>\n","protected":false},"featured_media":1417,"template":"","meta":[],"product_cat":[280,291,294],"product_tag":[],"yoast_head":"<!-- This site is optimized with the Yoast SEO plugin v22.7 - https:\/\/yoast.com\/wordpress\/plugins\/seo\/ -->\n<title>Raytech 23 BT | Raytech<\/title>\n<meta name=\"robots\" content=\"index, follow, max-snippet:-1, max-image-preview:large, max-video-preview:-1\" \/>\n<link rel=\"canonical\" href=\"https:\/\/svilupporaytech.com\/de\/produkt\/niederspannung\/isolierbaender\/bindemittel\/raytech-23-bt\/\" \/>\n<meta property=\"og:locale\" content=\"de_DE\" \/>\n<meta property=\"og:type\" content=\"article\" \/>\n<meta property=\"og:title\" content=\"Raytech 23 BT | Raytech\" \/>\n<meta property=\"og:description\" content=\"Approvazioni UL 510\" \/>\n<meta property=\"og:url\" content=\"https:\/\/svilupporaytech.com\/de\/produkt\/niederspannung\/isolierbaender\/bindemittel\/raytech-23-bt\/\" \/>\n<meta property=\"og:site_name\" content=\"Raytech\" \/>\n<meta property=\"article:modified_time\" content=\"2016-01-26T13:49:18+00:00\" \/>\n<meta property=\"og:image\" content=\"https:\/\/svilupporaytech.com\/wp-content\/uploads\/raytech-23-bt.jpg\" \/>\n\t<meta property=\"og:image:width\" content=\"500\" \/>\n\t<meta property=\"og:image:height\" content=\"500\" \/>\n\t<meta property=\"og:image:type\" content=\"image\/jpeg\" \/>\n<meta name=\"twitter:card\" content=\"summary_large_image\" \/>\n<script type=\"application\/ld+json\" class=\"yoast-schema-graph\">{\"@context\":\"https:\/\/schema.org\",\"@graph\":[{\"@type\":\"WebPage\",\"@id\":\"https:\/\/svilupporaytech.com\/de\/produkt\/niederspannung\/isolierbaender\/bindemittel\/raytech-23-bt\/\",\"url\":\"https:\/\/svilupporaytech.com\/de\/produkt\/niederspannung\/isolierbaender\/bindemittel\/raytech-23-bt\/\",\"name\":\"Raytech 23 BT | Raytech\",\"isPartOf\":{\"@id\":\"https:\/\/svilupporaytech.com\/#website\"},\"primaryImageOfPage\":{\"@id\":\"https:\/\/svilupporaytech.com\/de\/produkt\/niederspannung\/isolierbaender\/bindemittel\/raytech-23-bt\/#primaryimage\"},\"image\":{\"@id\":\"https:\/\/svilupporaytech.com\/de\/produkt\/niederspannung\/isolierbaender\/bindemittel\/raytech-23-bt\/#primaryimage\"},\"thumbnailUrl\":\"https:\/\/svilupporaytech.com\/wp-content\/uploads\/raytech-23-bt.jpg\",\"datePublished\":\"2015-12-22T16:25:19+00:00\",\"dateModified\":\"2016-01-26T13:49:18+00:00\",\"breadcrumb\":{\"@id\":\"https:\/\/svilupporaytech.com\/de\/produkt\/niederspannung\/isolierbaender\/bindemittel\/raytech-23-bt\/#breadcrumb\"},\"inLanguage\":\"de\",\"potentialAction\":[{\"@type\":\"ReadAction\",\"target\":[\"https:\/\/svilupporaytech.com\/de\/produkt\/niederspannung\/isolierbaender\/bindemittel\/raytech-23-bt\/\"]}]},{\"@type\":\"ImageObject\",\"inLanguage\":\"de\",\"@id\":\"https:\/\/svilupporaytech.com\/de\/produkt\/niederspannung\/isolierbaender\/bindemittel\/raytech-23-bt\/#primaryimage\",\"url\":\"https:\/\/svilupporaytech.com\/wp-content\/uploads\/raytech-23-bt.jpg\",\"contentUrl\":\"https:\/\/svilupporaytech.com\/wp-content\/uploads\/raytech-23-bt.jpg\",\"width\":500,\"height\":500},{\"@type\":\"BreadcrumbList\",\"@id\":\"https:\/\/svilupporaytech.com\/de\/produkt\/niederspannung\/isolierbaender\/bindemittel\/raytech-23-bt\/#breadcrumb\",\"itemListElement\":[{\"@type\":\"ListItem\",\"position\":1,\"name\":\"Home\",\"item\":\"https:\/\/svilupporaytech.com\/de\/\"},{\"@type\":\"ListItem\",\"position\":2,\"name\":\"Shop\",\"item\":\"https:\/\/svilupporaytech.com\/de\/shop\/\"},{\"@type\":\"ListItem\",\"position\":3,\"name\":\"Raytech 23 BT\"}]},{\"@type\":\"WebSite\",\"@id\":\"https:\/\/svilupporaytech.com\/#website\",\"url\":\"https:\/\/svilupporaytech.com\/\",\"name\":\"Raytech\",\"description\":\"Cable accessories company\",\"potentialAction\":[{\"@type\":\"SearchAction\",\"target\":{\"@type\":\"EntryPoint\",\"urlTemplate\":\"https:\/\/svilupporaytech.com\/?s={search_term_string}\"},\"query-input\":\"required name=search_term_string\"}],\"inLanguage\":\"de\"}]}<\/script>\n<!-- \/ Yoast SEO plugin. -->","yoast_head_json":{"title":"Raytech 23 BT | Raytech","robots":{"index":"index","follow":"follow","max-snippet":"max-snippet:-1","max-image-preview":"max-image-preview:large","max-video-preview":"max-video-preview:-1"},"canonical":"https:\/\/svilupporaytech.com\/de\/produkt\/niederspannung\/isolierbaender\/bindemittel\/raytech-23-bt\/","og_locale":"de_DE","og_type":"article","og_title":"Raytech 23 BT | Raytech","og_description":"Approvazioni UL 510","og_url":"https:\/\/svilupporaytech.com\/de\/produkt\/niederspannung\/isolierbaender\/bindemittel\/raytech-23-bt\/","og_site_name":"Raytech","article_modified_time":"2016-01-26T13:49:18+00:00","og_image":[{"width":500,"height":500,"url":"https:\/\/svilupporaytech.com\/wp-content\/uploads\/raytech-23-bt.jpg","type":"image\/jpeg"}],"twitter_card":"summary_large_image","schema":{"@context":"https:\/\/schema.org","@graph":[{"@type":"WebPage","@id":"https:\/\/svilupporaytech.com\/de\/produkt\/niederspannung\/isolierbaender\/bindemittel\/raytech-23-bt\/","url":"https:\/\/svilupporaytech.com\/de\/produkt\/niederspannung\/isolierbaender\/bindemittel\/raytech-23-bt\/","name":"Raytech 23 BT | Raytech","isPartOf":{"@id":"https:\/\/svilupporaytech.com\/#website"},"primaryImageOfPage":{"@id":"https:\/\/svilupporaytech.com\/de\/produkt\/niederspannung\/isolierbaender\/bindemittel\/raytech-23-bt\/#primaryimage"},"image":{"@id":"https:\/\/svilupporaytech.com\/de\/produkt\/niederspannung\/isolierbaender\/bindemittel\/raytech-23-bt\/#primaryimage"},"thumbnailUrl":"https:\/\/svilupporaytech.com\/wp-content\/uploads\/raytech-23-bt.jpg","datePublished":"2015-12-22T16:25:19+00:00","dateModified":"2016-01-26T13:49:18+00:00","breadcrumb":{"@id":"https:\/\/svilupporaytech.com\/de\/produkt\/niederspannung\/isolierbaender\/bindemittel\/raytech-23-bt\/#breadcrumb"},"inLanguage":"de","potentialAction":[{"@type":"ReadAction","target":["https:\/\/svilupporaytech.com\/de\/produkt\/niederspannung\/isolierbaender\/bindemittel\/raytech-23-bt\/"]}]},{"@type":"ImageObject","inLanguage":"de","@id":"https:\/\/svilupporaytech.com\/de\/produkt\/niederspannung\/isolierbaender\/bindemittel\/raytech-23-bt\/#primaryimage","url":"https:\/\/svilupporaytech.com\/wp-content\/uploads\/raytech-23-bt.jpg","contentUrl":"https:\/\/svilupporaytech.com\/wp-content\/uploads\/raytech-23-bt.jpg","width":500,"height":500},{"@type":"BreadcrumbList","@id":"https:\/\/svilupporaytech.com\/de\/produkt\/niederspannung\/isolierbaender\/bindemittel\/raytech-23-bt\/#breadcrumb","itemListElement":[{"@type":"ListItem","position":1,"name":"Home","item":"https:\/\/svilupporaytech.com\/de\/"},{"@type":"ListItem","position":2,"name":"Shop","item":"https:\/\/svilupporaytech.com\/de\/shop\/"},{"@type":"ListItem","position":3,"name":"Raytech 23 BT"}]},{"@type":"WebSite","@id":"https:\/\/svilupporaytech.com\/#website","url":"https:\/\/svilupporaytech.com\/","name":"Raytech","description":"Cable accessories company","potentialAction":[{"@type":"SearchAction","target":{"@type":"EntryPoint","urlTemplate":"https:\/\/svilupporaytech.com\/?s={search_term_string}"},"query-input":"required name=search_term_string"}],"inLanguage":"de"}]}},"_links":{"self":[{"href":"https:\/\/svilupporaytech.com\/de\/wp-json\/wp\/v2\/product\/6686"}],"collection":[{"href":"https:\/\/svilupporaytech.com\/de\/wp-json\/wp\/v2\/product"}],"about":[{"href":"https:\/\/svilupporaytech.com\/de\/wp-json\/wp\/v2\/types\/product"}],"wp:featuredmedia":[{"embeddable":true,"href":"https:\/\/svilupporaytech.com\/de\/wp-json\/wp\/v2\/media\/1417"}],"wp:attachment":[{"href":"https:\/\/svilupporaytech.com\/de\/wp-json\/wp\/v2\/media?parent=6686"}],"wp:term":[{"taxonomy":"product_cat","embeddable":true,"href":"https:\/\/svilupporaytech.com\/de\/wp-json\/wp\/v2\/product_cat?post=6686"},{"taxonomy":"product_tag","embeddable":true,"href":"https:\/\/svilupporaytech.com\/de\/wp-json\/wp\/v2\/product_tag?post=6686"}],"curies":[{"name":"wp","href":"https:\/\/api.w.org\/{rel}","templated":true}]}}