{"id":6691,"date":"2015-07-16T10:04:59","date_gmt":"2015-12-22T16:27:46","guid":{"rendered":"https:\/\/svilupporaytech.com\/?post_type=product&#038;p=6691&#038;lang=de"},"modified":"2015-12-22T16:27:46","modified_gmt":"2015-12-22T16:27:46","slug":"raytech-7-0","status":"publish","type":"product","link":"https:\/\/svilupporaytech.com\/de\/produkt\/niederspannung\/isolierbaender\/bindemittel\/raytech-7-0\/","title":{"rendered":"Raytech 7-0"},"content":{"rendered":"<h4><span style=\"color: #009832;\">Selbstverschwei\u00dfendes Isolierband aus Silicon<\/span><\/h4>\n<p>Selbstvershwei\u00dfendes Isolierband aus Silicongummi. Es ist geeignet f\u00fcr die Verkleidung von Endverschl\u00fcssen von extrudierten Hoch- und Niederspannungskabeln bis Um 72kV; es ist besonders geeignet f\u00fcr die Kabelf\u00fchrung in feuchten oder verschmutzten Umgebungen. Es ist alterungsfest, korrosionsfest und es h\u00e4lt den partiellen Entladungen sehr gut stand. Die ausgezeichneten thermischen Eigenschaften dieses Produkts gew\u00e4hrleisten dessen Anwendung als Isolierstoff in Umgebungen mit einer Temperatur bis 180\u00b0.Es ist geeignet f\u00fcr alle Formen, wo es aufgetragen werden soll.<\/p>\n","protected":false},"excerpt":{"rendered":"<p><strong>Approvazioni<\/strong><\/p>\n<p>ASTM-D-2148<br \/>\nMIL-I-46852A<\/p>\n","protected":false},"featured_media":1438,"template":"","meta":[],"product_cat":[280,291,294],"product_tag":[],"yoast_head":"<!-- This site is optimized with the Yoast SEO plugin v22.7 - https:\/\/yoast.com\/wordpress\/plugins\/seo\/ -->\n<title>Raytech 7-0 | Raytech<\/title>\n<meta name=\"robots\" content=\"index, follow, max-snippet:-1, max-image-preview:large, max-video-preview:-1\" \/>\n<link rel=\"canonical\" href=\"https:\/\/svilupporaytech.com\/de\/produkt\/niederspannung\/isolierbaender\/bindemittel\/raytech-7-0\/\" \/>\n<meta property=\"og:locale\" content=\"de_DE\" \/>\n<meta property=\"og:type\" content=\"article\" \/>\n<meta property=\"og:title\" content=\"Raytech 7-0 | Raytech\" \/>\n<meta property=\"og:description\" content=\"Approvazioni  ASTM-D-2148 MIL-I-46852A\" \/>\n<meta property=\"og:url\" content=\"https:\/\/svilupporaytech.com\/de\/produkt\/niederspannung\/isolierbaender\/bindemittel\/raytech-7-0\/\" \/>\n<meta property=\"og:site_name\" content=\"Raytech\" \/>\n<meta property=\"og:image\" content=\"https:\/\/svilupporaytech.com\/wp-content\/uploads\/raytech-7-0.jpg\" \/>\n\t<meta property=\"og:image:width\" content=\"500\" \/>\n\t<meta property=\"og:image:height\" content=\"500\" \/>\n\t<meta property=\"og:image:type\" content=\"image\/jpeg\" \/>\n<meta name=\"twitter:card\" content=\"summary_large_image\" \/>\n<script type=\"application\/ld+json\" class=\"yoast-schema-graph\">{\"@context\":\"https:\/\/schema.org\",\"@graph\":[{\"@type\":\"WebPage\",\"@id\":\"https:\/\/svilupporaytech.com\/de\/produkt\/niederspannung\/isolierbaender\/bindemittel\/raytech-7-0\/\",\"url\":\"https:\/\/svilupporaytech.com\/de\/produkt\/niederspannung\/isolierbaender\/bindemittel\/raytech-7-0\/\",\"name\":\"Raytech 7-0 | Raytech\",\"isPartOf\":{\"@id\":\"https:\/\/svilupporaytech.com\/#website\"},\"primaryImageOfPage\":{\"@id\":\"https:\/\/svilupporaytech.com\/de\/produkt\/niederspannung\/isolierbaender\/bindemittel\/raytech-7-0\/#primaryimage\"},\"image\":{\"@id\":\"https:\/\/svilupporaytech.com\/de\/produkt\/niederspannung\/isolierbaender\/bindemittel\/raytech-7-0\/#primaryimage\"},\"thumbnailUrl\":\"https:\/\/svilupporaytech.com\/wp-content\/uploads\/raytech-7-0.jpg\",\"datePublished\":\"2015-12-22T16:27:46+00:00\",\"dateModified\":\"2015-12-22T16:27:46+00:00\",\"breadcrumb\":{\"@id\":\"https:\/\/svilupporaytech.com\/de\/produkt\/niederspannung\/isolierbaender\/bindemittel\/raytech-7-0\/#breadcrumb\"},\"inLanguage\":\"de\",\"potentialAction\":[{\"@type\":\"ReadAction\",\"target\":[\"https:\/\/svilupporaytech.com\/de\/produkt\/niederspannung\/isolierbaender\/bindemittel\/raytech-7-0\/\"]}]},{\"@type\":\"ImageObject\",\"inLanguage\":\"de\",\"@id\":\"https:\/\/svilupporaytech.com\/de\/produkt\/niederspannung\/isolierbaender\/bindemittel\/raytech-7-0\/#primaryimage\",\"url\":\"https:\/\/svilupporaytech.com\/wp-content\/uploads\/raytech-7-0.jpg\",\"contentUrl\":\"https:\/\/svilupporaytech.com\/wp-content\/uploads\/raytech-7-0.jpg\",\"width\":500,\"height\":500},{\"@type\":\"BreadcrumbList\",\"@id\":\"https:\/\/svilupporaytech.com\/de\/produkt\/niederspannung\/isolierbaender\/bindemittel\/raytech-7-0\/#breadcrumb\",\"itemListElement\":[{\"@type\":\"ListItem\",\"position\":1,\"name\":\"Home\",\"item\":\"https:\/\/svilupporaytech.com\/de\/\"},{\"@type\":\"ListItem\",\"position\":2,\"name\":\"Shop\",\"item\":\"https:\/\/svilupporaytech.com\/de\/shop\/\"},{\"@type\":\"ListItem\",\"position\":3,\"name\":\"Raytech 7-0\"}]},{\"@type\":\"WebSite\",\"@id\":\"https:\/\/svilupporaytech.com\/#website\",\"url\":\"https:\/\/svilupporaytech.com\/\",\"name\":\"Raytech\",\"description\":\"Cable accessories company\",\"potentialAction\":[{\"@type\":\"SearchAction\",\"target\":{\"@type\":\"EntryPoint\",\"urlTemplate\":\"https:\/\/svilupporaytech.com\/?s={search_term_string}\"},\"query-input\":\"required name=search_term_string\"}],\"inLanguage\":\"de\"}]}<\/script>\n<!-- \/ Yoast SEO plugin. -->","yoast_head_json":{"title":"Raytech 7-0 | Raytech","robots":{"index":"index","follow":"follow","max-snippet":"max-snippet:-1","max-image-preview":"max-image-preview:large","max-video-preview":"max-video-preview:-1"},"canonical":"https:\/\/svilupporaytech.com\/de\/produkt\/niederspannung\/isolierbaender\/bindemittel\/raytech-7-0\/","og_locale":"de_DE","og_type":"article","og_title":"Raytech 7-0 | Raytech","og_description":"Approvazioni  ASTM-D-2148 MIL-I-46852A","og_url":"https:\/\/svilupporaytech.com\/de\/produkt\/niederspannung\/isolierbaender\/bindemittel\/raytech-7-0\/","og_site_name":"Raytech","og_image":[{"width":500,"height":500,"url":"https:\/\/svilupporaytech.com\/wp-content\/uploads\/raytech-7-0.jpg","type":"image\/jpeg"}],"twitter_card":"summary_large_image","schema":{"@context":"https:\/\/schema.org","@graph":[{"@type":"WebPage","@id":"https:\/\/svilupporaytech.com\/de\/produkt\/niederspannung\/isolierbaender\/bindemittel\/raytech-7-0\/","url":"https:\/\/svilupporaytech.com\/de\/produkt\/niederspannung\/isolierbaender\/bindemittel\/raytech-7-0\/","name":"Raytech 7-0 | Raytech","isPartOf":{"@id":"https:\/\/svilupporaytech.com\/#website"},"primaryImageOfPage":{"@id":"https:\/\/svilupporaytech.com\/de\/produkt\/niederspannung\/isolierbaender\/bindemittel\/raytech-7-0\/#primaryimage"},"image":{"@id":"https:\/\/svilupporaytech.com\/de\/produkt\/niederspannung\/isolierbaender\/bindemittel\/raytech-7-0\/#primaryimage"},"thumbnailUrl":"https:\/\/svilupporaytech.com\/wp-content\/uploads\/raytech-7-0.jpg","datePublished":"2015-12-22T16:27:46+00:00","dateModified":"2015-12-22T16:27:46+00:00","breadcrumb":{"@id":"https:\/\/svilupporaytech.com\/de\/produkt\/niederspannung\/isolierbaender\/bindemittel\/raytech-7-0\/#breadcrumb"},"inLanguage":"de","potentialAction":[{"@type":"ReadAction","target":["https:\/\/svilupporaytech.com\/de\/produkt\/niederspannung\/isolierbaender\/bindemittel\/raytech-7-0\/"]}]},{"@type":"ImageObject","inLanguage":"de","@id":"https:\/\/svilupporaytech.com\/de\/produkt\/niederspannung\/isolierbaender\/bindemittel\/raytech-7-0\/#primaryimage","url":"https:\/\/svilupporaytech.com\/wp-content\/uploads\/raytech-7-0.jpg","contentUrl":"https:\/\/svilupporaytech.com\/wp-content\/uploads\/raytech-7-0.jpg","width":500,"height":500},{"@type":"BreadcrumbList","@id":"https:\/\/svilupporaytech.com\/de\/produkt\/niederspannung\/isolierbaender\/bindemittel\/raytech-7-0\/#breadcrumb","itemListElement":[{"@type":"ListItem","position":1,"name":"Home","item":"https:\/\/svilupporaytech.com\/de\/"},{"@type":"ListItem","position":2,"name":"Shop","item":"https:\/\/svilupporaytech.com\/de\/shop\/"},{"@type":"ListItem","position":3,"name":"Raytech 7-0"}]},{"@type":"WebSite","@id":"https:\/\/svilupporaytech.com\/#website","url":"https:\/\/svilupporaytech.com\/","name":"Raytech","description":"Cable accessories company","potentialAction":[{"@type":"SearchAction","target":{"@type":"EntryPoint","urlTemplate":"https:\/\/svilupporaytech.com\/?s={search_term_string}"},"query-input":"required name=search_term_string"}],"inLanguage":"de"}]}},"_links":{"self":[{"href":"https:\/\/svilupporaytech.com\/de\/wp-json\/wp\/v2\/product\/6691"}],"collection":[{"href":"https:\/\/svilupporaytech.com\/de\/wp-json\/wp\/v2\/product"}],"about":[{"href":"https:\/\/svilupporaytech.com\/de\/wp-json\/wp\/v2\/types\/product"}],"wp:featuredmedia":[{"embeddable":true,"href":"https:\/\/svilupporaytech.com\/de\/wp-json\/wp\/v2\/media\/1438"}],"wp:attachment":[{"href":"https:\/\/svilupporaytech.com\/de\/wp-json\/wp\/v2\/media?parent=6691"}],"wp:term":[{"taxonomy":"product_cat","embeddable":true,"href":"https:\/\/svilupporaytech.com\/de\/wp-json\/wp\/v2\/product_cat?post=6691"},{"taxonomy":"product_tag","embeddable":true,"href":"https:\/\/svilupporaytech.com\/de\/wp-json\/wp\/v2\/product_tag?post=6691"}],"curies":[{"name":"wp","href":"https:\/\/api.w.org\/{rel}","templated":true}]}}