{"id":6700,"date":"2015-07-16T10:22:16","date_gmt":"2015-12-23T14:25:12","guid":{"rendered":"https:\/\/svilupporaytech.com\/?post_type=product&#038;p=6700&#038;lang=de"},"modified":"2019-08-29T12:12:25","modified_gmt":"2019-08-29T12:12:25","slug":"speedy-glass","status":"publish","type":"product","link":"https:\/\/svilupporaytech.com\/de\/produkt\/niederspannung\/sonden-und-schmiermittel\/speedy-glass\/","title":{"rendered":"Speedy Glass"},"content":{"rendered":"<h4><span style=\"color: #009832;\">Selbsteinrastende Sonde aus Glasfaser \u00d8 3 mm mit austauschbarem Kopf*<\/span><\/h4>\n<p>Geeignet f\u00fcr leichte Anwendungen, auch auf langen Strecken, problemlose Anwendung, dank ihrer \u201cnerven\u00e4hnlichen\u201d Elastizit\u00e4t, was ihre Verlegung in den Leitungen vereinfacht.<\/p>\n<p>* Lieferung mit Kopf f\u00fcr die Kurvenf\u00fchrung und \u00d6se.<\/p>\n","protected":false},"excerpt":{"rendered":"<p>Nella confezione e\u0300 compreso il kit di riparazione<\/p>\n","protected":false},"featured_media":1494,"template":"","meta":[],"product_cat":[280,300],"product_tag":[],"yoast_head":"<!-- This site is optimized with the Yoast SEO plugin v22.7 - https:\/\/yoast.com\/wordpress\/plugins\/seo\/ -->\n<title>Speedy Glass | Raytech<\/title>\n<meta name=\"robots\" content=\"index, follow, max-snippet:-1, max-image-preview:large, max-video-preview:-1\" \/>\n<link rel=\"canonical\" href=\"https:\/\/svilupporaytech.com\/de\/produkt\/niederspannung\/sonden-und-schmiermittel\/speedy-glass\/\" \/>\n<meta property=\"og:locale\" content=\"de_DE\" \/>\n<meta property=\"og:type\" content=\"article\" \/>\n<meta property=\"og:title\" content=\"Speedy Glass | Raytech\" \/>\n<meta property=\"og:description\" content=\"Nella confezione e\u0300 compreso il kit di riparazione\" \/>\n<meta property=\"og:url\" content=\"https:\/\/svilupporaytech.com\/de\/produkt\/niederspannung\/sonden-und-schmiermittel\/speedy-glass\/\" \/>\n<meta property=\"og:site_name\" content=\"Raytech\" \/>\n<meta property=\"article:modified_time\" content=\"2019-08-29T12:12:25+00:00\" \/>\n<meta property=\"og:image\" content=\"https:\/\/svilupporaytech.com\/wp-content\/uploads\/speedy-glass.jpg\" \/>\n\t<meta property=\"og:image:width\" content=\"500\" \/>\n\t<meta property=\"og:image:height\" content=\"500\" \/>\n\t<meta property=\"og:image:type\" content=\"image\/jpeg\" \/>\n<meta name=\"twitter:card\" content=\"summary_large_image\" \/>\n<script type=\"application\/ld+json\" class=\"yoast-schema-graph\">{\"@context\":\"https:\/\/schema.org\",\"@graph\":[{\"@type\":\"WebPage\",\"@id\":\"https:\/\/svilupporaytech.com\/de\/produkt\/niederspannung\/sonden-und-schmiermittel\/speedy-glass\/\",\"url\":\"https:\/\/svilupporaytech.com\/de\/produkt\/niederspannung\/sonden-und-schmiermittel\/speedy-glass\/\",\"name\":\"Speedy Glass | Raytech\",\"isPartOf\":{\"@id\":\"https:\/\/svilupporaytech.com\/#website\"},\"primaryImageOfPage\":{\"@id\":\"https:\/\/svilupporaytech.com\/de\/produkt\/niederspannung\/sonden-und-schmiermittel\/speedy-glass\/#primaryimage\"},\"image\":{\"@id\":\"https:\/\/svilupporaytech.com\/de\/produkt\/niederspannung\/sonden-und-schmiermittel\/speedy-glass\/#primaryimage\"},\"thumbnailUrl\":\"https:\/\/svilupporaytech.com\/wp-content\/uploads\/speedy-glass.jpg\",\"datePublished\":\"2015-12-23T14:25:12+00:00\",\"dateModified\":\"2019-08-29T12:12:25+00:00\",\"breadcrumb\":{\"@id\":\"https:\/\/svilupporaytech.com\/de\/produkt\/niederspannung\/sonden-und-schmiermittel\/speedy-glass\/#breadcrumb\"},\"inLanguage\":\"de\",\"potentialAction\":[{\"@type\":\"ReadAction\",\"target\":[\"https:\/\/svilupporaytech.com\/de\/produkt\/niederspannung\/sonden-und-schmiermittel\/speedy-glass\/\"]}]},{\"@type\":\"ImageObject\",\"inLanguage\":\"de\",\"@id\":\"https:\/\/svilupporaytech.com\/de\/produkt\/niederspannung\/sonden-und-schmiermittel\/speedy-glass\/#primaryimage\",\"url\":\"https:\/\/svilupporaytech.com\/wp-content\/uploads\/speedy-glass.jpg\",\"contentUrl\":\"https:\/\/svilupporaytech.com\/wp-content\/uploads\/speedy-glass.jpg\",\"width\":500,\"height\":500},{\"@type\":\"BreadcrumbList\",\"@id\":\"https:\/\/svilupporaytech.com\/de\/produkt\/niederspannung\/sonden-und-schmiermittel\/speedy-glass\/#breadcrumb\",\"itemListElement\":[{\"@type\":\"ListItem\",\"position\":1,\"name\":\"Home\",\"item\":\"https:\/\/svilupporaytech.com\/de\/\"},{\"@type\":\"ListItem\",\"position\":2,\"name\":\"Shop\",\"item\":\"https:\/\/svilupporaytech.com\/de\/shop\/\"},{\"@type\":\"ListItem\",\"position\":3,\"name\":\"Speedy Glass\"}]},{\"@type\":\"WebSite\",\"@id\":\"https:\/\/svilupporaytech.com\/#website\",\"url\":\"https:\/\/svilupporaytech.com\/\",\"name\":\"Raytech\",\"description\":\"Cable accessories company\",\"potentialAction\":[{\"@type\":\"SearchAction\",\"target\":{\"@type\":\"EntryPoint\",\"urlTemplate\":\"https:\/\/svilupporaytech.com\/?s={search_term_string}\"},\"query-input\":\"required name=search_term_string\"}],\"inLanguage\":\"de\"}]}<\/script>\n<!-- \/ Yoast SEO plugin. -->","yoast_head_json":{"title":"Speedy Glass | Raytech","robots":{"index":"index","follow":"follow","max-snippet":"max-snippet:-1","max-image-preview":"max-image-preview:large","max-video-preview":"max-video-preview:-1"},"canonical":"https:\/\/svilupporaytech.com\/de\/produkt\/niederspannung\/sonden-und-schmiermittel\/speedy-glass\/","og_locale":"de_DE","og_type":"article","og_title":"Speedy Glass | Raytech","og_description":"Nella confezione e\u0300 compreso il kit di riparazione","og_url":"https:\/\/svilupporaytech.com\/de\/produkt\/niederspannung\/sonden-und-schmiermittel\/speedy-glass\/","og_site_name":"Raytech","article_modified_time":"2019-08-29T12:12:25+00:00","og_image":[{"width":500,"height":500,"url":"https:\/\/svilupporaytech.com\/wp-content\/uploads\/speedy-glass.jpg","type":"image\/jpeg"}],"twitter_card":"summary_large_image","schema":{"@context":"https:\/\/schema.org","@graph":[{"@type":"WebPage","@id":"https:\/\/svilupporaytech.com\/de\/produkt\/niederspannung\/sonden-und-schmiermittel\/speedy-glass\/","url":"https:\/\/svilupporaytech.com\/de\/produkt\/niederspannung\/sonden-und-schmiermittel\/speedy-glass\/","name":"Speedy Glass | Raytech","isPartOf":{"@id":"https:\/\/svilupporaytech.com\/#website"},"primaryImageOfPage":{"@id":"https:\/\/svilupporaytech.com\/de\/produkt\/niederspannung\/sonden-und-schmiermittel\/speedy-glass\/#primaryimage"},"image":{"@id":"https:\/\/svilupporaytech.com\/de\/produkt\/niederspannung\/sonden-und-schmiermittel\/speedy-glass\/#primaryimage"},"thumbnailUrl":"https:\/\/svilupporaytech.com\/wp-content\/uploads\/speedy-glass.jpg","datePublished":"2015-12-23T14:25:12+00:00","dateModified":"2019-08-29T12:12:25+00:00","breadcrumb":{"@id":"https:\/\/svilupporaytech.com\/de\/produkt\/niederspannung\/sonden-und-schmiermittel\/speedy-glass\/#breadcrumb"},"inLanguage":"de","potentialAction":[{"@type":"ReadAction","target":["https:\/\/svilupporaytech.com\/de\/produkt\/niederspannung\/sonden-und-schmiermittel\/speedy-glass\/"]}]},{"@type":"ImageObject","inLanguage":"de","@id":"https:\/\/svilupporaytech.com\/de\/produkt\/niederspannung\/sonden-und-schmiermittel\/speedy-glass\/#primaryimage","url":"https:\/\/svilupporaytech.com\/wp-content\/uploads\/speedy-glass.jpg","contentUrl":"https:\/\/svilupporaytech.com\/wp-content\/uploads\/speedy-glass.jpg","width":500,"height":500},{"@type":"BreadcrumbList","@id":"https:\/\/svilupporaytech.com\/de\/produkt\/niederspannung\/sonden-und-schmiermittel\/speedy-glass\/#breadcrumb","itemListElement":[{"@type":"ListItem","position":1,"name":"Home","item":"https:\/\/svilupporaytech.com\/de\/"},{"@type":"ListItem","position":2,"name":"Shop","item":"https:\/\/svilupporaytech.com\/de\/shop\/"},{"@type":"ListItem","position":3,"name":"Speedy Glass"}]},{"@type":"WebSite","@id":"https:\/\/svilupporaytech.com\/#website","url":"https:\/\/svilupporaytech.com\/","name":"Raytech","description":"Cable accessories company","potentialAction":[{"@type":"SearchAction","target":{"@type":"EntryPoint","urlTemplate":"https:\/\/svilupporaytech.com\/?s={search_term_string}"},"query-input":"required name=search_term_string"}],"inLanguage":"de"}]}},"_links":{"self":[{"href":"https:\/\/svilupporaytech.com\/de\/wp-json\/wp\/v2\/product\/6700"}],"collection":[{"href":"https:\/\/svilupporaytech.com\/de\/wp-json\/wp\/v2\/product"}],"about":[{"href":"https:\/\/svilupporaytech.com\/de\/wp-json\/wp\/v2\/types\/product"}],"wp:featuredmedia":[{"embeddable":true,"href":"https:\/\/svilupporaytech.com\/de\/wp-json\/wp\/v2\/media\/1494"}],"wp:attachment":[{"href":"https:\/\/svilupporaytech.com\/de\/wp-json\/wp\/v2\/media?parent=6700"}],"wp:term":[{"taxonomy":"product_cat","embeddable":true,"href":"https:\/\/svilupporaytech.com\/de\/wp-json\/wp\/v2\/product_cat?post=6700"},{"taxonomy":"product_tag","embeddable":true,"href":"https:\/\/svilupporaytech.com\/de\/wp-json\/wp\/v2\/product_tag?post=6700"}],"curies":[{"name":"wp","href":"https:\/\/api.w.org\/{rel}","templated":true}]}}