{"id":6702,"date":"2015-07-16T10:23:46","date_gmt":"2015-12-23T14:25:38","guid":{"rendered":"https:\/\/svilupporaytech.com\/?post_type=product&#038;p=6702&#038;lang=de"},"modified":"2019-08-29T12:29:07","modified_gmt":"2019-08-29T12:29:07","slug":"speedy-steel","status":"publish","type":"product","link":"https:\/\/svilupporaytech.com\/de\/produkt\/niederspannung\/sonden-und-schmiermittel\/speedy-steel\/","title":{"rendered":"Speedy Steel"},"content":{"rendered":"<h4><span style=\"color: #009832;\">Nylon-Stahl-Sonde \u00d8 6 mm, komplett mit Zubeh\u00f6r<\/span><\/h4>\n<p>Die Nylon-Stahl-Sonden verf\u00fcgen \u00fcber eine ausgezeichnete Robustheit, sie bestehen aus einem Stahlkern von 4 x 1,5 mm, der mit Nylon \u00fcberzogen ist. Besonders geeignet f\u00fcr schwere industriellen Anwendungen In spannungsfreien Anlagen einsetzbar.<\/p>\n","protected":false},"excerpt":{"rendered":"<p>Nylon-Stahl-Sonde \u00d8 6 mm, komplett mit Zubeh\u00f6r Die Nylon-Stahl-Sonden verf\u00fcgen \u00fcber eine ausgezeichnete Robustheit, sie bestehen aus einem Stahlkern von 4 x 1,5 mm, der mit Nylon \u00fcberzogen ist. Besonders<span class=\"excerpt-hellip\"> [\u2026]<\/span><\/p>\n","protected":false},"featured_media":4366,"template":"","meta":[],"product_cat":[280,300],"product_tag":[],"yoast_head":"<!-- This site is optimized with the Yoast SEO plugin v22.7 - https:\/\/yoast.com\/wordpress\/plugins\/seo\/ -->\n<title>Speedy Steel | Raytech<\/title>\n<meta name=\"robots\" content=\"index, follow, max-snippet:-1, max-image-preview:large, max-video-preview:-1\" \/>\n<link rel=\"canonical\" href=\"https:\/\/svilupporaytech.com\/de\/produkt\/niederspannung\/sonden-und-schmiermittel\/speedy-steel\/\" \/>\n<meta property=\"og:locale\" content=\"de_DE\" \/>\n<meta property=\"og:type\" content=\"article\" \/>\n<meta property=\"og:title\" content=\"Speedy Steel | Raytech\" \/>\n<meta property=\"og:description\" content=\"Nylon-Stahl-Sonde \u00d8 6 mm, komplett mit Zubeh\u00f6r Die Nylon-Stahl-Sonden verf\u00fcgen \u00fcber eine ausgezeichnete Robustheit, sie bestehen aus einem Stahlkern von 4 x 1,5 mm, der mit Nylon \u00fcberzogen ist. Besonders [\u2026]\" \/>\n<meta property=\"og:url\" content=\"https:\/\/svilupporaytech.com\/de\/produkt\/niederspannung\/sonden-und-schmiermittel\/speedy-steel\/\" \/>\n<meta property=\"og:site_name\" content=\"Raytech\" \/>\n<meta property=\"article:modified_time\" content=\"2019-08-29T12:29:07+00:00\" \/>\n<meta property=\"og:image\" content=\"https:\/\/svilupporaytech.com\/wp-content\/uploads\/speedy-steel-1.jpg\" \/>\n\t<meta property=\"og:image:width\" content=\"1024\" \/>\n\t<meta property=\"og:image:height\" content=\"1024\" \/>\n\t<meta property=\"og:image:type\" content=\"image\/jpeg\" \/>\n<meta name=\"twitter:card\" content=\"summary_large_image\" \/>\n<script type=\"application\/ld+json\" class=\"yoast-schema-graph\">{\"@context\":\"https:\/\/schema.org\",\"@graph\":[{\"@type\":\"WebPage\",\"@id\":\"https:\/\/svilupporaytech.com\/de\/produkt\/niederspannung\/sonden-und-schmiermittel\/speedy-steel\/\",\"url\":\"https:\/\/svilupporaytech.com\/de\/produkt\/niederspannung\/sonden-und-schmiermittel\/speedy-steel\/\",\"name\":\"Speedy Steel | Raytech\",\"isPartOf\":{\"@id\":\"https:\/\/svilupporaytech.com\/#website\"},\"primaryImageOfPage\":{\"@id\":\"https:\/\/svilupporaytech.com\/de\/produkt\/niederspannung\/sonden-und-schmiermittel\/speedy-steel\/#primaryimage\"},\"image\":{\"@id\":\"https:\/\/svilupporaytech.com\/de\/produkt\/niederspannung\/sonden-und-schmiermittel\/speedy-steel\/#primaryimage\"},\"thumbnailUrl\":\"https:\/\/svilupporaytech.com\/wp-content\/uploads\/speedy-steel-1.jpg\",\"datePublished\":\"2015-12-23T14:25:38+00:00\",\"dateModified\":\"2019-08-29T12:29:07+00:00\",\"breadcrumb\":{\"@id\":\"https:\/\/svilupporaytech.com\/de\/produkt\/niederspannung\/sonden-und-schmiermittel\/speedy-steel\/#breadcrumb\"},\"inLanguage\":\"de\",\"potentialAction\":[{\"@type\":\"ReadAction\",\"target\":[\"https:\/\/svilupporaytech.com\/de\/produkt\/niederspannung\/sonden-und-schmiermittel\/speedy-steel\/\"]}]},{\"@type\":\"ImageObject\",\"inLanguage\":\"de\",\"@id\":\"https:\/\/svilupporaytech.com\/de\/produkt\/niederspannung\/sonden-und-schmiermittel\/speedy-steel\/#primaryimage\",\"url\":\"https:\/\/svilupporaytech.com\/wp-content\/uploads\/speedy-steel-1.jpg\",\"contentUrl\":\"https:\/\/svilupporaytech.com\/wp-content\/uploads\/speedy-steel-1.jpg\",\"width\":1024,\"height\":1024},{\"@type\":\"BreadcrumbList\",\"@id\":\"https:\/\/svilupporaytech.com\/de\/produkt\/niederspannung\/sonden-und-schmiermittel\/speedy-steel\/#breadcrumb\",\"itemListElement\":[{\"@type\":\"ListItem\",\"position\":1,\"name\":\"Home\",\"item\":\"https:\/\/svilupporaytech.com\/de\/\"},{\"@type\":\"ListItem\",\"position\":2,\"name\":\"Shop\",\"item\":\"https:\/\/svilupporaytech.com\/de\/shop\/\"},{\"@type\":\"ListItem\",\"position\":3,\"name\":\"Speedy Steel\"}]},{\"@type\":\"WebSite\",\"@id\":\"https:\/\/svilupporaytech.com\/#website\",\"url\":\"https:\/\/svilupporaytech.com\/\",\"name\":\"Raytech\",\"description\":\"Cable accessories company\",\"potentialAction\":[{\"@type\":\"SearchAction\",\"target\":{\"@type\":\"EntryPoint\",\"urlTemplate\":\"https:\/\/svilupporaytech.com\/?s={search_term_string}\"},\"query-input\":\"required name=search_term_string\"}],\"inLanguage\":\"de\"}]}<\/script>\n<!-- \/ Yoast SEO plugin. -->","yoast_head_json":{"title":"Speedy Steel | Raytech","robots":{"index":"index","follow":"follow","max-snippet":"max-snippet:-1","max-image-preview":"max-image-preview:large","max-video-preview":"max-video-preview:-1"},"canonical":"https:\/\/svilupporaytech.com\/de\/produkt\/niederspannung\/sonden-und-schmiermittel\/speedy-steel\/","og_locale":"de_DE","og_type":"article","og_title":"Speedy Steel | Raytech","og_description":"Nylon-Stahl-Sonde \u00d8 6 mm, komplett mit Zubeh\u00f6r Die Nylon-Stahl-Sonden verf\u00fcgen \u00fcber eine ausgezeichnete Robustheit, sie bestehen aus einem Stahlkern von 4 x 1,5 mm, der mit Nylon \u00fcberzogen ist. Besonders [\u2026]","og_url":"https:\/\/svilupporaytech.com\/de\/produkt\/niederspannung\/sonden-und-schmiermittel\/speedy-steel\/","og_site_name":"Raytech","article_modified_time":"2019-08-29T12:29:07+00:00","og_image":[{"width":1024,"height":1024,"url":"https:\/\/svilupporaytech.com\/wp-content\/uploads\/speedy-steel-1.jpg","type":"image\/jpeg"}],"twitter_card":"summary_large_image","schema":{"@context":"https:\/\/schema.org","@graph":[{"@type":"WebPage","@id":"https:\/\/svilupporaytech.com\/de\/produkt\/niederspannung\/sonden-und-schmiermittel\/speedy-steel\/","url":"https:\/\/svilupporaytech.com\/de\/produkt\/niederspannung\/sonden-und-schmiermittel\/speedy-steel\/","name":"Speedy Steel | Raytech","isPartOf":{"@id":"https:\/\/svilupporaytech.com\/#website"},"primaryImageOfPage":{"@id":"https:\/\/svilupporaytech.com\/de\/produkt\/niederspannung\/sonden-und-schmiermittel\/speedy-steel\/#primaryimage"},"image":{"@id":"https:\/\/svilupporaytech.com\/de\/produkt\/niederspannung\/sonden-und-schmiermittel\/speedy-steel\/#primaryimage"},"thumbnailUrl":"https:\/\/svilupporaytech.com\/wp-content\/uploads\/speedy-steel-1.jpg","datePublished":"2015-12-23T14:25:38+00:00","dateModified":"2019-08-29T12:29:07+00:00","breadcrumb":{"@id":"https:\/\/svilupporaytech.com\/de\/produkt\/niederspannung\/sonden-und-schmiermittel\/speedy-steel\/#breadcrumb"},"inLanguage":"de","potentialAction":[{"@type":"ReadAction","target":["https:\/\/svilupporaytech.com\/de\/produkt\/niederspannung\/sonden-und-schmiermittel\/speedy-steel\/"]}]},{"@type":"ImageObject","inLanguage":"de","@id":"https:\/\/svilupporaytech.com\/de\/produkt\/niederspannung\/sonden-und-schmiermittel\/speedy-steel\/#primaryimage","url":"https:\/\/svilupporaytech.com\/wp-content\/uploads\/speedy-steel-1.jpg","contentUrl":"https:\/\/svilupporaytech.com\/wp-content\/uploads\/speedy-steel-1.jpg","width":1024,"height":1024},{"@type":"BreadcrumbList","@id":"https:\/\/svilupporaytech.com\/de\/produkt\/niederspannung\/sonden-und-schmiermittel\/speedy-steel\/#breadcrumb","itemListElement":[{"@type":"ListItem","position":1,"name":"Home","item":"https:\/\/svilupporaytech.com\/de\/"},{"@type":"ListItem","position":2,"name":"Shop","item":"https:\/\/svilupporaytech.com\/de\/shop\/"},{"@type":"ListItem","position":3,"name":"Speedy Steel"}]},{"@type":"WebSite","@id":"https:\/\/svilupporaytech.com\/#website","url":"https:\/\/svilupporaytech.com\/","name":"Raytech","description":"Cable accessories company","potentialAction":[{"@type":"SearchAction","target":{"@type":"EntryPoint","urlTemplate":"https:\/\/svilupporaytech.com\/?s={search_term_string}"},"query-input":"required name=search_term_string"}],"inLanguage":"de"}]}},"_links":{"self":[{"href":"https:\/\/svilupporaytech.com\/de\/wp-json\/wp\/v2\/product\/6702"}],"collection":[{"href":"https:\/\/svilupporaytech.com\/de\/wp-json\/wp\/v2\/product"}],"about":[{"href":"https:\/\/svilupporaytech.com\/de\/wp-json\/wp\/v2\/types\/product"}],"wp:featuredmedia":[{"embeddable":true,"href":"https:\/\/svilupporaytech.com\/de\/wp-json\/wp\/v2\/media\/4366"}],"wp:attachment":[{"href":"https:\/\/svilupporaytech.com\/de\/wp-json\/wp\/v2\/media?parent=6702"}],"wp:term":[{"taxonomy":"product_cat","embeddable":true,"href":"https:\/\/svilupporaytech.com\/de\/wp-json\/wp\/v2\/product_cat?post=6702"},{"taxonomy":"product_tag","embeddable":true,"href":"https:\/\/svilupporaytech.com\/de\/wp-json\/wp\/v2\/product_tag?post=6702"}],"curies":[{"name":"wp","href":"https:\/\/api.w.org\/{rel}","templated":true}]}}