{"id":6715,"date":"2015-07-16T13:17:24","date_gmt":"2015-12-23T15:40:06","guid":{"rendered":"https:\/\/svilupporaytech.com\/?post_type=product&#038;p=6715&#038;lang=de"},"modified":"2019-12-21T16:43:35","modified_gmt":"2019-12-21T15:43:35","slug":"galactic-mammut-security","status":"publish","type":"product","link":"https:\/\/svilupporaytech.com\/de\/produkt\/niederspannung\/spezialprodukte\/kit-fuer-elektrischen-anlagen\/galactic-mammut-security\/","title":{"rendered":"Galactic Mammut Security"},"content":{"rendered":"<h4><span style=\"color: #009832;\">Verbindungs-Set<\/span><\/h4>\n<p>Galactic Mammut Security ist ein extrem kompaktes Zubeh\u00f6r, das f\u00fcr die L\u00f6sung aller Probleme hinsichtlich Isolierung, Versiegelung und Sicherung von Verbindungen geeignet ist, die mit Klemmleiste des Typs Mammut oder mit Spiralwicklung durchgef\u00fchrt wurden. Es wird komplett mit Mammut-Verbindungen zu 4 mm2 geliefert, f\u00fcr die schnelle und sichere Verbindung der Leiter. F\u00fcr jede Art der Anwendung geeignet, vom Hausgebrauch bis zur industriellen Anwendung, um fliegende oder sogar offenliegende Verbindungen zu sichern. F\u00fcr die schnelle Reparatur von besch\u00e4digten Kabeln und Verl\u00e4ngerungen, die Sicherheit der Anlagen in G\u00e4rten, in Schaltk\u00e4sten und unter den elektrischen Haushaltsger\u00e4ten in der K\u00fcche, usw. Ungiftig, keine Haltbarkeitsbegrenzung, leicht wieder zug\u00e4nglich, absolut versiegelt, unbegrenzte Lagerhaltbarkeit. Einmal geschlossen ist die interne Verbindung umgehend blockiert. Auch in der K\u00fcche oder in Wartungsr\u00e4umen ist Galactic Mammut unverzichtbar, insbesondere wenn der Bereich feucht ist.<\/p>\n<ul>\n<li><span style=\"color: #009832;\">Schluss mit dem kabelgewirr oder offenliegenden verbindern!<\/span><\/li>\n<li><span style=\"color: #009832;\">Die sicheren, zuverl\u00e4ssigen und schnellen l\u00f6sungen heissen Galactic Mammut Security<\/span><\/li>\n<\/ul>\n","protected":false},"excerpt":{"rendered":"<p>Verbindungs-Set Galactic Mammut Security ist ein extrem kompaktes Zubeh\u00f6r, das f\u00fcr die L\u00f6sung aller Probleme hinsichtlich Isolierung, Versiegelung und Sicherung von Verbindungen geeignet ist, die mit Klemmleiste des Typs Mammut<span class=\"excerpt-hellip\"> [\u2026]<\/span><\/p>\n","protected":false},"featured_media":4050,"template":"","meta":[],"product_cat":[280,301,302],"product_tag":[],"yoast_head":"<!-- This site is optimized with the Yoast SEO plugin v22.7 - https:\/\/yoast.com\/wordpress\/plugins\/seo\/ -->\n<title>Galactic Mammut Security | Raytech<\/title>\n<meta name=\"robots\" content=\"index, follow, max-snippet:-1, max-image-preview:large, max-video-preview:-1\" \/>\n<link rel=\"canonical\" href=\"https:\/\/svilupporaytech.com\/de\/produkt\/niederspannung\/spezialprodukte\/kit-fuer-elektrischen-anlagen\/galactic-mammut-security\/\" \/>\n<meta property=\"og:locale\" content=\"de_DE\" \/>\n<meta property=\"og:type\" content=\"article\" \/>\n<meta property=\"og:title\" content=\"Galactic Mammut Security | Raytech\" \/>\n<meta property=\"og:description\" content=\"Verbindungs-Set Galactic Mammut Security ist ein extrem kompaktes Zubeh\u00f6r, das f\u00fcr die L\u00f6sung aller Probleme hinsichtlich Isolierung, Versiegelung und Sicherung von Verbindungen geeignet ist, die mit Klemmleiste des Typs Mammut [\u2026]\" \/>\n<meta property=\"og:url\" content=\"https:\/\/svilupporaytech.com\/de\/produkt\/niederspannung\/spezialprodukte\/kit-fuer-elektrischen-anlagen\/galactic-mammut-security\/\" \/>\n<meta property=\"og:site_name\" content=\"Raytech\" \/>\n<meta property=\"article:modified_time\" content=\"2019-12-21T15:43:35+00:00\" \/>\n<meta property=\"og:image\" content=\"https:\/\/svilupporaytech.com\/wp-content\/uploads\/galactic-mammut-security-1.jpg\" \/>\n\t<meta property=\"og:image:width\" content=\"1024\" \/>\n\t<meta property=\"og:image:height\" content=\"1024\" \/>\n\t<meta property=\"og:image:type\" content=\"image\/jpeg\" \/>\n<meta name=\"twitter:card\" content=\"summary_large_image\" \/>\n<meta name=\"twitter:label1\" content=\"Gesch\u00e4tzte Lesezeit\" \/>\n\t<meta name=\"twitter:data1\" content=\"1\u00a0Minute\" \/>\n<script type=\"application\/ld+json\" class=\"yoast-schema-graph\">{\"@context\":\"https:\/\/schema.org\",\"@graph\":[{\"@type\":\"WebPage\",\"@id\":\"https:\/\/svilupporaytech.com\/de\/produkt\/niederspannung\/spezialprodukte\/kit-fuer-elektrischen-anlagen\/galactic-mammut-security\/\",\"url\":\"https:\/\/svilupporaytech.com\/de\/produkt\/niederspannung\/spezialprodukte\/kit-fuer-elektrischen-anlagen\/galactic-mammut-security\/\",\"name\":\"Galactic Mammut Security | Raytech\",\"isPartOf\":{\"@id\":\"https:\/\/svilupporaytech.com\/#website\"},\"primaryImageOfPage\":{\"@id\":\"https:\/\/svilupporaytech.com\/de\/produkt\/niederspannung\/spezialprodukte\/kit-fuer-elektrischen-anlagen\/galactic-mammut-security\/#primaryimage\"},\"image\":{\"@id\":\"https:\/\/svilupporaytech.com\/de\/produkt\/niederspannung\/spezialprodukte\/kit-fuer-elektrischen-anlagen\/galactic-mammut-security\/#primaryimage\"},\"thumbnailUrl\":\"https:\/\/svilupporaytech.com\/wp-content\/uploads\/galactic-mammut-security-1.jpg\",\"datePublished\":\"2015-12-23T15:40:06+00:00\",\"dateModified\":\"2019-12-21T15:43:35+00:00\",\"breadcrumb\":{\"@id\":\"https:\/\/svilupporaytech.com\/de\/produkt\/niederspannung\/spezialprodukte\/kit-fuer-elektrischen-anlagen\/galactic-mammut-security\/#breadcrumb\"},\"inLanguage\":\"de\",\"potentialAction\":[{\"@type\":\"ReadAction\",\"target\":[\"https:\/\/svilupporaytech.com\/de\/produkt\/niederspannung\/spezialprodukte\/kit-fuer-elektrischen-anlagen\/galactic-mammut-security\/\"]}]},{\"@type\":\"ImageObject\",\"inLanguage\":\"de\",\"@id\":\"https:\/\/svilupporaytech.com\/de\/produkt\/niederspannung\/spezialprodukte\/kit-fuer-elektrischen-anlagen\/galactic-mammut-security\/#primaryimage\",\"url\":\"https:\/\/svilupporaytech.com\/wp-content\/uploads\/galactic-mammut-security-1.jpg\",\"contentUrl\":\"https:\/\/svilupporaytech.com\/wp-content\/uploads\/galactic-mammut-security-1.jpg\",\"width\":1024,\"height\":1024},{\"@type\":\"BreadcrumbList\",\"@id\":\"https:\/\/svilupporaytech.com\/de\/produkt\/niederspannung\/spezialprodukte\/kit-fuer-elektrischen-anlagen\/galactic-mammut-security\/#breadcrumb\",\"itemListElement\":[{\"@type\":\"ListItem\",\"position\":1,\"name\":\"Home\",\"item\":\"https:\/\/svilupporaytech.com\/de\/\"},{\"@type\":\"ListItem\",\"position\":2,\"name\":\"Shop\",\"item\":\"https:\/\/svilupporaytech.com\/de\/shop\/\"},{\"@type\":\"ListItem\",\"position\":3,\"name\":\"Galactic Mammut Security\"}]},{\"@type\":\"WebSite\",\"@id\":\"https:\/\/svilupporaytech.com\/#website\",\"url\":\"https:\/\/svilupporaytech.com\/\",\"name\":\"Raytech\",\"description\":\"Cable accessories company\",\"potentialAction\":[{\"@type\":\"SearchAction\",\"target\":{\"@type\":\"EntryPoint\",\"urlTemplate\":\"https:\/\/svilupporaytech.com\/?s={search_term_string}\"},\"query-input\":\"required name=search_term_string\"}],\"inLanguage\":\"de\"}]}<\/script>\n<!-- \/ Yoast SEO plugin. -->","yoast_head_json":{"title":"Galactic Mammut Security | Raytech","robots":{"index":"index","follow":"follow","max-snippet":"max-snippet:-1","max-image-preview":"max-image-preview:large","max-video-preview":"max-video-preview:-1"},"canonical":"https:\/\/svilupporaytech.com\/de\/produkt\/niederspannung\/spezialprodukte\/kit-fuer-elektrischen-anlagen\/galactic-mammut-security\/","og_locale":"de_DE","og_type":"article","og_title":"Galactic Mammut Security | Raytech","og_description":"Verbindungs-Set Galactic Mammut Security ist ein extrem kompaktes Zubeh\u00f6r, das f\u00fcr die L\u00f6sung aller Probleme hinsichtlich Isolierung, Versiegelung und Sicherung von Verbindungen geeignet ist, die mit Klemmleiste des Typs Mammut [\u2026]","og_url":"https:\/\/svilupporaytech.com\/de\/produkt\/niederspannung\/spezialprodukte\/kit-fuer-elektrischen-anlagen\/galactic-mammut-security\/","og_site_name":"Raytech","article_modified_time":"2019-12-21T15:43:35+00:00","og_image":[{"width":1024,"height":1024,"url":"https:\/\/svilupporaytech.com\/wp-content\/uploads\/galactic-mammut-security-1.jpg","type":"image\/jpeg"}],"twitter_card":"summary_large_image","twitter_misc":{"Gesch\u00e4tzte Lesezeit":"1\u00a0Minute"},"schema":{"@context":"https:\/\/schema.org","@graph":[{"@type":"WebPage","@id":"https:\/\/svilupporaytech.com\/de\/produkt\/niederspannung\/spezialprodukte\/kit-fuer-elektrischen-anlagen\/galactic-mammut-security\/","url":"https:\/\/svilupporaytech.com\/de\/produkt\/niederspannung\/spezialprodukte\/kit-fuer-elektrischen-anlagen\/galactic-mammut-security\/","name":"Galactic Mammut Security | Raytech","isPartOf":{"@id":"https:\/\/svilupporaytech.com\/#website"},"primaryImageOfPage":{"@id":"https:\/\/svilupporaytech.com\/de\/produkt\/niederspannung\/spezialprodukte\/kit-fuer-elektrischen-anlagen\/galactic-mammut-security\/#primaryimage"},"image":{"@id":"https:\/\/svilupporaytech.com\/de\/produkt\/niederspannung\/spezialprodukte\/kit-fuer-elektrischen-anlagen\/galactic-mammut-security\/#primaryimage"},"thumbnailUrl":"https:\/\/svilupporaytech.com\/wp-content\/uploads\/galactic-mammut-security-1.jpg","datePublished":"2015-12-23T15:40:06+00:00","dateModified":"2019-12-21T15:43:35+00:00","breadcrumb":{"@id":"https:\/\/svilupporaytech.com\/de\/produkt\/niederspannung\/spezialprodukte\/kit-fuer-elektrischen-anlagen\/galactic-mammut-security\/#breadcrumb"},"inLanguage":"de","potentialAction":[{"@type":"ReadAction","target":["https:\/\/svilupporaytech.com\/de\/produkt\/niederspannung\/spezialprodukte\/kit-fuer-elektrischen-anlagen\/galactic-mammut-security\/"]}]},{"@type":"ImageObject","inLanguage":"de","@id":"https:\/\/svilupporaytech.com\/de\/produkt\/niederspannung\/spezialprodukte\/kit-fuer-elektrischen-anlagen\/galactic-mammut-security\/#primaryimage","url":"https:\/\/svilupporaytech.com\/wp-content\/uploads\/galactic-mammut-security-1.jpg","contentUrl":"https:\/\/svilupporaytech.com\/wp-content\/uploads\/galactic-mammut-security-1.jpg","width":1024,"height":1024},{"@type":"BreadcrumbList","@id":"https:\/\/svilupporaytech.com\/de\/produkt\/niederspannung\/spezialprodukte\/kit-fuer-elektrischen-anlagen\/galactic-mammut-security\/#breadcrumb","itemListElement":[{"@type":"ListItem","position":1,"name":"Home","item":"https:\/\/svilupporaytech.com\/de\/"},{"@type":"ListItem","position":2,"name":"Shop","item":"https:\/\/svilupporaytech.com\/de\/shop\/"},{"@type":"ListItem","position":3,"name":"Galactic Mammut Security"}]},{"@type":"WebSite","@id":"https:\/\/svilupporaytech.com\/#website","url":"https:\/\/svilupporaytech.com\/","name":"Raytech","description":"Cable accessories company","potentialAction":[{"@type":"SearchAction","target":{"@type":"EntryPoint","urlTemplate":"https:\/\/svilupporaytech.com\/?s={search_term_string}"},"query-input":"required name=search_term_string"}],"inLanguage":"de"}]}},"_links":{"self":[{"href":"https:\/\/svilupporaytech.com\/de\/wp-json\/wp\/v2\/product\/6715"}],"collection":[{"href":"https:\/\/svilupporaytech.com\/de\/wp-json\/wp\/v2\/product"}],"about":[{"href":"https:\/\/svilupporaytech.com\/de\/wp-json\/wp\/v2\/types\/product"}],"wp:featuredmedia":[{"embeddable":true,"href":"https:\/\/svilupporaytech.com\/de\/wp-json\/wp\/v2\/media\/4050"}],"wp:attachment":[{"href":"https:\/\/svilupporaytech.com\/de\/wp-json\/wp\/v2\/media?parent=6715"}],"wp:term":[{"taxonomy":"product_cat","embeddable":true,"href":"https:\/\/svilupporaytech.com\/de\/wp-json\/wp\/v2\/product_cat?post=6715"},{"taxonomy":"product_tag","embeddable":true,"href":"https:\/\/svilupporaytech.com\/de\/wp-json\/wp\/v2\/product_tag?post=6715"}],"curies":[{"name":"wp","href":"https:\/\/api.w.org\/{rel}","templated":true}]}}