{"id":6716,"date":"2015-07-16T13:19:11","date_gmt":"2015-12-23T15:41:16","guid":{"rendered":"https:\/\/svilupporaytech.com\/?post_type=product&#038;p=6716&#038;lang=de"},"modified":"2019-12-21T16:46:30","modified_gmt":"2019-12-21T15:46:30","slug":"galactic-protection","status":"publish","type":"product","link":"https:\/\/svilupporaytech.com\/de\/produkt\/niederspannung\/spezialprodukte\/kit-fuer-elektrischen-anlagen\/galactic-protection\/","title":{"rendered":"Galactic Protection"},"content":{"rendered":"<h4><span style=\"color: #009832;\">Zweikomponenten-Gummi f\u00fcr den Schutz von gedruckten Schaltungen gegen das Eindringen von Tieren<\/span><\/h4>\n<p>Ein Schutz f\u00fcr gedruckte Schaltungen, die insbesondere Staub und dem Eindringen von Tieren (Insekten, Schnecken, Schlangen usw. beispielsweise in den K\u00e4sten von automatischen Toranalagen) ausgesetzt sind. Opak aber leicht lichtdurchl\u00e4ssig erlaubt er die Abdeckung und bildet einen Schutzfilm. Er kann auch nur teilweise von der Oberfl\u00e4che entfernt werden (haftet ohne zu kleben), um auf das darunter liegende Teil zugreifen zu k\u00f6nnen. Anschlie\u00dfend wird das ausgetauschte Teil mit einem neuen Material bedeckt, das perfekt auf dem alten haftet. Bestehend aus Zweikomponenten-Gummi, ungiftig und sicher, unbegrenzte Lagerhaltbarkeit, isolierend sowie UV- und alterungsbest\u00e4ndig.<\/p>\n","protected":false},"excerpt":{"rendered":"<p>Zweikomponenten-Gummi f\u00fcr den Schutz von gedruckten Schaltungen gegen das Eindringen von Tieren Ein Schutz f\u00fcr gedruckte Schaltungen, die insbesondere Staub und dem Eindringen von Tieren (Insekten, Schnecken, Schlangen usw. beispielsweise<span class=\"excerpt-hellip\"> [\u2026]<\/span><\/p>\n","protected":false},"featured_media":4116,"template":"","meta":[],"product_cat":[280,301,302],"product_tag":[],"yoast_head":"<!-- This site is optimized with the Yoast SEO plugin v22.7 - https:\/\/yoast.com\/wordpress\/plugins\/seo\/ -->\n<title>Galactic Protection | Raytech<\/title>\n<meta name=\"robots\" content=\"index, follow, max-snippet:-1, max-image-preview:large, max-video-preview:-1\" \/>\n<link rel=\"canonical\" href=\"https:\/\/svilupporaytech.com\/de\/produkt\/niederspannung\/spezialprodukte\/kit-fuer-elektrischen-anlagen\/galactic-protection\/\" \/>\n<meta property=\"og:locale\" content=\"de_DE\" \/>\n<meta property=\"og:type\" content=\"article\" \/>\n<meta property=\"og:title\" content=\"Galactic Protection | Raytech\" \/>\n<meta property=\"og:description\" content=\"Zweikomponenten-Gummi f\u00fcr den Schutz von gedruckten Schaltungen gegen das Eindringen von Tieren Ein Schutz f\u00fcr gedruckte Schaltungen, die insbesondere Staub und dem Eindringen von Tieren (Insekten, Schnecken, Schlangen usw. beispielsweise [\u2026]\" \/>\n<meta property=\"og:url\" content=\"https:\/\/svilupporaytech.com\/de\/produkt\/niederspannung\/spezialprodukte\/kit-fuer-elektrischen-anlagen\/galactic-protection\/\" \/>\n<meta property=\"og:site_name\" content=\"Raytech\" \/>\n<meta property=\"article:modified_time\" content=\"2019-12-21T15:46:30+00:00\" \/>\n<meta property=\"og:image\" content=\"https:\/\/svilupporaytech.com\/wp-content\/uploads\/galactic-protection-1.jpg\" \/>\n\t<meta property=\"og:image:width\" content=\"1024\" \/>\n\t<meta property=\"og:image:height\" content=\"1024\" \/>\n\t<meta property=\"og:image:type\" content=\"image\/jpeg\" \/>\n<meta name=\"twitter:card\" content=\"summary_large_image\" \/>\n<meta name=\"twitter:label1\" content=\"Gesch\u00e4tzte Lesezeit\" \/>\n\t<meta name=\"twitter:data1\" content=\"1\u00a0Minute\" \/>\n<script type=\"application\/ld+json\" class=\"yoast-schema-graph\">{\"@context\":\"https:\/\/schema.org\",\"@graph\":[{\"@type\":\"WebPage\",\"@id\":\"https:\/\/svilupporaytech.com\/de\/produkt\/niederspannung\/spezialprodukte\/kit-fuer-elektrischen-anlagen\/galactic-protection\/\",\"url\":\"https:\/\/svilupporaytech.com\/de\/produkt\/niederspannung\/spezialprodukte\/kit-fuer-elektrischen-anlagen\/galactic-protection\/\",\"name\":\"Galactic Protection | Raytech\",\"isPartOf\":{\"@id\":\"https:\/\/svilupporaytech.com\/#website\"},\"primaryImageOfPage\":{\"@id\":\"https:\/\/svilupporaytech.com\/de\/produkt\/niederspannung\/spezialprodukte\/kit-fuer-elektrischen-anlagen\/galactic-protection\/#primaryimage\"},\"image\":{\"@id\":\"https:\/\/svilupporaytech.com\/de\/produkt\/niederspannung\/spezialprodukte\/kit-fuer-elektrischen-anlagen\/galactic-protection\/#primaryimage\"},\"thumbnailUrl\":\"https:\/\/svilupporaytech.com\/wp-content\/uploads\/galactic-protection-1.jpg\",\"datePublished\":\"2015-12-23T15:41:16+00:00\",\"dateModified\":\"2019-12-21T15:46:30+00:00\",\"breadcrumb\":{\"@id\":\"https:\/\/svilupporaytech.com\/de\/produkt\/niederspannung\/spezialprodukte\/kit-fuer-elektrischen-anlagen\/galactic-protection\/#breadcrumb\"},\"inLanguage\":\"de\",\"potentialAction\":[{\"@type\":\"ReadAction\",\"target\":[\"https:\/\/svilupporaytech.com\/de\/produkt\/niederspannung\/spezialprodukte\/kit-fuer-elektrischen-anlagen\/galactic-protection\/\"]}]},{\"@type\":\"ImageObject\",\"inLanguage\":\"de\",\"@id\":\"https:\/\/svilupporaytech.com\/de\/produkt\/niederspannung\/spezialprodukte\/kit-fuer-elektrischen-anlagen\/galactic-protection\/#primaryimage\",\"url\":\"https:\/\/svilupporaytech.com\/wp-content\/uploads\/galactic-protection-1.jpg\",\"contentUrl\":\"https:\/\/svilupporaytech.com\/wp-content\/uploads\/galactic-protection-1.jpg\",\"width\":1024,\"height\":1024},{\"@type\":\"BreadcrumbList\",\"@id\":\"https:\/\/svilupporaytech.com\/de\/produkt\/niederspannung\/spezialprodukte\/kit-fuer-elektrischen-anlagen\/galactic-protection\/#breadcrumb\",\"itemListElement\":[{\"@type\":\"ListItem\",\"position\":1,\"name\":\"Home\",\"item\":\"https:\/\/svilupporaytech.com\/de\/\"},{\"@type\":\"ListItem\",\"position\":2,\"name\":\"Shop\",\"item\":\"https:\/\/svilupporaytech.com\/de\/shop\/\"},{\"@type\":\"ListItem\",\"position\":3,\"name\":\"Galactic Protection\"}]},{\"@type\":\"WebSite\",\"@id\":\"https:\/\/svilupporaytech.com\/#website\",\"url\":\"https:\/\/svilupporaytech.com\/\",\"name\":\"Raytech\",\"description\":\"Cable accessories company\",\"potentialAction\":[{\"@type\":\"SearchAction\",\"target\":{\"@type\":\"EntryPoint\",\"urlTemplate\":\"https:\/\/svilupporaytech.com\/?s={search_term_string}\"},\"query-input\":\"required name=search_term_string\"}],\"inLanguage\":\"de\"}]}<\/script>\n<!-- \/ Yoast SEO plugin. -->","yoast_head_json":{"title":"Galactic Protection | Raytech","robots":{"index":"index","follow":"follow","max-snippet":"max-snippet:-1","max-image-preview":"max-image-preview:large","max-video-preview":"max-video-preview:-1"},"canonical":"https:\/\/svilupporaytech.com\/de\/produkt\/niederspannung\/spezialprodukte\/kit-fuer-elektrischen-anlagen\/galactic-protection\/","og_locale":"de_DE","og_type":"article","og_title":"Galactic Protection | Raytech","og_description":"Zweikomponenten-Gummi f\u00fcr den Schutz von gedruckten Schaltungen gegen das Eindringen von Tieren Ein Schutz f\u00fcr gedruckte Schaltungen, die insbesondere Staub und dem Eindringen von Tieren (Insekten, Schnecken, Schlangen usw. beispielsweise [\u2026]","og_url":"https:\/\/svilupporaytech.com\/de\/produkt\/niederspannung\/spezialprodukte\/kit-fuer-elektrischen-anlagen\/galactic-protection\/","og_site_name":"Raytech","article_modified_time":"2019-12-21T15:46:30+00:00","og_image":[{"width":1024,"height":1024,"url":"https:\/\/svilupporaytech.com\/wp-content\/uploads\/galactic-protection-1.jpg","type":"image\/jpeg"}],"twitter_card":"summary_large_image","twitter_misc":{"Gesch\u00e4tzte Lesezeit":"1\u00a0Minute"},"schema":{"@context":"https:\/\/schema.org","@graph":[{"@type":"WebPage","@id":"https:\/\/svilupporaytech.com\/de\/produkt\/niederspannung\/spezialprodukte\/kit-fuer-elektrischen-anlagen\/galactic-protection\/","url":"https:\/\/svilupporaytech.com\/de\/produkt\/niederspannung\/spezialprodukte\/kit-fuer-elektrischen-anlagen\/galactic-protection\/","name":"Galactic Protection | Raytech","isPartOf":{"@id":"https:\/\/svilupporaytech.com\/#website"},"primaryImageOfPage":{"@id":"https:\/\/svilupporaytech.com\/de\/produkt\/niederspannung\/spezialprodukte\/kit-fuer-elektrischen-anlagen\/galactic-protection\/#primaryimage"},"image":{"@id":"https:\/\/svilupporaytech.com\/de\/produkt\/niederspannung\/spezialprodukte\/kit-fuer-elektrischen-anlagen\/galactic-protection\/#primaryimage"},"thumbnailUrl":"https:\/\/svilupporaytech.com\/wp-content\/uploads\/galactic-protection-1.jpg","datePublished":"2015-12-23T15:41:16+00:00","dateModified":"2019-12-21T15:46:30+00:00","breadcrumb":{"@id":"https:\/\/svilupporaytech.com\/de\/produkt\/niederspannung\/spezialprodukte\/kit-fuer-elektrischen-anlagen\/galactic-protection\/#breadcrumb"},"inLanguage":"de","potentialAction":[{"@type":"ReadAction","target":["https:\/\/svilupporaytech.com\/de\/produkt\/niederspannung\/spezialprodukte\/kit-fuer-elektrischen-anlagen\/galactic-protection\/"]}]},{"@type":"ImageObject","inLanguage":"de","@id":"https:\/\/svilupporaytech.com\/de\/produkt\/niederspannung\/spezialprodukte\/kit-fuer-elektrischen-anlagen\/galactic-protection\/#primaryimage","url":"https:\/\/svilupporaytech.com\/wp-content\/uploads\/galactic-protection-1.jpg","contentUrl":"https:\/\/svilupporaytech.com\/wp-content\/uploads\/galactic-protection-1.jpg","width":1024,"height":1024},{"@type":"BreadcrumbList","@id":"https:\/\/svilupporaytech.com\/de\/produkt\/niederspannung\/spezialprodukte\/kit-fuer-elektrischen-anlagen\/galactic-protection\/#breadcrumb","itemListElement":[{"@type":"ListItem","position":1,"name":"Home","item":"https:\/\/svilupporaytech.com\/de\/"},{"@type":"ListItem","position":2,"name":"Shop","item":"https:\/\/svilupporaytech.com\/de\/shop\/"},{"@type":"ListItem","position":3,"name":"Galactic Protection"}]},{"@type":"WebSite","@id":"https:\/\/svilupporaytech.com\/#website","url":"https:\/\/svilupporaytech.com\/","name":"Raytech","description":"Cable accessories company","potentialAction":[{"@type":"SearchAction","target":{"@type":"EntryPoint","urlTemplate":"https:\/\/svilupporaytech.com\/?s={search_term_string}"},"query-input":"required name=search_term_string"}],"inLanguage":"de"}]}},"_links":{"self":[{"href":"https:\/\/svilupporaytech.com\/de\/wp-json\/wp\/v2\/product\/6716"}],"collection":[{"href":"https:\/\/svilupporaytech.com\/de\/wp-json\/wp\/v2\/product"}],"about":[{"href":"https:\/\/svilupporaytech.com\/de\/wp-json\/wp\/v2\/types\/product"}],"wp:featuredmedia":[{"embeddable":true,"href":"https:\/\/svilupporaytech.com\/de\/wp-json\/wp\/v2\/media\/4116"}],"wp:attachment":[{"href":"https:\/\/svilupporaytech.com\/de\/wp-json\/wp\/v2\/media?parent=6716"}],"wp:term":[{"taxonomy":"product_cat","embeddable":true,"href":"https:\/\/svilupporaytech.com\/de\/wp-json\/wp\/v2\/product_cat?post=6716"},{"taxonomy":"product_tag","embeddable":true,"href":"https:\/\/svilupporaytech.com\/de\/wp-json\/wp\/v2\/product_tag?post=6716"}],"curies":[{"name":"wp","href":"https:\/\/api.w.org\/{rel}","templated":true}]}}