{"id":6765,"date":"2015-07-16T13:09:11","date_gmt":"2015-12-28T11:01:19","guid":{"rendered":"https:\/\/svilupporaytech.com\/?post_type=product&#038;p=6765&#038;lang=de"},"modified":"2015-12-28T11:01:19","modified_gmt":"2015-12-28T11:01:19","slug":"feuerbestaendige-flammensperre-fuer-abdeckung-der-schalter","status":"publish","type":"product","link":"https:\/\/svilupporaytech.com\/de\/produkt\/niederspannung\/flammschutzbarrieren\/feuerbestaendige-flammensperre-fuer-abdeckung-der-schalter\/","title":{"rendered":"Feuerbest\u00e4ndige Flammensperre f\u00fcr Abdeckung der Schalter"},"content":{"rendered":"<h4><span style=\"color: #009832;\">FSCI<br \/>\nFeuerbest\u00e4ndige Flammensperre f\u00fcr Abdeckung der Schalter<\/span><\/h4>\n<p>Nicht brennbare d\u00e4mmschichtbildende Abschirmung zur Abdeckung von Schaltern und Steckdoseneins\u00e4tzen, die die Feuerbest\u00e4ndigkeit der W\u00e4nde aufrechterh\u00e4lt. Enth\u00e4lt ein Schaltgeh\u00e4use vom Typ 503. Verringert die Temperatur im Zwischenraum der Gipskartonwand.<\/p>\n<ul>\n<li><span style=\"color: #009832;\">Verpackt mit unbrennbaren Fasern und d\u00e4mmschichtbildenden F\u00fcllstoffen<\/span><\/li>\n<li><span style=\"color: #009832;\">Sch\u00fctzt vor der Ausbreitung von Br\u00e4nden<\/span><\/li>\n<\/ul>\n","protected":false},"excerpt":{"rendered":"<p>Dimensioni 150&#215;150<\/p>\n","protected":false},"featured_media":1578,"template":"","meta":[],"product_cat":[280,281],"product_tag":[],"yoast_head":"<!-- This site is optimized with the Yoast SEO plugin v22.7 - https:\/\/yoast.com\/wordpress\/plugins\/seo\/ -->\n<title>Feuerbest\u00e4ndige Flammensperre f\u00fcr Abdeckung der Schalter | Raytech<\/title>\n<meta name=\"robots\" content=\"index, follow, max-snippet:-1, max-image-preview:large, max-video-preview:-1\" \/>\n<link rel=\"canonical\" href=\"https:\/\/svilupporaytech.com\/de\/produkt\/niederspannung\/flammschutzbarrieren\/feuerbestaendige-flammensperre-fuer-abdeckung-der-schalter\/\" \/>\n<meta property=\"og:locale\" content=\"de_DE\" \/>\n<meta property=\"og:type\" content=\"article\" \/>\n<meta property=\"og:title\" content=\"Feuerbest\u00e4ndige Flammensperre f\u00fcr Abdeckung der Schalter | Raytech\" \/>\n<meta property=\"og:description\" content=\"Dimensioni 150x150\" \/>\n<meta property=\"og:url\" content=\"https:\/\/svilupporaytech.com\/de\/produkt\/niederspannung\/flammschutzbarrieren\/feuerbestaendige-flammensperre-fuer-abdeckung-der-schalter\/\" \/>\n<meta property=\"og:site_name\" content=\"Raytech\" \/>\n<meta property=\"og:image\" content=\"https:\/\/svilupporaytech.com\/wp-content\/uploads\/fsci.jpg\" \/>\n\t<meta property=\"og:image:width\" content=\"500\" \/>\n\t<meta property=\"og:image:height\" content=\"500\" \/>\n\t<meta property=\"og:image:type\" content=\"image\/jpeg\" \/>\n<meta name=\"twitter:card\" content=\"summary_large_image\" \/>\n<script type=\"application\/ld+json\" class=\"yoast-schema-graph\">{\"@context\":\"https:\/\/schema.org\",\"@graph\":[{\"@type\":\"WebPage\",\"@id\":\"https:\/\/svilupporaytech.com\/de\/produkt\/niederspannung\/flammschutzbarrieren\/feuerbestaendige-flammensperre-fuer-abdeckung-der-schalter\/\",\"url\":\"https:\/\/svilupporaytech.com\/de\/produkt\/niederspannung\/flammschutzbarrieren\/feuerbestaendige-flammensperre-fuer-abdeckung-der-schalter\/\",\"name\":\"Feuerbest\u00e4ndige Flammensperre f\u00fcr Abdeckung der Schalter | Raytech\",\"isPartOf\":{\"@id\":\"https:\/\/svilupporaytech.com\/#website\"},\"primaryImageOfPage\":{\"@id\":\"https:\/\/svilupporaytech.com\/de\/produkt\/niederspannung\/flammschutzbarrieren\/feuerbestaendige-flammensperre-fuer-abdeckung-der-schalter\/#primaryimage\"},\"image\":{\"@id\":\"https:\/\/svilupporaytech.com\/de\/produkt\/niederspannung\/flammschutzbarrieren\/feuerbestaendige-flammensperre-fuer-abdeckung-der-schalter\/#primaryimage\"},\"thumbnailUrl\":\"https:\/\/svilupporaytech.com\/wp-content\/uploads\/fsci.jpg\",\"datePublished\":\"2015-12-28T11:01:19+00:00\",\"dateModified\":\"2015-12-28T11:01:19+00:00\",\"breadcrumb\":{\"@id\":\"https:\/\/svilupporaytech.com\/de\/produkt\/niederspannung\/flammschutzbarrieren\/feuerbestaendige-flammensperre-fuer-abdeckung-der-schalter\/#breadcrumb\"},\"inLanguage\":\"de\",\"potentialAction\":[{\"@type\":\"ReadAction\",\"target\":[\"https:\/\/svilupporaytech.com\/de\/produkt\/niederspannung\/flammschutzbarrieren\/feuerbestaendige-flammensperre-fuer-abdeckung-der-schalter\/\"]}]},{\"@type\":\"ImageObject\",\"inLanguage\":\"de\",\"@id\":\"https:\/\/svilupporaytech.com\/de\/produkt\/niederspannung\/flammschutzbarrieren\/feuerbestaendige-flammensperre-fuer-abdeckung-der-schalter\/#primaryimage\",\"url\":\"https:\/\/svilupporaytech.com\/wp-content\/uploads\/fsci.jpg\",\"contentUrl\":\"https:\/\/svilupporaytech.com\/wp-content\/uploads\/fsci.jpg\",\"width\":500,\"height\":500},{\"@type\":\"BreadcrumbList\",\"@id\":\"https:\/\/svilupporaytech.com\/de\/produkt\/niederspannung\/flammschutzbarrieren\/feuerbestaendige-flammensperre-fuer-abdeckung-der-schalter\/#breadcrumb\",\"itemListElement\":[{\"@type\":\"ListItem\",\"position\":1,\"name\":\"Home\",\"item\":\"https:\/\/svilupporaytech.com\/de\/\"},{\"@type\":\"ListItem\",\"position\":2,\"name\":\"Shop\",\"item\":\"https:\/\/svilupporaytech.com\/de\/shop\/\"},{\"@type\":\"ListItem\",\"position\":3,\"name\":\"Feuerbest\u00e4ndige Flammensperre f\u00fcr Abdeckung der Schalter\"}]},{\"@type\":\"WebSite\",\"@id\":\"https:\/\/svilupporaytech.com\/#website\",\"url\":\"https:\/\/svilupporaytech.com\/\",\"name\":\"Raytech\",\"description\":\"Cable accessories company\",\"potentialAction\":[{\"@type\":\"SearchAction\",\"target\":{\"@type\":\"EntryPoint\",\"urlTemplate\":\"https:\/\/svilupporaytech.com\/?s={search_term_string}\"},\"query-input\":\"required name=search_term_string\"}],\"inLanguage\":\"de\"}]}<\/script>\n<!-- \/ Yoast SEO plugin. -->","yoast_head_json":{"title":"Feuerbest\u00e4ndige Flammensperre f\u00fcr Abdeckung der Schalter | Raytech","robots":{"index":"index","follow":"follow","max-snippet":"max-snippet:-1","max-image-preview":"max-image-preview:large","max-video-preview":"max-video-preview:-1"},"canonical":"https:\/\/svilupporaytech.com\/de\/produkt\/niederspannung\/flammschutzbarrieren\/feuerbestaendige-flammensperre-fuer-abdeckung-der-schalter\/","og_locale":"de_DE","og_type":"article","og_title":"Feuerbest\u00e4ndige Flammensperre f\u00fcr Abdeckung der Schalter | Raytech","og_description":"Dimensioni 150x150","og_url":"https:\/\/svilupporaytech.com\/de\/produkt\/niederspannung\/flammschutzbarrieren\/feuerbestaendige-flammensperre-fuer-abdeckung-der-schalter\/","og_site_name":"Raytech","og_image":[{"width":500,"height":500,"url":"https:\/\/svilupporaytech.com\/wp-content\/uploads\/fsci.jpg","type":"image\/jpeg"}],"twitter_card":"summary_large_image","schema":{"@context":"https:\/\/schema.org","@graph":[{"@type":"WebPage","@id":"https:\/\/svilupporaytech.com\/de\/produkt\/niederspannung\/flammschutzbarrieren\/feuerbestaendige-flammensperre-fuer-abdeckung-der-schalter\/","url":"https:\/\/svilupporaytech.com\/de\/produkt\/niederspannung\/flammschutzbarrieren\/feuerbestaendige-flammensperre-fuer-abdeckung-der-schalter\/","name":"Feuerbest\u00e4ndige Flammensperre f\u00fcr Abdeckung der Schalter | Raytech","isPartOf":{"@id":"https:\/\/svilupporaytech.com\/#website"},"primaryImageOfPage":{"@id":"https:\/\/svilupporaytech.com\/de\/produkt\/niederspannung\/flammschutzbarrieren\/feuerbestaendige-flammensperre-fuer-abdeckung-der-schalter\/#primaryimage"},"image":{"@id":"https:\/\/svilupporaytech.com\/de\/produkt\/niederspannung\/flammschutzbarrieren\/feuerbestaendige-flammensperre-fuer-abdeckung-der-schalter\/#primaryimage"},"thumbnailUrl":"https:\/\/svilupporaytech.com\/wp-content\/uploads\/fsci.jpg","datePublished":"2015-12-28T11:01:19+00:00","dateModified":"2015-12-28T11:01:19+00:00","breadcrumb":{"@id":"https:\/\/svilupporaytech.com\/de\/produkt\/niederspannung\/flammschutzbarrieren\/feuerbestaendige-flammensperre-fuer-abdeckung-der-schalter\/#breadcrumb"},"inLanguage":"de","potentialAction":[{"@type":"ReadAction","target":["https:\/\/svilupporaytech.com\/de\/produkt\/niederspannung\/flammschutzbarrieren\/feuerbestaendige-flammensperre-fuer-abdeckung-der-schalter\/"]}]},{"@type":"ImageObject","inLanguage":"de","@id":"https:\/\/svilupporaytech.com\/de\/produkt\/niederspannung\/flammschutzbarrieren\/feuerbestaendige-flammensperre-fuer-abdeckung-der-schalter\/#primaryimage","url":"https:\/\/svilupporaytech.com\/wp-content\/uploads\/fsci.jpg","contentUrl":"https:\/\/svilupporaytech.com\/wp-content\/uploads\/fsci.jpg","width":500,"height":500},{"@type":"BreadcrumbList","@id":"https:\/\/svilupporaytech.com\/de\/produkt\/niederspannung\/flammschutzbarrieren\/feuerbestaendige-flammensperre-fuer-abdeckung-der-schalter\/#breadcrumb","itemListElement":[{"@type":"ListItem","position":1,"name":"Home","item":"https:\/\/svilupporaytech.com\/de\/"},{"@type":"ListItem","position":2,"name":"Shop","item":"https:\/\/svilupporaytech.com\/de\/shop\/"},{"@type":"ListItem","position":3,"name":"Feuerbest\u00e4ndige Flammensperre f\u00fcr Abdeckung der Schalter"}]},{"@type":"WebSite","@id":"https:\/\/svilupporaytech.com\/#website","url":"https:\/\/svilupporaytech.com\/","name":"Raytech","description":"Cable accessories company","potentialAction":[{"@type":"SearchAction","target":{"@type":"EntryPoint","urlTemplate":"https:\/\/svilupporaytech.com\/?s={search_term_string}"},"query-input":"required name=search_term_string"}],"inLanguage":"de"}]}},"_links":{"self":[{"href":"https:\/\/svilupporaytech.com\/de\/wp-json\/wp\/v2\/product\/6765"}],"collection":[{"href":"https:\/\/svilupporaytech.com\/de\/wp-json\/wp\/v2\/product"}],"about":[{"href":"https:\/\/svilupporaytech.com\/de\/wp-json\/wp\/v2\/types\/product"}],"wp:featuredmedia":[{"embeddable":true,"href":"https:\/\/svilupporaytech.com\/de\/wp-json\/wp\/v2\/media\/1578"}],"wp:attachment":[{"href":"https:\/\/svilupporaytech.com\/de\/wp-json\/wp\/v2\/media?parent=6765"}],"wp:term":[{"taxonomy":"product_cat","embeddable":true,"href":"https:\/\/svilupporaytech.com\/de\/wp-json\/wp\/v2\/product_cat?post=6765"},{"taxonomy":"product_tag","embeddable":true,"href":"https:\/\/svilupporaytech.com\/de\/wp-json\/wp\/v2\/product_tag?post=6765"}],"curies":[{"name":"wp","href":"https:\/\/api.w.org\/{rel}","templated":true}]}}