{"id":6768,"date":"2015-07-16T13:22:26","date_gmt":"2015-12-28T11:44:33","guid":{"rendered":"https:\/\/svilupporaytech.com\/?post_type=product&#038;p=6768&#038;lang=de"},"modified":"2019-12-21T16:47:51","modified_gmt":"2019-12-21T15:47:51","slug":"galactic-water-stop","status":"publish","type":"product","link":"https:\/\/svilupporaytech.com\/de\/produkt\/niederspannung\/spezialprodukte\/kit-fuer-elektrischen-anlagen\/galactic-water-stop\/","title":{"rendered":"Galactic Water Stop"},"content":{"rendered":"<h4><span style=\"color: #009832;\">Einkomponenten-Gel, gebrauchsfertig<\/span><\/h4>\n<p>Das Einkomponenten-Gel Galactic Water Stop ist ein weiches, extrem klebriges Erzeugnis, das in praktischen Packungen, gebrauchsfertig geliefert wird: Es wird einfach in der erforderlichen Menge abgerissen und an der vor der Infiltration zu sch\u00fctzenden Stelle angebracht. Dank der klebrigen Konsistenz bietet es eine stabile und dauerhaft wirkungsvolle Versiegelung. Es ist leicht entfernbar und wieder zug\u00e4nglich und erlaubt so den Zugriff auf das gesch\u00fctzte Teil, ohne dabei Spuren zu hinterlassen. Es tropft nicht und kann auch vertikal oder an der Decke installiert werden. Hochgradige Versiegelung, es bietet sich zur Isolierung von kleinen Verbindungen oder zum Schutz von besonders ausgesetzten Verbindungen an (Au\u00dfenanschl\u00fcsse, Klemmen der Autobatterie, usw.). Das Erzeugnis wird \u00fcberall dort angebracht, wo Infiltrationen aus Rohren, Wellenrohren, Kabelkan\u00e4len usw. vorhanden sein k\u00f6nnten oder wo eine schnelle und wirkungsvolle Isolierung erforderlich ist.<\/p>\n","protected":false},"excerpt":{"rendered":"<p>Einkomponenten-Gel, gebrauchsfertig Das Einkomponenten-Gel Galactic Water Stop ist ein weiches, extrem klebriges Erzeugnis, das in praktischen Packungen, gebrauchsfertig geliefert wird: Es wird einfach in der erforderlichen Menge abgerissen und an<span class=\"excerpt-hellip\"> [\u2026]<\/span><\/p>\n","protected":false},"featured_media":4180,"template":"","meta":[],"product_cat":[280,301,302],"product_tag":[],"yoast_head":"<!-- This site is optimized with the Yoast SEO plugin v22.7 - https:\/\/yoast.com\/wordpress\/plugins\/seo\/ -->\n<title>Galactic Water Stop | Raytech<\/title>\n<meta name=\"robots\" content=\"index, follow, max-snippet:-1, max-image-preview:large, max-video-preview:-1\" \/>\n<link rel=\"canonical\" href=\"https:\/\/svilupporaytech.com\/de\/produkt\/niederspannung\/spezialprodukte\/kit-fuer-elektrischen-anlagen\/galactic-water-stop\/\" \/>\n<meta property=\"og:locale\" content=\"de_DE\" \/>\n<meta property=\"og:type\" content=\"article\" \/>\n<meta property=\"og:title\" content=\"Galactic Water Stop | Raytech\" \/>\n<meta property=\"og:description\" content=\"Einkomponenten-Gel, gebrauchsfertig Das Einkomponenten-Gel Galactic Water Stop ist ein weiches, extrem klebriges Erzeugnis, das in praktischen Packungen, gebrauchsfertig geliefert wird: Es wird einfach in der erforderlichen Menge abgerissen und an [\u2026]\" \/>\n<meta property=\"og:url\" content=\"https:\/\/svilupporaytech.com\/de\/produkt\/niederspannung\/spezialprodukte\/kit-fuer-elektrischen-anlagen\/galactic-water-stop\/\" \/>\n<meta property=\"og:site_name\" content=\"Raytech\" \/>\n<meta property=\"article:modified_time\" content=\"2019-12-21T15:47:51+00:00\" \/>\n<meta property=\"og:image\" content=\"https:\/\/svilupporaytech.com\/wp-content\/uploads\/galactic-water-stop-1.jpg\" \/>\n\t<meta property=\"og:image:width\" content=\"1024\" \/>\n\t<meta property=\"og:image:height\" content=\"1024\" \/>\n\t<meta property=\"og:image:type\" content=\"image\/jpeg\" \/>\n<meta name=\"twitter:card\" content=\"summary_large_image\" \/>\n<meta name=\"twitter:label1\" content=\"Gesch\u00e4tzte Lesezeit\" \/>\n\t<meta name=\"twitter:data1\" content=\"1\u00a0Minute\" \/>\n<script type=\"application\/ld+json\" class=\"yoast-schema-graph\">{\"@context\":\"https:\/\/schema.org\",\"@graph\":[{\"@type\":\"WebPage\",\"@id\":\"https:\/\/svilupporaytech.com\/de\/produkt\/niederspannung\/spezialprodukte\/kit-fuer-elektrischen-anlagen\/galactic-water-stop\/\",\"url\":\"https:\/\/svilupporaytech.com\/de\/produkt\/niederspannung\/spezialprodukte\/kit-fuer-elektrischen-anlagen\/galactic-water-stop\/\",\"name\":\"Galactic Water Stop | Raytech\",\"isPartOf\":{\"@id\":\"https:\/\/svilupporaytech.com\/#website\"},\"primaryImageOfPage\":{\"@id\":\"https:\/\/svilupporaytech.com\/de\/produkt\/niederspannung\/spezialprodukte\/kit-fuer-elektrischen-anlagen\/galactic-water-stop\/#primaryimage\"},\"image\":{\"@id\":\"https:\/\/svilupporaytech.com\/de\/produkt\/niederspannung\/spezialprodukte\/kit-fuer-elektrischen-anlagen\/galactic-water-stop\/#primaryimage\"},\"thumbnailUrl\":\"https:\/\/svilupporaytech.com\/wp-content\/uploads\/galactic-water-stop-1.jpg\",\"datePublished\":\"2015-12-28T11:44:33+00:00\",\"dateModified\":\"2019-12-21T15:47:51+00:00\",\"breadcrumb\":{\"@id\":\"https:\/\/svilupporaytech.com\/de\/produkt\/niederspannung\/spezialprodukte\/kit-fuer-elektrischen-anlagen\/galactic-water-stop\/#breadcrumb\"},\"inLanguage\":\"de\",\"potentialAction\":[{\"@type\":\"ReadAction\",\"target\":[\"https:\/\/svilupporaytech.com\/de\/produkt\/niederspannung\/spezialprodukte\/kit-fuer-elektrischen-anlagen\/galactic-water-stop\/\"]}]},{\"@type\":\"ImageObject\",\"inLanguage\":\"de\",\"@id\":\"https:\/\/svilupporaytech.com\/de\/produkt\/niederspannung\/spezialprodukte\/kit-fuer-elektrischen-anlagen\/galactic-water-stop\/#primaryimage\",\"url\":\"https:\/\/svilupporaytech.com\/wp-content\/uploads\/galactic-water-stop-1.jpg\",\"contentUrl\":\"https:\/\/svilupporaytech.com\/wp-content\/uploads\/galactic-water-stop-1.jpg\",\"width\":1024,\"height\":1024},{\"@type\":\"BreadcrumbList\",\"@id\":\"https:\/\/svilupporaytech.com\/de\/produkt\/niederspannung\/spezialprodukte\/kit-fuer-elektrischen-anlagen\/galactic-water-stop\/#breadcrumb\",\"itemListElement\":[{\"@type\":\"ListItem\",\"position\":1,\"name\":\"Home\",\"item\":\"https:\/\/svilupporaytech.com\/de\/\"},{\"@type\":\"ListItem\",\"position\":2,\"name\":\"Shop\",\"item\":\"https:\/\/svilupporaytech.com\/de\/shop\/\"},{\"@type\":\"ListItem\",\"position\":3,\"name\":\"Galactic Water Stop\"}]},{\"@type\":\"WebSite\",\"@id\":\"https:\/\/svilupporaytech.com\/#website\",\"url\":\"https:\/\/svilupporaytech.com\/\",\"name\":\"Raytech\",\"description\":\"Cable accessories company\",\"potentialAction\":[{\"@type\":\"SearchAction\",\"target\":{\"@type\":\"EntryPoint\",\"urlTemplate\":\"https:\/\/svilupporaytech.com\/?s={search_term_string}\"},\"query-input\":\"required name=search_term_string\"}],\"inLanguage\":\"de\"}]}<\/script>\n<!-- \/ Yoast SEO plugin. -->","yoast_head_json":{"title":"Galactic Water Stop | Raytech","robots":{"index":"index","follow":"follow","max-snippet":"max-snippet:-1","max-image-preview":"max-image-preview:large","max-video-preview":"max-video-preview:-1"},"canonical":"https:\/\/svilupporaytech.com\/de\/produkt\/niederspannung\/spezialprodukte\/kit-fuer-elektrischen-anlagen\/galactic-water-stop\/","og_locale":"de_DE","og_type":"article","og_title":"Galactic Water Stop | Raytech","og_description":"Einkomponenten-Gel, gebrauchsfertig Das Einkomponenten-Gel Galactic Water Stop ist ein weiches, extrem klebriges Erzeugnis, das in praktischen Packungen, gebrauchsfertig geliefert wird: Es wird einfach in der erforderlichen Menge abgerissen und an [\u2026]","og_url":"https:\/\/svilupporaytech.com\/de\/produkt\/niederspannung\/spezialprodukte\/kit-fuer-elektrischen-anlagen\/galactic-water-stop\/","og_site_name":"Raytech","article_modified_time":"2019-12-21T15:47:51+00:00","og_image":[{"width":1024,"height":1024,"url":"https:\/\/svilupporaytech.com\/wp-content\/uploads\/galactic-water-stop-1.jpg","type":"image\/jpeg"}],"twitter_card":"summary_large_image","twitter_misc":{"Gesch\u00e4tzte Lesezeit":"1\u00a0Minute"},"schema":{"@context":"https:\/\/schema.org","@graph":[{"@type":"WebPage","@id":"https:\/\/svilupporaytech.com\/de\/produkt\/niederspannung\/spezialprodukte\/kit-fuer-elektrischen-anlagen\/galactic-water-stop\/","url":"https:\/\/svilupporaytech.com\/de\/produkt\/niederspannung\/spezialprodukte\/kit-fuer-elektrischen-anlagen\/galactic-water-stop\/","name":"Galactic Water Stop | Raytech","isPartOf":{"@id":"https:\/\/svilupporaytech.com\/#website"},"primaryImageOfPage":{"@id":"https:\/\/svilupporaytech.com\/de\/produkt\/niederspannung\/spezialprodukte\/kit-fuer-elektrischen-anlagen\/galactic-water-stop\/#primaryimage"},"image":{"@id":"https:\/\/svilupporaytech.com\/de\/produkt\/niederspannung\/spezialprodukte\/kit-fuer-elektrischen-anlagen\/galactic-water-stop\/#primaryimage"},"thumbnailUrl":"https:\/\/svilupporaytech.com\/wp-content\/uploads\/galactic-water-stop-1.jpg","datePublished":"2015-12-28T11:44:33+00:00","dateModified":"2019-12-21T15:47:51+00:00","breadcrumb":{"@id":"https:\/\/svilupporaytech.com\/de\/produkt\/niederspannung\/spezialprodukte\/kit-fuer-elektrischen-anlagen\/galactic-water-stop\/#breadcrumb"},"inLanguage":"de","potentialAction":[{"@type":"ReadAction","target":["https:\/\/svilupporaytech.com\/de\/produkt\/niederspannung\/spezialprodukte\/kit-fuer-elektrischen-anlagen\/galactic-water-stop\/"]}]},{"@type":"ImageObject","inLanguage":"de","@id":"https:\/\/svilupporaytech.com\/de\/produkt\/niederspannung\/spezialprodukte\/kit-fuer-elektrischen-anlagen\/galactic-water-stop\/#primaryimage","url":"https:\/\/svilupporaytech.com\/wp-content\/uploads\/galactic-water-stop-1.jpg","contentUrl":"https:\/\/svilupporaytech.com\/wp-content\/uploads\/galactic-water-stop-1.jpg","width":1024,"height":1024},{"@type":"BreadcrumbList","@id":"https:\/\/svilupporaytech.com\/de\/produkt\/niederspannung\/spezialprodukte\/kit-fuer-elektrischen-anlagen\/galactic-water-stop\/#breadcrumb","itemListElement":[{"@type":"ListItem","position":1,"name":"Home","item":"https:\/\/svilupporaytech.com\/de\/"},{"@type":"ListItem","position":2,"name":"Shop","item":"https:\/\/svilupporaytech.com\/de\/shop\/"},{"@type":"ListItem","position":3,"name":"Galactic Water Stop"}]},{"@type":"WebSite","@id":"https:\/\/svilupporaytech.com\/#website","url":"https:\/\/svilupporaytech.com\/","name":"Raytech","description":"Cable accessories company","potentialAction":[{"@type":"SearchAction","target":{"@type":"EntryPoint","urlTemplate":"https:\/\/svilupporaytech.com\/?s={search_term_string}"},"query-input":"required name=search_term_string"}],"inLanguage":"de"}]}},"_links":{"self":[{"href":"https:\/\/svilupporaytech.com\/de\/wp-json\/wp\/v2\/product\/6768"}],"collection":[{"href":"https:\/\/svilupporaytech.com\/de\/wp-json\/wp\/v2\/product"}],"about":[{"href":"https:\/\/svilupporaytech.com\/de\/wp-json\/wp\/v2\/types\/product"}],"wp:featuredmedia":[{"embeddable":true,"href":"https:\/\/svilupporaytech.com\/de\/wp-json\/wp\/v2\/media\/4180"}],"wp:attachment":[{"href":"https:\/\/svilupporaytech.com\/de\/wp-json\/wp\/v2\/media?parent=6768"}],"wp:term":[{"taxonomy":"product_cat","embeddable":true,"href":"https:\/\/svilupporaytech.com\/de\/wp-json\/wp\/v2\/product_cat?post=6768"},{"taxonomy":"product_tag","embeddable":true,"href":"https:\/\/svilupporaytech.com\/de\/wp-json\/wp\/v2\/product_tag?post=6768"}],"curies":[{"name":"wp","href":"https:\/\/api.w.org\/{rel}","templated":true}]}}