{"id":6783,"date":"2015-07-16T13:40:06","date_gmt":"2015-12-28T13:41:49","guid":{"rendered":"https:\/\/svilupporaytech.com\/?post_type=product&#038;p=6783&#038;lang=de"},"modified":"2019-12-21T17:10:06","modified_gmt":"2019-12-21T16:10:06","slug":"ray-rtv","status":"publish","type":"product","link":"https:\/\/svilupporaytech.com\/de\/produkt\/niederspannung\/spezialprodukte\/zwikomponenten-gummi\/ray-rtv\/","title":{"rendered":"Ray RTV"},"content":{"rendered":"<h4><span style=\"color: #009832;\">Schnellvernetzendes Zweikomponenten-Silikongummi mit hohen mechanischen, thermischen und elastischen Eigenschaften <\/span><\/h4>\n<p>Ray-RTV vernetzt schnell bei Umgebungstemperatur und verwandelt sich in ein Gummi mit hohen mechanischen, thermischen und elastischen Eigenschaften. Erh\u00e4ltlich in Einzeldosisbeuteln, Dosen, Kanistern und F\u00e4ssern, in den Standardh\u00e4rten 30 Shore A f\u00fcr die Farbe Schwarz und 15 Shore A f\u00fcr die Farbe Rosa. Schnelle Vernetzung (weniger als 8 Minuten bei 30\u00b0C), leicht wieder zugreifbar.<\/p>\n<ul>\n<li><span style=\"color: #009832;\">Hoch widerstandsf\u00e4hig, nicht haftend, isolierend und versiegelnd<\/span><\/li>\n<li><span style=\"color: #009832;\">Unbegrenzt haltbar<\/span><\/li>\n<\/ul>\n","protected":false},"excerpt":{"rendered":"<p>Schnellvernetzendes Zweikomponenten-Silikongummi mit hohen mechanischen, thermischen und elastischen Eigenschaften Ray-RTV vernetzt schnell bei Umgebungstemperatur und verwandelt sich in ein Gummi mit hohen mechanischen, thermischen und elastischen Eigenschaften. Erh\u00e4ltlich in Einzeldosisbeuteln,<span class=\"excerpt-hellip\"> [\u2026]<\/span><\/p>\n","protected":false},"featured_media":4268,"template":"","meta":[],"product_cat":[280,301,303],"product_tag":[],"yoast_head":"<!-- This site is optimized with the Yoast SEO plugin v22.7 - https:\/\/yoast.com\/wordpress\/plugins\/seo\/ -->\n<title>Ray RTV | Raytech<\/title>\n<meta name=\"robots\" content=\"index, follow, max-snippet:-1, max-image-preview:large, max-video-preview:-1\" \/>\n<link rel=\"canonical\" href=\"https:\/\/svilupporaytech.com\/de\/produkt\/niederspannung\/spezialprodukte\/zwikomponenten-gummi\/ray-rtv\/\" \/>\n<meta property=\"og:locale\" content=\"de_DE\" \/>\n<meta property=\"og:type\" content=\"article\" \/>\n<meta property=\"og:title\" content=\"Ray RTV | Raytech\" \/>\n<meta property=\"og:description\" content=\"Schnellvernetzendes Zweikomponenten-Silikongummi mit hohen mechanischen, thermischen und elastischen Eigenschaften Ray-RTV vernetzt schnell bei Umgebungstemperatur und verwandelt sich in ein Gummi mit hohen mechanischen, thermischen und elastischen Eigenschaften. Erh\u00e4ltlich in Einzeldosisbeuteln, [\u2026]\" \/>\n<meta property=\"og:url\" content=\"https:\/\/svilupporaytech.com\/de\/produkt\/niederspannung\/spezialprodukte\/zwikomponenten-gummi\/ray-rtv\/\" \/>\n<meta property=\"og:site_name\" content=\"Raytech\" \/>\n<meta property=\"article:modified_time\" content=\"2019-12-21T16:10:06+00:00\" \/>\n<meta property=\"og:image\" content=\"https:\/\/svilupporaytech.com\/wp-content\/uploads\/ray-rtv-1.jpg\" \/>\n\t<meta property=\"og:image:width\" content=\"1024\" \/>\n\t<meta property=\"og:image:height\" content=\"1024\" \/>\n\t<meta property=\"og:image:type\" content=\"image\/jpeg\" \/>\n<meta name=\"twitter:card\" content=\"summary_large_image\" \/>\n<script type=\"application\/ld+json\" class=\"yoast-schema-graph\">{\"@context\":\"https:\/\/schema.org\",\"@graph\":[{\"@type\":\"WebPage\",\"@id\":\"https:\/\/svilupporaytech.com\/de\/produkt\/niederspannung\/spezialprodukte\/zwikomponenten-gummi\/ray-rtv\/\",\"url\":\"https:\/\/svilupporaytech.com\/de\/produkt\/niederspannung\/spezialprodukte\/zwikomponenten-gummi\/ray-rtv\/\",\"name\":\"Ray RTV | Raytech\",\"isPartOf\":{\"@id\":\"https:\/\/svilupporaytech.com\/#website\"},\"primaryImageOfPage\":{\"@id\":\"https:\/\/svilupporaytech.com\/de\/produkt\/niederspannung\/spezialprodukte\/zwikomponenten-gummi\/ray-rtv\/#primaryimage\"},\"image\":{\"@id\":\"https:\/\/svilupporaytech.com\/de\/produkt\/niederspannung\/spezialprodukte\/zwikomponenten-gummi\/ray-rtv\/#primaryimage\"},\"thumbnailUrl\":\"https:\/\/svilupporaytech.com\/wp-content\/uploads\/ray-rtv-1.jpg\",\"datePublished\":\"2015-12-28T13:41:49+00:00\",\"dateModified\":\"2019-12-21T16:10:06+00:00\",\"breadcrumb\":{\"@id\":\"https:\/\/svilupporaytech.com\/de\/produkt\/niederspannung\/spezialprodukte\/zwikomponenten-gummi\/ray-rtv\/#breadcrumb\"},\"inLanguage\":\"de\",\"potentialAction\":[{\"@type\":\"ReadAction\",\"target\":[\"https:\/\/svilupporaytech.com\/de\/produkt\/niederspannung\/spezialprodukte\/zwikomponenten-gummi\/ray-rtv\/\"]}]},{\"@type\":\"ImageObject\",\"inLanguage\":\"de\",\"@id\":\"https:\/\/svilupporaytech.com\/de\/produkt\/niederspannung\/spezialprodukte\/zwikomponenten-gummi\/ray-rtv\/#primaryimage\",\"url\":\"https:\/\/svilupporaytech.com\/wp-content\/uploads\/ray-rtv-1.jpg\",\"contentUrl\":\"https:\/\/svilupporaytech.com\/wp-content\/uploads\/ray-rtv-1.jpg\",\"width\":1024,\"height\":1024},{\"@type\":\"BreadcrumbList\",\"@id\":\"https:\/\/svilupporaytech.com\/de\/produkt\/niederspannung\/spezialprodukte\/zwikomponenten-gummi\/ray-rtv\/#breadcrumb\",\"itemListElement\":[{\"@type\":\"ListItem\",\"position\":1,\"name\":\"Home\",\"item\":\"https:\/\/svilupporaytech.com\/de\/\"},{\"@type\":\"ListItem\",\"position\":2,\"name\":\"Shop\",\"item\":\"https:\/\/svilupporaytech.com\/de\/shop\/\"},{\"@type\":\"ListItem\",\"position\":3,\"name\":\"Ray RTV\"}]},{\"@type\":\"WebSite\",\"@id\":\"https:\/\/svilupporaytech.com\/#website\",\"url\":\"https:\/\/svilupporaytech.com\/\",\"name\":\"Raytech\",\"description\":\"Cable accessories company\",\"potentialAction\":[{\"@type\":\"SearchAction\",\"target\":{\"@type\":\"EntryPoint\",\"urlTemplate\":\"https:\/\/svilupporaytech.com\/?s={search_term_string}\"},\"query-input\":\"required name=search_term_string\"}],\"inLanguage\":\"de\"}]}<\/script>\n<!-- \/ Yoast SEO plugin. -->","yoast_head_json":{"title":"Ray RTV | Raytech","robots":{"index":"index","follow":"follow","max-snippet":"max-snippet:-1","max-image-preview":"max-image-preview:large","max-video-preview":"max-video-preview:-1"},"canonical":"https:\/\/svilupporaytech.com\/de\/produkt\/niederspannung\/spezialprodukte\/zwikomponenten-gummi\/ray-rtv\/","og_locale":"de_DE","og_type":"article","og_title":"Ray RTV | Raytech","og_description":"Schnellvernetzendes Zweikomponenten-Silikongummi mit hohen mechanischen, thermischen und elastischen Eigenschaften Ray-RTV vernetzt schnell bei Umgebungstemperatur und verwandelt sich in ein Gummi mit hohen mechanischen, thermischen und elastischen Eigenschaften. Erh\u00e4ltlich in Einzeldosisbeuteln, [\u2026]","og_url":"https:\/\/svilupporaytech.com\/de\/produkt\/niederspannung\/spezialprodukte\/zwikomponenten-gummi\/ray-rtv\/","og_site_name":"Raytech","article_modified_time":"2019-12-21T16:10:06+00:00","og_image":[{"width":1024,"height":1024,"url":"https:\/\/svilupporaytech.com\/wp-content\/uploads\/ray-rtv-1.jpg","type":"image\/jpeg"}],"twitter_card":"summary_large_image","schema":{"@context":"https:\/\/schema.org","@graph":[{"@type":"WebPage","@id":"https:\/\/svilupporaytech.com\/de\/produkt\/niederspannung\/spezialprodukte\/zwikomponenten-gummi\/ray-rtv\/","url":"https:\/\/svilupporaytech.com\/de\/produkt\/niederspannung\/spezialprodukte\/zwikomponenten-gummi\/ray-rtv\/","name":"Ray RTV | Raytech","isPartOf":{"@id":"https:\/\/svilupporaytech.com\/#website"},"primaryImageOfPage":{"@id":"https:\/\/svilupporaytech.com\/de\/produkt\/niederspannung\/spezialprodukte\/zwikomponenten-gummi\/ray-rtv\/#primaryimage"},"image":{"@id":"https:\/\/svilupporaytech.com\/de\/produkt\/niederspannung\/spezialprodukte\/zwikomponenten-gummi\/ray-rtv\/#primaryimage"},"thumbnailUrl":"https:\/\/svilupporaytech.com\/wp-content\/uploads\/ray-rtv-1.jpg","datePublished":"2015-12-28T13:41:49+00:00","dateModified":"2019-12-21T16:10:06+00:00","breadcrumb":{"@id":"https:\/\/svilupporaytech.com\/de\/produkt\/niederspannung\/spezialprodukte\/zwikomponenten-gummi\/ray-rtv\/#breadcrumb"},"inLanguage":"de","potentialAction":[{"@type":"ReadAction","target":["https:\/\/svilupporaytech.com\/de\/produkt\/niederspannung\/spezialprodukte\/zwikomponenten-gummi\/ray-rtv\/"]}]},{"@type":"ImageObject","inLanguage":"de","@id":"https:\/\/svilupporaytech.com\/de\/produkt\/niederspannung\/spezialprodukte\/zwikomponenten-gummi\/ray-rtv\/#primaryimage","url":"https:\/\/svilupporaytech.com\/wp-content\/uploads\/ray-rtv-1.jpg","contentUrl":"https:\/\/svilupporaytech.com\/wp-content\/uploads\/ray-rtv-1.jpg","width":1024,"height":1024},{"@type":"BreadcrumbList","@id":"https:\/\/svilupporaytech.com\/de\/produkt\/niederspannung\/spezialprodukte\/zwikomponenten-gummi\/ray-rtv\/#breadcrumb","itemListElement":[{"@type":"ListItem","position":1,"name":"Home","item":"https:\/\/svilupporaytech.com\/de\/"},{"@type":"ListItem","position":2,"name":"Shop","item":"https:\/\/svilupporaytech.com\/de\/shop\/"},{"@type":"ListItem","position":3,"name":"Ray RTV"}]},{"@type":"WebSite","@id":"https:\/\/svilupporaytech.com\/#website","url":"https:\/\/svilupporaytech.com\/","name":"Raytech","description":"Cable accessories company","potentialAction":[{"@type":"SearchAction","target":{"@type":"EntryPoint","urlTemplate":"https:\/\/svilupporaytech.com\/?s={search_term_string}"},"query-input":"required name=search_term_string"}],"inLanguage":"de"}]}},"_links":{"self":[{"href":"https:\/\/svilupporaytech.com\/de\/wp-json\/wp\/v2\/product\/6783"}],"collection":[{"href":"https:\/\/svilupporaytech.com\/de\/wp-json\/wp\/v2\/product"}],"about":[{"href":"https:\/\/svilupporaytech.com\/de\/wp-json\/wp\/v2\/types\/product"}],"wp:featuredmedia":[{"embeddable":true,"href":"https:\/\/svilupporaytech.com\/de\/wp-json\/wp\/v2\/media\/4268"}],"wp:attachment":[{"href":"https:\/\/svilupporaytech.com\/de\/wp-json\/wp\/v2\/media?parent=6783"}],"wp:term":[{"taxonomy":"product_cat","embeddable":true,"href":"https:\/\/svilupporaytech.com\/de\/wp-json\/wp\/v2\/product_cat?post=6783"},{"taxonomy":"product_tag","embeddable":true,"href":"https:\/\/svilupporaytech.com\/de\/wp-json\/wp\/v2\/product_tag?post=6783"}],"curies":[{"name":"wp","href":"https:\/\/api.w.org\/{rel}","templated":true}]}}