{"id":6806,"date":"2015-09-15T10:33:49","date_gmt":"2015-12-28T14:25:25","guid":{"rendered":"https:\/\/svilupporaytech.com\/?post_type=product&#038;p=6806&#038;lang=de"},"modified":"2019-11-27T09:28:04","modified_gmt":"2019-11-27T09:28:04","slug":"kaltschrumpf-endverschlusse-fuer-aussenanwendungen-24-kv","status":"publish","type":"product","link":"https:\/\/svilupporaytech.com\/de\/produkt\/mittelspannung\/kaltschrumpf-endverschlusse-und-verbindungen-bis-zu-36kv\/endverschlusse\/kaltschrumpf-endverschlusse-fuer-aussenanwendungen-24-kv\/","title":{"rendered":"Kaltschrumpf-Endverschlusse f\u00fcr Au\u00dfenanwendungen 24 kV"},"content":{"rendered":"<h4><span style=\"color: #004f9f;\">Endverschlusse aus Silikongummi mit Kontrolle des elektrischen Feldes und Glockenisolatoren. F\u00fcr extrudierte Kabel bis 12\/20 kV (Um 24 kV)<\/span><\/h4>\n<p>Der vorgedehnte Silikon-Kabelmantel von Raytech ist flammhemmend, kriechfest, sehr elastisch und h\u00e4lt den Druck am Kabel w\u00e4hrend des Betriebs aufrecht. Er ist wasserabweisend und besonders widerstandsf\u00e4hig. Mit vorgedehnten Silikonlamellen auf Spiralhalterung f\u00fcr eine modulare Installation f\u00fcr Au\u00dfenanwendungen; Installation kopf\u00fcber m\u00f6glich. Die besonders kompakten Endverschlusse von Raytech eignen sich f\u00fcr Au\u00dfenanwendungen und sind vollausgestattet: jedes Set umfasst 3 einpolige Abschl\u00fcsse f\u00fcr Au\u00dfenanwendungen. Die Installation erfolgt ohne W\u00e4rmezufuhr und werkzeugfrei durch Abwickeln der Spiralhalterung.<\/p>\n<ul>\n<li><span style=\"color: #004f9f;\">Schnelle Installation, niedrige Lohnkosten<\/span><\/li>\n<li><span style=\"color: #004f9f;\">Hohe Zuverl\u00e4ssigkeit und Sicherheit<\/span><\/li>\n<li><span style=\"color: #004f9f;\">Installation ohne W\u00e4rmezufuhr und werkzeugfrei<\/span><\/li>\n<\/ul>\n<p><a class=\"btn btn-default linkpdf mt_bg\" style=\"margin-top: 10px;\" href=\"\/catalogo\/de\/identificazione-terminale.pdf\" target=\"_blank\" rel=\"noopener noreferrer\">Daten zur Identifizierung der passenden Verbindung<\/a><\/p>\n","protected":false},"excerpt":{"rendered":"<p>Endverschlusse aus Silikongummi mit Kontrolle des elektrischen Feldes und Glockenisolatoren. F\u00fcr extrudierte Kabel bis 12\/20 kV (Um 24 kV) Der vorgedehnte Silikon-Kabelmantel von Raytech ist flammhemmend, kriechfest, sehr elastisch und<span class=\"excerpt-hellip\"> [\u2026]<\/span><\/p>\n","protected":false},"featured_media":2334,"template":"","meta":[],"product_cat":[315,316,435],"product_tag":[],"yoast_head":"<!-- This site is optimized with the Yoast SEO plugin v22.7 - https:\/\/yoast.com\/wordpress\/plugins\/seo\/ -->\n<title>Kaltschrumpf-Endverschlusse f\u00fcr Au\u00dfenanwendungen 24 kV | Raytech<\/title>\n<meta name=\"robots\" content=\"index, follow, max-snippet:-1, max-image-preview:large, max-video-preview:-1\" \/>\n<link rel=\"canonical\" href=\"https:\/\/svilupporaytech.com\/de\/produkt\/mittelspannung\/kaltschrumpf-endverschlusse-und-verbindungen-bis-zu-36kv\/endverschlusse\/kaltschrumpf-endverschlusse-fuer-aussenanwendungen-24-kv\/\" \/>\n<meta property=\"og:locale\" content=\"de_DE\" \/>\n<meta property=\"og:type\" content=\"article\" \/>\n<meta property=\"og:title\" content=\"Kaltschrumpf-Endverschlusse f\u00fcr Au\u00dfenanwendungen 24 kV | Raytech\" \/>\n<meta property=\"og:description\" content=\"Endverschlusse aus Silikongummi mit Kontrolle des elektrischen Feldes und Glockenisolatoren. F\u00fcr extrudierte Kabel bis 12\/20 kV (Um 24 kV) Der vorgedehnte Silikon-Kabelmantel von Raytech ist flammhemmend, kriechfest, sehr elastisch und [\u2026]\" \/>\n<meta property=\"og:url\" content=\"https:\/\/svilupporaytech.com\/de\/produkt\/mittelspannung\/kaltschrumpf-endverschlusse-und-verbindungen-bis-zu-36kv\/endverschlusse\/kaltschrumpf-endverschlusse-fuer-aussenanwendungen-24-kv\/\" \/>\n<meta property=\"og:site_name\" content=\"Raytech\" \/>\n<meta property=\"article:modified_time\" content=\"2019-11-27T09:28:04+00:00\" \/>\n<meta property=\"og:image\" content=\"https:\/\/svilupporaytech.com\/wp-content\/uploads\/terminali-esterno.jpg\" \/>\n\t<meta property=\"og:image:width\" content=\"1024\" \/>\n\t<meta property=\"og:image:height\" content=\"1024\" \/>\n\t<meta property=\"og:image:type\" content=\"image\/jpeg\" \/>\n<meta name=\"twitter:card\" content=\"summary_large_image\" \/>\n<meta name=\"twitter:label1\" content=\"Gesch\u00e4tzte Lesezeit\" \/>\n\t<meta name=\"twitter:data1\" content=\"1\u00a0Minute\" \/>\n<script type=\"application\/ld+json\" class=\"yoast-schema-graph\">{\"@context\":\"https:\/\/schema.org\",\"@graph\":[{\"@type\":\"WebPage\",\"@id\":\"https:\/\/svilupporaytech.com\/de\/produkt\/mittelspannung\/kaltschrumpf-endverschlusse-und-verbindungen-bis-zu-36kv\/endverschlusse\/kaltschrumpf-endverschlusse-fuer-aussenanwendungen-24-kv\/\",\"url\":\"https:\/\/svilupporaytech.com\/de\/produkt\/mittelspannung\/kaltschrumpf-endverschlusse-und-verbindungen-bis-zu-36kv\/endverschlusse\/kaltschrumpf-endverschlusse-fuer-aussenanwendungen-24-kv\/\",\"name\":\"Kaltschrumpf-Endverschlusse f\u00fcr Au\u00dfenanwendungen 24 kV | Raytech\",\"isPartOf\":{\"@id\":\"https:\/\/svilupporaytech.com\/#website\"},\"primaryImageOfPage\":{\"@id\":\"https:\/\/svilupporaytech.com\/de\/produkt\/mittelspannung\/kaltschrumpf-endverschlusse-und-verbindungen-bis-zu-36kv\/endverschlusse\/kaltschrumpf-endverschlusse-fuer-aussenanwendungen-24-kv\/#primaryimage\"},\"image\":{\"@id\":\"https:\/\/svilupporaytech.com\/de\/produkt\/mittelspannung\/kaltschrumpf-endverschlusse-und-verbindungen-bis-zu-36kv\/endverschlusse\/kaltschrumpf-endverschlusse-fuer-aussenanwendungen-24-kv\/#primaryimage\"},\"thumbnailUrl\":\"https:\/\/svilupporaytech.com\/wp-content\/uploads\/terminali-esterno.jpg\",\"datePublished\":\"2015-12-28T14:25:25+00:00\",\"dateModified\":\"2019-11-27T09:28:04+00:00\",\"breadcrumb\":{\"@id\":\"https:\/\/svilupporaytech.com\/de\/produkt\/mittelspannung\/kaltschrumpf-endverschlusse-und-verbindungen-bis-zu-36kv\/endverschlusse\/kaltschrumpf-endverschlusse-fuer-aussenanwendungen-24-kv\/#breadcrumb\"},\"inLanguage\":\"de\",\"potentialAction\":[{\"@type\":\"ReadAction\",\"target\":[\"https:\/\/svilupporaytech.com\/de\/produkt\/mittelspannung\/kaltschrumpf-endverschlusse-und-verbindungen-bis-zu-36kv\/endverschlusse\/kaltschrumpf-endverschlusse-fuer-aussenanwendungen-24-kv\/\"]}]},{\"@type\":\"ImageObject\",\"inLanguage\":\"de\",\"@id\":\"https:\/\/svilupporaytech.com\/de\/produkt\/mittelspannung\/kaltschrumpf-endverschlusse-und-verbindungen-bis-zu-36kv\/endverschlusse\/kaltschrumpf-endverschlusse-fuer-aussenanwendungen-24-kv\/#primaryimage\",\"url\":\"https:\/\/svilupporaytech.com\/wp-content\/uploads\/terminali-esterno.jpg\",\"contentUrl\":\"https:\/\/svilupporaytech.com\/wp-content\/uploads\/terminali-esterno.jpg\",\"width\":1024,\"height\":1024},{\"@type\":\"BreadcrumbList\",\"@id\":\"https:\/\/svilupporaytech.com\/de\/produkt\/mittelspannung\/kaltschrumpf-endverschlusse-und-verbindungen-bis-zu-36kv\/endverschlusse\/kaltschrumpf-endverschlusse-fuer-aussenanwendungen-24-kv\/#breadcrumb\",\"itemListElement\":[{\"@type\":\"ListItem\",\"position\":1,\"name\":\"Home\",\"item\":\"https:\/\/svilupporaytech.com\/de\/\"},{\"@type\":\"ListItem\",\"position\":2,\"name\":\"Shop\",\"item\":\"https:\/\/svilupporaytech.com\/de\/shop\/\"},{\"@type\":\"ListItem\",\"position\":3,\"name\":\"Kaltschrumpf-Endverschlusse f\u00fcr Au\u00dfenanwendungen 24 kV\"}]},{\"@type\":\"WebSite\",\"@id\":\"https:\/\/svilupporaytech.com\/#website\",\"url\":\"https:\/\/svilupporaytech.com\/\",\"name\":\"Raytech\",\"description\":\"Cable accessories company\",\"potentialAction\":[{\"@type\":\"SearchAction\",\"target\":{\"@type\":\"EntryPoint\",\"urlTemplate\":\"https:\/\/svilupporaytech.com\/?s={search_term_string}\"},\"query-input\":\"required name=search_term_string\"}],\"inLanguage\":\"de\"}]}<\/script>\n<!-- \/ Yoast SEO plugin. -->","yoast_head_json":{"title":"Kaltschrumpf-Endverschlusse f\u00fcr Au\u00dfenanwendungen 24 kV | Raytech","robots":{"index":"index","follow":"follow","max-snippet":"max-snippet:-1","max-image-preview":"max-image-preview:large","max-video-preview":"max-video-preview:-1"},"canonical":"https:\/\/svilupporaytech.com\/de\/produkt\/mittelspannung\/kaltschrumpf-endverschlusse-und-verbindungen-bis-zu-36kv\/endverschlusse\/kaltschrumpf-endverschlusse-fuer-aussenanwendungen-24-kv\/","og_locale":"de_DE","og_type":"article","og_title":"Kaltschrumpf-Endverschlusse f\u00fcr Au\u00dfenanwendungen 24 kV | Raytech","og_description":"Endverschlusse aus Silikongummi mit Kontrolle des elektrischen Feldes und Glockenisolatoren. F\u00fcr extrudierte Kabel bis 12\/20 kV (Um 24 kV) Der vorgedehnte Silikon-Kabelmantel von Raytech ist flammhemmend, kriechfest, sehr elastisch und [\u2026]","og_url":"https:\/\/svilupporaytech.com\/de\/produkt\/mittelspannung\/kaltschrumpf-endverschlusse-und-verbindungen-bis-zu-36kv\/endverschlusse\/kaltschrumpf-endverschlusse-fuer-aussenanwendungen-24-kv\/","og_site_name":"Raytech","article_modified_time":"2019-11-27T09:28:04+00:00","og_image":[{"width":1024,"height":1024,"url":"https:\/\/svilupporaytech.com\/wp-content\/uploads\/terminali-esterno.jpg","type":"image\/jpeg"}],"twitter_card":"summary_large_image","twitter_misc":{"Gesch\u00e4tzte Lesezeit":"1\u00a0Minute"},"schema":{"@context":"https:\/\/schema.org","@graph":[{"@type":"WebPage","@id":"https:\/\/svilupporaytech.com\/de\/produkt\/mittelspannung\/kaltschrumpf-endverschlusse-und-verbindungen-bis-zu-36kv\/endverschlusse\/kaltschrumpf-endverschlusse-fuer-aussenanwendungen-24-kv\/","url":"https:\/\/svilupporaytech.com\/de\/produkt\/mittelspannung\/kaltschrumpf-endverschlusse-und-verbindungen-bis-zu-36kv\/endverschlusse\/kaltschrumpf-endverschlusse-fuer-aussenanwendungen-24-kv\/","name":"Kaltschrumpf-Endverschlusse f\u00fcr Au\u00dfenanwendungen 24 kV | Raytech","isPartOf":{"@id":"https:\/\/svilupporaytech.com\/#website"},"primaryImageOfPage":{"@id":"https:\/\/svilupporaytech.com\/de\/produkt\/mittelspannung\/kaltschrumpf-endverschlusse-und-verbindungen-bis-zu-36kv\/endverschlusse\/kaltschrumpf-endverschlusse-fuer-aussenanwendungen-24-kv\/#primaryimage"},"image":{"@id":"https:\/\/svilupporaytech.com\/de\/produkt\/mittelspannung\/kaltschrumpf-endverschlusse-und-verbindungen-bis-zu-36kv\/endverschlusse\/kaltschrumpf-endverschlusse-fuer-aussenanwendungen-24-kv\/#primaryimage"},"thumbnailUrl":"https:\/\/svilupporaytech.com\/wp-content\/uploads\/terminali-esterno.jpg","datePublished":"2015-12-28T14:25:25+00:00","dateModified":"2019-11-27T09:28:04+00:00","breadcrumb":{"@id":"https:\/\/svilupporaytech.com\/de\/produkt\/mittelspannung\/kaltschrumpf-endverschlusse-und-verbindungen-bis-zu-36kv\/endverschlusse\/kaltschrumpf-endverschlusse-fuer-aussenanwendungen-24-kv\/#breadcrumb"},"inLanguage":"de","potentialAction":[{"@type":"ReadAction","target":["https:\/\/svilupporaytech.com\/de\/produkt\/mittelspannung\/kaltschrumpf-endverschlusse-und-verbindungen-bis-zu-36kv\/endverschlusse\/kaltschrumpf-endverschlusse-fuer-aussenanwendungen-24-kv\/"]}]},{"@type":"ImageObject","inLanguage":"de","@id":"https:\/\/svilupporaytech.com\/de\/produkt\/mittelspannung\/kaltschrumpf-endverschlusse-und-verbindungen-bis-zu-36kv\/endverschlusse\/kaltschrumpf-endverschlusse-fuer-aussenanwendungen-24-kv\/#primaryimage","url":"https:\/\/svilupporaytech.com\/wp-content\/uploads\/terminali-esterno.jpg","contentUrl":"https:\/\/svilupporaytech.com\/wp-content\/uploads\/terminali-esterno.jpg","width":1024,"height":1024},{"@type":"BreadcrumbList","@id":"https:\/\/svilupporaytech.com\/de\/produkt\/mittelspannung\/kaltschrumpf-endverschlusse-und-verbindungen-bis-zu-36kv\/endverschlusse\/kaltschrumpf-endverschlusse-fuer-aussenanwendungen-24-kv\/#breadcrumb","itemListElement":[{"@type":"ListItem","position":1,"name":"Home","item":"https:\/\/svilupporaytech.com\/de\/"},{"@type":"ListItem","position":2,"name":"Shop","item":"https:\/\/svilupporaytech.com\/de\/shop\/"},{"@type":"ListItem","position":3,"name":"Kaltschrumpf-Endverschlusse f\u00fcr Au\u00dfenanwendungen 24 kV"}]},{"@type":"WebSite","@id":"https:\/\/svilupporaytech.com\/#website","url":"https:\/\/svilupporaytech.com\/","name":"Raytech","description":"Cable accessories company","potentialAction":[{"@type":"SearchAction","target":{"@type":"EntryPoint","urlTemplate":"https:\/\/svilupporaytech.com\/?s={search_term_string}"},"query-input":"required name=search_term_string"}],"inLanguage":"de"}]}},"_links":{"self":[{"href":"https:\/\/svilupporaytech.com\/de\/wp-json\/wp\/v2\/product\/6806"}],"collection":[{"href":"https:\/\/svilupporaytech.com\/de\/wp-json\/wp\/v2\/product"}],"about":[{"href":"https:\/\/svilupporaytech.com\/de\/wp-json\/wp\/v2\/types\/product"}],"wp:featuredmedia":[{"embeddable":true,"href":"https:\/\/svilupporaytech.com\/de\/wp-json\/wp\/v2\/media\/2334"}],"wp:attachment":[{"href":"https:\/\/svilupporaytech.com\/de\/wp-json\/wp\/v2\/media?parent=6806"}],"wp:term":[{"taxonomy":"product_cat","embeddable":true,"href":"https:\/\/svilupporaytech.com\/de\/wp-json\/wp\/v2\/product_cat?post=6806"},{"taxonomy":"product_tag","embeddable":true,"href":"https:\/\/svilupporaytech.com\/de\/wp-json\/wp\/v2\/product_tag?post=6806"}],"curies":[{"name":"wp","href":"https:\/\/api.w.org\/{rel}","templated":true}]}}