{"id":6849,"date":"2015-09-15T11:16:11","date_gmt":"2015-12-28T15:52:04","guid":{"rendered":"https:\/\/svilupporaytech.com\/?post_type=product&#038;p=6849&#038;lang=de"},"modified":"2015-12-28T15:57:27","modified_gmt":"2015-12-28T15:57:27","slug":"waermeschrumpf-endverschlusse-enel-zulassung","status":"publish","type":"product","link":"https:\/\/svilupporaytech.com\/de\/produkt\/mittelspannung\/waermeschrumpf-endverschlusse-und-verbindungen-bis-zu-36kv\/endverschlusse-de-2\/waermeschrumpf-endverschlusse-enel-zulassung\/","title":{"rendered":"W\u00e4rmeschrumpf-Endverschlusse (ENEL Zulassung)"},"content":{"rendered":"<h4><span style=\"color: #004f9f;\">F\u00fcr Innen- und Au\u00dfenanwendungen, einpolig<\/span><\/h4>\n<p>Die w\u00e4rmeschrumpfenden Endverschlusse sind sofort erregbar, zuverl\u00e4ssig und lassen sich schnell verpacken. Durch das hohe Schrumpfverh\u00e4ltnis sind sie vielseitig verwendbar, wodurch die Anzahl der Endverschlussesets im Lager reduziert werden kann.<br \/>\nBei MS-Zubeh\u00f6r besteht das Problem darin, eine Spannungskonzentration an der Trennlinie der Abschirmung zu vermeiden. Die Verwendung mit nicht linearen Metalloxiden verst\u00e4rkter Polymere erm\u00f6glicht eine ideale Verteilung des elektrischen Felds, ohne die Klemme zu vergr\u00f6\u00dfern; die Kontrolle des elektrischen Feldes kann durch einen direkt am Kabelkopf angebrachten Kabelmantel oder durch eine extrudierte Schicht mit \u00e4u\u00dferem Kabelmantel erfolgen.<\/p>\n<ul>\n<li><span style=\"color: #004f9f;\">Besonders einfach<\/span><\/li>\n<li><span style=\"color: #004f9f;\">Keine besonderen Kenntnisse erforderlich<\/span><\/li>\n<li><span style=\"color: #004f9f;\">Bei allen Bedingungen installierbar<\/span><\/li>\n<li><span style=\"color: #004f9f;\">Keine Haltbarkeitsbegrenzung<\/span><\/li>\n<\/ul>\n<p><a class=\"btn btn-default linkpdf mt_bg\" style=\"margin-top: 10px;\" href=\"\/catalogo\/de\/identificazione-terminali.pdf\" target=\"_blank\">Daten zur Identifizierung der passenden Verbindung<\/a><\/p>\n<p>&nbsp;<\/p>\n","protected":false},"excerpt":{"rendered":"<p>F\u00fcr Innen- und Au\u00dfenanwendungen, einpolig Die w\u00e4rmeschrumpfenden Endverschlusse sind sofort erregbar, zuverl\u00e4ssig und lassen sich schnell verpacken. Durch das hohe Schrumpfverh\u00e4ltnis sind sie vielseitig verwendbar, wodurch die Anzahl der Endverschlussesets<span class=\"excerpt-hellip\"> [\u2026]<\/span><\/p>\n","protected":false},"featured_media":2376,"template":"","meta":[],"product_cat":[315,319,440],"product_tag":[],"yoast_head":"<!-- This site is optimized with the Yoast SEO plugin v22.7 - https:\/\/yoast.com\/wordpress\/plugins\/seo\/ -->\n<title>W\u00e4rmeschrumpf-Endverschlusse (ENEL Zulassung) | Raytech<\/title>\n<meta name=\"robots\" content=\"index, follow, max-snippet:-1, max-image-preview:large, max-video-preview:-1\" \/>\n<link rel=\"canonical\" href=\"https:\/\/svilupporaytech.com\/de\/produkt\/mittelspannung\/waermeschrumpf-endverschlusse-und-verbindungen-bis-zu-36kv\/endverschlusse-de-2\/waermeschrumpf-endverschlusse-enel-zulassung\/\" \/>\n<meta property=\"og:locale\" content=\"de_DE\" \/>\n<meta property=\"og:type\" content=\"article\" \/>\n<meta property=\"og:title\" content=\"W\u00e4rmeschrumpf-Endverschlusse (ENEL Zulassung) | Raytech\" \/>\n<meta property=\"og:description\" content=\"F\u00fcr Innen- und Au\u00dfenanwendungen, einpolig Die w\u00e4rmeschrumpfenden Endverschlusse sind sofort erregbar, zuverl\u00e4ssig und lassen sich schnell verpacken. Durch das hohe Schrumpfverh\u00e4ltnis sind sie vielseitig verwendbar, wodurch die Anzahl der Endverschlussesets [\u2026]\" \/>\n<meta property=\"og:url\" content=\"https:\/\/svilupporaytech.com\/de\/produkt\/mittelspannung\/waermeschrumpf-endverschlusse-und-verbindungen-bis-zu-36kv\/endverschlusse-de-2\/waermeschrumpf-endverschlusse-enel-zulassung\/\" \/>\n<meta property=\"og:site_name\" content=\"Raytech\" \/>\n<meta property=\"article:modified_time\" content=\"2015-12-28T15:57:27+00:00\" \/>\n<meta property=\"og:image\" content=\"https:\/\/svilupporaytech.com\/wp-content\/uploads\/terminali-omologati.jpg\" \/>\n\t<meta property=\"og:image:width\" content=\"1024\" \/>\n\t<meta property=\"og:image:height\" content=\"1024\" \/>\n\t<meta property=\"og:image:type\" content=\"image\/jpeg\" \/>\n<meta name=\"twitter:card\" content=\"summary_large_image\" \/>\n<meta name=\"twitter:label1\" content=\"Gesch\u00e4tzte Lesezeit\" \/>\n\t<meta name=\"twitter:data1\" content=\"1\u00a0Minute\" \/>\n<script type=\"application\/ld+json\" class=\"yoast-schema-graph\">{\"@context\":\"https:\/\/schema.org\",\"@graph\":[{\"@type\":\"WebPage\",\"@id\":\"https:\/\/svilupporaytech.com\/de\/produkt\/mittelspannung\/waermeschrumpf-endverschlusse-und-verbindungen-bis-zu-36kv\/endverschlusse-de-2\/waermeschrumpf-endverschlusse-enel-zulassung\/\",\"url\":\"https:\/\/svilupporaytech.com\/de\/produkt\/mittelspannung\/waermeschrumpf-endverschlusse-und-verbindungen-bis-zu-36kv\/endverschlusse-de-2\/waermeschrumpf-endverschlusse-enel-zulassung\/\",\"name\":\"W\u00e4rmeschrumpf-Endverschlusse (ENEL Zulassung) | Raytech\",\"isPartOf\":{\"@id\":\"https:\/\/svilupporaytech.com\/#website\"},\"primaryImageOfPage\":{\"@id\":\"https:\/\/svilupporaytech.com\/de\/produkt\/mittelspannung\/waermeschrumpf-endverschlusse-und-verbindungen-bis-zu-36kv\/endverschlusse-de-2\/waermeschrumpf-endverschlusse-enel-zulassung\/#primaryimage\"},\"image\":{\"@id\":\"https:\/\/svilupporaytech.com\/de\/produkt\/mittelspannung\/waermeschrumpf-endverschlusse-und-verbindungen-bis-zu-36kv\/endverschlusse-de-2\/waermeschrumpf-endverschlusse-enel-zulassung\/#primaryimage\"},\"thumbnailUrl\":\"https:\/\/svilupporaytech.com\/wp-content\/uploads\/terminali-omologati.jpg\",\"datePublished\":\"2015-12-28T15:52:04+00:00\",\"dateModified\":\"2015-12-28T15:57:27+00:00\",\"breadcrumb\":{\"@id\":\"https:\/\/svilupporaytech.com\/de\/produkt\/mittelspannung\/waermeschrumpf-endverschlusse-und-verbindungen-bis-zu-36kv\/endverschlusse-de-2\/waermeschrumpf-endverschlusse-enel-zulassung\/#breadcrumb\"},\"inLanguage\":\"de\",\"potentialAction\":[{\"@type\":\"ReadAction\",\"target\":[\"https:\/\/svilupporaytech.com\/de\/produkt\/mittelspannung\/waermeschrumpf-endverschlusse-und-verbindungen-bis-zu-36kv\/endverschlusse-de-2\/waermeschrumpf-endverschlusse-enel-zulassung\/\"]}]},{\"@type\":\"ImageObject\",\"inLanguage\":\"de\",\"@id\":\"https:\/\/svilupporaytech.com\/de\/produkt\/mittelspannung\/waermeschrumpf-endverschlusse-und-verbindungen-bis-zu-36kv\/endverschlusse-de-2\/waermeschrumpf-endverschlusse-enel-zulassung\/#primaryimage\",\"url\":\"https:\/\/svilupporaytech.com\/wp-content\/uploads\/terminali-omologati.jpg\",\"contentUrl\":\"https:\/\/svilupporaytech.com\/wp-content\/uploads\/terminali-omologati.jpg\",\"width\":1024,\"height\":1024},{\"@type\":\"BreadcrumbList\",\"@id\":\"https:\/\/svilupporaytech.com\/de\/produkt\/mittelspannung\/waermeschrumpf-endverschlusse-und-verbindungen-bis-zu-36kv\/endverschlusse-de-2\/waermeschrumpf-endverschlusse-enel-zulassung\/#breadcrumb\",\"itemListElement\":[{\"@type\":\"ListItem\",\"position\":1,\"name\":\"Home\",\"item\":\"https:\/\/svilupporaytech.com\/de\/\"},{\"@type\":\"ListItem\",\"position\":2,\"name\":\"Shop\",\"item\":\"https:\/\/svilupporaytech.com\/de\/shop\/\"},{\"@type\":\"ListItem\",\"position\":3,\"name\":\"W\u00e4rmeschrumpf-Endverschlusse (ENEL Zulassung)\"}]},{\"@type\":\"WebSite\",\"@id\":\"https:\/\/svilupporaytech.com\/#website\",\"url\":\"https:\/\/svilupporaytech.com\/\",\"name\":\"Raytech\",\"description\":\"Cable accessories company\",\"potentialAction\":[{\"@type\":\"SearchAction\",\"target\":{\"@type\":\"EntryPoint\",\"urlTemplate\":\"https:\/\/svilupporaytech.com\/?s={search_term_string}\"},\"query-input\":\"required name=search_term_string\"}],\"inLanguage\":\"de\"}]}<\/script>\n<!-- \/ Yoast SEO plugin. -->","yoast_head_json":{"title":"W\u00e4rmeschrumpf-Endverschlusse (ENEL Zulassung) | Raytech","robots":{"index":"index","follow":"follow","max-snippet":"max-snippet:-1","max-image-preview":"max-image-preview:large","max-video-preview":"max-video-preview:-1"},"canonical":"https:\/\/svilupporaytech.com\/de\/produkt\/mittelspannung\/waermeschrumpf-endverschlusse-und-verbindungen-bis-zu-36kv\/endverschlusse-de-2\/waermeschrumpf-endverschlusse-enel-zulassung\/","og_locale":"de_DE","og_type":"article","og_title":"W\u00e4rmeschrumpf-Endverschlusse (ENEL Zulassung) | Raytech","og_description":"F\u00fcr Innen- und Au\u00dfenanwendungen, einpolig Die w\u00e4rmeschrumpfenden Endverschlusse sind sofort erregbar, zuverl\u00e4ssig und lassen sich schnell verpacken. Durch das hohe Schrumpfverh\u00e4ltnis sind sie vielseitig verwendbar, wodurch die Anzahl der Endverschlussesets [\u2026]","og_url":"https:\/\/svilupporaytech.com\/de\/produkt\/mittelspannung\/waermeschrumpf-endverschlusse-und-verbindungen-bis-zu-36kv\/endverschlusse-de-2\/waermeschrumpf-endverschlusse-enel-zulassung\/","og_site_name":"Raytech","article_modified_time":"2015-12-28T15:57:27+00:00","og_image":[{"width":1024,"height":1024,"url":"https:\/\/svilupporaytech.com\/wp-content\/uploads\/terminali-omologati.jpg","type":"image\/jpeg"}],"twitter_card":"summary_large_image","twitter_misc":{"Gesch\u00e4tzte Lesezeit":"1\u00a0Minute"},"schema":{"@context":"https:\/\/schema.org","@graph":[{"@type":"WebPage","@id":"https:\/\/svilupporaytech.com\/de\/produkt\/mittelspannung\/waermeschrumpf-endverschlusse-und-verbindungen-bis-zu-36kv\/endverschlusse-de-2\/waermeschrumpf-endverschlusse-enel-zulassung\/","url":"https:\/\/svilupporaytech.com\/de\/produkt\/mittelspannung\/waermeschrumpf-endverschlusse-und-verbindungen-bis-zu-36kv\/endverschlusse-de-2\/waermeschrumpf-endverschlusse-enel-zulassung\/","name":"W\u00e4rmeschrumpf-Endverschlusse (ENEL Zulassung) | Raytech","isPartOf":{"@id":"https:\/\/svilupporaytech.com\/#website"},"primaryImageOfPage":{"@id":"https:\/\/svilupporaytech.com\/de\/produkt\/mittelspannung\/waermeschrumpf-endverschlusse-und-verbindungen-bis-zu-36kv\/endverschlusse-de-2\/waermeschrumpf-endverschlusse-enel-zulassung\/#primaryimage"},"image":{"@id":"https:\/\/svilupporaytech.com\/de\/produkt\/mittelspannung\/waermeschrumpf-endverschlusse-und-verbindungen-bis-zu-36kv\/endverschlusse-de-2\/waermeschrumpf-endverschlusse-enel-zulassung\/#primaryimage"},"thumbnailUrl":"https:\/\/svilupporaytech.com\/wp-content\/uploads\/terminali-omologati.jpg","datePublished":"2015-12-28T15:52:04+00:00","dateModified":"2015-12-28T15:57:27+00:00","breadcrumb":{"@id":"https:\/\/svilupporaytech.com\/de\/produkt\/mittelspannung\/waermeschrumpf-endverschlusse-und-verbindungen-bis-zu-36kv\/endverschlusse-de-2\/waermeschrumpf-endverschlusse-enel-zulassung\/#breadcrumb"},"inLanguage":"de","potentialAction":[{"@type":"ReadAction","target":["https:\/\/svilupporaytech.com\/de\/produkt\/mittelspannung\/waermeschrumpf-endverschlusse-und-verbindungen-bis-zu-36kv\/endverschlusse-de-2\/waermeschrumpf-endverschlusse-enel-zulassung\/"]}]},{"@type":"ImageObject","inLanguage":"de","@id":"https:\/\/svilupporaytech.com\/de\/produkt\/mittelspannung\/waermeschrumpf-endverschlusse-und-verbindungen-bis-zu-36kv\/endverschlusse-de-2\/waermeschrumpf-endverschlusse-enel-zulassung\/#primaryimage","url":"https:\/\/svilupporaytech.com\/wp-content\/uploads\/terminali-omologati.jpg","contentUrl":"https:\/\/svilupporaytech.com\/wp-content\/uploads\/terminali-omologati.jpg","width":1024,"height":1024},{"@type":"BreadcrumbList","@id":"https:\/\/svilupporaytech.com\/de\/produkt\/mittelspannung\/waermeschrumpf-endverschlusse-und-verbindungen-bis-zu-36kv\/endverschlusse-de-2\/waermeschrumpf-endverschlusse-enel-zulassung\/#breadcrumb","itemListElement":[{"@type":"ListItem","position":1,"name":"Home","item":"https:\/\/svilupporaytech.com\/de\/"},{"@type":"ListItem","position":2,"name":"Shop","item":"https:\/\/svilupporaytech.com\/de\/shop\/"},{"@type":"ListItem","position":3,"name":"W\u00e4rmeschrumpf-Endverschlusse (ENEL Zulassung)"}]},{"@type":"WebSite","@id":"https:\/\/svilupporaytech.com\/#website","url":"https:\/\/svilupporaytech.com\/","name":"Raytech","description":"Cable accessories company","potentialAction":[{"@type":"SearchAction","target":{"@type":"EntryPoint","urlTemplate":"https:\/\/svilupporaytech.com\/?s={search_term_string}"},"query-input":"required name=search_term_string"}],"inLanguage":"de"}]}},"_links":{"self":[{"href":"https:\/\/svilupporaytech.com\/de\/wp-json\/wp\/v2\/product\/6849"}],"collection":[{"href":"https:\/\/svilupporaytech.com\/de\/wp-json\/wp\/v2\/product"}],"about":[{"href":"https:\/\/svilupporaytech.com\/de\/wp-json\/wp\/v2\/types\/product"}],"wp:featuredmedia":[{"embeddable":true,"href":"https:\/\/svilupporaytech.com\/de\/wp-json\/wp\/v2\/media\/2376"}],"wp:attachment":[{"href":"https:\/\/svilupporaytech.com\/de\/wp-json\/wp\/v2\/media?parent=6849"}],"wp:term":[{"taxonomy":"product_cat","embeddable":true,"href":"https:\/\/svilupporaytech.com\/de\/wp-json\/wp\/v2\/product_cat?post=6849"},{"taxonomy":"product_tag","embeddable":true,"href":"https:\/\/svilupporaytech.com\/de\/wp-json\/wp\/v2\/product_tag?post=6849"}],"curies":[{"name":"wp","href":"https:\/\/api.w.org\/{rel}","templated":true}]}}