{"id":6900,"date":"2015-09-15T11:33:19","date_gmt":"2015-12-28T16:37:36","guid":{"rendered":"https:\/\/svilupporaytech.com\/?post_type=product&#038;p=6900&#038;lang=de"},"modified":"2015-12-28T16:44:25","modified_gmt":"2015-12-28T16:44:25","slug":"waermeschrumpf-endverschlusse-fuer-hochspannung-72-kv","status":"publish","type":"product","link":"https:\/\/svilupporaytech.com\/de\/produkt\/mittelspannung\/waermschrumpftechnik-72-kv\/endverschlusse-de\/waermeschrumpf-endverschlusse-fuer-hochspannung-72-kv\/","title":{"rendered":"W\u00e4rmeschrumpf-Endverschlusse f\u00fcr Hochspannung 72 kV"},"content":{"rendered":"<p>Das Set besteht aus einer \u00fcberschaubaren Anzahl an Komponenten, die bei normalen Lagerbedingungen unbegrenzt haltbar sind. Drei Basis-Sets decken alle m\u00f6glichen Kabelquerschnitte ab, d.h. der Lageraufwand ist effizient und gering. Die Sets sind kompakt und leicht und somit besonders handlich und transportfreundlich. Keine besondere Zusatzausbildung erforderlich. Einfache Installation mit gesichertem Ergebnis. Die Abschl\u00fcsse stimmen mit den internationalen Vorschriften und Vorgaben \u00fcberein (z.B. IEEE 48, IEC 840, SEN 241434, ESI 09-16, EdF HN-62\/5448\/2, KEMA S10, CEI 20.24), sie alle sind in den internen Qualit\u00e4tspr\u00fcfungen enthalten.<br \/>\nDerzeit sind 3 Klassen HS-Endverschlusse erh\u00e4ltlich:<br \/>\nUo\/U=23\/40 kV (U max 42 kV)<br \/>\nUo\/U=26\/45 kV (U max 52 kV)<br \/>\nUo\/U=36\/60 kV (U max 72 kV)<\/p>\n","protected":false},"excerpt":{"rendered":"<p>Das Set besteht aus einer \u00fcberschaubaren Anzahl an Komponenten, die bei normalen Lagerbedingungen unbegrenzt haltbar sind. Drei Basis-Sets decken alle m\u00f6glichen Kabelquerschnitte ab, d.h. der Lageraufwand ist effizient und gering.<span class=\"excerpt-hellip\"> [\u2026]<\/span><\/p>\n","protected":false},"featured_media":4730,"template":"","meta":[],"product_cat":[315,320,439],"product_tag":[],"yoast_head":"<!-- This site is optimized with the Yoast SEO plugin v22.7 - https:\/\/yoast.com\/wordpress\/plugins\/seo\/ -->\n<title>W\u00e4rmeschrumpf-Endverschlusse f\u00fcr Hochspannung 72 kV | Raytech<\/title>\n<meta name=\"robots\" content=\"index, follow, max-snippet:-1, max-image-preview:large, max-video-preview:-1\" \/>\n<link rel=\"canonical\" href=\"https:\/\/svilupporaytech.com\/de\/produkt\/mittelspannung\/waermschrumpftechnik-72-kv\/endverschlusse-de\/waermeschrumpf-endverschlusse-fuer-hochspannung-72-kv\/\" \/>\n<meta property=\"og:locale\" content=\"de_DE\" \/>\n<meta property=\"og:type\" content=\"article\" \/>\n<meta property=\"og:title\" content=\"W\u00e4rmeschrumpf-Endverschlusse f\u00fcr Hochspannung 72 kV | Raytech\" \/>\n<meta property=\"og:description\" content=\"Das Set besteht aus einer \u00fcberschaubaren Anzahl an Komponenten, die bei normalen Lagerbedingungen unbegrenzt haltbar sind. Drei Basis-Sets decken alle m\u00f6glichen Kabelquerschnitte ab, d.h. der Lageraufwand ist effizient und gering. [\u2026]\" \/>\n<meta property=\"og:url\" content=\"https:\/\/svilupporaytech.com\/de\/produkt\/mittelspannung\/waermschrumpftechnik-72-kv\/endverschlusse-de\/waermeschrumpf-endverschlusse-fuer-hochspannung-72-kv\/\" \/>\n<meta property=\"og:site_name\" content=\"Raytech\" \/>\n<meta property=\"article:modified_time\" content=\"2015-12-28T16:44:25+00:00\" \/>\n<meta property=\"og:image\" content=\"https:\/\/svilupporaytech.com\/wp-content\/uploads\/Terminali-termorestringenti-per-alta-tensione-72-kV-1.jpg\" \/>\n\t<meta property=\"og:image:width\" content=\"1024\" \/>\n\t<meta property=\"og:image:height\" content=\"1024\" \/>\n\t<meta property=\"og:image:type\" content=\"image\/jpeg\" \/>\n<meta name=\"twitter:card\" content=\"summary_large_image\" \/>\n<meta name=\"twitter:label1\" content=\"Gesch\u00e4tzte Lesezeit\" \/>\n\t<meta name=\"twitter:data1\" content=\"1\u00a0Minute\" \/>\n<script type=\"application\/ld+json\" class=\"yoast-schema-graph\">{\"@context\":\"https:\/\/schema.org\",\"@graph\":[{\"@type\":\"WebPage\",\"@id\":\"https:\/\/svilupporaytech.com\/de\/produkt\/mittelspannung\/waermschrumpftechnik-72-kv\/endverschlusse-de\/waermeschrumpf-endverschlusse-fuer-hochspannung-72-kv\/\",\"url\":\"https:\/\/svilupporaytech.com\/de\/produkt\/mittelspannung\/waermschrumpftechnik-72-kv\/endverschlusse-de\/waermeschrumpf-endverschlusse-fuer-hochspannung-72-kv\/\",\"name\":\"W\u00e4rmeschrumpf-Endverschlusse f\u00fcr Hochspannung 72 kV | Raytech\",\"isPartOf\":{\"@id\":\"https:\/\/svilupporaytech.com\/#website\"},\"primaryImageOfPage\":{\"@id\":\"https:\/\/svilupporaytech.com\/de\/produkt\/mittelspannung\/waermschrumpftechnik-72-kv\/endverschlusse-de\/waermeschrumpf-endverschlusse-fuer-hochspannung-72-kv\/#primaryimage\"},\"image\":{\"@id\":\"https:\/\/svilupporaytech.com\/de\/produkt\/mittelspannung\/waermschrumpftechnik-72-kv\/endverschlusse-de\/waermeschrumpf-endverschlusse-fuer-hochspannung-72-kv\/#primaryimage\"},\"thumbnailUrl\":\"https:\/\/svilupporaytech.com\/wp-content\/uploads\/Terminali-termorestringenti-per-alta-tensione-72-kV-1.jpg\",\"datePublished\":\"2015-12-28T16:37:36+00:00\",\"dateModified\":\"2015-12-28T16:44:25+00:00\",\"breadcrumb\":{\"@id\":\"https:\/\/svilupporaytech.com\/de\/produkt\/mittelspannung\/waermschrumpftechnik-72-kv\/endverschlusse-de\/waermeschrumpf-endverschlusse-fuer-hochspannung-72-kv\/#breadcrumb\"},\"inLanguage\":\"de\",\"potentialAction\":[{\"@type\":\"ReadAction\",\"target\":[\"https:\/\/svilupporaytech.com\/de\/produkt\/mittelspannung\/waermschrumpftechnik-72-kv\/endverschlusse-de\/waermeschrumpf-endverschlusse-fuer-hochspannung-72-kv\/\"]}]},{\"@type\":\"ImageObject\",\"inLanguage\":\"de\",\"@id\":\"https:\/\/svilupporaytech.com\/de\/produkt\/mittelspannung\/waermschrumpftechnik-72-kv\/endverschlusse-de\/waermeschrumpf-endverschlusse-fuer-hochspannung-72-kv\/#primaryimage\",\"url\":\"https:\/\/svilupporaytech.com\/wp-content\/uploads\/Terminali-termorestringenti-per-alta-tensione-72-kV-1.jpg\",\"contentUrl\":\"https:\/\/svilupporaytech.com\/wp-content\/uploads\/Terminali-termorestringenti-per-alta-tensione-72-kV-1.jpg\",\"width\":1024,\"height\":1024},{\"@type\":\"BreadcrumbList\",\"@id\":\"https:\/\/svilupporaytech.com\/de\/produkt\/mittelspannung\/waermschrumpftechnik-72-kv\/endverschlusse-de\/waermeschrumpf-endverschlusse-fuer-hochspannung-72-kv\/#breadcrumb\",\"itemListElement\":[{\"@type\":\"ListItem\",\"position\":1,\"name\":\"Home\",\"item\":\"https:\/\/svilupporaytech.com\/de\/\"},{\"@type\":\"ListItem\",\"position\":2,\"name\":\"Shop\",\"item\":\"https:\/\/svilupporaytech.com\/de\/shop\/\"},{\"@type\":\"ListItem\",\"position\":3,\"name\":\"W\u00e4rmeschrumpf-Endverschlusse f\u00fcr Hochspannung 72 kV\"}]},{\"@type\":\"WebSite\",\"@id\":\"https:\/\/svilupporaytech.com\/#website\",\"url\":\"https:\/\/svilupporaytech.com\/\",\"name\":\"Raytech\",\"description\":\"Cable accessories company\",\"potentialAction\":[{\"@type\":\"SearchAction\",\"target\":{\"@type\":\"EntryPoint\",\"urlTemplate\":\"https:\/\/svilupporaytech.com\/?s={search_term_string}\"},\"query-input\":\"required name=search_term_string\"}],\"inLanguage\":\"de\"}]}<\/script>\n<!-- \/ Yoast SEO plugin. -->","yoast_head_json":{"title":"W\u00e4rmeschrumpf-Endverschlusse f\u00fcr Hochspannung 72 kV | Raytech","robots":{"index":"index","follow":"follow","max-snippet":"max-snippet:-1","max-image-preview":"max-image-preview:large","max-video-preview":"max-video-preview:-1"},"canonical":"https:\/\/svilupporaytech.com\/de\/produkt\/mittelspannung\/waermschrumpftechnik-72-kv\/endverschlusse-de\/waermeschrumpf-endverschlusse-fuer-hochspannung-72-kv\/","og_locale":"de_DE","og_type":"article","og_title":"W\u00e4rmeschrumpf-Endverschlusse f\u00fcr Hochspannung 72 kV | Raytech","og_description":"Das Set besteht aus einer \u00fcberschaubaren Anzahl an Komponenten, die bei normalen Lagerbedingungen unbegrenzt haltbar sind. Drei Basis-Sets decken alle m\u00f6glichen Kabelquerschnitte ab, d.h. der Lageraufwand ist effizient und gering. [\u2026]","og_url":"https:\/\/svilupporaytech.com\/de\/produkt\/mittelspannung\/waermschrumpftechnik-72-kv\/endverschlusse-de\/waermeschrumpf-endverschlusse-fuer-hochspannung-72-kv\/","og_site_name":"Raytech","article_modified_time":"2015-12-28T16:44:25+00:00","og_image":[{"width":1024,"height":1024,"url":"https:\/\/svilupporaytech.com\/wp-content\/uploads\/Terminali-termorestringenti-per-alta-tensione-72-kV-1.jpg","type":"image\/jpeg"}],"twitter_card":"summary_large_image","twitter_misc":{"Gesch\u00e4tzte Lesezeit":"1\u00a0Minute"},"schema":{"@context":"https:\/\/schema.org","@graph":[{"@type":"WebPage","@id":"https:\/\/svilupporaytech.com\/de\/produkt\/mittelspannung\/waermschrumpftechnik-72-kv\/endverschlusse-de\/waermeschrumpf-endverschlusse-fuer-hochspannung-72-kv\/","url":"https:\/\/svilupporaytech.com\/de\/produkt\/mittelspannung\/waermschrumpftechnik-72-kv\/endverschlusse-de\/waermeschrumpf-endverschlusse-fuer-hochspannung-72-kv\/","name":"W\u00e4rmeschrumpf-Endverschlusse f\u00fcr Hochspannung 72 kV | Raytech","isPartOf":{"@id":"https:\/\/svilupporaytech.com\/#website"},"primaryImageOfPage":{"@id":"https:\/\/svilupporaytech.com\/de\/produkt\/mittelspannung\/waermschrumpftechnik-72-kv\/endverschlusse-de\/waermeschrumpf-endverschlusse-fuer-hochspannung-72-kv\/#primaryimage"},"image":{"@id":"https:\/\/svilupporaytech.com\/de\/produkt\/mittelspannung\/waermschrumpftechnik-72-kv\/endverschlusse-de\/waermeschrumpf-endverschlusse-fuer-hochspannung-72-kv\/#primaryimage"},"thumbnailUrl":"https:\/\/svilupporaytech.com\/wp-content\/uploads\/Terminali-termorestringenti-per-alta-tensione-72-kV-1.jpg","datePublished":"2015-12-28T16:37:36+00:00","dateModified":"2015-12-28T16:44:25+00:00","breadcrumb":{"@id":"https:\/\/svilupporaytech.com\/de\/produkt\/mittelspannung\/waermschrumpftechnik-72-kv\/endverschlusse-de\/waermeschrumpf-endverschlusse-fuer-hochspannung-72-kv\/#breadcrumb"},"inLanguage":"de","potentialAction":[{"@type":"ReadAction","target":["https:\/\/svilupporaytech.com\/de\/produkt\/mittelspannung\/waermschrumpftechnik-72-kv\/endverschlusse-de\/waermeschrumpf-endverschlusse-fuer-hochspannung-72-kv\/"]}]},{"@type":"ImageObject","inLanguage":"de","@id":"https:\/\/svilupporaytech.com\/de\/produkt\/mittelspannung\/waermschrumpftechnik-72-kv\/endverschlusse-de\/waermeschrumpf-endverschlusse-fuer-hochspannung-72-kv\/#primaryimage","url":"https:\/\/svilupporaytech.com\/wp-content\/uploads\/Terminali-termorestringenti-per-alta-tensione-72-kV-1.jpg","contentUrl":"https:\/\/svilupporaytech.com\/wp-content\/uploads\/Terminali-termorestringenti-per-alta-tensione-72-kV-1.jpg","width":1024,"height":1024},{"@type":"BreadcrumbList","@id":"https:\/\/svilupporaytech.com\/de\/produkt\/mittelspannung\/waermschrumpftechnik-72-kv\/endverschlusse-de\/waermeschrumpf-endverschlusse-fuer-hochspannung-72-kv\/#breadcrumb","itemListElement":[{"@type":"ListItem","position":1,"name":"Home","item":"https:\/\/svilupporaytech.com\/de\/"},{"@type":"ListItem","position":2,"name":"Shop","item":"https:\/\/svilupporaytech.com\/de\/shop\/"},{"@type":"ListItem","position":3,"name":"W\u00e4rmeschrumpf-Endverschlusse f\u00fcr Hochspannung 72 kV"}]},{"@type":"WebSite","@id":"https:\/\/svilupporaytech.com\/#website","url":"https:\/\/svilupporaytech.com\/","name":"Raytech","description":"Cable accessories company","potentialAction":[{"@type":"SearchAction","target":{"@type":"EntryPoint","urlTemplate":"https:\/\/svilupporaytech.com\/?s={search_term_string}"},"query-input":"required name=search_term_string"}],"inLanguage":"de"}]}},"_links":{"self":[{"href":"https:\/\/svilupporaytech.com\/de\/wp-json\/wp\/v2\/product\/6900"}],"collection":[{"href":"https:\/\/svilupporaytech.com\/de\/wp-json\/wp\/v2\/product"}],"about":[{"href":"https:\/\/svilupporaytech.com\/de\/wp-json\/wp\/v2\/types\/product"}],"wp:featuredmedia":[{"embeddable":true,"href":"https:\/\/svilupporaytech.com\/de\/wp-json\/wp\/v2\/media\/4730"}],"wp:attachment":[{"href":"https:\/\/svilupporaytech.com\/de\/wp-json\/wp\/v2\/media?parent=6900"}],"wp:term":[{"taxonomy":"product_cat","embeddable":true,"href":"https:\/\/svilupporaytech.com\/de\/wp-json\/wp\/v2\/product_cat?post=6900"},{"taxonomy":"product_tag","embeddable":true,"href":"https:\/\/svilupporaytech.com\/de\/wp-json\/wp\/v2\/product_tag?post=6900"}],"curies":[{"name":"wp","href":"https:\/\/api.w.org\/{rel}","templated":true}]}}