{"id":6997,"date":"2015-09-15T11:40:39","date_gmt":"2015-12-29T15:21:27","guid":{"rendered":"https:\/\/svilupporaytech.com\/?post_type=product&#038;p=6997&#038;lang=de"},"modified":"2015-12-29T15:21:27","modified_gmt":"2015-12-29T15:21:27","slug":"steckanschluesse-einpolige-endverschlusse-250-a","status":"publish","type":"product","link":"https:\/\/svilupporaytech.com\/de\/produkt\/mittelspannung\/steckanschlusse\/steckanschluesse-einpolige-endverschlusse-250-a\/","title":{"rendered":"Steckanschl\u00fcsse einpolige Endverschlusse 250 A"},"content":{"rendered":"<div class=\"page\" title=\"Page 177\">\n<div class=\"layoutArea\">\n<div class=\"column\">\n<p><strong>mit Au\u00dfenkonus und Kontaktstecker In=250 A<\/strong><\/p>\n<div class=\"page\" title=\"Page 177\">\n<div class=\"layoutArea\">\n<div class=\"column\">\n<h4><span style=\"color: #004f9f;\">Trenner f\u00fcr extrudierte Kabel M mit Radialfeld f\u00fcr Spannungen bis 19\/33 (36) kV<\/span><\/h4>\n<div class=\"page\" title=\"Page 177\">\n<div class=\"layoutArea\">\n<div class=\"column\">\n<p>Trennbare einpolige Abschl\u00fcsse mit eckigem oder geraden Kontaktstecker In=250 A f\u00fcr extrudierte Kabel. Die Au\u00dfenverkleidung aus halbleitendem Gummi sch\u00fctzt das Personal vor Stromschlag. Jede Klemme wurde vor dem Versand werksseitig auf dielektrische Dichtigkeit und teilweise Entladungen getestet.<\/p>\n<\/div>\n<\/div>\n<\/div>\n<\/div>\n<\/div>\n<\/div>\n<\/div>\n<\/div>\n<\/div>\n","protected":false},"excerpt":{"rendered":"<p>mit Au\u00dfenkonus und Kontaktstecker In=250 A Trenner f\u00fcr extrudierte Kabel M mit Radialfeld f\u00fcr Spannungen bis 19\/33 (36) kV Trennbare einpolige Abschl\u00fcsse mit eckigem oder geraden Kontaktstecker In=250 A f\u00fcr<span class=\"excerpt-hellip\"> [\u2026]<\/span><\/p>\n","protected":false},"featured_media":2432,"template":"","meta":[],"product_cat":[315,318],"product_tag":[],"yoast_head":"<!-- This site is optimized with the Yoast SEO plugin v22.7 - https:\/\/yoast.com\/wordpress\/plugins\/seo\/ -->\n<title>Steckanschl\u00fcsse einpolige Endverschlusse 250 A | Raytech<\/title>\n<meta name=\"robots\" content=\"index, follow, max-snippet:-1, max-image-preview:large, max-video-preview:-1\" \/>\n<link rel=\"canonical\" href=\"https:\/\/svilupporaytech.com\/de\/produkt\/mittelspannung\/steckanschlusse\/steckanschluesse-einpolige-endverschlusse-250-a\/\" \/>\n<meta property=\"og:locale\" content=\"de_DE\" \/>\n<meta property=\"og:type\" content=\"article\" \/>\n<meta property=\"og:title\" content=\"Steckanschl\u00fcsse einpolige Endverschlusse 250 A | Raytech\" \/>\n<meta property=\"og:description\" content=\"mit Au\u00dfenkonus und Kontaktstecker In=250 A Trenner f\u00fcr extrudierte Kabel M mit Radialfeld f\u00fcr Spannungen bis 19\/33 (36) kV Trennbare einpolige Abschl\u00fcsse mit eckigem oder geraden Kontaktstecker In=250 A f\u00fcr [\u2026]\" \/>\n<meta property=\"og:url\" content=\"https:\/\/svilupporaytech.com\/de\/produkt\/mittelspannung\/steckanschlusse\/steckanschluesse-einpolige-endverschlusse-250-a\/\" \/>\n<meta property=\"og:site_name\" content=\"Raytech\" \/>\n<meta property=\"og:image\" content=\"https:\/\/svilupporaytech.com\/wp-content\/uploads\/sconnettibili-con-spina.jpg\" \/>\n\t<meta property=\"og:image:width\" content=\"1024\" \/>\n\t<meta property=\"og:image:height\" content=\"1024\" \/>\n\t<meta property=\"og:image:type\" content=\"image\/jpeg\" \/>\n<meta name=\"twitter:card\" content=\"summary_large_image\" \/>\n<script type=\"application\/ld+json\" class=\"yoast-schema-graph\">{\"@context\":\"https:\/\/schema.org\",\"@graph\":[{\"@type\":\"WebPage\",\"@id\":\"https:\/\/svilupporaytech.com\/de\/produkt\/mittelspannung\/steckanschlusse\/steckanschluesse-einpolige-endverschlusse-250-a\/\",\"url\":\"https:\/\/svilupporaytech.com\/de\/produkt\/mittelspannung\/steckanschlusse\/steckanschluesse-einpolige-endverschlusse-250-a\/\",\"name\":\"Steckanschl\u00fcsse einpolige Endverschlusse 250 A | Raytech\",\"isPartOf\":{\"@id\":\"https:\/\/svilupporaytech.com\/#website\"},\"primaryImageOfPage\":{\"@id\":\"https:\/\/svilupporaytech.com\/de\/produkt\/mittelspannung\/steckanschlusse\/steckanschluesse-einpolige-endverschlusse-250-a\/#primaryimage\"},\"image\":{\"@id\":\"https:\/\/svilupporaytech.com\/de\/produkt\/mittelspannung\/steckanschlusse\/steckanschluesse-einpolige-endverschlusse-250-a\/#primaryimage\"},\"thumbnailUrl\":\"https:\/\/svilupporaytech.com\/wp-content\/uploads\/sconnettibili-con-spina.jpg\",\"datePublished\":\"2015-12-29T15:21:27+00:00\",\"dateModified\":\"2015-12-29T15:21:27+00:00\",\"breadcrumb\":{\"@id\":\"https:\/\/svilupporaytech.com\/de\/produkt\/mittelspannung\/steckanschlusse\/steckanschluesse-einpolige-endverschlusse-250-a\/#breadcrumb\"},\"inLanguage\":\"de\",\"potentialAction\":[{\"@type\":\"ReadAction\",\"target\":[\"https:\/\/svilupporaytech.com\/de\/produkt\/mittelspannung\/steckanschlusse\/steckanschluesse-einpolige-endverschlusse-250-a\/\"]}]},{\"@type\":\"ImageObject\",\"inLanguage\":\"de\",\"@id\":\"https:\/\/svilupporaytech.com\/de\/produkt\/mittelspannung\/steckanschlusse\/steckanschluesse-einpolige-endverschlusse-250-a\/#primaryimage\",\"url\":\"https:\/\/svilupporaytech.com\/wp-content\/uploads\/sconnettibili-con-spina.jpg\",\"contentUrl\":\"https:\/\/svilupporaytech.com\/wp-content\/uploads\/sconnettibili-con-spina.jpg\",\"width\":1024,\"height\":1024},{\"@type\":\"BreadcrumbList\",\"@id\":\"https:\/\/svilupporaytech.com\/de\/produkt\/mittelspannung\/steckanschlusse\/steckanschluesse-einpolige-endverschlusse-250-a\/#breadcrumb\",\"itemListElement\":[{\"@type\":\"ListItem\",\"position\":1,\"name\":\"Home\",\"item\":\"https:\/\/svilupporaytech.com\/de\/\"},{\"@type\":\"ListItem\",\"position\":2,\"name\":\"Shop\",\"item\":\"https:\/\/svilupporaytech.com\/de\/shop\/\"},{\"@type\":\"ListItem\",\"position\":3,\"name\":\"Steckanschl\u00fcsse einpolige Endverschlusse 250 A\"}]},{\"@type\":\"WebSite\",\"@id\":\"https:\/\/svilupporaytech.com\/#website\",\"url\":\"https:\/\/svilupporaytech.com\/\",\"name\":\"Raytech\",\"description\":\"Cable accessories company\",\"potentialAction\":[{\"@type\":\"SearchAction\",\"target\":{\"@type\":\"EntryPoint\",\"urlTemplate\":\"https:\/\/svilupporaytech.com\/?s={search_term_string}\"},\"query-input\":\"required name=search_term_string\"}],\"inLanguage\":\"de\"}]}<\/script>\n<!-- \/ Yoast SEO plugin. -->","yoast_head_json":{"title":"Steckanschl\u00fcsse einpolige Endverschlusse 250 A | Raytech","robots":{"index":"index","follow":"follow","max-snippet":"max-snippet:-1","max-image-preview":"max-image-preview:large","max-video-preview":"max-video-preview:-1"},"canonical":"https:\/\/svilupporaytech.com\/de\/produkt\/mittelspannung\/steckanschlusse\/steckanschluesse-einpolige-endverschlusse-250-a\/","og_locale":"de_DE","og_type":"article","og_title":"Steckanschl\u00fcsse einpolige Endverschlusse 250 A | Raytech","og_description":"mit Au\u00dfenkonus und Kontaktstecker In=250 A Trenner f\u00fcr extrudierte Kabel M mit Radialfeld f\u00fcr Spannungen bis 19\/33 (36) kV Trennbare einpolige Abschl\u00fcsse mit eckigem oder geraden Kontaktstecker In=250 A f\u00fcr [\u2026]","og_url":"https:\/\/svilupporaytech.com\/de\/produkt\/mittelspannung\/steckanschlusse\/steckanschluesse-einpolige-endverschlusse-250-a\/","og_site_name":"Raytech","og_image":[{"width":1024,"height":1024,"url":"https:\/\/svilupporaytech.com\/wp-content\/uploads\/sconnettibili-con-spina.jpg","type":"image\/jpeg"}],"twitter_card":"summary_large_image","schema":{"@context":"https:\/\/schema.org","@graph":[{"@type":"WebPage","@id":"https:\/\/svilupporaytech.com\/de\/produkt\/mittelspannung\/steckanschlusse\/steckanschluesse-einpolige-endverschlusse-250-a\/","url":"https:\/\/svilupporaytech.com\/de\/produkt\/mittelspannung\/steckanschlusse\/steckanschluesse-einpolige-endverschlusse-250-a\/","name":"Steckanschl\u00fcsse einpolige Endverschlusse 250 A | Raytech","isPartOf":{"@id":"https:\/\/svilupporaytech.com\/#website"},"primaryImageOfPage":{"@id":"https:\/\/svilupporaytech.com\/de\/produkt\/mittelspannung\/steckanschlusse\/steckanschluesse-einpolige-endverschlusse-250-a\/#primaryimage"},"image":{"@id":"https:\/\/svilupporaytech.com\/de\/produkt\/mittelspannung\/steckanschlusse\/steckanschluesse-einpolige-endverschlusse-250-a\/#primaryimage"},"thumbnailUrl":"https:\/\/svilupporaytech.com\/wp-content\/uploads\/sconnettibili-con-spina.jpg","datePublished":"2015-12-29T15:21:27+00:00","dateModified":"2015-12-29T15:21:27+00:00","breadcrumb":{"@id":"https:\/\/svilupporaytech.com\/de\/produkt\/mittelspannung\/steckanschlusse\/steckanschluesse-einpolige-endverschlusse-250-a\/#breadcrumb"},"inLanguage":"de","potentialAction":[{"@type":"ReadAction","target":["https:\/\/svilupporaytech.com\/de\/produkt\/mittelspannung\/steckanschlusse\/steckanschluesse-einpolige-endverschlusse-250-a\/"]}]},{"@type":"ImageObject","inLanguage":"de","@id":"https:\/\/svilupporaytech.com\/de\/produkt\/mittelspannung\/steckanschlusse\/steckanschluesse-einpolige-endverschlusse-250-a\/#primaryimage","url":"https:\/\/svilupporaytech.com\/wp-content\/uploads\/sconnettibili-con-spina.jpg","contentUrl":"https:\/\/svilupporaytech.com\/wp-content\/uploads\/sconnettibili-con-spina.jpg","width":1024,"height":1024},{"@type":"BreadcrumbList","@id":"https:\/\/svilupporaytech.com\/de\/produkt\/mittelspannung\/steckanschlusse\/steckanschluesse-einpolige-endverschlusse-250-a\/#breadcrumb","itemListElement":[{"@type":"ListItem","position":1,"name":"Home","item":"https:\/\/svilupporaytech.com\/de\/"},{"@type":"ListItem","position":2,"name":"Shop","item":"https:\/\/svilupporaytech.com\/de\/shop\/"},{"@type":"ListItem","position":3,"name":"Steckanschl\u00fcsse einpolige Endverschlusse 250 A"}]},{"@type":"WebSite","@id":"https:\/\/svilupporaytech.com\/#website","url":"https:\/\/svilupporaytech.com\/","name":"Raytech","description":"Cable accessories company","potentialAction":[{"@type":"SearchAction","target":{"@type":"EntryPoint","urlTemplate":"https:\/\/svilupporaytech.com\/?s={search_term_string}"},"query-input":"required name=search_term_string"}],"inLanguage":"de"}]}},"_links":{"self":[{"href":"https:\/\/svilupporaytech.com\/de\/wp-json\/wp\/v2\/product\/6997"}],"collection":[{"href":"https:\/\/svilupporaytech.com\/de\/wp-json\/wp\/v2\/product"}],"about":[{"href":"https:\/\/svilupporaytech.com\/de\/wp-json\/wp\/v2\/types\/product"}],"wp:featuredmedia":[{"embeddable":true,"href":"https:\/\/svilupporaytech.com\/de\/wp-json\/wp\/v2\/media\/2432"}],"wp:attachment":[{"href":"https:\/\/svilupporaytech.com\/de\/wp-json\/wp\/v2\/media?parent=6997"}],"wp:term":[{"taxonomy":"product_cat","embeddable":true,"href":"https:\/\/svilupporaytech.com\/de\/wp-json\/wp\/v2\/product_cat?post=6997"},{"taxonomy":"product_tag","embeddable":true,"href":"https:\/\/svilupporaytech.com\/de\/wp-json\/wp\/v2\/product_tag?post=6997"}],"curies":[{"name":"wp","href":"https:\/\/api.w.org\/{rel}","templated":true}]}}