{"id":6999,"date":"2015-09-15T11:45:16","date_gmt":"2015-12-29T15:24:38","guid":{"rendered":"https:\/\/svilupporaytech.com\/?post_type=product&#038;p=6999&#038;lang=de"},"modified":"2019-08-29T12:41:58","modified_gmt":"2019-08-29T12:41:58","slug":"warmschrumpf-schlaeuche-maentel","status":"publish","type":"product","link":"https:\/\/svilupporaytech.com\/de\/produkt\/mittelspannung\/isolierende-schlaeuche-und-baender\/warmschrumpf-schlaeuche-maentel\/","title":{"rendered":"Warmschrumpf-schl\u00e4uche M\u00e4ntel"},"content":{"rendered":"<h4><span style=\"color: #0069b4;\"><strong>M\u00e4ntel zur Isolierung von Stangen in Schaltk\u00e4sten oder im Freien im Prim\u00e4r- und Sekund\u00e4rschaltschr\u00e4nken<\/strong><\/span><\/h4>\n<p><strong>ANWENDUNG<\/strong><br \/>\nPrim\u00e4r- (HS, MS) und Sekund\u00e4rschaltk\u00e4sten (MS-NS) bis 36 kV haben heute meiste sehr kompakte Gr\u00f6\u00dfen. Stangen m\u00fcssen isoliert werden, um Entladungen und versehentliche Kurzschl\u00fcsse, meist durch das Eindringen von Tieren ausgel\u00f6st, zu vermeiden. W\u00e4rmeschrumpfende M\u00e4ntel f\u00fcr MT k\u00f6nnen auf runden bzw. eckigen Kupfer- oder Aluminiumstangen verwendet werden. Sie sind flexibel, dehnbar und lassen sich auf zuvor gebogenen Stangen anbringen, ohne rissig oder runzelig zu werden.<\/p>\n<p><strong>BESCHREIBUNG<\/strong><br \/>\nBei den M\u00e4nteln wird ein spezielles Gitternetz-Elastomer mit herausragenden isolierenden Eigenschaften verwendet, das sich selbst bei Dauergebrauch bei Hitze durch seine Langlebigkeit auszeichnet. Sie sind halogenfrei, folglich besteht bei Brand nicht die Gefahr der Bildung toxischer oder korrosiver Stoffe. Sie sind L\u00f6sungsmittel- und UV-best\u00e4ndig, witterungsfest, sto\u00df- und rei\u00dffest und eignen sich folglich bestens zur Verwendung im Freien.<\/p>\n<p><strong>VERLEGEN<\/strong><br \/>\nBei Serienherstellungen werden die MS M\u00e4ntel bereits werksseitig installiert und im Ofen w\u00e4rmegeschrumpft. Auf der Baustelle lassen sich die M\u00e4ntel mithilfe eines Strahl- oder Hei\u00dfluftbrenners schrumpfen. Wird der Mantel auf \u00fcber 120\u00b0C erhitzt, schrumpft er ohne Besch\u00e4digungsgefahr auf der Stange, da das Gitternetz in hohem Ma\u00dfe hitzebest\u00e4ndig ist. Da die M\u00e4ntel sehr dehnbar sind, lassen sich die Stange mit bereits angebrachtem Mantel bei der Montage des Schaltschranks auch biegen.<\/p>\n","protected":false},"excerpt":{"rendered":"<p>M\u00e4ntel zur Isolierung von Stangen in Schaltk\u00e4sten oder im Freien im Prim\u00e4r- und Sekund\u00e4rschaltschr\u00e4nken ANWENDUNG Prim\u00e4r- (HS, MS) und Sekund\u00e4rschaltk\u00e4sten (MS-NS) bis 36 kV haben heute meiste sehr kompakte Gr\u00f6\u00dfen.<span class=\"excerpt-hellip\"> [\u2026]<\/span><\/p>\n","protected":false},"featured_media":2446,"template":"","meta":[],"product_cat":[315,317],"product_tag":[],"yoast_head":"<!-- This site is optimized with the Yoast SEO plugin v22.7 - https:\/\/yoast.com\/wordpress\/plugins\/seo\/ -->\n<title>Warmschrumpf-schl\u00e4uche M\u00e4ntel | Raytech<\/title>\n<meta name=\"robots\" content=\"index, follow, max-snippet:-1, max-image-preview:large, max-video-preview:-1\" \/>\n<link rel=\"canonical\" href=\"https:\/\/svilupporaytech.com\/de\/produkt\/mittelspannung\/isolierende-schlaeuche-und-baender\/warmschrumpf-schlaeuche-maentel\/\" \/>\n<meta property=\"og:locale\" content=\"de_DE\" \/>\n<meta property=\"og:type\" content=\"article\" \/>\n<meta property=\"og:title\" content=\"Warmschrumpf-schl\u00e4uche M\u00e4ntel | Raytech\" \/>\n<meta property=\"og:description\" content=\"M\u00e4ntel zur Isolierung von Stangen in Schaltk\u00e4sten oder im Freien im Prim\u00e4r- und Sekund\u00e4rschaltschr\u00e4nken ANWENDUNG Prim\u00e4r- (HS, MS) und Sekund\u00e4rschaltk\u00e4sten (MS-NS) bis 36 kV haben heute meiste sehr kompakte Gr\u00f6\u00dfen. [\u2026]\" \/>\n<meta property=\"og:url\" content=\"https:\/\/svilupporaytech.com\/de\/produkt\/mittelspannung\/isolierende-schlaeuche-und-baender\/warmschrumpf-schlaeuche-maentel\/\" \/>\n<meta property=\"og:site_name\" content=\"Raytech\" \/>\n<meta property=\"article:modified_time\" content=\"2019-08-29T12:41:58+00:00\" \/>\n<meta property=\"og:image\" content=\"https:\/\/svilupporaytech.com\/wp-content\/uploads\/bbt.jpg\" \/>\n\t<meta property=\"og:image:width\" content=\"1024\" \/>\n\t<meta property=\"og:image:height\" content=\"1024\" \/>\n\t<meta property=\"og:image:type\" content=\"image\/jpeg\" \/>\n<meta name=\"twitter:card\" content=\"summary_large_image\" \/>\n<meta name=\"twitter:label1\" content=\"Gesch\u00e4tzte Lesezeit\" \/>\n\t<meta name=\"twitter:data1\" content=\"1\u00a0Minute\" \/>\n<script type=\"application\/ld+json\" class=\"yoast-schema-graph\">{\"@context\":\"https:\/\/schema.org\",\"@graph\":[{\"@type\":\"WebPage\",\"@id\":\"https:\/\/svilupporaytech.com\/de\/produkt\/mittelspannung\/isolierende-schlaeuche-und-baender\/warmschrumpf-schlaeuche-maentel\/\",\"url\":\"https:\/\/svilupporaytech.com\/de\/produkt\/mittelspannung\/isolierende-schlaeuche-und-baender\/warmschrumpf-schlaeuche-maentel\/\",\"name\":\"Warmschrumpf-schl\u00e4uche M\u00e4ntel | Raytech\",\"isPartOf\":{\"@id\":\"https:\/\/svilupporaytech.com\/#website\"},\"primaryImageOfPage\":{\"@id\":\"https:\/\/svilupporaytech.com\/de\/produkt\/mittelspannung\/isolierende-schlaeuche-und-baender\/warmschrumpf-schlaeuche-maentel\/#primaryimage\"},\"image\":{\"@id\":\"https:\/\/svilupporaytech.com\/de\/produkt\/mittelspannung\/isolierende-schlaeuche-und-baender\/warmschrumpf-schlaeuche-maentel\/#primaryimage\"},\"thumbnailUrl\":\"https:\/\/svilupporaytech.com\/wp-content\/uploads\/bbt.jpg\",\"datePublished\":\"2015-12-29T15:24:38+00:00\",\"dateModified\":\"2019-08-29T12:41:58+00:00\",\"breadcrumb\":{\"@id\":\"https:\/\/svilupporaytech.com\/de\/produkt\/mittelspannung\/isolierende-schlaeuche-und-baender\/warmschrumpf-schlaeuche-maentel\/#breadcrumb\"},\"inLanguage\":\"de\",\"potentialAction\":[{\"@type\":\"ReadAction\",\"target\":[\"https:\/\/svilupporaytech.com\/de\/produkt\/mittelspannung\/isolierende-schlaeuche-und-baender\/warmschrumpf-schlaeuche-maentel\/\"]}]},{\"@type\":\"ImageObject\",\"inLanguage\":\"de\",\"@id\":\"https:\/\/svilupporaytech.com\/de\/produkt\/mittelspannung\/isolierende-schlaeuche-und-baender\/warmschrumpf-schlaeuche-maentel\/#primaryimage\",\"url\":\"https:\/\/svilupporaytech.com\/wp-content\/uploads\/bbt.jpg\",\"contentUrl\":\"https:\/\/svilupporaytech.com\/wp-content\/uploads\/bbt.jpg\",\"width\":1024,\"height\":1024},{\"@type\":\"BreadcrumbList\",\"@id\":\"https:\/\/svilupporaytech.com\/de\/produkt\/mittelspannung\/isolierende-schlaeuche-und-baender\/warmschrumpf-schlaeuche-maentel\/#breadcrumb\",\"itemListElement\":[{\"@type\":\"ListItem\",\"position\":1,\"name\":\"Home\",\"item\":\"https:\/\/svilupporaytech.com\/de\/\"},{\"@type\":\"ListItem\",\"position\":2,\"name\":\"Shop\",\"item\":\"https:\/\/svilupporaytech.com\/de\/shop\/\"},{\"@type\":\"ListItem\",\"position\":3,\"name\":\"Warmschrumpf-schl\u00e4uche M\u00e4ntel\"}]},{\"@type\":\"WebSite\",\"@id\":\"https:\/\/svilupporaytech.com\/#website\",\"url\":\"https:\/\/svilupporaytech.com\/\",\"name\":\"Raytech\",\"description\":\"Cable accessories company\",\"potentialAction\":[{\"@type\":\"SearchAction\",\"target\":{\"@type\":\"EntryPoint\",\"urlTemplate\":\"https:\/\/svilupporaytech.com\/?s={search_term_string}\"},\"query-input\":\"required name=search_term_string\"}],\"inLanguage\":\"de\"}]}<\/script>\n<!-- \/ Yoast SEO plugin. -->","yoast_head_json":{"title":"Warmschrumpf-schl\u00e4uche M\u00e4ntel | Raytech","robots":{"index":"index","follow":"follow","max-snippet":"max-snippet:-1","max-image-preview":"max-image-preview:large","max-video-preview":"max-video-preview:-1"},"canonical":"https:\/\/svilupporaytech.com\/de\/produkt\/mittelspannung\/isolierende-schlaeuche-und-baender\/warmschrumpf-schlaeuche-maentel\/","og_locale":"de_DE","og_type":"article","og_title":"Warmschrumpf-schl\u00e4uche M\u00e4ntel | Raytech","og_description":"M\u00e4ntel zur Isolierung von Stangen in Schaltk\u00e4sten oder im Freien im Prim\u00e4r- und Sekund\u00e4rschaltschr\u00e4nken ANWENDUNG Prim\u00e4r- (HS, MS) und Sekund\u00e4rschaltk\u00e4sten (MS-NS) bis 36 kV haben heute meiste sehr kompakte Gr\u00f6\u00dfen. [\u2026]","og_url":"https:\/\/svilupporaytech.com\/de\/produkt\/mittelspannung\/isolierende-schlaeuche-und-baender\/warmschrumpf-schlaeuche-maentel\/","og_site_name":"Raytech","article_modified_time":"2019-08-29T12:41:58+00:00","og_image":[{"width":1024,"height":1024,"url":"https:\/\/svilupporaytech.com\/wp-content\/uploads\/bbt.jpg","type":"image\/jpeg"}],"twitter_card":"summary_large_image","twitter_misc":{"Gesch\u00e4tzte Lesezeit":"1\u00a0Minute"},"schema":{"@context":"https:\/\/schema.org","@graph":[{"@type":"WebPage","@id":"https:\/\/svilupporaytech.com\/de\/produkt\/mittelspannung\/isolierende-schlaeuche-und-baender\/warmschrumpf-schlaeuche-maentel\/","url":"https:\/\/svilupporaytech.com\/de\/produkt\/mittelspannung\/isolierende-schlaeuche-und-baender\/warmschrumpf-schlaeuche-maentel\/","name":"Warmschrumpf-schl\u00e4uche M\u00e4ntel | Raytech","isPartOf":{"@id":"https:\/\/svilupporaytech.com\/#website"},"primaryImageOfPage":{"@id":"https:\/\/svilupporaytech.com\/de\/produkt\/mittelspannung\/isolierende-schlaeuche-und-baender\/warmschrumpf-schlaeuche-maentel\/#primaryimage"},"image":{"@id":"https:\/\/svilupporaytech.com\/de\/produkt\/mittelspannung\/isolierende-schlaeuche-und-baender\/warmschrumpf-schlaeuche-maentel\/#primaryimage"},"thumbnailUrl":"https:\/\/svilupporaytech.com\/wp-content\/uploads\/bbt.jpg","datePublished":"2015-12-29T15:24:38+00:00","dateModified":"2019-08-29T12:41:58+00:00","breadcrumb":{"@id":"https:\/\/svilupporaytech.com\/de\/produkt\/mittelspannung\/isolierende-schlaeuche-und-baender\/warmschrumpf-schlaeuche-maentel\/#breadcrumb"},"inLanguage":"de","potentialAction":[{"@type":"ReadAction","target":["https:\/\/svilupporaytech.com\/de\/produkt\/mittelspannung\/isolierende-schlaeuche-und-baender\/warmschrumpf-schlaeuche-maentel\/"]}]},{"@type":"ImageObject","inLanguage":"de","@id":"https:\/\/svilupporaytech.com\/de\/produkt\/mittelspannung\/isolierende-schlaeuche-und-baender\/warmschrumpf-schlaeuche-maentel\/#primaryimage","url":"https:\/\/svilupporaytech.com\/wp-content\/uploads\/bbt.jpg","contentUrl":"https:\/\/svilupporaytech.com\/wp-content\/uploads\/bbt.jpg","width":1024,"height":1024},{"@type":"BreadcrumbList","@id":"https:\/\/svilupporaytech.com\/de\/produkt\/mittelspannung\/isolierende-schlaeuche-und-baender\/warmschrumpf-schlaeuche-maentel\/#breadcrumb","itemListElement":[{"@type":"ListItem","position":1,"name":"Home","item":"https:\/\/svilupporaytech.com\/de\/"},{"@type":"ListItem","position":2,"name":"Shop","item":"https:\/\/svilupporaytech.com\/de\/shop\/"},{"@type":"ListItem","position":3,"name":"Warmschrumpf-schl\u00e4uche M\u00e4ntel"}]},{"@type":"WebSite","@id":"https:\/\/svilupporaytech.com\/#website","url":"https:\/\/svilupporaytech.com\/","name":"Raytech","description":"Cable accessories company","potentialAction":[{"@type":"SearchAction","target":{"@type":"EntryPoint","urlTemplate":"https:\/\/svilupporaytech.com\/?s={search_term_string}"},"query-input":"required name=search_term_string"}],"inLanguage":"de"}]}},"_links":{"self":[{"href":"https:\/\/svilupporaytech.com\/de\/wp-json\/wp\/v2\/product\/6999"}],"collection":[{"href":"https:\/\/svilupporaytech.com\/de\/wp-json\/wp\/v2\/product"}],"about":[{"href":"https:\/\/svilupporaytech.com\/de\/wp-json\/wp\/v2\/types\/product"}],"wp:featuredmedia":[{"embeddable":true,"href":"https:\/\/svilupporaytech.com\/de\/wp-json\/wp\/v2\/media\/2446"}],"wp:attachment":[{"href":"https:\/\/svilupporaytech.com\/de\/wp-json\/wp\/v2\/media?parent=6999"}],"wp:term":[{"taxonomy":"product_cat","embeddable":true,"href":"https:\/\/svilupporaytech.com\/de\/wp-json\/wp\/v2\/product_cat?post=6999"},{"taxonomy":"product_tag","embeddable":true,"href":"https:\/\/svilupporaytech.com\/de\/wp-json\/wp\/v2\/product_tag?post=6999"}],"curies":[{"name":"wp","href":"https:\/\/api.w.org\/{rel}","templated":true}]}}