{"id":7038,"date":"2015-07-16T14:07:01","date_gmt":"2015-12-30T10:57:46","guid":{"rendered":"https:\/\/svilupporaytech.com\/?post_type=product&#038;p=7038&#038;lang=de"},"modified":"2019-07-31T15:28:16","modified_gmt":"2019-07-31T15:28:16","slug":"selbstregulierendes-heizkabel","status":"publish","type":"product","link":"https:\/\/svilupporaytech.com\/de\/produkt\/heizkabel\/zivile\/frostschutz-fuer-rampen\/selbstregulierendes-de\/selbstregulierendes-heizkabel\/","title":{"rendered":"Selbstregulierendes Heizkabel"},"content":{"rendered":"<h4><span style=\"color: #e3001a;\">MCA Ramp<br \/>\n<\/span><span style=\"color: #e52520;\">Selbstregulierendes Heizkabel<\/span><\/h4>\n<p>Das Kabel wird im Zement versenkt verwendet, um der Anh\u00e4ufung von Eis oder dessen Bildung auf Zufahrtsrampen, Treppen, B\u00fcrgersteigen, Pl\u00e4tzen, Durchg\u00e4ngen usw. vorzubeugen. Es ist f\u00fcr Treppen mit Abdeckungen aus Zement, Pflastersteinen oder Asphalt geeignet, sowohl bei geringer als auch bei starker Nutzung. Das Kabel muss an im Bau befindliche Rampen verlegt und ans elektrogeschwei\u00dfte Netz fixiert werden, bevor der Zement gegossen wird.<br \/>\nEs kann auch an bereits fertiggestellte Rampen verlegt werden, indem die Zementoberfl\u00e4che eingeschnitten und anschlie\u00dfend mit Plastikzement wieder aufgef\u00fcllt wird. Schlie\u00dflich kann das Kabel auch einfach auf die Oberfl\u00e4che der Rampe verlegt und mit einer weiteren Zementschicht abgedeckt werden. F\u00fcr Projekte und Kostenvoranschl\u00e4ge f\u00fcr die Trassenf\u00fchrung wenden Sie sich bitte an Raytech.<\/p>\n","protected":false},"excerpt":{"rendered":"<p>MCA Ramp Selbstregulierendes Heizkabel Das Kabel wird im Zement versenkt verwendet, um der Anh\u00e4ufung von Eis oder dessen Bildung auf Zufahrtsrampen, Treppen, B\u00fcrgersteigen, Pl\u00e4tzen, Durchg\u00e4ngen usw. vorzubeugen. Es ist f\u00fcr<span class=\"excerpt-hellip\"> [\u2026]<\/span><\/p>\n","protected":false},"featured_media":1753,"template":"","meta":[],"product_cat":[305,310,312,406],"product_tag":[],"yoast_head":"<!-- This site is optimized with the Yoast SEO plugin v22.7 - https:\/\/yoast.com\/wordpress\/plugins\/seo\/ -->\n<title>Selbstregulierendes Heizkabel | Raytech<\/title>\n<meta name=\"robots\" content=\"index, follow, max-snippet:-1, max-image-preview:large, max-video-preview:-1\" \/>\n<link rel=\"canonical\" href=\"https:\/\/svilupporaytech.com\/de\/produkt\/heizkabel\/zivile\/frostschutz-fuer-rampen\/selbstregulierendes-de\/selbstregulierendes-heizkabel\/\" \/>\n<meta property=\"og:locale\" content=\"de_DE\" \/>\n<meta property=\"og:type\" content=\"article\" \/>\n<meta property=\"og:title\" content=\"Selbstregulierendes Heizkabel | Raytech\" \/>\n<meta property=\"og:description\" content=\"MCA Ramp Selbstregulierendes Heizkabel Das Kabel wird im Zement versenkt verwendet, um der Anh\u00e4ufung von Eis oder dessen Bildung auf Zufahrtsrampen, Treppen, B\u00fcrgersteigen, Pl\u00e4tzen, Durchg\u00e4ngen usw. vorzubeugen. Es ist f\u00fcr [\u2026]\" \/>\n<meta property=\"og:url\" content=\"https:\/\/svilupporaytech.com\/de\/produkt\/heizkabel\/zivile\/frostschutz-fuer-rampen\/selbstregulierendes-de\/selbstregulierendes-heizkabel\/\" \/>\n<meta property=\"og:site_name\" content=\"Raytech\" \/>\n<meta property=\"article:modified_time\" content=\"2019-07-31T15:28:16+00:00\" \/>\n<meta property=\"og:image\" content=\"https:\/\/svilupporaytech.com\/wp-content\/uploads\/mca-ramp.jpg\" \/>\n\t<meta property=\"og:image:width\" content=\"500\" \/>\n\t<meta property=\"og:image:height\" content=\"500\" \/>\n\t<meta property=\"og:image:type\" content=\"image\/jpeg\" \/>\n<meta name=\"twitter:card\" content=\"summary_large_image\" \/>\n<meta name=\"twitter:label1\" content=\"Gesch\u00e4tzte Lesezeit\" \/>\n\t<meta name=\"twitter:data1\" content=\"1\u00a0Minute\" \/>\n<script type=\"application\/ld+json\" class=\"yoast-schema-graph\">{\"@context\":\"https:\/\/schema.org\",\"@graph\":[{\"@type\":\"WebPage\",\"@id\":\"https:\/\/svilupporaytech.com\/de\/produkt\/heizkabel\/zivile\/frostschutz-fuer-rampen\/selbstregulierendes-de\/selbstregulierendes-heizkabel\/\",\"url\":\"https:\/\/svilupporaytech.com\/de\/produkt\/heizkabel\/zivile\/frostschutz-fuer-rampen\/selbstregulierendes-de\/selbstregulierendes-heizkabel\/\",\"name\":\"Selbstregulierendes Heizkabel | Raytech\",\"isPartOf\":{\"@id\":\"https:\/\/svilupporaytech.com\/#website\"},\"primaryImageOfPage\":{\"@id\":\"https:\/\/svilupporaytech.com\/de\/produkt\/heizkabel\/zivile\/frostschutz-fuer-rampen\/selbstregulierendes-de\/selbstregulierendes-heizkabel\/#primaryimage\"},\"image\":{\"@id\":\"https:\/\/svilupporaytech.com\/de\/produkt\/heizkabel\/zivile\/frostschutz-fuer-rampen\/selbstregulierendes-de\/selbstregulierendes-heizkabel\/#primaryimage\"},\"thumbnailUrl\":\"https:\/\/svilupporaytech.com\/wp-content\/uploads\/mca-ramp.jpg\",\"datePublished\":\"2015-12-30T10:57:46+00:00\",\"dateModified\":\"2019-07-31T15:28:16+00:00\",\"breadcrumb\":{\"@id\":\"https:\/\/svilupporaytech.com\/de\/produkt\/heizkabel\/zivile\/frostschutz-fuer-rampen\/selbstregulierendes-de\/selbstregulierendes-heizkabel\/#breadcrumb\"},\"inLanguage\":\"de\",\"potentialAction\":[{\"@type\":\"ReadAction\",\"target\":[\"https:\/\/svilupporaytech.com\/de\/produkt\/heizkabel\/zivile\/frostschutz-fuer-rampen\/selbstregulierendes-de\/selbstregulierendes-heizkabel\/\"]}]},{\"@type\":\"ImageObject\",\"inLanguage\":\"de\",\"@id\":\"https:\/\/svilupporaytech.com\/de\/produkt\/heizkabel\/zivile\/frostschutz-fuer-rampen\/selbstregulierendes-de\/selbstregulierendes-heizkabel\/#primaryimage\",\"url\":\"https:\/\/svilupporaytech.com\/wp-content\/uploads\/mca-ramp.jpg\",\"contentUrl\":\"https:\/\/svilupporaytech.com\/wp-content\/uploads\/mca-ramp.jpg\",\"width\":500,\"height\":500},{\"@type\":\"BreadcrumbList\",\"@id\":\"https:\/\/svilupporaytech.com\/de\/produkt\/heizkabel\/zivile\/frostschutz-fuer-rampen\/selbstregulierendes-de\/selbstregulierendes-heizkabel\/#breadcrumb\",\"itemListElement\":[{\"@type\":\"ListItem\",\"position\":1,\"name\":\"Home\",\"item\":\"https:\/\/svilupporaytech.com\/de\/\"},{\"@type\":\"ListItem\",\"position\":2,\"name\":\"Shop\",\"item\":\"https:\/\/svilupporaytech.com\/de\/shop\/\"},{\"@type\":\"ListItem\",\"position\":3,\"name\":\"Selbstregulierendes Heizkabel\"}]},{\"@type\":\"WebSite\",\"@id\":\"https:\/\/svilupporaytech.com\/#website\",\"url\":\"https:\/\/svilupporaytech.com\/\",\"name\":\"Raytech\",\"description\":\"Cable accessories company\",\"potentialAction\":[{\"@type\":\"SearchAction\",\"target\":{\"@type\":\"EntryPoint\",\"urlTemplate\":\"https:\/\/svilupporaytech.com\/?s={search_term_string}\"},\"query-input\":\"required name=search_term_string\"}],\"inLanguage\":\"de\"}]}<\/script>\n<!-- \/ Yoast SEO plugin. -->","yoast_head_json":{"title":"Selbstregulierendes Heizkabel | Raytech","robots":{"index":"index","follow":"follow","max-snippet":"max-snippet:-1","max-image-preview":"max-image-preview:large","max-video-preview":"max-video-preview:-1"},"canonical":"https:\/\/svilupporaytech.com\/de\/produkt\/heizkabel\/zivile\/frostschutz-fuer-rampen\/selbstregulierendes-de\/selbstregulierendes-heizkabel\/","og_locale":"de_DE","og_type":"article","og_title":"Selbstregulierendes Heizkabel | Raytech","og_description":"MCA Ramp Selbstregulierendes Heizkabel Das Kabel wird im Zement versenkt verwendet, um der Anh\u00e4ufung von Eis oder dessen Bildung auf Zufahrtsrampen, Treppen, B\u00fcrgersteigen, Pl\u00e4tzen, Durchg\u00e4ngen usw. vorzubeugen. Es ist f\u00fcr [\u2026]","og_url":"https:\/\/svilupporaytech.com\/de\/produkt\/heizkabel\/zivile\/frostschutz-fuer-rampen\/selbstregulierendes-de\/selbstregulierendes-heizkabel\/","og_site_name":"Raytech","article_modified_time":"2019-07-31T15:28:16+00:00","og_image":[{"width":500,"height":500,"url":"https:\/\/svilupporaytech.com\/wp-content\/uploads\/mca-ramp.jpg","type":"image\/jpeg"}],"twitter_card":"summary_large_image","twitter_misc":{"Gesch\u00e4tzte Lesezeit":"1\u00a0Minute"},"schema":{"@context":"https:\/\/schema.org","@graph":[{"@type":"WebPage","@id":"https:\/\/svilupporaytech.com\/de\/produkt\/heizkabel\/zivile\/frostschutz-fuer-rampen\/selbstregulierendes-de\/selbstregulierendes-heizkabel\/","url":"https:\/\/svilupporaytech.com\/de\/produkt\/heizkabel\/zivile\/frostschutz-fuer-rampen\/selbstregulierendes-de\/selbstregulierendes-heizkabel\/","name":"Selbstregulierendes Heizkabel | Raytech","isPartOf":{"@id":"https:\/\/svilupporaytech.com\/#website"},"primaryImageOfPage":{"@id":"https:\/\/svilupporaytech.com\/de\/produkt\/heizkabel\/zivile\/frostschutz-fuer-rampen\/selbstregulierendes-de\/selbstregulierendes-heizkabel\/#primaryimage"},"image":{"@id":"https:\/\/svilupporaytech.com\/de\/produkt\/heizkabel\/zivile\/frostschutz-fuer-rampen\/selbstregulierendes-de\/selbstregulierendes-heizkabel\/#primaryimage"},"thumbnailUrl":"https:\/\/svilupporaytech.com\/wp-content\/uploads\/mca-ramp.jpg","datePublished":"2015-12-30T10:57:46+00:00","dateModified":"2019-07-31T15:28:16+00:00","breadcrumb":{"@id":"https:\/\/svilupporaytech.com\/de\/produkt\/heizkabel\/zivile\/frostschutz-fuer-rampen\/selbstregulierendes-de\/selbstregulierendes-heizkabel\/#breadcrumb"},"inLanguage":"de","potentialAction":[{"@type":"ReadAction","target":["https:\/\/svilupporaytech.com\/de\/produkt\/heizkabel\/zivile\/frostschutz-fuer-rampen\/selbstregulierendes-de\/selbstregulierendes-heizkabel\/"]}]},{"@type":"ImageObject","inLanguage":"de","@id":"https:\/\/svilupporaytech.com\/de\/produkt\/heizkabel\/zivile\/frostschutz-fuer-rampen\/selbstregulierendes-de\/selbstregulierendes-heizkabel\/#primaryimage","url":"https:\/\/svilupporaytech.com\/wp-content\/uploads\/mca-ramp.jpg","contentUrl":"https:\/\/svilupporaytech.com\/wp-content\/uploads\/mca-ramp.jpg","width":500,"height":500},{"@type":"BreadcrumbList","@id":"https:\/\/svilupporaytech.com\/de\/produkt\/heizkabel\/zivile\/frostschutz-fuer-rampen\/selbstregulierendes-de\/selbstregulierendes-heizkabel\/#breadcrumb","itemListElement":[{"@type":"ListItem","position":1,"name":"Home","item":"https:\/\/svilupporaytech.com\/de\/"},{"@type":"ListItem","position":2,"name":"Shop","item":"https:\/\/svilupporaytech.com\/de\/shop\/"},{"@type":"ListItem","position":3,"name":"Selbstregulierendes Heizkabel"}]},{"@type":"WebSite","@id":"https:\/\/svilupporaytech.com\/#website","url":"https:\/\/svilupporaytech.com\/","name":"Raytech","description":"Cable accessories company","potentialAction":[{"@type":"SearchAction","target":{"@type":"EntryPoint","urlTemplate":"https:\/\/svilupporaytech.com\/?s={search_term_string}"},"query-input":"required name=search_term_string"}],"inLanguage":"de"}]}},"_links":{"self":[{"href":"https:\/\/svilupporaytech.com\/de\/wp-json\/wp\/v2\/product\/7038"}],"collection":[{"href":"https:\/\/svilupporaytech.com\/de\/wp-json\/wp\/v2\/product"}],"about":[{"href":"https:\/\/svilupporaytech.com\/de\/wp-json\/wp\/v2\/types\/product"}],"wp:featuredmedia":[{"embeddable":true,"href":"https:\/\/svilupporaytech.com\/de\/wp-json\/wp\/v2\/media\/1753"}],"wp:attachment":[{"href":"https:\/\/svilupporaytech.com\/de\/wp-json\/wp\/v2\/media?parent=7038"}],"wp:term":[{"taxonomy":"product_cat","embeddable":true,"href":"https:\/\/svilupporaytech.com\/de\/wp-json\/wp\/v2\/product_cat?post=7038"},{"taxonomy":"product_tag","embeddable":true,"href":"https:\/\/svilupporaytech.com\/de\/wp-json\/wp\/v2\/product_tag?post=7038"}],"curies":[{"name":"wp","href":"https:\/\/api.w.org\/{rel}","templated":true}]}}