{"id":7040,"date":"2015-07-16T14:07:15","date_gmt":"2015-12-30T11:05:48","guid":{"rendered":"https:\/\/svilupporaytech.com\/?post_type=product&#038;p=7040&#038;lang=de"},"modified":"2019-08-01T09:25:44","modified_gmt":"2019-08-01T09:25:44","slug":"begleitheizband-kit-zum-zuschneiden-und-installieren","status":"publish","type":"product","link":"https:\/\/svilupporaytech.com\/de\/produkt\/heizkabel\/zivile\/frostschutz-fuer-rohre\/selbstregulierendes-de-2\/begleitheizband-kit-zum-zuschneiden-und-installieren\/","title":{"rendered":"Begleitheizband-Kit zum Zuschneiden und Installieren"},"content":{"rendered":"<h4><span style=\"color: #e3001a;\">Ice Killer<br \/>\nBegleitheizband-Kit zum Zuschneiden und Installieren, komplett mit Anschlusskit auf der Seite mit Netzspeisung und mit Anschluss auf der Seite ohne Netzspeisung<br \/>\n<\/span><\/h4>\n<p>Das Kit besteht aus einer Spule mit 30 m Begleitheizband, komplett mit Anschlusszubeh\u00f6r auf der Seite mit und der Seite ohne Netzspeisung: Das Heizband kann auf die gew\u00fcnschte L\u00e4nge zugeschnitten, am Rohr oder Tank installiert, an die Stromversorgung angeschlossen und am anderen Ende beendet werden. Das wirtschaftliche und kompakte Kit Ice Killer in einer attraktiven Verpackung, die sich leicht transportieren und auf der Baustelle handhaben l\u00e4sst, ist sehr flexibel und l\u00e4sst sich leicht an die Kurven der Leitungen anpassen.<br \/>\nDas Heizband Ice Killer wird je nach der erforderlichen spezifischen Leistung linear entlang der Leitung verlegt oder um diese gewickelt, dann an dieser mit nicht dehnbarem Klebeband gesichert (z. B. mit den B\u00e4ndern MCA-FV oder MCA-ALL75 von Raytech), mit dem beiliegenden Zubeh\u00f6r MCA Universal abgeschlossen und schlie\u00dflich mit Isoliermaterial verkleidet. Es erreicht in k\u00fcrzester Zeit die Betriebstemperatur und beh\u00e4lt sie auch bei Variation der Raumtemperatur praktisch konstant.<\/p>\n","protected":false},"excerpt":{"rendered":"<p>Ice Killer Begleitheizband-Kit zum Zuschneiden und Installieren, komplett mit Anschlusskit auf der Seite mit Netzspeisung und mit Anschluss auf der Seite ohne Netzspeisung Das Kit besteht aus einer Spule mit<span class=\"excerpt-hellip\"> [\u2026]<\/span><\/p>\n","protected":false},"featured_media":4551,"template":"","meta":[],"product_cat":[305,310,313,407],"product_tag":[],"yoast_head":"<!-- This site is optimized with the Yoast SEO plugin v22.7 - https:\/\/yoast.com\/wordpress\/plugins\/seo\/ -->\n<title>Begleitheizband-Kit zum Zuschneiden und Installieren | Raytech<\/title>\n<meta name=\"robots\" content=\"index, follow, max-snippet:-1, max-image-preview:large, max-video-preview:-1\" \/>\n<link rel=\"canonical\" href=\"https:\/\/svilupporaytech.com\/de\/produkt\/heizkabel\/zivile\/frostschutz-fuer-rohre\/selbstregulierendes-de-2\/begleitheizband-kit-zum-zuschneiden-und-installieren\/\" \/>\n<meta property=\"og:locale\" content=\"de_DE\" \/>\n<meta property=\"og:type\" content=\"article\" \/>\n<meta property=\"og:title\" content=\"Begleitheizband-Kit zum Zuschneiden und Installieren | Raytech\" \/>\n<meta property=\"og:description\" content=\"Ice Killer Begleitheizband-Kit zum Zuschneiden und Installieren, komplett mit Anschlusskit auf der Seite mit Netzspeisung und mit Anschluss auf der Seite ohne Netzspeisung Das Kit besteht aus einer Spule mit [\u2026]\" \/>\n<meta property=\"og:url\" content=\"https:\/\/svilupporaytech.com\/de\/produkt\/heizkabel\/zivile\/frostschutz-fuer-rohre\/selbstregulierendes-de-2\/begleitheizband-kit-zum-zuschneiden-und-installieren\/\" \/>\n<meta property=\"og:site_name\" content=\"Raytech\" \/>\n<meta property=\"article:modified_time\" content=\"2019-08-01T09:25:44+00:00\" \/>\n<meta property=\"og:image\" content=\"https:\/\/svilupporaytech.com\/wp-content\/uploads\/ice-killer-1.jpg\" \/>\n\t<meta property=\"og:image:width\" content=\"1024\" \/>\n\t<meta property=\"og:image:height\" content=\"1024\" \/>\n\t<meta property=\"og:image:type\" content=\"image\/jpeg\" \/>\n<meta name=\"twitter:card\" content=\"summary_large_image\" \/>\n<meta name=\"twitter:label1\" content=\"Gesch\u00e4tzte Lesezeit\" \/>\n\t<meta name=\"twitter:data1\" content=\"1\u00a0Minute\" \/>\n<script type=\"application\/ld+json\" class=\"yoast-schema-graph\">{\"@context\":\"https:\/\/schema.org\",\"@graph\":[{\"@type\":\"WebPage\",\"@id\":\"https:\/\/svilupporaytech.com\/de\/produkt\/heizkabel\/zivile\/frostschutz-fuer-rohre\/selbstregulierendes-de-2\/begleitheizband-kit-zum-zuschneiden-und-installieren\/\",\"url\":\"https:\/\/svilupporaytech.com\/de\/produkt\/heizkabel\/zivile\/frostschutz-fuer-rohre\/selbstregulierendes-de-2\/begleitheizband-kit-zum-zuschneiden-und-installieren\/\",\"name\":\"Begleitheizband-Kit zum Zuschneiden und Installieren | Raytech\",\"isPartOf\":{\"@id\":\"https:\/\/svilupporaytech.com\/#website\"},\"primaryImageOfPage\":{\"@id\":\"https:\/\/svilupporaytech.com\/de\/produkt\/heizkabel\/zivile\/frostschutz-fuer-rohre\/selbstregulierendes-de-2\/begleitheizband-kit-zum-zuschneiden-und-installieren\/#primaryimage\"},\"image\":{\"@id\":\"https:\/\/svilupporaytech.com\/de\/produkt\/heizkabel\/zivile\/frostschutz-fuer-rohre\/selbstregulierendes-de-2\/begleitheizband-kit-zum-zuschneiden-und-installieren\/#primaryimage\"},\"thumbnailUrl\":\"https:\/\/svilupporaytech.com\/wp-content\/uploads\/ice-killer-1.jpg\",\"datePublished\":\"2015-12-30T11:05:48+00:00\",\"dateModified\":\"2019-08-01T09:25:44+00:00\",\"breadcrumb\":{\"@id\":\"https:\/\/svilupporaytech.com\/de\/produkt\/heizkabel\/zivile\/frostschutz-fuer-rohre\/selbstregulierendes-de-2\/begleitheizband-kit-zum-zuschneiden-und-installieren\/#breadcrumb\"},\"inLanguage\":\"de\",\"potentialAction\":[{\"@type\":\"ReadAction\",\"target\":[\"https:\/\/svilupporaytech.com\/de\/produkt\/heizkabel\/zivile\/frostschutz-fuer-rohre\/selbstregulierendes-de-2\/begleitheizband-kit-zum-zuschneiden-und-installieren\/\"]}]},{\"@type\":\"ImageObject\",\"inLanguage\":\"de\",\"@id\":\"https:\/\/svilupporaytech.com\/de\/produkt\/heizkabel\/zivile\/frostschutz-fuer-rohre\/selbstregulierendes-de-2\/begleitheizband-kit-zum-zuschneiden-und-installieren\/#primaryimage\",\"url\":\"https:\/\/svilupporaytech.com\/wp-content\/uploads\/ice-killer-1.jpg\",\"contentUrl\":\"https:\/\/svilupporaytech.com\/wp-content\/uploads\/ice-killer-1.jpg\",\"width\":1024,\"height\":1024},{\"@type\":\"BreadcrumbList\",\"@id\":\"https:\/\/svilupporaytech.com\/de\/produkt\/heizkabel\/zivile\/frostschutz-fuer-rohre\/selbstregulierendes-de-2\/begleitheizband-kit-zum-zuschneiden-und-installieren\/#breadcrumb\",\"itemListElement\":[{\"@type\":\"ListItem\",\"position\":1,\"name\":\"Home\",\"item\":\"https:\/\/svilupporaytech.com\/de\/\"},{\"@type\":\"ListItem\",\"position\":2,\"name\":\"Shop\",\"item\":\"https:\/\/svilupporaytech.com\/de\/shop\/\"},{\"@type\":\"ListItem\",\"position\":3,\"name\":\"Begleitheizband-Kit zum Zuschneiden und Installieren\"}]},{\"@type\":\"WebSite\",\"@id\":\"https:\/\/svilupporaytech.com\/#website\",\"url\":\"https:\/\/svilupporaytech.com\/\",\"name\":\"Raytech\",\"description\":\"Cable accessories company\",\"potentialAction\":[{\"@type\":\"SearchAction\",\"target\":{\"@type\":\"EntryPoint\",\"urlTemplate\":\"https:\/\/svilupporaytech.com\/?s={search_term_string}\"},\"query-input\":\"required name=search_term_string\"}],\"inLanguage\":\"de\"}]}<\/script>\n<!-- \/ Yoast SEO plugin. -->","yoast_head_json":{"title":"Begleitheizband-Kit zum Zuschneiden und Installieren | Raytech","robots":{"index":"index","follow":"follow","max-snippet":"max-snippet:-1","max-image-preview":"max-image-preview:large","max-video-preview":"max-video-preview:-1"},"canonical":"https:\/\/svilupporaytech.com\/de\/produkt\/heizkabel\/zivile\/frostschutz-fuer-rohre\/selbstregulierendes-de-2\/begleitheizband-kit-zum-zuschneiden-und-installieren\/","og_locale":"de_DE","og_type":"article","og_title":"Begleitheizband-Kit zum Zuschneiden und Installieren | Raytech","og_description":"Ice Killer Begleitheizband-Kit zum Zuschneiden und Installieren, komplett mit Anschlusskit auf der Seite mit Netzspeisung und mit Anschluss auf der Seite ohne Netzspeisung Das Kit besteht aus einer Spule mit [\u2026]","og_url":"https:\/\/svilupporaytech.com\/de\/produkt\/heizkabel\/zivile\/frostschutz-fuer-rohre\/selbstregulierendes-de-2\/begleitheizband-kit-zum-zuschneiden-und-installieren\/","og_site_name":"Raytech","article_modified_time":"2019-08-01T09:25:44+00:00","og_image":[{"width":1024,"height":1024,"url":"https:\/\/svilupporaytech.com\/wp-content\/uploads\/ice-killer-1.jpg","type":"image\/jpeg"}],"twitter_card":"summary_large_image","twitter_misc":{"Gesch\u00e4tzte Lesezeit":"1\u00a0Minute"},"schema":{"@context":"https:\/\/schema.org","@graph":[{"@type":"WebPage","@id":"https:\/\/svilupporaytech.com\/de\/produkt\/heizkabel\/zivile\/frostschutz-fuer-rohre\/selbstregulierendes-de-2\/begleitheizband-kit-zum-zuschneiden-und-installieren\/","url":"https:\/\/svilupporaytech.com\/de\/produkt\/heizkabel\/zivile\/frostschutz-fuer-rohre\/selbstregulierendes-de-2\/begleitheizband-kit-zum-zuschneiden-und-installieren\/","name":"Begleitheizband-Kit zum Zuschneiden und Installieren | Raytech","isPartOf":{"@id":"https:\/\/svilupporaytech.com\/#website"},"primaryImageOfPage":{"@id":"https:\/\/svilupporaytech.com\/de\/produkt\/heizkabel\/zivile\/frostschutz-fuer-rohre\/selbstregulierendes-de-2\/begleitheizband-kit-zum-zuschneiden-und-installieren\/#primaryimage"},"image":{"@id":"https:\/\/svilupporaytech.com\/de\/produkt\/heizkabel\/zivile\/frostschutz-fuer-rohre\/selbstregulierendes-de-2\/begleitheizband-kit-zum-zuschneiden-und-installieren\/#primaryimage"},"thumbnailUrl":"https:\/\/svilupporaytech.com\/wp-content\/uploads\/ice-killer-1.jpg","datePublished":"2015-12-30T11:05:48+00:00","dateModified":"2019-08-01T09:25:44+00:00","breadcrumb":{"@id":"https:\/\/svilupporaytech.com\/de\/produkt\/heizkabel\/zivile\/frostschutz-fuer-rohre\/selbstregulierendes-de-2\/begleitheizband-kit-zum-zuschneiden-und-installieren\/#breadcrumb"},"inLanguage":"de","potentialAction":[{"@type":"ReadAction","target":["https:\/\/svilupporaytech.com\/de\/produkt\/heizkabel\/zivile\/frostschutz-fuer-rohre\/selbstregulierendes-de-2\/begleitheizband-kit-zum-zuschneiden-und-installieren\/"]}]},{"@type":"ImageObject","inLanguage":"de","@id":"https:\/\/svilupporaytech.com\/de\/produkt\/heizkabel\/zivile\/frostschutz-fuer-rohre\/selbstregulierendes-de-2\/begleitheizband-kit-zum-zuschneiden-und-installieren\/#primaryimage","url":"https:\/\/svilupporaytech.com\/wp-content\/uploads\/ice-killer-1.jpg","contentUrl":"https:\/\/svilupporaytech.com\/wp-content\/uploads\/ice-killer-1.jpg","width":1024,"height":1024},{"@type":"BreadcrumbList","@id":"https:\/\/svilupporaytech.com\/de\/produkt\/heizkabel\/zivile\/frostschutz-fuer-rohre\/selbstregulierendes-de-2\/begleitheizband-kit-zum-zuschneiden-und-installieren\/#breadcrumb","itemListElement":[{"@type":"ListItem","position":1,"name":"Home","item":"https:\/\/svilupporaytech.com\/de\/"},{"@type":"ListItem","position":2,"name":"Shop","item":"https:\/\/svilupporaytech.com\/de\/shop\/"},{"@type":"ListItem","position":3,"name":"Begleitheizband-Kit zum Zuschneiden und Installieren"}]},{"@type":"WebSite","@id":"https:\/\/svilupporaytech.com\/#website","url":"https:\/\/svilupporaytech.com\/","name":"Raytech","description":"Cable accessories company","potentialAction":[{"@type":"SearchAction","target":{"@type":"EntryPoint","urlTemplate":"https:\/\/svilupporaytech.com\/?s={search_term_string}"},"query-input":"required name=search_term_string"}],"inLanguage":"de"}]}},"_links":{"self":[{"href":"https:\/\/svilupporaytech.com\/de\/wp-json\/wp\/v2\/product\/7040"}],"collection":[{"href":"https:\/\/svilupporaytech.com\/de\/wp-json\/wp\/v2\/product"}],"about":[{"href":"https:\/\/svilupporaytech.com\/de\/wp-json\/wp\/v2\/types\/product"}],"wp:featuredmedia":[{"embeddable":true,"href":"https:\/\/svilupporaytech.com\/de\/wp-json\/wp\/v2\/media\/4551"}],"wp:attachment":[{"href":"https:\/\/svilupporaytech.com\/de\/wp-json\/wp\/v2\/media?parent=7040"}],"wp:term":[{"taxonomy":"product_cat","embeddable":true,"href":"https:\/\/svilupporaytech.com\/de\/wp-json\/wp\/v2\/product_cat?post=7040"},{"taxonomy":"product_tag","embeddable":true,"href":"https:\/\/svilupporaytech.com\/de\/wp-json\/wp\/v2\/product_tag?post=7040"}],"curies":[{"name":"wp","href":"https:\/\/api.w.org\/{rel}","templated":true}]}}