{"id":7041,"date":"2015-07-16T14:09:21","date_gmt":"2015-12-30T11:23:26","guid":{"rendered":"https:\/\/svilupporaytech.com\/?post_type=product&#038;p=7041&#038;lang=de"},"modified":"2019-07-31T14:54:00","modified_gmt":"2019-07-31T14:54:00","slug":"selbstregulierendes-kabel-fuer-allgemeine-anwendungen","status":"publish","type":"product","link":"https:\/\/svilupporaytech.com\/de\/produkt\/heizkabel\/zivile\/frostschutz-fuer-rohre\/selbstregulierendes-de-2\/selbstregulierendes-kabel-fuer-allgemeine-anwendungen\/","title":{"rendered":"Selbstregulierendes Kabel f\u00fcr allgemeine Anwendungen"},"content":{"rendered":"<h4><span style=\"color: #e3001a;\">MCA<br \/>\nSelbstregulierendes Kabel f\u00fcr allgemeine Anwendungenf\u00fcr Frostschutz oder Temperaturerhaltung<\/span><\/h4>\n<p>Verwendung als Frostschutz bei Rohrleitungen oder Tankbeh\u00e4ltern oder zur Erhaltung von Verfahrenstemperaturen bei 65\u00b0C auch in klassifizierten Bereichen. Wartungsfrei, zuverl\u00e4ssig, einfach zu verlegen. Geeignet zur Exposition an milde anorganische L\u00f6sungen.<\/p>\n<div class=\"mca-compact\">\n<h4><span style=\"color: #e3001a;\">MCA Compact<\/span><\/h4>\n<p><strong>Selbstregulierende<\/strong> Kabel mit kompakten Abmessungen fu\u0308r den Frostschutz oder die Temperaturerhaltung.\n<\/div>\n","protected":false},"excerpt":{"rendered":"<p>MCA Selbstregulierendes Kabel f\u00fcr allgemeine Anwendungenf\u00fcr Frostschutz oder Temperaturerhaltung Verwendung als Frostschutz bei Rohrleitungen oder Tankbeh\u00e4ltern oder zur Erhaltung von Verfahrenstemperaturen bei 65\u00b0C auch in klassifizierten Bereichen. Wartungsfrei, zuverl\u00e4ssig, einfach<span class=\"excerpt-hellip\"> [\u2026]<\/span><\/p>\n","protected":false},"featured_media":2495,"template":"","meta":[],"product_cat":[305,310,313,407],"product_tag":[],"yoast_head":"<!-- This site is optimized with the Yoast SEO plugin v22.7 - https:\/\/yoast.com\/wordpress\/plugins\/seo\/ -->\n<title>Selbstregulierendes Kabel f\u00fcr allgemeine Anwendungen | Raytech<\/title>\n<meta name=\"robots\" content=\"index, follow, max-snippet:-1, max-image-preview:large, max-video-preview:-1\" \/>\n<link rel=\"canonical\" href=\"https:\/\/svilupporaytech.com\/de\/produkt\/heizkabel\/zivile\/frostschutz-fuer-rohre\/selbstregulierendes-de-2\/selbstregulierendes-kabel-fuer-allgemeine-anwendungen\/\" \/>\n<meta property=\"og:locale\" content=\"de_DE\" \/>\n<meta property=\"og:type\" content=\"article\" \/>\n<meta property=\"og:title\" content=\"Selbstregulierendes Kabel f\u00fcr allgemeine Anwendungen | Raytech\" \/>\n<meta property=\"og:description\" content=\"MCA Selbstregulierendes Kabel f\u00fcr allgemeine Anwendungenf\u00fcr Frostschutz oder Temperaturerhaltung Verwendung als Frostschutz bei Rohrleitungen oder Tankbeh\u00e4ltern oder zur Erhaltung von Verfahrenstemperaturen bei 65\u00b0C auch in klassifizierten Bereichen. Wartungsfrei, zuverl\u00e4ssig, einfach [\u2026]\" \/>\n<meta property=\"og:url\" content=\"https:\/\/svilupporaytech.com\/de\/produkt\/heizkabel\/zivile\/frostschutz-fuer-rohre\/selbstregulierendes-de-2\/selbstregulierendes-kabel-fuer-allgemeine-anwendungen\/\" \/>\n<meta property=\"og:site_name\" content=\"Raytech\" \/>\n<meta property=\"article:modified_time\" content=\"2019-07-31T14:54:00+00:00\" \/>\n<meta property=\"og:image\" content=\"https:\/\/svilupporaytech.com\/wp-content\/uploads\/mca-tutti.jpg\" \/>\n\t<meta property=\"og:image:width\" content=\"1024\" \/>\n\t<meta property=\"og:image:height\" content=\"1024\" \/>\n\t<meta property=\"og:image:type\" content=\"image\/jpeg\" \/>\n<meta name=\"twitter:card\" content=\"summary_large_image\" \/>\n<script type=\"application\/ld+json\" class=\"yoast-schema-graph\">{\"@context\":\"https:\/\/schema.org\",\"@graph\":[{\"@type\":\"WebPage\",\"@id\":\"https:\/\/svilupporaytech.com\/de\/produkt\/heizkabel\/zivile\/frostschutz-fuer-rohre\/selbstregulierendes-de-2\/selbstregulierendes-kabel-fuer-allgemeine-anwendungen\/\",\"url\":\"https:\/\/svilupporaytech.com\/de\/produkt\/heizkabel\/zivile\/frostschutz-fuer-rohre\/selbstregulierendes-de-2\/selbstregulierendes-kabel-fuer-allgemeine-anwendungen\/\",\"name\":\"Selbstregulierendes Kabel f\u00fcr allgemeine Anwendungen | Raytech\",\"isPartOf\":{\"@id\":\"https:\/\/svilupporaytech.com\/#website\"},\"primaryImageOfPage\":{\"@id\":\"https:\/\/svilupporaytech.com\/de\/produkt\/heizkabel\/zivile\/frostschutz-fuer-rohre\/selbstregulierendes-de-2\/selbstregulierendes-kabel-fuer-allgemeine-anwendungen\/#primaryimage\"},\"image\":{\"@id\":\"https:\/\/svilupporaytech.com\/de\/produkt\/heizkabel\/zivile\/frostschutz-fuer-rohre\/selbstregulierendes-de-2\/selbstregulierendes-kabel-fuer-allgemeine-anwendungen\/#primaryimage\"},\"thumbnailUrl\":\"https:\/\/svilupporaytech.com\/wp-content\/uploads\/mca-tutti.jpg\",\"datePublished\":\"2015-12-30T11:23:26+00:00\",\"dateModified\":\"2019-07-31T14:54:00+00:00\",\"breadcrumb\":{\"@id\":\"https:\/\/svilupporaytech.com\/de\/produkt\/heizkabel\/zivile\/frostschutz-fuer-rohre\/selbstregulierendes-de-2\/selbstregulierendes-kabel-fuer-allgemeine-anwendungen\/#breadcrumb\"},\"inLanguage\":\"de\",\"potentialAction\":[{\"@type\":\"ReadAction\",\"target\":[\"https:\/\/svilupporaytech.com\/de\/produkt\/heizkabel\/zivile\/frostschutz-fuer-rohre\/selbstregulierendes-de-2\/selbstregulierendes-kabel-fuer-allgemeine-anwendungen\/\"]}]},{\"@type\":\"ImageObject\",\"inLanguage\":\"de\",\"@id\":\"https:\/\/svilupporaytech.com\/de\/produkt\/heizkabel\/zivile\/frostschutz-fuer-rohre\/selbstregulierendes-de-2\/selbstregulierendes-kabel-fuer-allgemeine-anwendungen\/#primaryimage\",\"url\":\"https:\/\/svilupporaytech.com\/wp-content\/uploads\/mca-tutti.jpg\",\"contentUrl\":\"https:\/\/svilupporaytech.com\/wp-content\/uploads\/mca-tutti.jpg\",\"width\":1024,\"height\":1024},{\"@type\":\"BreadcrumbList\",\"@id\":\"https:\/\/svilupporaytech.com\/de\/produkt\/heizkabel\/zivile\/frostschutz-fuer-rohre\/selbstregulierendes-de-2\/selbstregulierendes-kabel-fuer-allgemeine-anwendungen\/#breadcrumb\",\"itemListElement\":[{\"@type\":\"ListItem\",\"position\":1,\"name\":\"Home\",\"item\":\"https:\/\/svilupporaytech.com\/de\/\"},{\"@type\":\"ListItem\",\"position\":2,\"name\":\"Shop\",\"item\":\"https:\/\/svilupporaytech.com\/de\/shop\/\"},{\"@type\":\"ListItem\",\"position\":3,\"name\":\"Selbstregulierendes Kabel f\u00fcr allgemeine Anwendungen\"}]},{\"@type\":\"WebSite\",\"@id\":\"https:\/\/svilupporaytech.com\/#website\",\"url\":\"https:\/\/svilupporaytech.com\/\",\"name\":\"Raytech\",\"description\":\"Cable accessories company\",\"potentialAction\":[{\"@type\":\"SearchAction\",\"target\":{\"@type\":\"EntryPoint\",\"urlTemplate\":\"https:\/\/svilupporaytech.com\/?s={search_term_string}\"},\"query-input\":\"required name=search_term_string\"}],\"inLanguage\":\"de\"}]}<\/script>\n<!-- \/ Yoast SEO plugin. -->","yoast_head_json":{"title":"Selbstregulierendes Kabel f\u00fcr allgemeine Anwendungen | Raytech","robots":{"index":"index","follow":"follow","max-snippet":"max-snippet:-1","max-image-preview":"max-image-preview:large","max-video-preview":"max-video-preview:-1"},"canonical":"https:\/\/svilupporaytech.com\/de\/produkt\/heizkabel\/zivile\/frostschutz-fuer-rohre\/selbstregulierendes-de-2\/selbstregulierendes-kabel-fuer-allgemeine-anwendungen\/","og_locale":"de_DE","og_type":"article","og_title":"Selbstregulierendes Kabel f\u00fcr allgemeine Anwendungen | Raytech","og_description":"MCA Selbstregulierendes Kabel f\u00fcr allgemeine Anwendungenf\u00fcr Frostschutz oder Temperaturerhaltung Verwendung als Frostschutz bei Rohrleitungen oder Tankbeh\u00e4ltern oder zur Erhaltung von Verfahrenstemperaturen bei 65\u00b0C auch in klassifizierten Bereichen. Wartungsfrei, zuverl\u00e4ssig, einfach [\u2026]","og_url":"https:\/\/svilupporaytech.com\/de\/produkt\/heizkabel\/zivile\/frostschutz-fuer-rohre\/selbstregulierendes-de-2\/selbstregulierendes-kabel-fuer-allgemeine-anwendungen\/","og_site_name":"Raytech","article_modified_time":"2019-07-31T14:54:00+00:00","og_image":[{"width":1024,"height":1024,"url":"https:\/\/svilupporaytech.com\/wp-content\/uploads\/mca-tutti.jpg","type":"image\/jpeg"}],"twitter_card":"summary_large_image","schema":{"@context":"https:\/\/schema.org","@graph":[{"@type":"WebPage","@id":"https:\/\/svilupporaytech.com\/de\/produkt\/heizkabel\/zivile\/frostschutz-fuer-rohre\/selbstregulierendes-de-2\/selbstregulierendes-kabel-fuer-allgemeine-anwendungen\/","url":"https:\/\/svilupporaytech.com\/de\/produkt\/heizkabel\/zivile\/frostschutz-fuer-rohre\/selbstregulierendes-de-2\/selbstregulierendes-kabel-fuer-allgemeine-anwendungen\/","name":"Selbstregulierendes Kabel f\u00fcr allgemeine Anwendungen | Raytech","isPartOf":{"@id":"https:\/\/svilupporaytech.com\/#website"},"primaryImageOfPage":{"@id":"https:\/\/svilupporaytech.com\/de\/produkt\/heizkabel\/zivile\/frostschutz-fuer-rohre\/selbstregulierendes-de-2\/selbstregulierendes-kabel-fuer-allgemeine-anwendungen\/#primaryimage"},"image":{"@id":"https:\/\/svilupporaytech.com\/de\/produkt\/heizkabel\/zivile\/frostschutz-fuer-rohre\/selbstregulierendes-de-2\/selbstregulierendes-kabel-fuer-allgemeine-anwendungen\/#primaryimage"},"thumbnailUrl":"https:\/\/svilupporaytech.com\/wp-content\/uploads\/mca-tutti.jpg","datePublished":"2015-12-30T11:23:26+00:00","dateModified":"2019-07-31T14:54:00+00:00","breadcrumb":{"@id":"https:\/\/svilupporaytech.com\/de\/produkt\/heizkabel\/zivile\/frostschutz-fuer-rohre\/selbstregulierendes-de-2\/selbstregulierendes-kabel-fuer-allgemeine-anwendungen\/#breadcrumb"},"inLanguage":"de","potentialAction":[{"@type":"ReadAction","target":["https:\/\/svilupporaytech.com\/de\/produkt\/heizkabel\/zivile\/frostschutz-fuer-rohre\/selbstregulierendes-de-2\/selbstregulierendes-kabel-fuer-allgemeine-anwendungen\/"]}]},{"@type":"ImageObject","inLanguage":"de","@id":"https:\/\/svilupporaytech.com\/de\/produkt\/heizkabel\/zivile\/frostschutz-fuer-rohre\/selbstregulierendes-de-2\/selbstregulierendes-kabel-fuer-allgemeine-anwendungen\/#primaryimage","url":"https:\/\/svilupporaytech.com\/wp-content\/uploads\/mca-tutti.jpg","contentUrl":"https:\/\/svilupporaytech.com\/wp-content\/uploads\/mca-tutti.jpg","width":1024,"height":1024},{"@type":"BreadcrumbList","@id":"https:\/\/svilupporaytech.com\/de\/produkt\/heizkabel\/zivile\/frostschutz-fuer-rohre\/selbstregulierendes-de-2\/selbstregulierendes-kabel-fuer-allgemeine-anwendungen\/#breadcrumb","itemListElement":[{"@type":"ListItem","position":1,"name":"Home","item":"https:\/\/svilupporaytech.com\/de\/"},{"@type":"ListItem","position":2,"name":"Shop","item":"https:\/\/svilupporaytech.com\/de\/shop\/"},{"@type":"ListItem","position":3,"name":"Selbstregulierendes Kabel f\u00fcr allgemeine Anwendungen"}]},{"@type":"WebSite","@id":"https:\/\/svilupporaytech.com\/#website","url":"https:\/\/svilupporaytech.com\/","name":"Raytech","description":"Cable accessories company","potentialAction":[{"@type":"SearchAction","target":{"@type":"EntryPoint","urlTemplate":"https:\/\/svilupporaytech.com\/?s={search_term_string}"},"query-input":"required name=search_term_string"}],"inLanguage":"de"}]}},"_links":{"self":[{"href":"https:\/\/svilupporaytech.com\/de\/wp-json\/wp\/v2\/product\/7041"}],"collection":[{"href":"https:\/\/svilupporaytech.com\/de\/wp-json\/wp\/v2\/product"}],"about":[{"href":"https:\/\/svilupporaytech.com\/de\/wp-json\/wp\/v2\/types\/product"}],"wp:featuredmedia":[{"embeddable":true,"href":"https:\/\/svilupporaytech.com\/de\/wp-json\/wp\/v2\/media\/2495"}],"wp:attachment":[{"href":"https:\/\/svilupporaytech.com\/de\/wp-json\/wp\/v2\/media?parent=7041"}],"wp:term":[{"taxonomy":"product_cat","embeddable":true,"href":"https:\/\/svilupporaytech.com\/de\/wp-json\/wp\/v2\/product_cat?post=7041"},{"taxonomy":"product_tag","embeddable":true,"href":"https:\/\/svilupporaytech.com\/de\/wp-json\/wp\/v2\/product_tag?post=7041"}],"curies":[{"name":"wp","href":"https:\/\/api.w.org\/{rel}","templated":true}]}}