{"id":7042,"date":"2015-07-16T14:18:54","date_gmt":"2015-12-30T11:28:40","guid":{"rendered":"https:\/\/svilupporaytech.com\/?post_type=product&#038;p=7042&#038;lang=de"},"modified":"2019-07-31T15:18:41","modified_gmt":"2019-07-31T15:18:41","slug":"heizkabel-mit-konstanter-leistung-fuer-daecher-dachund-regenrinnen","status":"publish","type":"product","link":"https:\/\/svilupporaytech.com\/de\/produkt\/heizkabel\/zivile\/frostschutz-fuer-dach-und-regenrinnen\/konstante-leistung\/heizkabel-mit-konstanter-leistung-fuer-daecher-dachund-regenrinnen\/","title":{"rendered":"Heizkabel mit konstanter Leistung f\u00fcr D\u00e4cher, Dachund Regenrinnen"},"content":{"rendered":"<h4><span style=\"color: #e3001a;\">Easy Frost<br \/>\nHeizkabel mit konstanter Leistung f\u00fcr D\u00e4cher, Dachund Regenrinnen<\/span><\/h4>\n<p>Raytech Easy Frost ist ein Kabel mit konstanter Leistung von 20 W\/m, das geplant wurde, um D\u00e4cher, Dach- und Regenrinnen vor m\u00f6glichen Besch\u00e4digungen, die zu Schneeanh\u00e4ufung und Eisbildung zur\u00fcckzuf\u00fchren sind, zu sch\u00fctzen. Easy Frost wird schon abgeschlossen, fertig f\u00fcr die Installation, mit 4 Metern kaltem Kabel (3&#215;1,0 mm2 oder 3&#215;1,5 mm2) f\u00fcr den Anschlu\u00df an die Versorgung geliefert.<\/p>\n","protected":false},"excerpt":{"rendered":"<p>Easy Frost Heizkabel mit konstanter Leistung f\u00fcr D\u00e4cher, Dachund Regenrinnen Raytech Easy Frost ist ein Kabel mit konstanter Leistung von 20 W\/m, das geplant wurde, um D\u00e4cher, Dach- und Regenrinnen<span class=\"excerpt-hellip\"> [\u2026]<\/span><\/p>\n","protected":false},"featured_media":4414,"template":"","meta":[],"product_cat":[305,310,311,408],"product_tag":[],"yoast_head":"<!-- This site is optimized with the Yoast SEO plugin v22.7 - https:\/\/yoast.com\/wordpress\/plugins\/seo\/ -->\n<title>Heizkabel mit konstanter Leistung f\u00fcr D\u00e4cher, Dachund Regenrinnen | Raytech<\/title>\n<meta name=\"robots\" content=\"index, follow, max-snippet:-1, max-image-preview:large, max-video-preview:-1\" \/>\n<link rel=\"canonical\" href=\"https:\/\/svilupporaytech.com\/de\/produkt\/heizkabel\/zivile\/frostschutz-fuer-dach-und-regenrinnen\/konstante-leistung\/heizkabel-mit-konstanter-leistung-fuer-daecher-dachund-regenrinnen\/\" \/>\n<meta property=\"og:locale\" content=\"de_DE\" \/>\n<meta property=\"og:type\" content=\"article\" \/>\n<meta property=\"og:title\" content=\"Heizkabel mit konstanter Leistung f\u00fcr D\u00e4cher, Dachund Regenrinnen | Raytech\" \/>\n<meta property=\"og:description\" content=\"Easy Frost Heizkabel mit konstanter Leistung f\u00fcr D\u00e4cher, Dachund Regenrinnen Raytech Easy Frost ist ein Kabel mit konstanter Leistung von 20 W\/m, das geplant wurde, um D\u00e4cher, Dach- und Regenrinnen [\u2026]\" \/>\n<meta property=\"og:url\" content=\"https:\/\/svilupporaytech.com\/de\/produkt\/heizkabel\/zivile\/frostschutz-fuer-dach-und-regenrinnen\/konstante-leistung\/heizkabel-mit-konstanter-leistung-fuer-daecher-dachund-regenrinnen\/\" \/>\n<meta property=\"og:site_name\" content=\"Raytech\" \/>\n<meta property=\"article:modified_time\" content=\"2019-07-31T15:18:41+00:00\" \/>\n<meta property=\"og:image\" content=\"https:\/\/svilupporaytech.com\/wp-content\/uploads\/easy-frost-1.jpg\" \/>\n\t<meta property=\"og:image:width\" content=\"1024\" \/>\n\t<meta property=\"og:image:height\" content=\"1024\" \/>\n\t<meta property=\"og:image:type\" content=\"image\/jpeg\" \/>\n<meta name=\"twitter:card\" content=\"summary_large_image\" \/>\n<script type=\"application\/ld+json\" class=\"yoast-schema-graph\">{\"@context\":\"https:\/\/schema.org\",\"@graph\":[{\"@type\":\"WebPage\",\"@id\":\"https:\/\/svilupporaytech.com\/de\/produkt\/heizkabel\/zivile\/frostschutz-fuer-dach-und-regenrinnen\/konstante-leistung\/heizkabel-mit-konstanter-leistung-fuer-daecher-dachund-regenrinnen\/\",\"url\":\"https:\/\/svilupporaytech.com\/de\/produkt\/heizkabel\/zivile\/frostschutz-fuer-dach-und-regenrinnen\/konstante-leistung\/heizkabel-mit-konstanter-leistung-fuer-daecher-dachund-regenrinnen\/\",\"name\":\"Heizkabel mit konstanter Leistung f\u00fcr D\u00e4cher, Dachund Regenrinnen | Raytech\",\"isPartOf\":{\"@id\":\"https:\/\/svilupporaytech.com\/#website\"},\"primaryImageOfPage\":{\"@id\":\"https:\/\/svilupporaytech.com\/de\/produkt\/heizkabel\/zivile\/frostschutz-fuer-dach-und-regenrinnen\/konstante-leistung\/heizkabel-mit-konstanter-leistung-fuer-daecher-dachund-regenrinnen\/#primaryimage\"},\"image\":{\"@id\":\"https:\/\/svilupporaytech.com\/de\/produkt\/heizkabel\/zivile\/frostschutz-fuer-dach-und-regenrinnen\/konstante-leistung\/heizkabel-mit-konstanter-leistung-fuer-daecher-dachund-regenrinnen\/#primaryimage\"},\"thumbnailUrl\":\"https:\/\/svilupporaytech.com\/wp-content\/uploads\/easy-frost-1.jpg\",\"datePublished\":\"2015-12-30T11:28:40+00:00\",\"dateModified\":\"2019-07-31T15:18:41+00:00\",\"breadcrumb\":{\"@id\":\"https:\/\/svilupporaytech.com\/de\/produkt\/heizkabel\/zivile\/frostschutz-fuer-dach-und-regenrinnen\/konstante-leistung\/heizkabel-mit-konstanter-leistung-fuer-daecher-dachund-regenrinnen\/#breadcrumb\"},\"inLanguage\":\"de\",\"potentialAction\":[{\"@type\":\"ReadAction\",\"target\":[\"https:\/\/svilupporaytech.com\/de\/produkt\/heizkabel\/zivile\/frostschutz-fuer-dach-und-regenrinnen\/konstante-leistung\/heizkabel-mit-konstanter-leistung-fuer-daecher-dachund-regenrinnen\/\"]}]},{\"@type\":\"ImageObject\",\"inLanguage\":\"de\",\"@id\":\"https:\/\/svilupporaytech.com\/de\/produkt\/heizkabel\/zivile\/frostschutz-fuer-dach-und-regenrinnen\/konstante-leistung\/heizkabel-mit-konstanter-leistung-fuer-daecher-dachund-regenrinnen\/#primaryimage\",\"url\":\"https:\/\/svilupporaytech.com\/wp-content\/uploads\/easy-frost-1.jpg\",\"contentUrl\":\"https:\/\/svilupporaytech.com\/wp-content\/uploads\/easy-frost-1.jpg\",\"width\":1024,\"height\":1024},{\"@type\":\"BreadcrumbList\",\"@id\":\"https:\/\/svilupporaytech.com\/de\/produkt\/heizkabel\/zivile\/frostschutz-fuer-dach-und-regenrinnen\/konstante-leistung\/heizkabel-mit-konstanter-leistung-fuer-daecher-dachund-regenrinnen\/#breadcrumb\",\"itemListElement\":[{\"@type\":\"ListItem\",\"position\":1,\"name\":\"Home\",\"item\":\"https:\/\/svilupporaytech.com\/de\/\"},{\"@type\":\"ListItem\",\"position\":2,\"name\":\"Shop\",\"item\":\"https:\/\/svilupporaytech.com\/de\/shop\/\"},{\"@type\":\"ListItem\",\"position\":3,\"name\":\"Heizkabel mit konstanter Leistung f\u00fcr D\u00e4cher, Dachund Regenrinnen\"}]},{\"@type\":\"WebSite\",\"@id\":\"https:\/\/svilupporaytech.com\/#website\",\"url\":\"https:\/\/svilupporaytech.com\/\",\"name\":\"Raytech\",\"description\":\"Cable accessories company\",\"potentialAction\":[{\"@type\":\"SearchAction\",\"target\":{\"@type\":\"EntryPoint\",\"urlTemplate\":\"https:\/\/svilupporaytech.com\/?s={search_term_string}\"},\"query-input\":\"required name=search_term_string\"}],\"inLanguage\":\"de\"}]}<\/script>\n<!-- \/ Yoast SEO plugin. -->","yoast_head_json":{"title":"Heizkabel mit konstanter Leistung f\u00fcr D\u00e4cher, Dachund Regenrinnen | Raytech","robots":{"index":"index","follow":"follow","max-snippet":"max-snippet:-1","max-image-preview":"max-image-preview:large","max-video-preview":"max-video-preview:-1"},"canonical":"https:\/\/svilupporaytech.com\/de\/produkt\/heizkabel\/zivile\/frostschutz-fuer-dach-und-regenrinnen\/konstante-leistung\/heizkabel-mit-konstanter-leistung-fuer-daecher-dachund-regenrinnen\/","og_locale":"de_DE","og_type":"article","og_title":"Heizkabel mit konstanter Leistung f\u00fcr D\u00e4cher, Dachund Regenrinnen | Raytech","og_description":"Easy Frost Heizkabel mit konstanter Leistung f\u00fcr D\u00e4cher, Dachund Regenrinnen Raytech Easy Frost ist ein Kabel mit konstanter Leistung von 20 W\/m, das geplant wurde, um D\u00e4cher, Dach- und Regenrinnen [\u2026]","og_url":"https:\/\/svilupporaytech.com\/de\/produkt\/heizkabel\/zivile\/frostschutz-fuer-dach-und-regenrinnen\/konstante-leistung\/heizkabel-mit-konstanter-leistung-fuer-daecher-dachund-regenrinnen\/","og_site_name":"Raytech","article_modified_time":"2019-07-31T15:18:41+00:00","og_image":[{"width":1024,"height":1024,"url":"https:\/\/svilupporaytech.com\/wp-content\/uploads\/easy-frost-1.jpg","type":"image\/jpeg"}],"twitter_card":"summary_large_image","schema":{"@context":"https:\/\/schema.org","@graph":[{"@type":"WebPage","@id":"https:\/\/svilupporaytech.com\/de\/produkt\/heizkabel\/zivile\/frostschutz-fuer-dach-und-regenrinnen\/konstante-leistung\/heizkabel-mit-konstanter-leistung-fuer-daecher-dachund-regenrinnen\/","url":"https:\/\/svilupporaytech.com\/de\/produkt\/heizkabel\/zivile\/frostschutz-fuer-dach-und-regenrinnen\/konstante-leistung\/heizkabel-mit-konstanter-leistung-fuer-daecher-dachund-regenrinnen\/","name":"Heizkabel mit konstanter Leistung f\u00fcr D\u00e4cher, Dachund Regenrinnen | Raytech","isPartOf":{"@id":"https:\/\/svilupporaytech.com\/#website"},"primaryImageOfPage":{"@id":"https:\/\/svilupporaytech.com\/de\/produkt\/heizkabel\/zivile\/frostschutz-fuer-dach-und-regenrinnen\/konstante-leistung\/heizkabel-mit-konstanter-leistung-fuer-daecher-dachund-regenrinnen\/#primaryimage"},"image":{"@id":"https:\/\/svilupporaytech.com\/de\/produkt\/heizkabel\/zivile\/frostschutz-fuer-dach-und-regenrinnen\/konstante-leistung\/heizkabel-mit-konstanter-leistung-fuer-daecher-dachund-regenrinnen\/#primaryimage"},"thumbnailUrl":"https:\/\/svilupporaytech.com\/wp-content\/uploads\/easy-frost-1.jpg","datePublished":"2015-12-30T11:28:40+00:00","dateModified":"2019-07-31T15:18:41+00:00","breadcrumb":{"@id":"https:\/\/svilupporaytech.com\/de\/produkt\/heizkabel\/zivile\/frostschutz-fuer-dach-und-regenrinnen\/konstante-leistung\/heizkabel-mit-konstanter-leistung-fuer-daecher-dachund-regenrinnen\/#breadcrumb"},"inLanguage":"de","potentialAction":[{"@type":"ReadAction","target":["https:\/\/svilupporaytech.com\/de\/produkt\/heizkabel\/zivile\/frostschutz-fuer-dach-und-regenrinnen\/konstante-leistung\/heizkabel-mit-konstanter-leistung-fuer-daecher-dachund-regenrinnen\/"]}]},{"@type":"ImageObject","inLanguage":"de","@id":"https:\/\/svilupporaytech.com\/de\/produkt\/heizkabel\/zivile\/frostschutz-fuer-dach-und-regenrinnen\/konstante-leistung\/heizkabel-mit-konstanter-leistung-fuer-daecher-dachund-regenrinnen\/#primaryimage","url":"https:\/\/svilupporaytech.com\/wp-content\/uploads\/easy-frost-1.jpg","contentUrl":"https:\/\/svilupporaytech.com\/wp-content\/uploads\/easy-frost-1.jpg","width":1024,"height":1024},{"@type":"BreadcrumbList","@id":"https:\/\/svilupporaytech.com\/de\/produkt\/heizkabel\/zivile\/frostschutz-fuer-dach-und-regenrinnen\/konstante-leistung\/heizkabel-mit-konstanter-leistung-fuer-daecher-dachund-regenrinnen\/#breadcrumb","itemListElement":[{"@type":"ListItem","position":1,"name":"Home","item":"https:\/\/svilupporaytech.com\/de\/"},{"@type":"ListItem","position":2,"name":"Shop","item":"https:\/\/svilupporaytech.com\/de\/shop\/"},{"@type":"ListItem","position":3,"name":"Heizkabel mit konstanter Leistung f\u00fcr D\u00e4cher, Dachund Regenrinnen"}]},{"@type":"WebSite","@id":"https:\/\/svilupporaytech.com\/#website","url":"https:\/\/svilupporaytech.com\/","name":"Raytech","description":"Cable accessories company","potentialAction":[{"@type":"SearchAction","target":{"@type":"EntryPoint","urlTemplate":"https:\/\/svilupporaytech.com\/?s={search_term_string}"},"query-input":"required name=search_term_string"}],"inLanguage":"de"}]}},"_links":{"self":[{"href":"https:\/\/svilupporaytech.com\/de\/wp-json\/wp\/v2\/product\/7042"}],"collection":[{"href":"https:\/\/svilupporaytech.com\/de\/wp-json\/wp\/v2\/product"}],"about":[{"href":"https:\/\/svilupporaytech.com\/de\/wp-json\/wp\/v2\/types\/product"}],"wp:featuredmedia":[{"embeddable":true,"href":"https:\/\/svilupporaytech.com\/de\/wp-json\/wp\/v2\/media\/4414"}],"wp:attachment":[{"href":"https:\/\/svilupporaytech.com\/de\/wp-json\/wp\/v2\/media?parent=7042"}],"wp:term":[{"taxonomy":"product_cat","embeddable":true,"href":"https:\/\/svilupporaytech.com\/de\/wp-json\/wp\/v2\/product_cat?post=7042"},{"taxonomy":"product_tag","embeddable":true,"href":"https:\/\/svilupporaytech.com\/de\/wp-json\/wp\/v2\/product_tag?post=7042"}],"curies":[{"name":"wp","href":"https:\/\/api.w.org\/{rel}","templated":true}]}}