{"id":7049,"date":"2015-09-15T11:53:50","date_gmt":"2015-12-30T11:57:17","guid":{"rendered":"https:\/\/svilupporaytech.com\/?post_type=product&#038;p=7049&#038;lang=de"},"modified":"2019-08-29T12:09:23","modified_gmt":"2019-08-29T12:09:23","slug":"waermeschrumpfende-baender-hvbt","status":"publish","type":"product","link":"https:\/\/svilupporaytech.com\/de\/produkt\/mittelspannung\/isolierende-schlaeuche-und-baender\/waermeschrumpfende-baender-hvbt\/","title":{"rendered":"W\u00e4rmeschrumpfende B\u00e4nder HVBT"},"content":{"rendered":"<h4>W\u00e4rmeschrumpfende B\u00e4nder<\/h4>\n<p>W\u00e4rmeschrumpfendes HVBT Band, beschichtet mit hei\u00dfschmelzender Klebefolie f\u00fcr Mittelspannung<\/p>\n<p><strong>ANWENDUNG<\/strong><br \/>\nIDas HVBT Band geh\u00f6rt zur Produktserie f\u00fcr die Isolierung von Stangen. Es handelt sich um ein w\u00e4rmeschrumpfendes Band mit einseitiger Beschichtung mit hei\u00dfschmelzender Klebefolie.<\/p>\n<p><strong>VERLEGEN<\/strong><br \/>\nDas HVBT Band wird leicht gespannt und zu 2\/3 \u00fcberlagert um die Stange gewickelt. Bei Erhitzung zieht es sich zusammen und haftet an der Unterschicht; gleichzeitig vereinen sich die einzelnen Bandschichten zu einem durchg\u00e4ngigen Isoliermantel.<br \/>\n<strong><br \/>\nISOLIERABSTAND<\/strong><br \/>\nDer Tabelle aus Seite 179 (BPM Werte) entnehmen Sie die Abst\u00e4nden zwischen den Stangen und zum Boden. Das HVBT Band ist in 4 Breiten erh\u00e4ltlich und au\u00dfen mit hei\u00dfschmelzender Klebefolie beschichtet. Zum Lieferumfang pro Band geh\u00f6rt auch ein Glasfaserband, mit dem die gelegte Bandage fixiert wird.<\/p>\n","protected":false},"excerpt":{"rendered":"<p>W\u00e4rmeschrumpfende B\u00e4nder W\u00e4rmeschrumpfendes HVBT Band, beschichtet mit hei\u00dfschmelzender Klebefolie f\u00fcr Mittelspannung ANWENDUNG IDas HVBT Band geh\u00f6rt zur Produktserie f\u00fcr die Isolierung von Stangen. Es handelt sich um ein w\u00e4rmeschrumpfendes Band<span class=\"excerpt-hellip\"> [\u2026]<\/span><\/p>\n","protected":false},"featured_media":2474,"template":"","meta":[],"product_cat":[315,317],"product_tag":[],"yoast_head":"<!-- This site is optimized with the Yoast SEO plugin v22.7 - https:\/\/yoast.com\/wordpress\/plugins\/seo\/ -->\n<title>W\u00e4rmeschrumpfende B\u00e4nder HVBT | Raytech<\/title>\n<meta name=\"robots\" content=\"index, follow, max-snippet:-1, max-image-preview:large, max-video-preview:-1\" \/>\n<link rel=\"canonical\" href=\"https:\/\/svilupporaytech.com\/de\/produkt\/mittelspannung\/isolierende-schlaeuche-und-baender\/waermeschrumpfende-baender-hvbt\/\" \/>\n<meta property=\"og:locale\" content=\"de_DE\" \/>\n<meta property=\"og:type\" content=\"article\" \/>\n<meta property=\"og:title\" content=\"W\u00e4rmeschrumpfende B\u00e4nder HVBT | Raytech\" \/>\n<meta property=\"og:description\" content=\"W\u00e4rmeschrumpfende B\u00e4nder W\u00e4rmeschrumpfendes HVBT Band, beschichtet mit hei\u00dfschmelzender Klebefolie f\u00fcr Mittelspannung ANWENDUNG IDas HVBT Band geh\u00f6rt zur Produktserie f\u00fcr die Isolierung von Stangen. Es handelt sich um ein w\u00e4rmeschrumpfendes Band [\u2026]\" \/>\n<meta property=\"og:url\" content=\"https:\/\/svilupporaytech.com\/de\/produkt\/mittelspannung\/isolierende-schlaeuche-und-baender\/waermeschrumpfende-baender-hvbt\/\" \/>\n<meta property=\"og:site_name\" content=\"Raytech\" \/>\n<meta property=\"article:modified_time\" content=\"2019-08-29T12:09:23+00:00\" \/>\n<meta property=\"og:image\" content=\"https:\/\/svilupporaytech.com\/wp-content\/uploads\/hvbt.jpg\" \/>\n\t<meta property=\"og:image:width\" content=\"1024\" \/>\n\t<meta property=\"og:image:height\" content=\"1024\" \/>\n\t<meta property=\"og:image:type\" content=\"image\/jpeg\" \/>\n<meta name=\"twitter:card\" content=\"summary_large_image\" \/>\n<meta name=\"twitter:label1\" content=\"Gesch\u00e4tzte Lesezeit\" \/>\n\t<meta name=\"twitter:data1\" content=\"1\u00a0Minute\" \/>\n<script type=\"application\/ld+json\" class=\"yoast-schema-graph\">{\"@context\":\"https:\/\/schema.org\",\"@graph\":[{\"@type\":\"WebPage\",\"@id\":\"https:\/\/svilupporaytech.com\/de\/produkt\/mittelspannung\/isolierende-schlaeuche-und-baender\/waermeschrumpfende-baender-hvbt\/\",\"url\":\"https:\/\/svilupporaytech.com\/de\/produkt\/mittelspannung\/isolierende-schlaeuche-und-baender\/waermeschrumpfende-baender-hvbt\/\",\"name\":\"W\u00e4rmeschrumpfende B\u00e4nder HVBT | Raytech\",\"isPartOf\":{\"@id\":\"https:\/\/svilupporaytech.com\/#website\"},\"primaryImageOfPage\":{\"@id\":\"https:\/\/svilupporaytech.com\/de\/produkt\/mittelspannung\/isolierende-schlaeuche-und-baender\/waermeschrumpfende-baender-hvbt\/#primaryimage\"},\"image\":{\"@id\":\"https:\/\/svilupporaytech.com\/de\/produkt\/mittelspannung\/isolierende-schlaeuche-und-baender\/waermeschrumpfende-baender-hvbt\/#primaryimage\"},\"thumbnailUrl\":\"https:\/\/svilupporaytech.com\/wp-content\/uploads\/hvbt.jpg\",\"datePublished\":\"2015-12-30T11:57:17+00:00\",\"dateModified\":\"2019-08-29T12:09:23+00:00\",\"breadcrumb\":{\"@id\":\"https:\/\/svilupporaytech.com\/de\/produkt\/mittelspannung\/isolierende-schlaeuche-und-baender\/waermeschrumpfende-baender-hvbt\/#breadcrumb\"},\"inLanguage\":\"de\",\"potentialAction\":[{\"@type\":\"ReadAction\",\"target\":[\"https:\/\/svilupporaytech.com\/de\/produkt\/mittelspannung\/isolierende-schlaeuche-und-baender\/waermeschrumpfende-baender-hvbt\/\"]}]},{\"@type\":\"ImageObject\",\"inLanguage\":\"de\",\"@id\":\"https:\/\/svilupporaytech.com\/de\/produkt\/mittelspannung\/isolierende-schlaeuche-und-baender\/waermeschrumpfende-baender-hvbt\/#primaryimage\",\"url\":\"https:\/\/svilupporaytech.com\/wp-content\/uploads\/hvbt.jpg\",\"contentUrl\":\"https:\/\/svilupporaytech.com\/wp-content\/uploads\/hvbt.jpg\",\"width\":1024,\"height\":1024},{\"@type\":\"BreadcrumbList\",\"@id\":\"https:\/\/svilupporaytech.com\/de\/produkt\/mittelspannung\/isolierende-schlaeuche-und-baender\/waermeschrumpfende-baender-hvbt\/#breadcrumb\",\"itemListElement\":[{\"@type\":\"ListItem\",\"position\":1,\"name\":\"Home\",\"item\":\"https:\/\/svilupporaytech.com\/de\/\"},{\"@type\":\"ListItem\",\"position\":2,\"name\":\"Shop\",\"item\":\"https:\/\/svilupporaytech.com\/de\/shop\/\"},{\"@type\":\"ListItem\",\"position\":3,\"name\":\"W\u00e4rmeschrumpfende B\u00e4nder HVBT\"}]},{\"@type\":\"WebSite\",\"@id\":\"https:\/\/svilupporaytech.com\/#website\",\"url\":\"https:\/\/svilupporaytech.com\/\",\"name\":\"Raytech\",\"description\":\"Cable accessories company\",\"potentialAction\":[{\"@type\":\"SearchAction\",\"target\":{\"@type\":\"EntryPoint\",\"urlTemplate\":\"https:\/\/svilupporaytech.com\/?s={search_term_string}\"},\"query-input\":\"required name=search_term_string\"}],\"inLanguage\":\"de\"}]}<\/script>\n<!-- \/ Yoast SEO plugin. -->","yoast_head_json":{"title":"W\u00e4rmeschrumpfende B\u00e4nder HVBT | Raytech","robots":{"index":"index","follow":"follow","max-snippet":"max-snippet:-1","max-image-preview":"max-image-preview:large","max-video-preview":"max-video-preview:-1"},"canonical":"https:\/\/svilupporaytech.com\/de\/produkt\/mittelspannung\/isolierende-schlaeuche-und-baender\/waermeschrumpfende-baender-hvbt\/","og_locale":"de_DE","og_type":"article","og_title":"W\u00e4rmeschrumpfende B\u00e4nder HVBT | Raytech","og_description":"W\u00e4rmeschrumpfende B\u00e4nder W\u00e4rmeschrumpfendes HVBT Band, beschichtet mit hei\u00dfschmelzender Klebefolie f\u00fcr Mittelspannung ANWENDUNG IDas HVBT Band geh\u00f6rt zur Produktserie f\u00fcr die Isolierung von Stangen. Es handelt sich um ein w\u00e4rmeschrumpfendes Band [\u2026]","og_url":"https:\/\/svilupporaytech.com\/de\/produkt\/mittelspannung\/isolierende-schlaeuche-und-baender\/waermeschrumpfende-baender-hvbt\/","og_site_name":"Raytech","article_modified_time":"2019-08-29T12:09:23+00:00","og_image":[{"width":1024,"height":1024,"url":"https:\/\/svilupporaytech.com\/wp-content\/uploads\/hvbt.jpg","type":"image\/jpeg"}],"twitter_card":"summary_large_image","twitter_misc":{"Gesch\u00e4tzte Lesezeit":"1\u00a0Minute"},"schema":{"@context":"https:\/\/schema.org","@graph":[{"@type":"WebPage","@id":"https:\/\/svilupporaytech.com\/de\/produkt\/mittelspannung\/isolierende-schlaeuche-und-baender\/waermeschrumpfende-baender-hvbt\/","url":"https:\/\/svilupporaytech.com\/de\/produkt\/mittelspannung\/isolierende-schlaeuche-und-baender\/waermeschrumpfende-baender-hvbt\/","name":"W\u00e4rmeschrumpfende B\u00e4nder HVBT | Raytech","isPartOf":{"@id":"https:\/\/svilupporaytech.com\/#website"},"primaryImageOfPage":{"@id":"https:\/\/svilupporaytech.com\/de\/produkt\/mittelspannung\/isolierende-schlaeuche-und-baender\/waermeschrumpfende-baender-hvbt\/#primaryimage"},"image":{"@id":"https:\/\/svilupporaytech.com\/de\/produkt\/mittelspannung\/isolierende-schlaeuche-und-baender\/waermeschrumpfende-baender-hvbt\/#primaryimage"},"thumbnailUrl":"https:\/\/svilupporaytech.com\/wp-content\/uploads\/hvbt.jpg","datePublished":"2015-12-30T11:57:17+00:00","dateModified":"2019-08-29T12:09:23+00:00","breadcrumb":{"@id":"https:\/\/svilupporaytech.com\/de\/produkt\/mittelspannung\/isolierende-schlaeuche-und-baender\/waermeschrumpfende-baender-hvbt\/#breadcrumb"},"inLanguage":"de","potentialAction":[{"@type":"ReadAction","target":["https:\/\/svilupporaytech.com\/de\/produkt\/mittelspannung\/isolierende-schlaeuche-und-baender\/waermeschrumpfende-baender-hvbt\/"]}]},{"@type":"ImageObject","inLanguage":"de","@id":"https:\/\/svilupporaytech.com\/de\/produkt\/mittelspannung\/isolierende-schlaeuche-und-baender\/waermeschrumpfende-baender-hvbt\/#primaryimage","url":"https:\/\/svilupporaytech.com\/wp-content\/uploads\/hvbt.jpg","contentUrl":"https:\/\/svilupporaytech.com\/wp-content\/uploads\/hvbt.jpg","width":1024,"height":1024},{"@type":"BreadcrumbList","@id":"https:\/\/svilupporaytech.com\/de\/produkt\/mittelspannung\/isolierende-schlaeuche-und-baender\/waermeschrumpfende-baender-hvbt\/#breadcrumb","itemListElement":[{"@type":"ListItem","position":1,"name":"Home","item":"https:\/\/svilupporaytech.com\/de\/"},{"@type":"ListItem","position":2,"name":"Shop","item":"https:\/\/svilupporaytech.com\/de\/shop\/"},{"@type":"ListItem","position":3,"name":"W\u00e4rmeschrumpfende B\u00e4nder HVBT"}]},{"@type":"WebSite","@id":"https:\/\/svilupporaytech.com\/#website","url":"https:\/\/svilupporaytech.com\/","name":"Raytech","description":"Cable accessories company","potentialAction":[{"@type":"SearchAction","target":{"@type":"EntryPoint","urlTemplate":"https:\/\/svilupporaytech.com\/?s={search_term_string}"},"query-input":"required name=search_term_string"}],"inLanguage":"de"}]}},"_links":{"self":[{"href":"https:\/\/svilupporaytech.com\/de\/wp-json\/wp\/v2\/product\/7049"}],"collection":[{"href":"https:\/\/svilupporaytech.com\/de\/wp-json\/wp\/v2\/product"}],"about":[{"href":"https:\/\/svilupporaytech.com\/de\/wp-json\/wp\/v2\/types\/product"}],"wp:featuredmedia":[{"embeddable":true,"href":"https:\/\/svilupporaytech.com\/de\/wp-json\/wp\/v2\/media\/2474"}],"wp:attachment":[{"href":"https:\/\/svilupporaytech.com\/de\/wp-json\/wp\/v2\/media?parent=7049"}],"wp:term":[{"taxonomy":"product_cat","embeddable":true,"href":"https:\/\/svilupporaytech.com\/de\/wp-json\/wp\/v2\/product_cat?post=7049"},{"taxonomy":"product_tag","embeddable":true,"href":"https:\/\/svilupporaytech.com\/de\/wp-json\/wp\/v2\/product_tag?post=7049"}],"curies":[{"name":"wp","href":"https:\/\/api.w.org\/{rel}","templated":true}]}}