{"id":7071,"date":"2015-07-16T14:31:55","date_gmt":"2015-12-30T14:13:51","guid":{"rendered":"https:\/\/svilupporaytech.com\/?post_type=product&#038;p=7071&#038;lang=de"},"modified":"2016-01-15T09:12:30","modified_gmt":"2016-01-15T09:12:30","slug":"frostschutz-erhaltung-heizung-und-reinigung-bis-120c-dauerbetrieb-190c-wechselbetrieb","status":"publish","type":"product","link":"https:\/\/svilupporaytech.com\/de\/produkt\/heizkabel\/industrielle\/frostschutz-erhaltung-heizung-und-reinigung-bis-120c-dauerbetrieb-190c-wechselbetrieb\/","title":{"rendered":"Frostschutz, Erhaltung, Heizung und Reinigung bis 120\u00b0C Dauerbetrieb 190\u00b0C Wechselbetrieb"},"content":{"rendered":"<h4><span style=\"color: #e3001a;\">MCA-I-FF<br \/>\nSelbstregulierende Heizkabel f\u00fcr Frostschutz oder Temperaturerhaltung bei Exposition von S\u00e4uren oder korrosiven Mitteln und Hitze<br \/>\n<\/span><\/h4>\n<p>Geeignet f\u00fcr die Erhaltung der Verfahrenstemperatur <strong>bis 120\u00b0C<\/strong> in Leitungen und Tanks, auch bei S\u00e4uren und korrosiven Mitteln oder als Frostschutz bei S\u00e4uren und korrosiven Mitteln und bei vorhergesehenen W\u00e4rmebehandlungen wie Sp\u00fclungen mit Dampf <strong>bis 190\u00b0C.<\/strong><\/p>\n","protected":false},"excerpt":{"rendered":"<p>MCA-I-FF Selbstregulierende Heizkabel f\u00fcr Frostschutz oder Temperaturerhaltung bei Exposition von S\u00e4uren oder korrosiven Mitteln und Hitze Geeignet f\u00fcr die Erhaltung der Verfahrenstemperatur bis 120\u00b0C in Leitungen und Tanks, auch bei<span class=\"excerpt-hellip\"> [\u2026]<\/span><\/p>\n","protected":false},"featured_media":6913,"template":"","meta":[],"product_cat":[305,314],"product_tag":[],"yoast_head":"<!-- This site is optimized with the Yoast SEO plugin v22.7 - https:\/\/yoast.com\/wordpress\/plugins\/seo\/ -->\n<title>Frostschutz, Erhaltung, Heizung und Reinigung bis 120\u00b0C Dauerbetrieb 190\u00b0C Wechselbetrieb | Raytech<\/title>\n<meta name=\"robots\" content=\"index, follow, max-snippet:-1, max-image-preview:large, max-video-preview:-1\" \/>\n<link rel=\"canonical\" href=\"https:\/\/svilupporaytech.com\/de\/produkt\/heizkabel\/industrielle\/frostschutz-erhaltung-heizung-und-reinigung-bis-120c-dauerbetrieb-190c-wechselbetrieb\/\" \/>\n<meta property=\"og:locale\" content=\"de_DE\" \/>\n<meta property=\"og:type\" content=\"article\" \/>\n<meta property=\"og:title\" content=\"Frostschutz, Erhaltung, Heizung und Reinigung bis 120\u00b0C Dauerbetrieb 190\u00b0C Wechselbetrieb | Raytech\" \/>\n<meta property=\"og:description\" content=\"MCA-I-FF Selbstregulierende Heizkabel f\u00fcr Frostschutz oder Temperaturerhaltung bei Exposition von S\u00e4uren oder korrosiven Mitteln und Hitze Geeignet f\u00fcr die Erhaltung der Verfahrenstemperatur bis 120\u00b0C in Leitungen und Tanks, auch bei [\u2026]\" \/>\n<meta property=\"og:url\" content=\"https:\/\/svilupporaytech.com\/de\/produkt\/heizkabel\/industrielle\/frostschutz-erhaltung-heizung-und-reinigung-bis-120c-dauerbetrieb-190c-wechselbetrieb\/\" \/>\n<meta property=\"og:site_name\" content=\"Raytech\" \/>\n<meta property=\"article:modified_time\" content=\"2016-01-15T09:12:30+00:00\" \/>\n<meta property=\"og:image\" content=\"https:\/\/svilupporaytech.com\/wp-content\/uploads\/mca-i-ff1.jpg\" \/>\n\t<meta property=\"og:image:width\" content=\"1024\" \/>\n\t<meta property=\"og:image:height\" content=\"1024\" \/>\n\t<meta property=\"og:image:type\" content=\"image\/jpeg\" \/>\n<meta name=\"twitter:card\" content=\"summary_large_image\" \/>\n<script type=\"application\/ld+json\" class=\"yoast-schema-graph\">{\"@context\":\"https:\/\/schema.org\",\"@graph\":[{\"@type\":\"WebPage\",\"@id\":\"https:\/\/svilupporaytech.com\/de\/produkt\/heizkabel\/industrielle\/frostschutz-erhaltung-heizung-und-reinigung-bis-120c-dauerbetrieb-190c-wechselbetrieb\/\",\"url\":\"https:\/\/svilupporaytech.com\/de\/produkt\/heizkabel\/industrielle\/frostschutz-erhaltung-heizung-und-reinigung-bis-120c-dauerbetrieb-190c-wechselbetrieb\/\",\"name\":\"Frostschutz, Erhaltung, Heizung und Reinigung bis 120\u00b0C Dauerbetrieb 190\u00b0C Wechselbetrieb | Raytech\",\"isPartOf\":{\"@id\":\"https:\/\/svilupporaytech.com\/#website\"},\"primaryImageOfPage\":{\"@id\":\"https:\/\/svilupporaytech.com\/de\/produkt\/heizkabel\/industrielle\/frostschutz-erhaltung-heizung-und-reinigung-bis-120c-dauerbetrieb-190c-wechselbetrieb\/#primaryimage\"},\"image\":{\"@id\":\"https:\/\/svilupporaytech.com\/de\/produkt\/heizkabel\/industrielle\/frostschutz-erhaltung-heizung-und-reinigung-bis-120c-dauerbetrieb-190c-wechselbetrieb\/#primaryimage\"},\"thumbnailUrl\":\"https:\/\/svilupporaytech.com\/wp-content\/uploads\/mca-i-ff1.jpg\",\"datePublished\":\"2015-12-30T14:13:51+00:00\",\"dateModified\":\"2016-01-15T09:12:30+00:00\",\"breadcrumb\":{\"@id\":\"https:\/\/svilupporaytech.com\/de\/produkt\/heizkabel\/industrielle\/frostschutz-erhaltung-heizung-und-reinigung-bis-120c-dauerbetrieb-190c-wechselbetrieb\/#breadcrumb\"},\"inLanguage\":\"de\",\"potentialAction\":[{\"@type\":\"ReadAction\",\"target\":[\"https:\/\/svilupporaytech.com\/de\/produkt\/heizkabel\/industrielle\/frostschutz-erhaltung-heizung-und-reinigung-bis-120c-dauerbetrieb-190c-wechselbetrieb\/\"]}]},{\"@type\":\"ImageObject\",\"inLanguage\":\"de\",\"@id\":\"https:\/\/svilupporaytech.com\/de\/produkt\/heizkabel\/industrielle\/frostschutz-erhaltung-heizung-und-reinigung-bis-120c-dauerbetrieb-190c-wechselbetrieb\/#primaryimage\",\"url\":\"https:\/\/svilupporaytech.com\/wp-content\/uploads\/mca-i-ff1.jpg\",\"contentUrl\":\"https:\/\/svilupporaytech.com\/wp-content\/uploads\/mca-i-ff1.jpg\",\"width\":1024,\"height\":1024},{\"@type\":\"BreadcrumbList\",\"@id\":\"https:\/\/svilupporaytech.com\/de\/produkt\/heizkabel\/industrielle\/frostschutz-erhaltung-heizung-und-reinigung-bis-120c-dauerbetrieb-190c-wechselbetrieb\/#breadcrumb\",\"itemListElement\":[{\"@type\":\"ListItem\",\"position\":1,\"name\":\"Home\",\"item\":\"https:\/\/svilupporaytech.com\/de\/\"},{\"@type\":\"ListItem\",\"position\":2,\"name\":\"Shop\",\"item\":\"https:\/\/svilupporaytech.com\/de\/shop\/\"},{\"@type\":\"ListItem\",\"position\":3,\"name\":\"Frostschutz, Erhaltung, Heizung und Reinigung bis 120\u00b0C Dauerbetrieb 190\u00b0C Wechselbetrieb\"}]},{\"@type\":\"WebSite\",\"@id\":\"https:\/\/svilupporaytech.com\/#website\",\"url\":\"https:\/\/svilupporaytech.com\/\",\"name\":\"Raytech\",\"description\":\"Cable accessories company\",\"potentialAction\":[{\"@type\":\"SearchAction\",\"target\":{\"@type\":\"EntryPoint\",\"urlTemplate\":\"https:\/\/svilupporaytech.com\/?s={search_term_string}\"},\"query-input\":\"required name=search_term_string\"}],\"inLanguage\":\"de\"}]}<\/script>\n<!-- \/ Yoast SEO plugin. -->","yoast_head_json":{"title":"Frostschutz, Erhaltung, Heizung und Reinigung bis 120\u00b0C Dauerbetrieb 190\u00b0C Wechselbetrieb | Raytech","robots":{"index":"index","follow":"follow","max-snippet":"max-snippet:-1","max-image-preview":"max-image-preview:large","max-video-preview":"max-video-preview:-1"},"canonical":"https:\/\/svilupporaytech.com\/de\/produkt\/heizkabel\/industrielle\/frostschutz-erhaltung-heizung-und-reinigung-bis-120c-dauerbetrieb-190c-wechselbetrieb\/","og_locale":"de_DE","og_type":"article","og_title":"Frostschutz, Erhaltung, Heizung und Reinigung bis 120\u00b0C Dauerbetrieb 190\u00b0C Wechselbetrieb | Raytech","og_description":"MCA-I-FF Selbstregulierende Heizkabel f\u00fcr Frostschutz oder Temperaturerhaltung bei Exposition von S\u00e4uren oder korrosiven Mitteln und Hitze Geeignet f\u00fcr die Erhaltung der Verfahrenstemperatur bis 120\u00b0C in Leitungen und Tanks, auch bei [\u2026]","og_url":"https:\/\/svilupporaytech.com\/de\/produkt\/heizkabel\/industrielle\/frostschutz-erhaltung-heizung-und-reinigung-bis-120c-dauerbetrieb-190c-wechselbetrieb\/","og_site_name":"Raytech","article_modified_time":"2016-01-15T09:12:30+00:00","og_image":[{"width":1024,"height":1024,"url":"https:\/\/svilupporaytech.com\/wp-content\/uploads\/mca-i-ff1.jpg","type":"image\/jpeg"}],"twitter_card":"summary_large_image","schema":{"@context":"https:\/\/schema.org","@graph":[{"@type":"WebPage","@id":"https:\/\/svilupporaytech.com\/de\/produkt\/heizkabel\/industrielle\/frostschutz-erhaltung-heizung-und-reinigung-bis-120c-dauerbetrieb-190c-wechselbetrieb\/","url":"https:\/\/svilupporaytech.com\/de\/produkt\/heizkabel\/industrielle\/frostschutz-erhaltung-heizung-und-reinigung-bis-120c-dauerbetrieb-190c-wechselbetrieb\/","name":"Frostschutz, Erhaltung, Heizung und Reinigung bis 120\u00b0C Dauerbetrieb 190\u00b0C Wechselbetrieb | Raytech","isPartOf":{"@id":"https:\/\/svilupporaytech.com\/#website"},"primaryImageOfPage":{"@id":"https:\/\/svilupporaytech.com\/de\/produkt\/heizkabel\/industrielle\/frostschutz-erhaltung-heizung-und-reinigung-bis-120c-dauerbetrieb-190c-wechselbetrieb\/#primaryimage"},"image":{"@id":"https:\/\/svilupporaytech.com\/de\/produkt\/heizkabel\/industrielle\/frostschutz-erhaltung-heizung-und-reinigung-bis-120c-dauerbetrieb-190c-wechselbetrieb\/#primaryimage"},"thumbnailUrl":"https:\/\/svilupporaytech.com\/wp-content\/uploads\/mca-i-ff1.jpg","datePublished":"2015-12-30T14:13:51+00:00","dateModified":"2016-01-15T09:12:30+00:00","breadcrumb":{"@id":"https:\/\/svilupporaytech.com\/de\/produkt\/heizkabel\/industrielle\/frostschutz-erhaltung-heizung-und-reinigung-bis-120c-dauerbetrieb-190c-wechselbetrieb\/#breadcrumb"},"inLanguage":"de","potentialAction":[{"@type":"ReadAction","target":["https:\/\/svilupporaytech.com\/de\/produkt\/heizkabel\/industrielle\/frostschutz-erhaltung-heizung-und-reinigung-bis-120c-dauerbetrieb-190c-wechselbetrieb\/"]}]},{"@type":"ImageObject","inLanguage":"de","@id":"https:\/\/svilupporaytech.com\/de\/produkt\/heizkabel\/industrielle\/frostschutz-erhaltung-heizung-und-reinigung-bis-120c-dauerbetrieb-190c-wechselbetrieb\/#primaryimage","url":"https:\/\/svilupporaytech.com\/wp-content\/uploads\/mca-i-ff1.jpg","contentUrl":"https:\/\/svilupporaytech.com\/wp-content\/uploads\/mca-i-ff1.jpg","width":1024,"height":1024},{"@type":"BreadcrumbList","@id":"https:\/\/svilupporaytech.com\/de\/produkt\/heizkabel\/industrielle\/frostschutz-erhaltung-heizung-und-reinigung-bis-120c-dauerbetrieb-190c-wechselbetrieb\/#breadcrumb","itemListElement":[{"@type":"ListItem","position":1,"name":"Home","item":"https:\/\/svilupporaytech.com\/de\/"},{"@type":"ListItem","position":2,"name":"Shop","item":"https:\/\/svilupporaytech.com\/de\/shop\/"},{"@type":"ListItem","position":3,"name":"Frostschutz, Erhaltung, Heizung und Reinigung bis 120\u00b0C Dauerbetrieb 190\u00b0C Wechselbetrieb"}]},{"@type":"WebSite","@id":"https:\/\/svilupporaytech.com\/#website","url":"https:\/\/svilupporaytech.com\/","name":"Raytech","description":"Cable accessories company","potentialAction":[{"@type":"SearchAction","target":{"@type":"EntryPoint","urlTemplate":"https:\/\/svilupporaytech.com\/?s={search_term_string}"},"query-input":"required name=search_term_string"}],"inLanguage":"de"}]}},"_links":{"self":[{"href":"https:\/\/svilupporaytech.com\/de\/wp-json\/wp\/v2\/product\/7071"}],"collection":[{"href":"https:\/\/svilupporaytech.com\/de\/wp-json\/wp\/v2\/product"}],"about":[{"href":"https:\/\/svilupporaytech.com\/de\/wp-json\/wp\/v2\/types\/product"}],"wp:featuredmedia":[{"embeddable":true,"href":"https:\/\/svilupporaytech.com\/de\/wp-json\/wp\/v2\/media\/6913"}],"wp:attachment":[{"href":"https:\/\/svilupporaytech.com\/de\/wp-json\/wp\/v2\/media?parent=7071"}],"wp:term":[{"taxonomy":"product_cat","embeddable":true,"href":"https:\/\/svilupporaytech.com\/de\/wp-json\/wp\/v2\/product_cat?post=7071"},{"taxonomy":"product_tag","embeddable":true,"href":"https:\/\/svilupporaytech.com\/de\/wp-json\/wp\/v2\/product_tag?post=7071"}],"curies":[{"name":"wp","href":"https:\/\/api.w.org\/{rel}","templated":true}]}}