{"id":7084,"date":"2015-07-16T14:37:06","date_gmt":"2015-12-30T14:35:15","guid":{"rendered":"https:\/\/svilupporaytech.com\/?post_type=product&#038;p=7084&#038;lang=de"},"modified":"2015-12-30T14:35:15","modified_gmt":"2015-12-30T14:35:15","slug":"bausatz-klemme-nicht-versorgte-seite","status":"publish","type":"product","link":"https:\/\/svilupporaytech.com\/de\/produkt\/heizkabel\/zubehoer\/bausatz-klemme-nicht-versorgte-seite\/","title":{"rendered":"Bausatz Klemme nicht versorgte Seite"},"content":{"rendered":"<h4><span style=\"color: #e3001a;\">MCA-PM, MCA-PM-Compact<br \/>\nBausatz Klemme nicht versorgte Seite<\/span><\/h4>\n<p>Er isoliert und siegelt die freien Endst\u00fccke des Kabels, die weit von der Versorgung sind und stellt die Schirmung wiederher. Er enth\u00e4lt die w\u00e4rmeschrumpfenden M\u00e4ntel f\u00fcr die Realisierung der Klemme. Ein Bausatz f\u00fcr jedes Kabel.<\/p>\n","protected":false},"excerpt":{"rendered":"<p>MCA-PM, MCA-PM-Compact Bausatz Klemme nicht versorgte Seite Er isoliert und siegelt die freien Endst\u00fccke des Kabels, die weit von der Versorgung sind und stellt die Schirmung wiederher. Er enth\u00e4lt die<span class=\"excerpt-hellip\"> [\u2026]<\/span><\/p>\n","protected":false},"featured_media":2586,"template":"","meta":[],"product_cat":[305,384],"product_tag":[],"yoast_head":"<!-- This site is optimized with the Yoast SEO plugin v22.7 - https:\/\/yoast.com\/wordpress\/plugins\/seo\/ -->\n<title>Bausatz Klemme nicht versorgte Seite | Raytech<\/title>\n<meta name=\"robots\" content=\"index, follow, max-snippet:-1, max-image-preview:large, max-video-preview:-1\" \/>\n<link rel=\"canonical\" href=\"https:\/\/svilupporaytech.com\/de\/produkt\/heizkabel\/zubehoer\/bausatz-klemme-nicht-versorgte-seite\/\" \/>\n<meta property=\"og:locale\" content=\"de_DE\" \/>\n<meta property=\"og:type\" content=\"article\" \/>\n<meta property=\"og:title\" content=\"Bausatz Klemme nicht versorgte Seite | Raytech\" \/>\n<meta property=\"og:description\" content=\"MCA-PM, MCA-PM-Compact Bausatz Klemme nicht versorgte Seite Er isoliert und siegelt die freien Endst\u00fccke des Kabels, die weit von der Versorgung sind und stellt die Schirmung wiederher. Er enth\u00e4lt die [\u2026]\" \/>\n<meta property=\"og:url\" content=\"https:\/\/svilupporaytech.com\/de\/produkt\/heizkabel\/zubehoer\/bausatz-klemme-nicht-versorgte-seite\/\" \/>\n<meta property=\"og:site_name\" content=\"Raytech\" \/>\n<meta property=\"og:image\" content=\"https:\/\/svilupporaytech.com\/wp-content\/uploads\/MCA-PM-MCA-PM-Compact1.jpg\" \/>\n\t<meta property=\"og:image:width\" content=\"1024\" \/>\n\t<meta property=\"og:image:height\" content=\"1024\" \/>\n\t<meta property=\"og:image:type\" content=\"image\/jpeg\" \/>\n<meta name=\"twitter:card\" content=\"summary_large_image\" \/>\n<script type=\"application\/ld+json\" class=\"yoast-schema-graph\">{\"@context\":\"https:\/\/schema.org\",\"@graph\":[{\"@type\":\"WebPage\",\"@id\":\"https:\/\/svilupporaytech.com\/de\/produkt\/heizkabel\/zubehoer\/bausatz-klemme-nicht-versorgte-seite\/\",\"url\":\"https:\/\/svilupporaytech.com\/de\/produkt\/heizkabel\/zubehoer\/bausatz-klemme-nicht-versorgte-seite\/\",\"name\":\"Bausatz Klemme nicht versorgte Seite | Raytech\",\"isPartOf\":{\"@id\":\"https:\/\/svilupporaytech.com\/#website\"},\"primaryImageOfPage\":{\"@id\":\"https:\/\/svilupporaytech.com\/de\/produkt\/heizkabel\/zubehoer\/bausatz-klemme-nicht-versorgte-seite\/#primaryimage\"},\"image\":{\"@id\":\"https:\/\/svilupporaytech.com\/de\/produkt\/heizkabel\/zubehoer\/bausatz-klemme-nicht-versorgte-seite\/#primaryimage\"},\"thumbnailUrl\":\"https:\/\/svilupporaytech.com\/wp-content\/uploads\/MCA-PM-MCA-PM-Compact1.jpg\",\"datePublished\":\"2015-12-30T14:35:15+00:00\",\"dateModified\":\"2015-12-30T14:35:15+00:00\",\"breadcrumb\":{\"@id\":\"https:\/\/svilupporaytech.com\/de\/produkt\/heizkabel\/zubehoer\/bausatz-klemme-nicht-versorgte-seite\/#breadcrumb\"},\"inLanguage\":\"de\",\"potentialAction\":[{\"@type\":\"ReadAction\",\"target\":[\"https:\/\/svilupporaytech.com\/de\/produkt\/heizkabel\/zubehoer\/bausatz-klemme-nicht-versorgte-seite\/\"]}]},{\"@type\":\"ImageObject\",\"inLanguage\":\"de\",\"@id\":\"https:\/\/svilupporaytech.com\/de\/produkt\/heizkabel\/zubehoer\/bausatz-klemme-nicht-versorgte-seite\/#primaryimage\",\"url\":\"https:\/\/svilupporaytech.com\/wp-content\/uploads\/MCA-PM-MCA-PM-Compact1.jpg\",\"contentUrl\":\"https:\/\/svilupporaytech.com\/wp-content\/uploads\/MCA-PM-MCA-PM-Compact1.jpg\",\"width\":1024,\"height\":1024},{\"@type\":\"BreadcrumbList\",\"@id\":\"https:\/\/svilupporaytech.com\/de\/produkt\/heizkabel\/zubehoer\/bausatz-klemme-nicht-versorgte-seite\/#breadcrumb\",\"itemListElement\":[{\"@type\":\"ListItem\",\"position\":1,\"name\":\"Home\",\"item\":\"https:\/\/svilupporaytech.com\/de\/\"},{\"@type\":\"ListItem\",\"position\":2,\"name\":\"Shop\",\"item\":\"https:\/\/svilupporaytech.com\/de\/shop\/\"},{\"@type\":\"ListItem\",\"position\":3,\"name\":\"Bausatz Klemme nicht versorgte Seite\"}]},{\"@type\":\"WebSite\",\"@id\":\"https:\/\/svilupporaytech.com\/#website\",\"url\":\"https:\/\/svilupporaytech.com\/\",\"name\":\"Raytech\",\"description\":\"Cable accessories company\",\"potentialAction\":[{\"@type\":\"SearchAction\",\"target\":{\"@type\":\"EntryPoint\",\"urlTemplate\":\"https:\/\/svilupporaytech.com\/?s={search_term_string}\"},\"query-input\":\"required name=search_term_string\"}],\"inLanguage\":\"de\"}]}<\/script>\n<!-- \/ Yoast SEO plugin. -->","yoast_head_json":{"title":"Bausatz Klemme nicht versorgte Seite | Raytech","robots":{"index":"index","follow":"follow","max-snippet":"max-snippet:-1","max-image-preview":"max-image-preview:large","max-video-preview":"max-video-preview:-1"},"canonical":"https:\/\/svilupporaytech.com\/de\/produkt\/heizkabel\/zubehoer\/bausatz-klemme-nicht-versorgte-seite\/","og_locale":"de_DE","og_type":"article","og_title":"Bausatz Klemme nicht versorgte Seite | Raytech","og_description":"MCA-PM, MCA-PM-Compact Bausatz Klemme nicht versorgte Seite Er isoliert und siegelt die freien Endst\u00fccke des Kabels, die weit von der Versorgung sind und stellt die Schirmung wiederher. Er enth\u00e4lt die [\u2026]","og_url":"https:\/\/svilupporaytech.com\/de\/produkt\/heizkabel\/zubehoer\/bausatz-klemme-nicht-versorgte-seite\/","og_site_name":"Raytech","og_image":[{"width":1024,"height":1024,"url":"https:\/\/svilupporaytech.com\/wp-content\/uploads\/MCA-PM-MCA-PM-Compact1.jpg","type":"image\/jpeg"}],"twitter_card":"summary_large_image","schema":{"@context":"https:\/\/schema.org","@graph":[{"@type":"WebPage","@id":"https:\/\/svilupporaytech.com\/de\/produkt\/heizkabel\/zubehoer\/bausatz-klemme-nicht-versorgte-seite\/","url":"https:\/\/svilupporaytech.com\/de\/produkt\/heizkabel\/zubehoer\/bausatz-klemme-nicht-versorgte-seite\/","name":"Bausatz Klemme nicht versorgte Seite | Raytech","isPartOf":{"@id":"https:\/\/svilupporaytech.com\/#website"},"primaryImageOfPage":{"@id":"https:\/\/svilupporaytech.com\/de\/produkt\/heizkabel\/zubehoer\/bausatz-klemme-nicht-versorgte-seite\/#primaryimage"},"image":{"@id":"https:\/\/svilupporaytech.com\/de\/produkt\/heizkabel\/zubehoer\/bausatz-klemme-nicht-versorgte-seite\/#primaryimage"},"thumbnailUrl":"https:\/\/svilupporaytech.com\/wp-content\/uploads\/MCA-PM-MCA-PM-Compact1.jpg","datePublished":"2015-12-30T14:35:15+00:00","dateModified":"2015-12-30T14:35:15+00:00","breadcrumb":{"@id":"https:\/\/svilupporaytech.com\/de\/produkt\/heizkabel\/zubehoer\/bausatz-klemme-nicht-versorgte-seite\/#breadcrumb"},"inLanguage":"de","potentialAction":[{"@type":"ReadAction","target":["https:\/\/svilupporaytech.com\/de\/produkt\/heizkabel\/zubehoer\/bausatz-klemme-nicht-versorgte-seite\/"]}]},{"@type":"ImageObject","inLanguage":"de","@id":"https:\/\/svilupporaytech.com\/de\/produkt\/heizkabel\/zubehoer\/bausatz-klemme-nicht-versorgte-seite\/#primaryimage","url":"https:\/\/svilupporaytech.com\/wp-content\/uploads\/MCA-PM-MCA-PM-Compact1.jpg","contentUrl":"https:\/\/svilupporaytech.com\/wp-content\/uploads\/MCA-PM-MCA-PM-Compact1.jpg","width":1024,"height":1024},{"@type":"BreadcrumbList","@id":"https:\/\/svilupporaytech.com\/de\/produkt\/heizkabel\/zubehoer\/bausatz-klemme-nicht-versorgte-seite\/#breadcrumb","itemListElement":[{"@type":"ListItem","position":1,"name":"Home","item":"https:\/\/svilupporaytech.com\/de\/"},{"@type":"ListItem","position":2,"name":"Shop","item":"https:\/\/svilupporaytech.com\/de\/shop\/"},{"@type":"ListItem","position":3,"name":"Bausatz Klemme nicht versorgte Seite"}]},{"@type":"WebSite","@id":"https:\/\/svilupporaytech.com\/#website","url":"https:\/\/svilupporaytech.com\/","name":"Raytech","description":"Cable accessories company","potentialAction":[{"@type":"SearchAction","target":{"@type":"EntryPoint","urlTemplate":"https:\/\/svilupporaytech.com\/?s={search_term_string}"},"query-input":"required name=search_term_string"}],"inLanguage":"de"}]}},"_links":{"self":[{"href":"https:\/\/svilupporaytech.com\/de\/wp-json\/wp\/v2\/product\/7084"}],"collection":[{"href":"https:\/\/svilupporaytech.com\/de\/wp-json\/wp\/v2\/product"}],"about":[{"href":"https:\/\/svilupporaytech.com\/de\/wp-json\/wp\/v2\/types\/product"}],"wp:featuredmedia":[{"embeddable":true,"href":"https:\/\/svilupporaytech.com\/de\/wp-json\/wp\/v2\/media\/2586"}],"wp:attachment":[{"href":"https:\/\/svilupporaytech.com\/de\/wp-json\/wp\/v2\/media?parent=7084"}],"wp:term":[{"taxonomy":"product_cat","embeddable":true,"href":"https:\/\/svilupporaytech.com\/de\/wp-json\/wp\/v2\/product_cat?post=7084"},{"taxonomy":"product_tag","embeddable":true,"href":"https:\/\/svilupporaytech.com\/de\/wp-json\/wp\/v2\/product_tag?post=7084"}],"curies":[{"name":"wp","href":"https:\/\/api.w.org\/{rel}","templated":true}]}}