{"id":7106,"date":"2015-07-16T14:47:17","date_gmt":"2015-12-30T15:16:31","guid":{"rendered":"https:\/\/svilupporaytech.com\/?post_type=product&#038;p=7106&#038;lang=de"},"modified":"2015-12-30T15:16:31","modified_gmt":"2015-12-30T15:16:31","slug":"kasten-mit-klemmenbrett","status":"publish","type":"product","link":"https:\/\/svilupporaytech.com\/de\/produkt\/heizkabel\/zubehoer\/kasten-mit-klemmenbrett\/","title":{"rendered":"Kasten mit Klemmenbrett"},"content":{"rendered":"<h4><span style=\"color: #e3001a;\">MCA-SG<br \/>\nKasten mit Klemmenbrett<\/span><\/h4>\n<p>Kasten mit Schutzgrad IP 55, mit Klemmenbrett versehen. Er erm\u00f6glicht das Einsetzen von mehr als einem Kabel zur Versorgung von einem oder mehr Heizkabel, zur Abzweigung eines Heizkabels von einem anderen Kabel oder zur Kabelsplei\u00dfung. Die Heizkabel, die in den Kasten eingesetzt werden, m\u00fcssen das Zubeh\u00f6rteil MCA-PC zur Erkennung auf dem Klemmenbrett am Ende des Kabels haben.<\/p>\n","protected":false},"excerpt":{"rendered":"<p>MCA-SG Kasten mit Klemmenbrett Kasten mit Schutzgrad IP 55, mit Klemmenbrett versehen. Er erm\u00f6glicht das Einsetzen von mehr als einem Kabel zur Versorgung von einem oder mehr Heizkabel, zur Abzweigung<span class=\"excerpt-hellip\"> [\u2026]<\/span><\/p>\n","protected":false},"featured_media":2551,"template":"","meta":[],"product_cat":[305,384],"product_tag":[],"yoast_head":"<!-- This site is optimized with the Yoast SEO plugin v22.7 - https:\/\/yoast.com\/wordpress\/plugins\/seo\/ -->\n<title>Kasten mit Klemmenbrett | Raytech<\/title>\n<meta name=\"robots\" content=\"index, follow, max-snippet:-1, max-image-preview:large, max-video-preview:-1\" \/>\n<link rel=\"canonical\" href=\"https:\/\/svilupporaytech.com\/de\/produkt\/heizkabel\/zubehoer\/kasten-mit-klemmenbrett\/\" \/>\n<meta property=\"og:locale\" content=\"de_DE\" \/>\n<meta property=\"og:type\" content=\"article\" \/>\n<meta property=\"og:title\" content=\"Kasten mit Klemmenbrett | Raytech\" \/>\n<meta property=\"og:description\" content=\"MCA-SG Kasten mit Klemmenbrett Kasten mit Schutzgrad IP 55, mit Klemmenbrett versehen. Er erm\u00f6glicht das Einsetzen von mehr als einem Kabel zur Versorgung von einem oder mehr Heizkabel, zur Abzweigung [\u2026]\" \/>\n<meta property=\"og:url\" content=\"https:\/\/svilupporaytech.com\/de\/produkt\/heizkabel\/zubehoer\/kasten-mit-klemmenbrett\/\" \/>\n<meta property=\"og:site_name\" content=\"Raytech\" \/>\n<meta property=\"og:image\" content=\"https:\/\/svilupporaytech.com\/wp-content\/uploads\/MCA-SG1.jpg\" \/>\n\t<meta property=\"og:image:width\" content=\"1024\" \/>\n\t<meta property=\"og:image:height\" content=\"1024\" \/>\n\t<meta property=\"og:image:type\" content=\"image\/jpeg\" \/>\n<meta name=\"twitter:card\" content=\"summary_large_image\" \/>\n<script type=\"application\/ld+json\" class=\"yoast-schema-graph\">{\"@context\":\"https:\/\/schema.org\",\"@graph\":[{\"@type\":\"WebPage\",\"@id\":\"https:\/\/svilupporaytech.com\/de\/produkt\/heizkabel\/zubehoer\/kasten-mit-klemmenbrett\/\",\"url\":\"https:\/\/svilupporaytech.com\/de\/produkt\/heizkabel\/zubehoer\/kasten-mit-klemmenbrett\/\",\"name\":\"Kasten mit Klemmenbrett | Raytech\",\"isPartOf\":{\"@id\":\"https:\/\/svilupporaytech.com\/#website\"},\"primaryImageOfPage\":{\"@id\":\"https:\/\/svilupporaytech.com\/de\/produkt\/heizkabel\/zubehoer\/kasten-mit-klemmenbrett\/#primaryimage\"},\"image\":{\"@id\":\"https:\/\/svilupporaytech.com\/de\/produkt\/heizkabel\/zubehoer\/kasten-mit-klemmenbrett\/#primaryimage\"},\"thumbnailUrl\":\"https:\/\/svilupporaytech.com\/wp-content\/uploads\/MCA-SG1.jpg\",\"datePublished\":\"2015-12-30T15:16:31+00:00\",\"dateModified\":\"2015-12-30T15:16:31+00:00\",\"breadcrumb\":{\"@id\":\"https:\/\/svilupporaytech.com\/de\/produkt\/heizkabel\/zubehoer\/kasten-mit-klemmenbrett\/#breadcrumb\"},\"inLanguage\":\"de\",\"potentialAction\":[{\"@type\":\"ReadAction\",\"target\":[\"https:\/\/svilupporaytech.com\/de\/produkt\/heizkabel\/zubehoer\/kasten-mit-klemmenbrett\/\"]}]},{\"@type\":\"ImageObject\",\"inLanguage\":\"de\",\"@id\":\"https:\/\/svilupporaytech.com\/de\/produkt\/heizkabel\/zubehoer\/kasten-mit-klemmenbrett\/#primaryimage\",\"url\":\"https:\/\/svilupporaytech.com\/wp-content\/uploads\/MCA-SG1.jpg\",\"contentUrl\":\"https:\/\/svilupporaytech.com\/wp-content\/uploads\/MCA-SG1.jpg\",\"width\":1024,\"height\":1024},{\"@type\":\"BreadcrumbList\",\"@id\":\"https:\/\/svilupporaytech.com\/de\/produkt\/heizkabel\/zubehoer\/kasten-mit-klemmenbrett\/#breadcrumb\",\"itemListElement\":[{\"@type\":\"ListItem\",\"position\":1,\"name\":\"Home\",\"item\":\"https:\/\/svilupporaytech.com\/de\/\"},{\"@type\":\"ListItem\",\"position\":2,\"name\":\"Shop\",\"item\":\"https:\/\/svilupporaytech.com\/de\/shop\/\"},{\"@type\":\"ListItem\",\"position\":3,\"name\":\"Kasten mit Klemmenbrett\"}]},{\"@type\":\"WebSite\",\"@id\":\"https:\/\/svilupporaytech.com\/#website\",\"url\":\"https:\/\/svilupporaytech.com\/\",\"name\":\"Raytech\",\"description\":\"Cable accessories company\",\"potentialAction\":[{\"@type\":\"SearchAction\",\"target\":{\"@type\":\"EntryPoint\",\"urlTemplate\":\"https:\/\/svilupporaytech.com\/?s={search_term_string}\"},\"query-input\":\"required name=search_term_string\"}],\"inLanguage\":\"de\"}]}<\/script>\n<!-- \/ Yoast SEO plugin. -->","yoast_head_json":{"title":"Kasten mit Klemmenbrett | Raytech","robots":{"index":"index","follow":"follow","max-snippet":"max-snippet:-1","max-image-preview":"max-image-preview:large","max-video-preview":"max-video-preview:-1"},"canonical":"https:\/\/svilupporaytech.com\/de\/produkt\/heizkabel\/zubehoer\/kasten-mit-klemmenbrett\/","og_locale":"de_DE","og_type":"article","og_title":"Kasten mit Klemmenbrett | Raytech","og_description":"MCA-SG Kasten mit Klemmenbrett Kasten mit Schutzgrad IP 55, mit Klemmenbrett versehen. Er erm\u00f6glicht das Einsetzen von mehr als einem Kabel zur Versorgung von einem oder mehr Heizkabel, zur Abzweigung [\u2026]","og_url":"https:\/\/svilupporaytech.com\/de\/produkt\/heizkabel\/zubehoer\/kasten-mit-klemmenbrett\/","og_site_name":"Raytech","og_image":[{"width":1024,"height":1024,"url":"https:\/\/svilupporaytech.com\/wp-content\/uploads\/MCA-SG1.jpg","type":"image\/jpeg"}],"twitter_card":"summary_large_image","schema":{"@context":"https:\/\/schema.org","@graph":[{"@type":"WebPage","@id":"https:\/\/svilupporaytech.com\/de\/produkt\/heizkabel\/zubehoer\/kasten-mit-klemmenbrett\/","url":"https:\/\/svilupporaytech.com\/de\/produkt\/heizkabel\/zubehoer\/kasten-mit-klemmenbrett\/","name":"Kasten mit Klemmenbrett | Raytech","isPartOf":{"@id":"https:\/\/svilupporaytech.com\/#website"},"primaryImageOfPage":{"@id":"https:\/\/svilupporaytech.com\/de\/produkt\/heizkabel\/zubehoer\/kasten-mit-klemmenbrett\/#primaryimage"},"image":{"@id":"https:\/\/svilupporaytech.com\/de\/produkt\/heizkabel\/zubehoer\/kasten-mit-klemmenbrett\/#primaryimage"},"thumbnailUrl":"https:\/\/svilupporaytech.com\/wp-content\/uploads\/MCA-SG1.jpg","datePublished":"2015-12-30T15:16:31+00:00","dateModified":"2015-12-30T15:16:31+00:00","breadcrumb":{"@id":"https:\/\/svilupporaytech.com\/de\/produkt\/heizkabel\/zubehoer\/kasten-mit-klemmenbrett\/#breadcrumb"},"inLanguage":"de","potentialAction":[{"@type":"ReadAction","target":["https:\/\/svilupporaytech.com\/de\/produkt\/heizkabel\/zubehoer\/kasten-mit-klemmenbrett\/"]}]},{"@type":"ImageObject","inLanguage":"de","@id":"https:\/\/svilupporaytech.com\/de\/produkt\/heizkabel\/zubehoer\/kasten-mit-klemmenbrett\/#primaryimage","url":"https:\/\/svilupporaytech.com\/wp-content\/uploads\/MCA-SG1.jpg","contentUrl":"https:\/\/svilupporaytech.com\/wp-content\/uploads\/MCA-SG1.jpg","width":1024,"height":1024},{"@type":"BreadcrumbList","@id":"https:\/\/svilupporaytech.com\/de\/produkt\/heizkabel\/zubehoer\/kasten-mit-klemmenbrett\/#breadcrumb","itemListElement":[{"@type":"ListItem","position":1,"name":"Home","item":"https:\/\/svilupporaytech.com\/de\/"},{"@type":"ListItem","position":2,"name":"Shop","item":"https:\/\/svilupporaytech.com\/de\/shop\/"},{"@type":"ListItem","position":3,"name":"Kasten mit Klemmenbrett"}]},{"@type":"WebSite","@id":"https:\/\/svilupporaytech.com\/#website","url":"https:\/\/svilupporaytech.com\/","name":"Raytech","description":"Cable accessories company","potentialAction":[{"@type":"SearchAction","target":{"@type":"EntryPoint","urlTemplate":"https:\/\/svilupporaytech.com\/?s={search_term_string}"},"query-input":"required name=search_term_string"}],"inLanguage":"de"}]}},"_links":{"self":[{"href":"https:\/\/svilupporaytech.com\/de\/wp-json\/wp\/v2\/product\/7106"}],"collection":[{"href":"https:\/\/svilupporaytech.com\/de\/wp-json\/wp\/v2\/product"}],"about":[{"href":"https:\/\/svilupporaytech.com\/de\/wp-json\/wp\/v2\/types\/product"}],"wp:featuredmedia":[{"embeddable":true,"href":"https:\/\/svilupporaytech.com\/de\/wp-json\/wp\/v2\/media\/2551"}],"wp:attachment":[{"href":"https:\/\/svilupporaytech.com\/de\/wp-json\/wp\/v2\/media?parent=7106"}],"wp:term":[{"taxonomy":"product_cat","embeddable":true,"href":"https:\/\/svilupporaytech.com\/de\/wp-json\/wp\/v2\/product_cat?post=7106"},{"taxonomy":"product_tag","embeddable":true,"href":"https:\/\/svilupporaytech.com\/de\/wp-json\/wp\/v2\/product_tag?post=7106"}],"curies":[{"name":"wp","href":"https:\/\/api.w.org\/{rel}","templated":true}]}}