{"id":7113,"date":"2015-07-16T14:57:49","date_gmt":"2015-12-30T15:30:48","guid":{"rendered":"https:\/\/svilupporaytech.com\/?post_type=product&#038;p=7113&#038;lang=de"},"modified":"2015-12-30T15:30:48","modified_gmt":"2015-12-30T15:30:48","slug":"eis-und-schneefuehler-fuer-dachrinnen","status":"publish","type":"product","link":"https:\/\/svilupporaytech.com\/de\/produkt\/heizkabel\/zubehoer\/eis-und-schneefuehler-fuer-dachrinnen\/","title":{"rendered":"Eis und Schneef\u00fchler f\u00fcr Dachrinnen"},"content":{"rendered":"<h4><span style=\"color: #e3001a;\">C2000 &#8211; SUG<br \/>\nEis und Schneef\u00fchler f\u00fcr Dachrinnen<\/span><\/h4>\n","protected":false},"excerpt":{"rendered":"<p>C2000 &#8211; SUG Eis und Schneef\u00fchler f\u00fcr Dachrinnen<\/p>\n","protected":false},"featured_media":2509,"template":"","meta":[],"product_cat":[305,384],"product_tag":[],"yoast_head":"<!-- This site is optimized with the Yoast SEO plugin v22.7 - https:\/\/yoast.com\/wordpress\/plugins\/seo\/ -->\n<title>Eis und Schneef\u00fchler f\u00fcr Dachrinnen | Raytech<\/title>\n<meta name=\"robots\" content=\"index, follow, max-snippet:-1, max-image-preview:large, max-video-preview:-1\" \/>\n<link rel=\"canonical\" href=\"https:\/\/svilupporaytech.com\/de\/produkt\/heizkabel\/zubehoer\/eis-und-schneefuehler-fuer-dachrinnen\/\" \/>\n<meta property=\"og:locale\" content=\"de_DE\" \/>\n<meta property=\"og:type\" content=\"article\" \/>\n<meta property=\"og:title\" content=\"Eis und Schneef\u00fchler f\u00fcr Dachrinnen | Raytech\" \/>\n<meta property=\"og:description\" content=\"C2000 &#8211; SUG Eis und Schneef\u00fchler f\u00fcr Dachrinnen\" \/>\n<meta property=\"og:url\" content=\"https:\/\/svilupporaytech.com\/de\/produkt\/heizkabel\/zubehoer\/eis-und-schneefuehler-fuer-dachrinnen\/\" \/>\n<meta property=\"og:site_name\" content=\"Raytech\" \/>\n<meta property=\"og:image\" content=\"https:\/\/svilupporaytech.com\/wp-content\/uploads\/C2000-SUG1.jpg\" \/>\n\t<meta property=\"og:image:width\" content=\"1024\" \/>\n\t<meta property=\"og:image:height\" content=\"1024\" \/>\n\t<meta property=\"og:image:type\" content=\"image\/jpeg\" \/>\n<meta name=\"twitter:card\" content=\"summary_large_image\" \/>\n<script type=\"application\/ld+json\" class=\"yoast-schema-graph\">{\"@context\":\"https:\/\/schema.org\",\"@graph\":[{\"@type\":\"WebPage\",\"@id\":\"https:\/\/svilupporaytech.com\/de\/produkt\/heizkabel\/zubehoer\/eis-und-schneefuehler-fuer-dachrinnen\/\",\"url\":\"https:\/\/svilupporaytech.com\/de\/produkt\/heizkabel\/zubehoer\/eis-und-schneefuehler-fuer-dachrinnen\/\",\"name\":\"Eis und Schneef\u00fchler f\u00fcr Dachrinnen | Raytech\",\"isPartOf\":{\"@id\":\"https:\/\/svilupporaytech.com\/#website\"},\"primaryImageOfPage\":{\"@id\":\"https:\/\/svilupporaytech.com\/de\/produkt\/heizkabel\/zubehoer\/eis-und-schneefuehler-fuer-dachrinnen\/#primaryimage\"},\"image\":{\"@id\":\"https:\/\/svilupporaytech.com\/de\/produkt\/heizkabel\/zubehoer\/eis-und-schneefuehler-fuer-dachrinnen\/#primaryimage\"},\"thumbnailUrl\":\"https:\/\/svilupporaytech.com\/wp-content\/uploads\/C2000-SUG1.jpg\",\"datePublished\":\"2015-12-30T15:30:48+00:00\",\"dateModified\":\"2015-12-30T15:30:48+00:00\",\"breadcrumb\":{\"@id\":\"https:\/\/svilupporaytech.com\/de\/produkt\/heizkabel\/zubehoer\/eis-und-schneefuehler-fuer-dachrinnen\/#breadcrumb\"},\"inLanguage\":\"de\",\"potentialAction\":[{\"@type\":\"ReadAction\",\"target\":[\"https:\/\/svilupporaytech.com\/de\/produkt\/heizkabel\/zubehoer\/eis-und-schneefuehler-fuer-dachrinnen\/\"]}]},{\"@type\":\"ImageObject\",\"inLanguage\":\"de\",\"@id\":\"https:\/\/svilupporaytech.com\/de\/produkt\/heizkabel\/zubehoer\/eis-und-schneefuehler-fuer-dachrinnen\/#primaryimage\",\"url\":\"https:\/\/svilupporaytech.com\/wp-content\/uploads\/C2000-SUG1.jpg\",\"contentUrl\":\"https:\/\/svilupporaytech.com\/wp-content\/uploads\/C2000-SUG1.jpg\",\"width\":1024,\"height\":1024},{\"@type\":\"BreadcrumbList\",\"@id\":\"https:\/\/svilupporaytech.com\/de\/produkt\/heizkabel\/zubehoer\/eis-und-schneefuehler-fuer-dachrinnen\/#breadcrumb\",\"itemListElement\":[{\"@type\":\"ListItem\",\"position\":1,\"name\":\"Home\",\"item\":\"https:\/\/svilupporaytech.com\/de\/\"},{\"@type\":\"ListItem\",\"position\":2,\"name\":\"Shop\",\"item\":\"https:\/\/svilupporaytech.com\/de\/shop\/\"},{\"@type\":\"ListItem\",\"position\":3,\"name\":\"Eis und Schneef\u00fchler f\u00fcr Dachrinnen\"}]},{\"@type\":\"WebSite\",\"@id\":\"https:\/\/svilupporaytech.com\/#website\",\"url\":\"https:\/\/svilupporaytech.com\/\",\"name\":\"Raytech\",\"description\":\"Cable accessories company\",\"potentialAction\":[{\"@type\":\"SearchAction\",\"target\":{\"@type\":\"EntryPoint\",\"urlTemplate\":\"https:\/\/svilupporaytech.com\/?s={search_term_string}\"},\"query-input\":\"required name=search_term_string\"}],\"inLanguage\":\"de\"}]}<\/script>\n<!-- \/ Yoast SEO plugin. -->","yoast_head_json":{"title":"Eis und Schneef\u00fchler f\u00fcr Dachrinnen | Raytech","robots":{"index":"index","follow":"follow","max-snippet":"max-snippet:-1","max-image-preview":"max-image-preview:large","max-video-preview":"max-video-preview:-1"},"canonical":"https:\/\/svilupporaytech.com\/de\/produkt\/heizkabel\/zubehoer\/eis-und-schneefuehler-fuer-dachrinnen\/","og_locale":"de_DE","og_type":"article","og_title":"Eis und Schneef\u00fchler f\u00fcr Dachrinnen | Raytech","og_description":"C2000 &#8211; SUG Eis und Schneef\u00fchler f\u00fcr Dachrinnen","og_url":"https:\/\/svilupporaytech.com\/de\/produkt\/heizkabel\/zubehoer\/eis-und-schneefuehler-fuer-dachrinnen\/","og_site_name":"Raytech","og_image":[{"width":1024,"height":1024,"url":"https:\/\/svilupporaytech.com\/wp-content\/uploads\/C2000-SUG1.jpg","type":"image\/jpeg"}],"twitter_card":"summary_large_image","schema":{"@context":"https:\/\/schema.org","@graph":[{"@type":"WebPage","@id":"https:\/\/svilupporaytech.com\/de\/produkt\/heizkabel\/zubehoer\/eis-und-schneefuehler-fuer-dachrinnen\/","url":"https:\/\/svilupporaytech.com\/de\/produkt\/heizkabel\/zubehoer\/eis-und-schneefuehler-fuer-dachrinnen\/","name":"Eis und Schneef\u00fchler f\u00fcr Dachrinnen | Raytech","isPartOf":{"@id":"https:\/\/svilupporaytech.com\/#website"},"primaryImageOfPage":{"@id":"https:\/\/svilupporaytech.com\/de\/produkt\/heizkabel\/zubehoer\/eis-und-schneefuehler-fuer-dachrinnen\/#primaryimage"},"image":{"@id":"https:\/\/svilupporaytech.com\/de\/produkt\/heizkabel\/zubehoer\/eis-und-schneefuehler-fuer-dachrinnen\/#primaryimage"},"thumbnailUrl":"https:\/\/svilupporaytech.com\/wp-content\/uploads\/C2000-SUG1.jpg","datePublished":"2015-12-30T15:30:48+00:00","dateModified":"2015-12-30T15:30:48+00:00","breadcrumb":{"@id":"https:\/\/svilupporaytech.com\/de\/produkt\/heizkabel\/zubehoer\/eis-und-schneefuehler-fuer-dachrinnen\/#breadcrumb"},"inLanguage":"de","potentialAction":[{"@type":"ReadAction","target":["https:\/\/svilupporaytech.com\/de\/produkt\/heizkabel\/zubehoer\/eis-und-schneefuehler-fuer-dachrinnen\/"]}]},{"@type":"ImageObject","inLanguage":"de","@id":"https:\/\/svilupporaytech.com\/de\/produkt\/heizkabel\/zubehoer\/eis-und-schneefuehler-fuer-dachrinnen\/#primaryimage","url":"https:\/\/svilupporaytech.com\/wp-content\/uploads\/C2000-SUG1.jpg","contentUrl":"https:\/\/svilupporaytech.com\/wp-content\/uploads\/C2000-SUG1.jpg","width":1024,"height":1024},{"@type":"BreadcrumbList","@id":"https:\/\/svilupporaytech.com\/de\/produkt\/heizkabel\/zubehoer\/eis-und-schneefuehler-fuer-dachrinnen\/#breadcrumb","itemListElement":[{"@type":"ListItem","position":1,"name":"Home","item":"https:\/\/svilupporaytech.com\/de\/"},{"@type":"ListItem","position":2,"name":"Shop","item":"https:\/\/svilupporaytech.com\/de\/shop\/"},{"@type":"ListItem","position":3,"name":"Eis und Schneef\u00fchler f\u00fcr Dachrinnen"}]},{"@type":"WebSite","@id":"https:\/\/svilupporaytech.com\/#website","url":"https:\/\/svilupporaytech.com\/","name":"Raytech","description":"Cable accessories company","potentialAction":[{"@type":"SearchAction","target":{"@type":"EntryPoint","urlTemplate":"https:\/\/svilupporaytech.com\/?s={search_term_string}"},"query-input":"required name=search_term_string"}],"inLanguage":"de"}]}},"_links":{"self":[{"href":"https:\/\/svilupporaytech.com\/de\/wp-json\/wp\/v2\/product\/7113"}],"collection":[{"href":"https:\/\/svilupporaytech.com\/de\/wp-json\/wp\/v2\/product"}],"about":[{"href":"https:\/\/svilupporaytech.com\/de\/wp-json\/wp\/v2\/types\/product"}],"wp:featuredmedia":[{"embeddable":true,"href":"https:\/\/svilupporaytech.com\/de\/wp-json\/wp\/v2\/media\/2509"}],"wp:attachment":[{"href":"https:\/\/svilupporaytech.com\/de\/wp-json\/wp\/v2\/media?parent=7113"}],"wp:term":[{"taxonomy":"product_cat","embeddable":true,"href":"https:\/\/svilupporaytech.com\/de\/wp-json\/wp\/v2\/product_cat?post=7113"},{"taxonomy":"product_tag","embeddable":true,"href":"https:\/\/svilupporaytech.com\/de\/wp-json\/wp\/v2\/product_tag?post=7113"}],"curies":[{"name":"wp","href":"https:\/\/api.w.org\/{rel}","templated":true}]}}