{"id":7117,"date":"2015-07-16T15:02:27","date_gmt":"2015-12-30T15:40:33","guid":{"rendered":"https:\/\/svilupporaytech.com\/?post_type=product&#038;p=7117&#038;lang=de"},"modified":"2019-08-29T11:39:22","modified_gmt":"2019-08-29T11:39:22","slug":"easy-floor","status":"publish","type":"product","link":"https:\/\/svilupporaytech.com\/de\/produkt\/heizkabel\/comfort-de\/fuer-boeden\/easy-floor\/","title":{"rendered":"Easy Floor"},"content":{"rendered":"<h4><span style=\"color: #e3001a;\">Heizmatte f\u00fcr eine intelligente Trassenf\u00fchrung auf Fliesen- und Marmorb\u00f6den<\/span><\/h4>\n<p>Der Teppich Easy Floor wird direkt auf einer w\u00e4rmeisolierten Schicht verlegt, die den fertigen Zementboden bedeckt, dann wird sie im selbstnivellierenden Zement versenkt und mit Fliesen verkleidet. Die Matten f\u00fcr die Trassenf\u00fchrung von Fussb\u00f6den werden in den Standardbreiten von 50 cm, und mit einer Leistung von150 W\/m\u00b2 geliefert.<\/p>\n","protected":false},"excerpt":{"rendered":"<p><strong>Il kit e\u0300 composto da:<\/strong><\/p>\n<ul>\n<li>Tappeto scaldante, completo di coda fredda.<\/li>\n<li>Cronotermostato ambiente intelligente RID a microprocessore completo di sonda.<\/li>\n<li>Tubo corrugato per il posizionamento della sonda.<\/li>\n<\/ul>\n<p><strong>Nota:<\/strong> I kit tipo -ST sono senza cronotermostato ambiente RID<\/p>\n","protected":false},"featured_media":4406,"template":"","meta":[],"product_cat":[305,306,307],"product_tag":[],"yoast_head":"<!-- This site is optimized with the Yoast SEO plugin v22.7 - https:\/\/yoast.com\/wordpress\/plugins\/seo\/ -->\n<title>Easy Floor | Raytech<\/title>\n<meta name=\"robots\" content=\"index, follow, max-snippet:-1, max-image-preview:large, max-video-preview:-1\" \/>\n<link rel=\"canonical\" href=\"https:\/\/svilupporaytech.com\/de\/produkt\/heizkabel\/comfort-de\/fuer-boeden\/easy-floor\/\" \/>\n<meta property=\"og:locale\" content=\"de_DE\" \/>\n<meta property=\"og:type\" content=\"article\" \/>\n<meta property=\"og:title\" content=\"Easy Floor | Raytech\" \/>\n<meta property=\"og:description\" content=\"Il kit e\u0300 composto da:   Tappeto scaldante, completo di coda fredda.  Cronotermostato ambiente intelligente RID a microprocessore completo di sonda.  Tubo corrugato per il posizionamento della sonda.  Nota: I kit tipo -ST sono senza cronotermostato ambiente RID\" \/>\n<meta property=\"og:url\" content=\"https:\/\/svilupporaytech.com\/de\/produkt\/heizkabel\/comfort-de\/fuer-boeden\/easy-floor\/\" \/>\n<meta property=\"og:site_name\" content=\"Raytech\" \/>\n<meta property=\"article:modified_time\" content=\"2019-08-29T11:39:22+00:00\" \/>\n<meta property=\"og:image\" content=\"https:\/\/svilupporaytech.com\/wp-content\/uploads\/easy-floor-1.jpg\" \/>\n\t<meta property=\"og:image:width\" content=\"1024\" \/>\n\t<meta property=\"og:image:height\" content=\"1024\" \/>\n\t<meta property=\"og:image:type\" content=\"image\/jpeg\" \/>\n<meta name=\"twitter:card\" content=\"summary_large_image\" \/>\n<script type=\"application\/ld+json\" class=\"yoast-schema-graph\">{\"@context\":\"https:\/\/schema.org\",\"@graph\":[{\"@type\":\"WebPage\",\"@id\":\"https:\/\/svilupporaytech.com\/de\/produkt\/heizkabel\/comfort-de\/fuer-boeden\/easy-floor\/\",\"url\":\"https:\/\/svilupporaytech.com\/de\/produkt\/heizkabel\/comfort-de\/fuer-boeden\/easy-floor\/\",\"name\":\"Easy Floor | Raytech\",\"isPartOf\":{\"@id\":\"https:\/\/svilupporaytech.com\/#website\"},\"primaryImageOfPage\":{\"@id\":\"https:\/\/svilupporaytech.com\/de\/produkt\/heizkabel\/comfort-de\/fuer-boeden\/easy-floor\/#primaryimage\"},\"image\":{\"@id\":\"https:\/\/svilupporaytech.com\/de\/produkt\/heizkabel\/comfort-de\/fuer-boeden\/easy-floor\/#primaryimage\"},\"thumbnailUrl\":\"https:\/\/svilupporaytech.com\/wp-content\/uploads\/easy-floor-1.jpg\",\"datePublished\":\"2015-12-30T15:40:33+00:00\",\"dateModified\":\"2019-08-29T11:39:22+00:00\",\"breadcrumb\":{\"@id\":\"https:\/\/svilupporaytech.com\/de\/produkt\/heizkabel\/comfort-de\/fuer-boeden\/easy-floor\/#breadcrumb\"},\"inLanguage\":\"de\",\"potentialAction\":[{\"@type\":\"ReadAction\",\"target\":[\"https:\/\/svilupporaytech.com\/de\/produkt\/heizkabel\/comfort-de\/fuer-boeden\/easy-floor\/\"]}]},{\"@type\":\"ImageObject\",\"inLanguage\":\"de\",\"@id\":\"https:\/\/svilupporaytech.com\/de\/produkt\/heizkabel\/comfort-de\/fuer-boeden\/easy-floor\/#primaryimage\",\"url\":\"https:\/\/svilupporaytech.com\/wp-content\/uploads\/easy-floor-1.jpg\",\"contentUrl\":\"https:\/\/svilupporaytech.com\/wp-content\/uploads\/easy-floor-1.jpg\",\"width\":1024,\"height\":1024},{\"@type\":\"BreadcrumbList\",\"@id\":\"https:\/\/svilupporaytech.com\/de\/produkt\/heizkabel\/comfort-de\/fuer-boeden\/easy-floor\/#breadcrumb\",\"itemListElement\":[{\"@type\":\"ListItem\",\"position\":1,\"name\":\"Home\",\"item\":\"https:\/\/svilupporaytech.com\/de\/\"},{\"@type\":\"ListItem\",\"position\":2,\"name\":\"Shop\",\"item\":\"https:\/\/svilupporaytech.com\/de\/shop\/\"},{\"@type\":\"ListItem\",\"position\":3,\"name\":\"Easy Floor\"}]},{\"@type\":\"WebSite\",\"@id\":\"https:\/\/svilupporaytech.com\/#website\",\"url\":\"https:\/\/svilupporaytech.com\/\",\"name\":\"Raytech\",\"description\":\"Cable accessories company\",\"potentialAction\":[{\"@type\":\"SearchAction\",\"target\":{\"@type\":\"EntryPoint\",\"urlTemplate\":\"https:\/\/svilupporaytech.com\/?s={search_term_string}\"},\"query-input\":\"required name=search_term_string\"}],\"inLanguage\":\"de\"}]}<\/script>\n<!-- \/ Yoast SEO plugin. -->","yoast_head_json":{"title":"Easy Floor | Raytech","robots":{"index":"index","follow":"follow","max-snippet":"max-snippet:-1","max-image-preview":"max-image-preview:large","max-video-preview":"max-video-preview:-1"},"canonical":"https:\/\/svilupporaytech.com\/de\/produkt\/heizkabel\/comfort-de\/fuer-boeden\/easy-floor\/","og_locale":"de_DE","og_type":"article","og_title":"Easy Floor | Raytech","og_description":"Il kit e\u0300 composto da:   Tappeto scaldante, completo di coda fredda.  Cronotermostato ambiente intelligente RID a microprocessore completo di sonda.  Tubo corrugato per il posizionamento della sonda.  Nota: I kit tipo -ST sono senza cronotermostato ambiente RID","og_url":"https:\/\/svilupporaytech.com\/de\/produkt\/heizkabel\/comfort-de\/fuer-boeden\/easy-floor\/","og_site_name":"Raytech","article_modified_time":"2019-08-29T11:39:22+00:00","og_image":[{"width":1024,"height":1024,"url":"https:\/\/svilupporaytech.com\/wp-content\/uploads\/easy-floor-1.jpg","type":"image\/jpeg"}],"twitter_card":"summary_large_image","schema":{"@context":"https:\/\/schema.org","@graph":[{"@type":"WebPage","@id":"https:\/\/svilupporaytech.com\/de\/produkt\/heizkabel\/comfort-de\/fuer-boeden\/easy-floor\/","url":"https:\/\/svilupporaytech.com\/de\/produkt\/heizkabel\/comfort-de\/fuer-boeden\/easy-floor\/","name":"Easy Floor | Raytech","isPartOf":{"@id":"https:\/\/svilupporaytech.com\/#website"},"primaryImageOfPage":{"@id":"https:\/\/svilupporaytech.com\/de\/produkt\/heizkabel\/comfort-de\/fuer-boeden\/easy-floor\/#primaryimage"},"image":{"@id":"https:\/\/svilupporaytech.com\/de\/produkt\/heizkabel\/comfort-de\/fuer-boeden\/easy-floor\/#primaryimage"},"thumbnailUrl":"https:\/\/svilupporaytech.com\/wp-content\/uploads\/easy-floor-1.jpg","datePublished":"2015-12-30T15:40:33+00:00","dateModified":"2019-08-29T11:39:22+00:00","breadcrumb":{"@id":"https:\/\/svilupporaytech.com\/de\/produkt\/heizkabel\/comfort-de\/fuer-boeden\/easy-floor\/#breadcrumb"},"inLanguage":"de","potentialAction":[{"@type":"ReadAction","target":["https:\/\/svilupporaytech.com\/de\/produkt\/heizkabel\/comfort-de\/fuer-boeden\/easy-floor\/"]}]},{"@type":"ImageObject","inLanguage":"de","@id":"https:\/\/svilupporaytech.com\/de\/produkt\/heizkabel\/comfort-de\/fuer-boeden\/easy-floor\/#primaryimage","url":"https:\/\/svilupporaytech.com\/wp-content\/uploads\/easy-floor-1.jpg","contentUrl":"https:\/\/svilupporaytech.com\/wp-content\/uploads\/easy-floor-1.jpg","width":1024,"height":1024},{"@type":"BreadcrumbList","@id":"https:\/\/svilupporaytech.com\/de\/produkt\/heizkabel\/comfort-de\/fuer-boeden\/easy-floor\/#breadcrumb","itemListElement":[{"@type":"ListItem","position":1,"name":"Home","item":"https:\/\/svilupporaytech.com\/de\/"},{"@type":"ListItem","position":2,"name":"Shop","item":"https:\/\/svilupporaytech.com\/de\/shop\/"},{"@type":"ListItem","position":3,"name":"Easy Floor"}]},{"@type":"WebSite","@id":"https:\/\/svilupporaytech.com\/#website","url":"https:\/\/svilupporaytech.com\/","name":"Raytech","description":"Cable accessories company","potentialAction":[{"@type":"SearchAction","target":{"@type":"EntryPoint","urlTemplate":"https:\/\/svilupporaytech.com\/?s={search_term_string}"},"query-input":"required name=search_term_string"}],"inLanguage":"de"}]}},"_links":{"self":[{"href":"https:\/\/svilupporaytech.com\/de\/wp-json\/wp\/v2\/product\/7117"}],"collection":[{"href":"https:\/\/svilupporaytech.com\/de\/wp-json\/wp\/v2\/product"}],"about":[{"href":"https:\/\/svilupporaytech.com\/de\/wp-json\/wp\/v2\/types\/product"}],"wp:featuredmedia":[{"embeddable":true,"href":"https:\/\/svilupporaytech.com\/de\/wp-json\/wp\/v2\/media\/4406"}],"wp:attachment":[{"href":"https:\/\/svilupporaytech.com\/de\/wp-json\/wp\/v2\/media?parent=7117"}],"wp:term":[{"taxonomy":"product_cat","embeddable":true,"href":"https:\/\/svilupporaytech.com\/de\/wp-json\/wp\/v2\/product_cat?post=7117"},{"taxonomy":"product_tag","embeddable":true,"href":"https:\/\/svilupporaytech.com\/de\/wp-json\/wp\/v2\/product_tag?post=7117"}],"curies":[{"name":"wp","href":"https:\/\/api.w.org\/{rel}","templated":true}]}}