{"id":7119,"date":"2015-07-16T15:06:30","date_gmt":"2015-12-30T16:12:09","guid":{"rendered":"https:\/\/svilupporaytech.com\/?post_type=product&#038;p=7119&#038;lang=de"},"modified":"2019-08-01T13:18:37","modified_gmt":"2019-08-01T13:18:37","slug":"raytech-intelligent-display","status":"publish","type":"product","link":"https:\/\/svilupporaytech.com\/de\/produkt\/heizkabel\/comfort-de\/fuer-boeden\/raytech-intelligent-display\/","title":{"rendered":"Raytech Intelligent Display"},"content":{"rendered":"<h4><span style=\"color: #e3001a;\">Intelligente Raumthermostatuhr<\/span><\/h4>\n<p>Die Raumthermostatuhr mit RID Mikroprozessor (Raytech Intelligent Display) ist dank der Programmierhilfe Step-by-Step besonders bedienerfreundlich. Die leicht ablesbare Anzeige gibt nach 10 Sekunden die vollst\u00e4ndige Erkl\u00e4rung f\u00fcr die eingestellten Parameter an. Komplett mit Parkett-Funktion, f\u00fcr die Temperaturbegrenzung auf 28\u00b0C bei Holzfu\u00dfb\u00f6den. Die RID steuert autonom alle Raumfunktionen, was jedes Eingreifen durch den Benutzer \u00fcberfl\u00fcssig macht.<\/p>\n<p>Bei der Wochenprogrammierung wird nicht nur die einzuhaltende Temperatureingabe ber\u00fccksichtigt, sondern auch Typ und Dicke des Fu\u00dfbodens, die Grenztemperaturen, die nicht \u00fcberschritten werden d\u00fcrfen, der Modus des Temperaturanstiegs usw.<\/p>\n<p>Ausstattung mit Antifrostfunktion, wenn das Haus unbewohnt ist. Ausschaltfunktion bei unerw\u00fcnschten Ausl\u00f6sungen (beispielsweise durch Kinder), Meldefunktion bei Betriebsst\u00f6rungen, \u00fcber entsprechende Alarme.<\/p>\n<p>&nbsp;<\/p>\n","protected":false},"excerpt":{"rendered":"<p>Intelligente Raumthermostatuhr Die Raumthermostatuhr mit RID Mikroprozessor (Raytech Intelligent Display) ist dank der Programmierhilfe Step-by-Step besonders bedienerfreundlich. Die leicht ablesbare Anzeige gibt nach 10 Sekunden die vollst\u00e4ndige Erkl\u00e4rung f\u00fcr die<span class=\"excerpt-hellip\"> [\u2026]<\/span><\/p>\n","protected":false},"featured_media":1914,"template":"","meta":[],"product_cat":[305,306,307],"product_tag":[],"yoast_head":"<!-- This site is optimized with the Yoast SEO plugin v22.7 - https:\/\/yoast.com\/wordpress\/plugins\/seo\/ -->\n<title>Raytech Intelligent Display | Raytech<\/title>\n<meta name=\"robots\" content=\"index, follow, max-snippet:-1, max-image-preview:large, max-video-preview:-1\" \/>\n<link rel=\"canonical\" href=\"https:\/\/svilupporaytech.com\/de\/produkt\/heizkabel\/comfort-de\/fuer-boeden\/raytech-intelligent-display\/\" \/>\n<meta property=\"og:locale\" content=\"de_DE\" \/>\n<meta property=\"og:type\" content=\"article\" \/>\n<meta property=\"og:title\" content=\"Raytech Intelligent Display | Raytech\" \/>\n<meta property=\"og:description\" content=\"Intelligente Raumthermostatuhr Die Raumthermostatuhr mit RID Mikroprozessor (Raytech Intelligent Display) ist dank der Programmierhilfe Step-by-Step besonders bedienerfreundlich. Die leicht ablesbare Anzeige gibt nach 10 Sekunden die vollst\u00e4ndige Erkl\u00e4rung f\u00fcr die [\u2026]\" \/>\n<meta property=\"og:url\" content=\"https:\/\/svilupporaytech.com\/de\/produkt\/heizkabel\/comfort-de\/fuer-boeden\/raytech-intelligent-display\/\" \/>\n<meta property=\"og:site_name\" content=\"Raytech\" \/>\n<meta property=\"article:modified_time\" content=\"2019-08-01T13:18:37+00:00\" \/>\n<meta property=\"og:image\" content=\"https:\/\/svilupporaytech.com\/wp-content\/uploads\/raytech-intelligent-display.jpg\" \/>\n\t<meta property=\"og:image:width\" content=\"500\" \/>\n\t<meta property=\"og:image:height\" content=\"500\" \/>\n\t<meta property=\"og:image:type\" content=\"image\/jpeg\" \/>\n<meta name=\"twitter:card\" content=\"summary_large_image\" \/>\n<meta name=\"twitter:label1\" content=\"Gesch\u00e4tzte Lesezeit\" \/>\n\t<meta name=\"twitter:data1\" content=\"1\u00a0Minute\" \/>\n<script type=\"application\/ld+json\" class=\"yoast-schema-graph\">{\"@context\":\"https:\/\/schema.org\",\"@graph\":[{\"@type\":\"WebPage\",\"@id\":\"https:\/\/svilupporaytech.com\/de\/produkt\/heizkabel\/comfort-de\/fuer-boeden\/raytech-intelligent-display\/\",\"url\":\"https:\/\/svilupporaytech.com\/de\/produkt\/heizkabel\/comfort-de\/fuer-boeden\/raytech-intelligent-display\/\",\"name\":\"Raytech Intelligent Display | Raytech\",\"isPartOf\":{\"@id\":\"https:\/\/svilupporaytech.com\/#website\"},\"primaryImageOfPage\":{\"@id\":\"https:\/\/svilupporaytech.com\/de\/produkt\/heizkabel\/comfort-de\/fuer-boeden\/raytech-intelligent-display\/#primaryimage\"},\"image\":{\"@id\":\"https:\/\/svilupporaytech.com\/de\/produkt\/heizkabel\/comfort-de\/fuer-boeden\/raytech-intelligent-display\/#primaryimage\"},\"thumbnailUrl\":\"https:\/\/svilupporaytech.com\/wp-content\/uploads\/raytech-intelligent-display.jpg\",\"datePublished\":\"2015-12-30T16:12:09+00:00\",\"dateModified\":\"2019-08-01T13:18:37+00:00\",\"breadcrumb\":{\"@id\":\"https:\/\/svilupporaytech.com\/de\/produkt\/heizkabel\/comfort-de\/fuer-boeden\/raytech-intelligent-display\/#breadcrumb\"},\"inLanguage\":\"de\",\"potentialAction\":[{\"@type\":\"ReadAction\",\"target\":[\"https:\/\/svilupporaytech.com\/de\/produkt\/heizkabel\/comfort-de\/fuer-boeden\/raytech-intelligent-display\/\"]}]},{\"@type\":\"ImageObject\",\"inLanguage\":\"de\",\"@id\":\"https:\/\/svilupporaytech.com\/de\/produkt\/heizkabel\/comfort-de\/fuer-boeden\/raytech-intelligent-display\/#primaryimage\",\"url\":\"https:\/\/svilupporaytech.com\/wp-content\/uploads\/raytech-intelligent-display.jpg\",\"contentUrl\":\"https:\/\/svilupporaytech.com\/wp-content\/uploads\/raytech-intelligent-display.jpg\",\"width\":500,\"height\":500},{\"@type\":\"BreadcrumbList\",\"@id\":\"https:\/\/svilupporaytech.com\/de\/produkt\/heizkabel\/comfort-de\/fuer-boeden\/raytech-intelligent-display\/#breadcrumb\",\"itemListElement\":[{\"@type\":\"ListItem\",\"position\":1,\"name\":\"Home\",\"item\":\"https:\/\/svilupporaytech.com\/de\/\"},{\"@type\":\"ListItem\",\"position\":2,\"name\":\"Shop\",\"item\":\"https:\/\/svilupporaytech.com\/de\/shop\/\"},{\"@type\":\"ListItem\",\"position\":3,\"name\":\"Raytech Intelligent Display\"}]},{\"@type\":\"WebSite\",\"@id\":\"https:\/\/svilupporaytech.com\/#website\",\"url\":\"https:\/\/svilupporaytech.com\/\",\"name\":\"Raytech\",\"description\":\"Cable accessories company\",\"potentialAction\":[{\"@type\":\"SearchAction\",\"target\":{\"@type\":\"EntryPoint\",\"urlTemplate\":\"https:\/\/svilupporaytech.com\/?s={search_term_string}\"},\"query-input\":\"required name=search_term_string\"}],\"inLanguage\":\"de\"}]}<\/script>\n<!-- \/ Yoast SEO plugin. -->","yoast_head_json":{"title":"Raytech Intelligent Display | Raytech","robots":{"index":"index","follow":"follow","max-snippet":"max-snippet:-1","max-image-preview":"max-image-preview:large","max-video-preview":"max-video-preview:-1"},"canonical":"https:\/\/svilupporaytech.com\/de\/produkt\/heizkabel\/comfort-de\/fuer-boeden\/raytech-intelligent-display\/","og_locale":"de_DE","og_type":"article","og_title":"Raytech Intelligent Display | Raytech","og_description":"Intelligente Raumthermostatuhr Die Raumthermostatuhr mit RID Mikroprozessor (Raytech Intelligent Display) ist dank der Programmierhilfe Step-by-Step besonders bedienerfreundlich. Die leicht ablesbare Anzeige gibt nach 10 Sekunden die vollst\u00e4ndige Erkl\u00e4rung f\u00fcr die [\u2026]","og_url":"https:\/\/svilupporaytech.com\/de\/produkt\/heizkabel\/comfort-de\/fuer-boeden\/raytech-intelligent-display\/","og_site_name":"Raytech","article_modified_time":"2019-08-01T13:18:37+00:00","og_image":[{"width":500,"height":500,"url":"https:\/\/svilupporaytech.com\/wp-content\/uploads\/raytech-intelligent-display.jpg","type":"image\/jpeg"}],"twitter_card":"summary_large_image","twitter_misc":{"Gesch\u00e4tzte Lesezeit":"1\u00a0Minute"},"schema":{"@context":"https:\/\/schema.org","@graph":[{"@type":"WebPage","@id":"https:\/\/svilupporaytech.com\/de\/produkt\/heizkabel\/comfort-de\/fuer-boeden\/raytech-intelligent-display\/","url":"https:\/\/svilupporaytech.com\/de\/produkt\/heizkabel\/comfort-de\/fuer-boeden\/raytech-intelligent-display\/","name":"Raytech Intelligent Display | Raytech","isPartOf":{"@id":"https:\/\/svilupporaytech.com\/#website"},"primaryImageOfPage":{"@id":"https:\/\/svilupporaytech.com\/de\/produkt\/heizkabel\/comfort-de\/fuer-boeden\/raytech-intelligent-display\/#primaryimage"},"image":{"@id":"https:\/\/svilupporaytech.com\/de\/produkt\/heizkabel\/comfort-de\/fuer-boeden\/raytech-intelligent-display\/#primaryimage"},"thumbnailUrl":"https:\/\/svilupporaytech.com\/wp-content\/uploads\/raytech-intelligent-display.jpg","datePublished":"2015-12-30T16:12:09+00:00","dateModified":"2019-08-01T13:18:37+00:00","breadcrumb":{"@id":"https:\/\/svilupporaytech.com\/de\/produkt\/heizkabel\/comfort-de\/fuer-boeden\/raytech-intelligent-display\/#breadcrumb"},"inLanguage":"de","potentialAction":[{"@type":"ReadAction","target":["https:\/\/svilupporaytech.com\/de\/produkt\/heizkabel\/comfort-de\/fuer-boeden\/raytech-intelligent-display\/"]}]},{"@type":"ImageObject","inLanguage":"de","@id":"https:\/\/svilupporaytech.com\/de\/produkt\/heizkabel\/comfort-de\/fuer-boeden\/raytech-intelligent-display\/#primaryimage","url":"https:\/\/svilupporaytech.com\/wp-content\/uploads\/raytech-intelligent-display.jpg","contentUrl":"https:\/\/svilupporaytech.com\/wp-content\/uploads\/raytech-intelligent-display.jpg","width":500,"height":500},{"@type":"BreadcrumbList","@id":"https:\/\/svilupporaytech.com\/de\/produkt\/heizkabel\/comfort-de\/fuer-boeden\/raytech-intelligent-display\/#breadcrumb","itemListElement":[{"@type":"ListItem","position":1,"name":"Home","item":"https:\/\/svilupporaytech.com\/de\/"},{"@type":"ListItem","position":2,"name":"Shop","item":"https:\/\/svilupporaytech.com\/de\/shop\/"},{"@type":"ListItem","position":3,"name":"Raytech Intelligent Display"}]},{"@type":"WebSite","@id":"https:\/\/svilupporaytech.com\/#website","url":"https:\/\/svilupporaytech.com\/","name":"Raytech","description":"Cable accessories company","potentialAction":[{"@type":"SearchAction","target":{"@type":"EntryPoint","urlTemplate":"https:\/\/svilupporaytech.com\/?s={search_term_string}"},"query-input":"required name=search_term_string"}],"inLanguage":"de"}]}},"_links":{"self":[{"href":"https:\/\/svilupporaytech.com\/de\/wp-json\/wp\/v2\/product\/7119"}],"collection":[{"href":"https:\/\/svilupporaytech.com\/de\/wp-json\/wp\/v2\/product"}],"about":[{"href":"https:\/\/svilupporaytech.com\/de\/wp-json\/wp\/v2\/types\/product"}],"wp:featuredmedia":[{"embeddable":true,"href":"https:\/\/svilupporaytech.com\/de\/wp-json\/wp\/v2\/media\/1914"}],"wp:attachment":[{"href":"https:\/\/svilupporaytech.com\/de\/wp-json\/wp\/v2\/media?parent=7119"}],"wp:term":[{"taxonomy":"product_cat","embeddable":true,"href":"https:\/\/svilupporaytech.com\/de\/wp-json\/wp\/v2\/product_cat?post=7119"},{"taxonomy":"product_tag","embeddable":true,"href":"https:\/\/svilupporaytech.com\/de\/wp-json\/wp\/v2\/product_tag?post=7119"}],"curies":[{"name":"wp","href":"https:\/\/api.w.org\/{rel}","templated":true}]}}