{"id":17862,"date":"2019-08-22T13:24:34","date_gmt":"2019-08-22T13:24:34","guid":{"rendered":"https:\/\/svilupporaytech.com\/?page_id=17862"},"modified":"2019-08-22T13:24:34","modified_gmt":"2019-08-22T13:24:34","slug":"laboratorio-certificado-de-alto-voltaje","status":"publish","type":"page","link":"https:\/\/svilupporaytech.com\/es\/quienes-somos\/laboratorio-certificado-de-alto-voltaje\/","title":{"rendered":"Laboratorio certificado de alto voltaje"},"content":{"rendered":"<div class=\"wpb-content-wrapper\"><p>[vc_row css=\u00bb.vc_custom_1564757943622{margin-bottom: 20px !important;}\u00bb][vc_column][vc_custom_heading text=\u00bbLaboratorio certificado de alto voltaje\u00bb font_container=\u00bbtag:h1|font_size:32px|text_align:left|color:%23e30613|line_height:38px\u00bb use_theme_fonts=\u00bbyes\u00bb css=\u00bb.vc_custom_1566482465604{margin-bottom: 30px !important;}\u00bb][vc_row_inner][vc_column_inner width=\u00bb1\/4&#8243;][vc_single_image image=\u00bb954&#8243; img_size=\u00bbmedium\u00bb add_caption=\u00bbyes\u00bb alignment=\u00bbcenter\u00bb][vc_single_image image=\u00bb946&#8243; img_size=\u00bbmedium\u00bb add_caption=\u00bbyes\u00bb alignment=\u00bbcenter\u00bb css=\u00bb.vc_custom_1564760615914{margin-top: 30px !important;}\u00bb][\/vc_column_inner][vc_column_inner width=\u00bb3\/4&#8243;][vc_column_text]<\/p>\n<div class=\"wpb_text_column wpb_content_element \">\n<div class=\"wpb_wrapper\">\n<p>Equipado para realizar todo tipo de pruebas, en corriente alterna, en corriente continua, a impulso, a ciclos de carga con el cable en tensi\u00f3n en aire y en agua, para la medici\u00f3n de la resistencia al aislamiento, de las descargas parciales, para el control del comportamiento al trazado el\u00e9ctrico de los materiales aislantes, para la prueba en c\u00e1mara h\u00fameda y en niebla salina.<\/p>\n<\/div>\n<\/div>\n<ul class=\"square\">\n<li class=\"\">Generador de corriente continua de 120 kV<\/li>\n<li class=\"\">Transformador prueba de frecuencia industrial de 100 kV, sin descargas parciales<\/li>\n<li class=\"\">Transformador para pruebas de larga duraci\u00f3n de 45 kV, 20 kVA<\/li>\n<li class=\"\">Transformadores de medida<\/li>\n<li class=\"\">Generador para pruebas a impulso de hasta 600 kV<\/li>\n<li class=\"\">Dispositivo para pruebas a ciclo de carga, calentamiento por inducci\u00f3n, con cubeta de prueba<\/li>\n<li class=\"\">Dispositivos para la medici\u00f3n del nivel de las descargas parciales, m\u00e9todo directo y m\u00e9todo puente<\/li>\n<li class=\"\">Dispositivo para la evaluaci\u00f3n de la resistencia al trazado el\u00e9ctrico de los materiales aislantes seg\u00fan la norma IEC 60587<\/li>\n<li class=\"\">Registrador de datos de milivoltios y de temperatura<\/li>\n<\/ul>\n<p>[\/vc_column_text][vc_btn title=\u00bbDescargue el Certificado IMQ\u00bb style=\u00bbcustom\u00bb custom_background=\u00bb#e30613&#8243; custom_text=\u00bb#ffffff\u00bb shape=\u00bbsquare\u00bb i_align=\u00bbright\u00bb i_icon_fontawesome=\u00bbfa fa-file-pdf-o\u00bb add_icon=\u00bbtrue\u00bb link=\u00bburl:https%3A%2F%2Fwww.raytech.it%2Fwp-content%2Fuploads%2FIMQ-340_CTF2_2018-07-24.pdf||target:%20_blank|\u00bb css=\u00bb.vc_custom_1566482500193{margin-top: 40px !important;}\u00bb][\/vc_column_inner][\/vc_row_inner][\/vc_column][\/vc_row]<\/p>\n<\/div>","protected":false},"excerpt":{"rendered":"<p>[vc_row css=\u00bb.vc_custom_1564757943622{margin-bottom: 20px !important;}\u00bb][vc_column][vc_custom_heading text=\u00bbLaboratorio certificado de alto voltaje\u00bb font_container=\u00bbtag:h1|font_size:32px|text_align:left|color:%23e30613|line_height:38px\u00bb use_theme_fonts=\u00bbyes\u00bb css=\u00bb.vc_custom_1566482465604{margin-bottom: 30px !important;}\u00bb][vc_row_inner][vc_column_inner width=\u00bb1\/4&#8243;][vc_single_image image=\u00bb954&#8243; img_size=\u00bbmedium\u00bb add_caption=\u00bbyes\u00bb alignment=\u00bbcenter\u00bb][vc_single_image image=\u00bb946&#8243; img_size=\u00bbmedium\u00bb add_caption=\u00bbyes\u00bb alignment=\u00bbcenter\u00bb css=\u00bb.vc_custom_1564760615914{margin-top: 30px !important;}\u00bb][\/vc_column_inner][vc_column_inner width=\u00bb3\/4&#8243;][vc_column_text] Equipado para realizar<span class=\"excerpt-hellip\"> [\u2026]<\/span><\/p>\n","protected":false},"author":1,"featured_media":0,"parent":7141,"menu_order":1,"comment_status":"closed","ping_status":"closed","template":"","meta":{"footnotes":""},"yoast_head":"<!-- This site is optimized with the Yoast SEO plugin v22.7 - https:\/\/yoast.com\/wordpress\/plugins\/seo\/ -->\n<title>Laboratorio certificado de alto voltaje | Raytech<\/title>\n<meta name=\"robots\" content=\"index, follow, max-snippet:-1, max-image-preview:large, max-video-preview:-1\" \/>\n<link rel=\"canonical\" href=\"https:\/\/svilupporaytech.com\/es\/quienes-somos\/laboratorio-certificado-de-alto-voltaje\/\" \/>\n<meta property=\"og:locale\" content=\"es_ES\" \/>\n<meta property=\"og:type\" content=\"article\" \/>\n<meta property=\"og:title\" content=\"Laboratorio certificado de alto voltaje | Raytech\" \/>\n<meta property=\"og:description\" content=\"[vc_row css=\u00bb.vc_custom_1564757943622{margin-bottom: 20px !important;}\u00bb][vc_column][vc_custom_heading text=\u00bbLaboratorio certificado de alto voltaje\u00bb font_container=\u00bbtag:h1|font_size:32px|text_align:left|color:%23e30613|line_height:38px\u00bb use_theme_fonts=\u00bbyes\u00bb css=\u00bb.vc_custom_1566482465604{margin-bottom: 30px !important;}\u00bb][vc_row_inner][vc_column_inner width=\u00bb1\/4&#8243;][vc_single_image image=\u00bb954&#8243; img_size=\u00bbmedium\u00bb add_caption=\u00bbyes\u00bb alignment=\u00bbcenter\u00bb][vc_single_image image=\u00bb946&#8243; img_size=\u00bbmedium\u00bb add_caption=\u00bbyes\u00bb alignment=\u00bbcenter\u00bb css=\u00bb.vc_custom_1564760615914{margin-top: 30px !important;}\u00bb][\/vc_column_inner][vc_column_inner width=\u00bb3\/4&#8243;][vc_column_text] Equipado para realizar [\u2026]\" \/>\n<meta property=\"og:url\" content=\"https:\/\/svilupporaytech.com\/es\/quienes-somos\/laboratorio-certificado-de-alto-voltaje\/\" \/>\n<meta property=\"og:site_name\" content=\"Raytech\" \/>\n<meta property=\"og:image\" content=\"https:\/\/svilupporaytech.com\/wp-content\/uploads\/logo_raytech.png\" \/>\n\t<meta property=\"og:image:width\" content=\"188\" \/>\n\t<meta property=\"og:image:height\" content=\"101\" \/>\n\t<meta property=\"og:image:type\" content=\"image\/png\" \/>\n<meta name=\"twitter:card\" content=\"summary_large_image\" \/>\n<meta name=\"twitter:label1\" content=\"Tiempo de lectura\" \/>\n\t<meta name=\"twitter:data1\" content=\"2 minutos\" \/>\n<script type=\"application\/ld+json\" class=\"yoast-schema-graph\">{\"@context\":\"https:\/\/schema.org\",\"@graph\":[{\"@type\":\"WebPage\",\"@id\":\"https:\/\/svilupporaytech.com\/es\/quienes-somos\/laboratorio-certificado-de-alto-voltaje\/\",\"url\":\"https:\/\/svilupporaytech.com\/es\/quienes-somos\/laboratorio-certificado-de-alto-voltaje\/\",\"name\":\"Laboratorio certificado de alto voltaje | Raytech\",\"isPartOf\":{\"@id\":\"https:\/\/svilupporaytech.com\/#website\"},\"datePublished\":\"2019-08-22T13:24:34+00:00\",\"dateModified\":\"2019-08-22T13:24:34+00:00\",\"breadcrumb\":{\"@id\":\"https:\/\/svilupporaytech.com\/es\/quienes-somos\/laboratorio-certificado-de-alto-voltaje\/#breadcrumb\"},\"inLanguage\":\"es\",\"potentialAction\":[{\"@type\":\"ReadAction\",\"target\":[\"https:\/\/svilupporaytech.com\/es\/quienes-somos\/laboratorio-certificado-de-alto-voltaje\/\"]}]},{\"@type\":\"BreadcrumbList\",\"@id\":\"https:\/\/svilupporaytech.com\/es\/quienes-somos\/laboratorio-certificado-de-alto-voltaje\/#breadcrumb\",\"itemListElement\":[{\"@type\":\"ListItem\",\"position\":1,\"name\":\"Home\",\"item\":\"https:\/\/svilupporaytech.com\/es\/\"},{\"@type\":\"ListItem\",\"position\":2,\"name\":\"Qui\u00e9nes somos\",\"item\":\"https:\/\/svilupporaytech.com\/es\/quienes-somos\/\"},{\"@type\":\"ListItem\",\"position\":3,\"name\":\"Laboratorio certificado de alto voltaje\"}]},{\"@type\":\"WebSite\",\"@id\":\"https:\/\/svilupporaytech.com\/#website\",\"url\":\"https:\/\/svilupporaytech.com\/\",\"name\":\"Raytech\",\"description\":\"Cable accessories company\",\"potentialAction\":[{\"@type\":\"SearchAction\",\"target\":{\"@type\":\"EntryPoint\",\"urlTemplate\":\"https:\/\/svilupporaytech.com\/?s={search_term_string}\"},\"query-input\":\"required name=search_term_string\"}],\"inLanguage\":\"es\"}]}<\/script>\n<!-- \/ Yoast SEO plugin. -->","yoast_head_json":{"title":"Laboratorio certificado de alto voltaje | Raytech","robots":{"index":"index","follow":"follow","max-snippet":"max-snippet:-1","max-image-preview":"max-image-preview:large","max-video-preview":"max-video-preview:-1"},"canonical":"https:\/\/svilupporaytech.com\/es\/quienes-somos\/laboratorio-certificado-de-alto-voltaje\/","og_locale":"es_ES","og_type":"article","og_title":"Laboratorio certificado de alto voltaje | Raytech","og_description":"[vc_row css=\u00bb.vc_custom_1564757943622{margin-bottom: 20px !important;}\u00bb][vc_column][vc_custom_heading text=\u00bbLaboratorio certificado de alto voltaje\u00bb font_container=\u00bbtag:h1|font_size:32px|text_align:left|color:%23e30613|line_height:38px\u00bb use_theme_fonts=\u00bbyes\u00bb css=\u00bb.vc_custom_1566482465604{margin-bottom: 30px !important;}\u00bb][vc_row_inner][vc_column_inner width=\u00bb1\/4&#8243;][vc_single_image image=\u00bb954&#8243; img_size=\u00bbmedium\u00bb add_caption=\u00bbyes\u00bb alignment=\u00bbcenter\u00bb][vc_single_image image=\u00bb946&#8243; img_size=\u00bbmedium\u00bb add_caption=\u00bbyes\u00bb alignment=\u00bbcenter\u00bb css=\u00bb.vc_custom_1564760615914{margin-top: 30px !important;}\u00bb][\/vc_column_inner][vc_column_inner width=\u00bb3\/4&#8243;][vc_column_text] Equipado para realizar [\u2026]","og_url":"https:\/\/svilupporaytech.com\/es\/quienes-somos\/laboratorio-certificado-de-alto-voltaje\/","og_site_name":"Raytech","og_image":[{"width":188,"height":101,"url":"https:\/\/svilupporaytech.com\/wp-content\/uploads\/logo_raytech.png","type":"image\/png"}],"twitter_card":"summary_large_image","twitter_misc":{"Tiempo de lectura":"2 minutos"},"schema":{"@context":"https:\/\/schema.org","@graph":[{"@type":"WebPage","@id":"https:\/\/svilupporaytech.com\/es\/quienes-somos\/laboratorio-certificado-de-alto-voltaje\/","url":"https:\/\/svilupporaytech.com\/es\/quienes-somos\/laboratorio-certificado-de-alto-voltaje\/","name":"Laboratorio certificado de alto voltaje | Raytech","isPartOf":{"@id":"https:\/\/svilupporaytech.com\/#website"},"datePublished":"2019-08-22T13:24:34+00:00","dateModified":"2019-08-22T13:24:34+00:00","breadcrumb":{"@id":"https:\/\/svilupporaytech.com\/es\/quienes-somos\/laboratorio-certificado-de-alto-voltaje\/#breadcrumb"},"inLanguage":"es","potentialAction":[{"@type":"ReadAction","target":["https:\/\/svilupporaytech.com\/es\/quienes-somos\/laboratorio-certificado-de-alto-voltaje\/"]}]},{"@type":"BreadcrumbList","@id":"https:\/\/svilupporaytech.com\/es\/quienes-somos\/laboratorio-certificado-de-alto-voltaje\/#breadcrumb","itemListElement":[{"@type":"ListItem","position":1,"name":"Home","item":"https:\/\/svilupporaytech.com\/es\/"},{"@type":"ListItem","position":2,"name":"Qui\u00e9nes somos","item":"https:\/\/svilupporaytech.com\/es\/quienes-somos\/"},{"@type":"ListItem","position":3,"name":"Laboratorio certificado de alto voltaje"}]},{"@type":"WebSite","@id":"https:\/\/svilupporaytech.com\/#website","url":"https:\/\/svilupporaytech.com\/","name":"Raytech","description":"Cable accessories company","potentialAction":[{"@type":"SearchAction","target":{"@type":"EntryPoint","urlTemplate":"https:\/\/svilupporaytech.com\/?s={search_term_string}"},"query-input":"required name=search_term_string"}],"inLanguage":"es"}]}},"_links":{"self":[{"href":"https:\/\/svilupporaytech.com\/es\/wp-json\/wp\/v2\/pages\/17862"}],"collection":[{"href":"https:\/\/svilupporaytech.com\/es\/wp-json\/wp\/v2\/pages"}],"about":[{"href":"https:\/\/svilupporaytech.com\/es\/wp-json\/wp\/v2\/types\/page"}],"author":[{"embeddable":true,"href":"https:\/\/svilupporaytech.com\/es\/wp-json\/wp\/v2\/users\/1"}],"replies":[{"embeddable":true,"href":"https:\/\/svilupporaytech.com\/es\/wp-json\/wp\/v2\/comments?post=17862"}],"version-history":[{"count":0,"href":"https:\/\/svilupporaytech.com\/es\/wp-json\/wp\/v2\/pages\/17862\/revisions"}],"up":[{"embeddable":true,"href":"https:\/\/svilupporaytech.com\/es\/wp-json\/wp\/v2\/pages\/7141"}],"wp:attachment":[{"href":"https:\/\/svilupporaytech.com\/es\/wp-json\/wp\/v2\/media?parent=17862"}],"curies":[{"name":"wp","href":"https:\/\/api.w.org\/{rel}","templated":true}]}}