{"id":18081,"date":"2019-08-21T11:54:52","date_gmt":"2019-08-21T10:54:52","guid":{"rendered":"https:\/\/svilupporaytech.com\/?page_id=18081"},"modified":"2023-06-12T18:13:17","modified_gmt":"2023-06-12T17:13:17","slug":"download","status":"publish","type":"page","link":"https:\/\/svilupporaytech.com\/es\/download\/","title":{"rendered":"Download"},"content":{"rendered":"<div class=\"wpb-content-wrapper\"><p>[vc_row][vc_column][vc_custom_heading text=\u00bbDownload\u00bb font_container=\u00bbtag:h1|font_size:32px|text_align:left|color:%23e30613|line_height:38px\u00bb use_theme_fonts=\u00bbyes\u00bb][\/vc_column][\/vc_row][vc_row css=\u00bb.vc_custom_1565254044657{margin-bottom: 50px !important;}\u00bb][vc_column][vc_column_text]Siga la evoluci\u00f3n de la tecnolog\u00eda Raytech descargando el nuevo cat\u00e1logo 2022.[\/vc_column_text][\/vc_column][\/vc_row][vc_row][vc_column][vc_custom_heading text=\u00bbCAT\u00c1LOGO ESPA\u00d1OL\u00bb font_container=\u00bbtag:h2|font_size:28px|text_align:left|color:%23000000|line_height:34px\u00bb use_theme_fonts=\u00bbyes\u00bb][\/vc_column][\/vc_row][vc_row css=\u00bb.vc_custom_1567582815977{padding-bottom: 50px !important;}\u00bb][vc_column width=\u00bb1\/2&#8243; el_class=\u00bbimage-catalogue\u00bb]<div class=\"flat_box\"><div class=\"photo_wrapper\"><div class=\"icon themebg\" style=\"background-color:#e30613\"><i class=\"icon-acrobat\"><\/i><\/div><img loading=\"lazy\" decoding=\"async\" class=\"photo scale-with-grid\" src=\"https:\/\/svilupporaytech.com\/wp-content\/uploads\/raytech-catalogue-2022.jpg\" alt=\"raytech-catalogue-2022\" width=\"550\" height=\"300\"\/><\/div><div class=\"desc_wrapper\"><\/div><\/div>\n[vc_column_text css=\u00bb.vc_custom_1663595495596{padding-bottom: 20px !important;}\u00bb]Actualizado en 2022[\/vc_column_text][\/vc_column][vc_column width=\u00bb1\/2&#8243;][vc_row_inner css=\u00bb.vc_custom_1565255584435{padding-bottom: 30px !important;}\u00bb][vc_column_inner][vc_btn title=\u00bbCat\u00e1logo completo\u00bb style=\u00bbcustom\u00bb custom_background=\u00bb#e30613&#8243; custom_text=\u00bb#ffffff\u00bb shape=\u00bbsquare\u00bb i_align=\u00bbright\u00bb i_icon_fontawesome=\u00bbfa fa-file-pdf-o\u00bb add_icon=\u00bbtrue\u00bb css=\u00bb.vc_custom_1686589893028{margin-bottom: 50px !important;}\u00bb link=\u00bburl:https%3A%2F%2Fraytech.it%2Fcatalogo%2Fes%2Fcatalogo-raytech-2023.pdf||target:%20_blank|\u00bb][\/vc_column_inner][\/vc_row_inner][vc_column_text css=\u00bb.vc_custom_1567599395343{padding-bottom: 20px !important;}\u00bb]Descargue las secciones individuales:[\/vc_column_text][vc_row_inner css=\u00bb.vc_custom_1565255357485{padding-bottom: 20px !important;}\u00bb][vc_column_inner][vc_btn title=\u00bbBaja tensi\u00f3n\u00bb style=\u00bbcustom\u00bb custom_background=\u00bb#ffffff\u00bb custom_text=\u00bb#333333&#8243; shape=\u00bbsquare\u00bb i_align=\u00bbright\u00bb i_icon_fontawesome=\u00bbfa fa-file-pdf-o\u00bb add_icon=\u00bbtrue\u00bb css=\u00bb.vc_custom_1686589927541{margin-bottom: 50px !important;}\u00bb el_class=\u00bbbtn-catalogue-range\u00bb link=\u00bburl:https%3A%2F%2Fraytech.it%2Fcatalogo%2Fes%2Fcatalogo-raytech-2023-baja-tension.pdf||target:%20_blank|\u00bb][\/vc_column_inner][\/vc_row_inner][vc_row_inner css=\u00bb.vc_custom_1565255368812{padding-bottom: 20px !important;}\u00bb][vc_column_inner][vc_btn title=\u00bbMedia tensi\u00f3n\u00bb style=\u00bbcustom\u00bb custom_background=\u00bb#ffffff\u00bb custom_text=\u00bb#333333&#8243; shape=\u00bbsquare\u00bb i_align=\u00bbright\u00bb i_icon_fontawesome=\u00bbfa fa-file-pdf-o\u00bb add_icon=\u00bbtrue\u00bb css=\u00bb.vc_custom_1686589959683{margin-bottom: 50px !important;}\u00bb el_class=\u00bbbtn-catalogue-range\u00bb link=\u00bburl:https%3A%2F%2Fraytech.it%2Fcatalogo%2Fes%2Fcatalogo-raytech-2023-media-tension.pdf||target:%20_blank|\u00bb][\/vc_column_inner][\/vc_row_inner][vc_row_inner css=\u00bb.vc_custom_1565255382324{padding-bottom: 20px !important;}\u00bb][vc_column_inner][vc_btn title=\u00bbCables calentadores\u00bb style=\u00bbcustom\u00bb custom_background=\u00bb#ffffff\u00bb custom_text=\u00bb#333333&#8243; shape=\u00bbsquare\u00bb i_align=\u00bbright\u00bb i_icon_fontawesome=\u00bbfa fa-file-pdf-o\u00bb add_icon=\u00bbtrue\u00bb css=\u00bb.vc_custom_1686589990690{margin-bottom: 50px !important;}\u00bb el_class=\u00bbbtn-catalogue-range\u00bb link=\u00bburl:https%3A%2F%2Fraytech.it%2Fcatalogo%2Fes%2Fcatalogo-raytech-2023-cables-calefactores.pdf||target:%20_blank|\u00bb][\/vc_column_inner][\/vc_row_inner][\/vc_column][\/vc_row]<\/p>\n<\/div>","protected":false},"excerpt":{"rendered":"<p>[vc_row][vc_column][vc_custom_heading text=\u00bbDownload\u00bb font_container=\u00bbtag:h1|font_size:32px|text_align:left|color:%23e30613|line_height:38px\u00bb use_theme_fonts=\u00bbyes\u00bb][\/vc_column][\/vc_row][vc_row css=\u00bb.vc_custom_1565254044657{margin-bottom: 50px !important;}\u00bb][vc_column][vc_column_text]Siga la evoluci\u00f3n de la tecnolog\u00eda Raytech descargando el nuevo cat\u00e1logo 2022.[\/vc_column_text][\/vc_column][\/vc_row][vc_row][vc_column][vc_custom_heading text=\u00bbCAT\u00c1LOGO ESPA\u00d1OL\u00bb font_container=\u00bbtag:h2|font_size:28px|text_align:left|color:%23000000|line_height:34px\u00bb use_theme_fonts=\u00bbyes\u00bb][\/vc_column][\/vc_row][vc_row css=\u00bb.vc_custom_1567582815977{padding-bottom: 50px !important;}\u00bb][vc_column width=\u00bb1\/2&#8243; el_class=\u00bbimage-catalogue\u00bb][vc_column_text css=\u00bb.vc_custom_1663595495596{padding-bottom: 20px !important;}\u00bb]Actualizado<span class=\"excerpt-hellip\"> [\u2026]<\/span><\/p>\n","protected":false},"author":1,"featured_media":0,"parent":0,"menu_order":0,"comment_status":"closed","ping_status":"closed","template":"","meta":{"footnotes":""},"yoast_head":"<!-- This site is optimized with the Yoast SEO plugin v22.7 - https:\/\/yoast.com\/wordpress\/plugins\/seo\/ -->\n<title>Download | Raytech<\/title>\n<meta name=\"robots\" content=\"index, follow, max-snippet:-1, max-image-preview:large, max-video-preview:-1\" \/>\n<link rel=\"canonical\" href=\"https:\/\/svilupporaytech.com\/es\/download\/\" \/>\n<meta property=\"og:locale\" content=\"es_ES\" \/>\n<meta property=\"og:type\" content=\"article\" \/>\n<meta property=\"og:title\" content=\"Download | Raytech\" \/>\n<meta property=\"og:description\" content=\"[vc_row][vc_column][vc_custom_heading text=\u00bbDownload\u00bb font_container=\u00bbtag:h1|font_size:32px|text_align:left|color:%23e30613|line_height:38px\u00bb use_theme_fonts=\u00bbyes\u00bb][\/vc_column][\/vc_row][vc_row css=\u00bb.vc_custom_1565254044657{margin-bottom: 50px !important;}\u00bb][vc_column][vc_column_text]Siga la evoluci\u00f3n de la tecnolog\u00eda Raytech descargando el nuevo cat\u00e1logo 2022.[\/vc_column_text][\/vc_column][\/vc_row][vc_row][vc_column][vc_custom_heading text=\u00bbCAT\u00c1LOGO ESPA\u00d1OL\u00bb font_container=\u00bbtag:h2|font_size:28px|text_align:left|color:%23000000|line_height:34px\u00bb use_theme_fonts=\u00bbyes\u00bb][\/vc_column][\/vc_row][vc_row css=\u00bb.vc_custom_1567582815977{padding-bottom: 50px !important;}\u00bb][vc_column width=\u00bb1\/2&#8243; el_class=\u00bbimage-catalogue\u00bb][vc_column_text css=\u00bb.vc_custom_1663595495596{padding-bottom: 20px !important;}\u00bb]Actualizado [\u2026]\" \/>\n<meta property=\"og:url\" content=\"https:\/\/svilupporaytech.com\/es\/download\/\" \/>\n<meta property=\"og:site_name\" content=\"Raytech\" \/>\n<meta property=\"article:modified_time\" content=\"2023-06-12T17:13:17+00:00\" \/>\n<meta property=\"og:image\" content=\"https:\/\/svilupporaytech.com\/wp-content\/uploads\/logo_raytech.png\" \/>\n\t<meta property=\"og:image:width\" content=\"188\" \/>\n\t<meta property=\"og:image:height\" content=\"101\" \/>\n\t<meta property=\"og:image:type\" content=\"image\/png\" \/>\n<meta name=\"twitter:card\" content=\"summary_large_image\" \/>\n<meta name=\"twitter:label1\" content=\"Tiempo de lectura\" \/>\n\t<meta name=\"twitter:data1\" content=\"1 minuto\" \/>\n<script type=\"application\/ld+json\" class=\"yoast-schema-graph\">{\"@context\":\"https:\/\/schema.org\",\"@graph\":[{\"@type\":\"WebPage\",\"@id\":\"https:\/\/svilupporaytech.com\/es\/download\/\",\"url\":\"https:\/\/svilupporaytech.com\/es\/download\/\",\"name\":\"Download | Raytech\",\"isPartOf\":{\"@id\":\"https:\/\/svilupporaytech.com\/#website\"},\"datePublished\":\"2019-08-21T10:54:52+00:00\",\"dateModified\":\"2023-06-12T17:13:17+00:00\",\"breadcrumb\":{\"@id\":\"https:\/\/svilupporaytech.com\/es\/download\/#breadcrumb\"},\"inLanguage\":\"es\",\"potentialAction\":[{\"@type\":\"ReadAction\",\"target\":[\"https:\/\/svilupporaytech.com\/es\/download\/\"]}]},{\"@type\":\"BreadcrumbList\",\"@id\":\"https:\/\/svilupporaytech.com\/es\/download\/#breadcrumb\",\"itemListElement\":[{\"@type\":\"ListItem\",\"position\":1,\"name\":\"Home\",\"item\":\"https:\/\/svilupporaytech.com\/es\/\"},{\"@type\":\"ListItem\",\"position\":2,\"name\":\"Download\"}]},{\"@type\":\"WebSite\",\"@id\":\"https:\/\/svilupporaytech.com\/#website\",\"url\":\"https:\/\/svilupporaytech.com\/\",\"name\":\"Raytech\",\"description\":\"Cable accessories company\",\"potentialAction\":[{\"@type\":\"SearchAction\",\"target\":{\"@type\":\"EntryPoint\",\"urlTemplate\":\"https:\/\/svilupporaytech.com\/?s={search_term_string}\"},\"query-input\":\"required name=search_term_string\"}],\"inLanguage\":\"es\"}]}<\/script>\n<!-- \/ Yoast SEO plugin. -->","yoast_head_json":{"title":"Download | Raytech","robots":{"index":"index","follow":"follow","max-snippet":"max-snippet:-1","max-image-preview":"max-image-preview:large","max-video-preview":"max-video-preview:-1"},"canonical":"https:\/\/svilupporaytech.com\/es\/download\/","og_locale":"es_ES","og_type":"article","og_title":"Download | Raytech","og_description":"[vc_row][vc_column][vc_custom_heading text=\u00bbDownload\u00bb font_container=\u00bbtag:h1|font_size:32px|text_align:left|color:%23e30613|line_height:38px\u00bb use_theme_fonts=\u00bbyes\u00bb][\/vc_column][\/vc_row][vc_row css=\u00bb.vc_custom_1565254044657{margin-bottom: 50px !important;}\u00bb][vc_column][vc_column_text]Siga la evoluci\u00f3n de la tecnolog\u00eda Raytech descargando el nuevo cat\u00e1logo 2022.[\/vc_column_text][\/vc_column][\/vc_row][vc_row][vc_column][vc_custom_heading text=\u00bbCAT\u00c1LOGO ESPA\u00d1OL\u00bb font_container=\u00bbtag:h2|font_size:28px|text_align:left|color:%23000000|line_height:34px\u00bb use_theme_fonts=\u00bbyes\u00bb][\/vc_column][\/vc_row][vc_row css=\u00bb.vc_custom_1567582815977{padding-bottom: 50px !important;}\u00bb][vc_column width=\u00bb1\/2&#8243; el_class=\u00bbimage-catalogue\u00bb][vc_column_text css=\u00bb.vc_custom_1663595495596{padding-bottom: 20px !important;}\u00bb]Actualizado [\u2026]","og_url":"https:\/\/svilupporaytech.com\/es\/download\/","og_site_name":"Raytech","article_modified_time":"2023-06-12T17:13:17+00:00","og_image":[{"width":188,"height":101,"url":"https:\/\/svilupporaytech.com\/wp-content\/uploads\/logo_raytech.png","type":"image\/png"}],"twitter_card":"summary_large_image","twitter_misc":{"Tiempo de lectura":"1 minuto"},"schema":{"@context":"https:\/\/schema.org","@graph":[{"@type":"WebPage","@id":"https:\/\/svilupporaytech.com\/es\/download\/","url":"https:\/\/svilupporaytech.com\/es\/download\/","name":"Download | Raytech","isPartOf":{"@id":"https:\/\/svilupporaytech.com\/#website"},"datePublished":"2019-08-21T10:54:52+00:00","dateModified":"2023-06-12T17:13:17+00:00","breadcrumb":{"@id":"https:\/\/svilupporaytech.com\/es\/download\/#breadcrumb"},"inLanguage":"es","potentialAction":[{"@type":"ReadAction","target":["https:\/\/svilupporaytech.com\/es\/download\/"]}]},{"@type":"BreadcrumbList","@id":"https:\/\/svilupporaytech.com\/es\/download\/#breadcrumb","itemListElement":[{"@type":"ListItem","position":1,"name":"Home","item":"https:\/\/svilupporaytech.com\/es\/"},{"@type":"ListItem","position":2,"name":"Download"}]},{"@type":"WebSite","@id":"https:\/\/svilupporaytech.com\/#website","url":"https:\/\/svilupporaytech.com\/","name":"Raytech","description":"Cable accessories company","potentialAction":[{"@type":"SearchAction","target":{"@type":"EntryPoint","urlTemplate":"https:\/\/svilupporaytech.com\/?s={search_term_string}"},"query-input":"required name=search_term_string"}],"inLanguage":"es"}]}},"_links":{"self":[{"href":"https:\/\/svilupporaytech.com\/es\/wp-json\/wp\/v2\/pages\/18081"}],"collection":[{"href":"https:\/\/svilupporaytech.com\/es\/wp-json\/wp\/v2\/pages"}],"about":[{"href":"https:\/\/svilupporaytech.com\/es\/wp-json\/wp\/v2\/types\/page"}],"author":[{"embeddable":true,"href":"https:\/\/svilupporaytech.com\/es\/wp-json\/wp\/v2\/users\/1"}],"replies":[{"embeddable":true,"href":"https:\/\/svilupporaytech.com\/es\/wp-json\/wp\/v2\/comments?post=18081"}],"version-history":[{"count":4,"href":"https:\/\/svilupporaytech.com\/es\/wp-json\/wp\/v2\/pages\/18081\/revisions"}],"predecessor-version":[{"id":33857,"href":"https:\/\/svilupporaytech.com\/es\/wp-json\/wp\/v2\/pages\/18081\/revisions\/33857"}],"wp:attachment":[{"href":"https:\/\/svilupporaytech.com\/es\/wp-json\/wp\/v2\/media?parent=18081"}],"curies":[{"name":"wp","href":"https:\/\/api.w.org\/{rel}","templated":true}]}}