{"id":7144,"date":"2015-09-17T08:41:32","date_gmt":"2015-09-17T08:41:32","guid":{"rendered":"https:\/\/svilupporaytech.com\/?page_id=7144&#038;lang=es"},"modified":"2023-12-13T13:32:47","modified_gmt":"2023-12-13T12:32:47","slug":"empresa","status":"publish","type":"page","link":"https:\/\/svilupporaytech.com\/es\/quienes-somos\/empresa\/","title":{"rendered":"Empresa"},"content":{"rendered":"<div class=\"wpb-content-wrapper\"><p>[vc_row css=\u00bb.vc_custom_1564757943622{margin-bottom: 20px !important;}\u00bb][vc_column][vc_custom_heading text=\u00bbRaytech, 25 a\u00f1os de investigaci\u00f3n y desarrollo\u00bb font_container=\u00bbtag:h1|font_size:32px|text_align:left|color:%23e30613|line_height:38px\u00bb use_theme_fonts=\u00bbyes\u00bb css=\u00bb.vc_custom_1566815610712{margin-bottom: 30px !important;}\u00bb][vc_row_inner][vc_column_inner width=\u00bb1\/4&#8243;][vc_single_image image=\u00bb34717&#8243; img_size=\u00bbfull\u00bb add_caption=\u00bbyes\u00bb alignment=\u00bbcenter\u00bb][vc_btn title=\u00bbDescargar la certificaci\u00f3n\u00bb style=\u00bbcustom\u00bb custom_background=\u00bb#e30613&#8243; custom_text=\u00bb#ffffff\u00bb shape=\u00bbsquare\u00bb align=\u00bbcenter\u00bb i_align=\u00bbright\u00bb i_icon_fontawesome=\u00bbfa fa-file-pdf-o\u00bb add_icon=\u00bbtrue\u00bb link=\u00bburl:https%3A%2F%2Fwww.raytech.it%2Fwp-content%2Fuploads%2Fraytech-srl-ecovadis-rating-certificate-2023-12-13-eng.pdf||target:%20_blank|\u00bb css=\u00bb.vc_custom_1702470752815{margin-top: 30px !important;margin-bottom: 60px !important;}\u00bb][vc_single_image image=\u00bb18691&#8243; img_size=\u00bbfull\u00bb add_caption=\u00bbyes\u00bb alignment=\u00bbcenter\u00bb css=\u00bb.vc_custom_1702470658132{margin-top: 60px !important;}\u00bb][\/vc_column_inner][vc_column_inner width=\u00bb3\/4&#8243;][vc_column_text]<\/p>\n<div class=\"wpb_text_column wpb_content_element wpb_animate_when_almost_visible wpb_bottom-to-top bottom-to-top wpb_start_animation animated\">\n<div class=\"wpb_wrapper\">\n<p>Situada en las inmediaciones de Mil\u00e1n, el \u00e1rea econ\u00f3mica-financiera m\u00e1s importante de Italia,\u00a0<em><span style=\"color: #ff0000;\"><strong>Raytech<\/strong><\/span>\u00a0<\/em>es a nivel productivo\u00a0<strong>la sociedad con el rango m\u00e1s amplio de accesorios y componentes para cables el\u00e9ctricos de todo el mundo<\/strong>.<\/p>\n<p>La pasi\u00f3n por el dise\u00f1o y la innovaci\u00f3n han permitido a Raytech evolucionar y adecuarse a las exigencias y normativas de un mercado nacional e internacional constantemente en expansi\u00f3n, y de tomar el desaf\u00edo de satisfacer y sorprender al usuario final con productos nuevos o mejorados con respecto a los existentes, en un tiempo extremadamente r\u00e1pido, sin escatimar sobre\u00a0<strong>un sistema de calidad diligente que se caracteriza desde siempre en el \u00e1mbito de la producci\u00f3n.<\/strong><\/p>\n<p>Los resultados t\u00e9cnicos de los productos Raytech son probados y certificados en nuestro laboratorio para garantizar la m\u00e1xima fiabilidad a los instaladores m\u00e1s exigentes, que pueden encontrar nuestros art\u00edculos en\u00a0<strong>36 pa\u00edses del mundo<\/strong>, gracias a una red de distribuci\u00f3n consolidada y altamente cualificada. En un mercado cada vez m\u00e1s r\u00e1pido y competitivo Raytech es conocida como una adelantada de las\u00a0<strong>mejores e inventivas tecnolog\u00edas<\/strong>, por la integridad y la pasi\u00f3n que son los puntos fuertes de su actividad vicenal.<\/p>\n<\/div>\n<\/div>\n<p>[\/vc_column_text][vc_column_text css=\u00bb.vc_custom_1566480077662{margin-top: 50px !important;}\u00bb]La\u00a0<strong>calidad<\/strong>\u00a0de la sociedad y de los productos\u00a0<strong>Raytech<\/strong>\u00a0est\u00e1 respaldada por los organismos certificadores m\u00e1s importantes del mundo[\/vc_column_text][vc_separator css=\u00bb.vc_custom_1564757906154{margin-top: 20px !important;margin-bottom: 20px !important;}\u00bb][vc_column_text el_class=\u00bblogo_gallery\u00bb css=\u00bb.vc_custom_1697719315814{margin-top: 20px !important;}\u00bb]<div class=\"column one-fourth\"><img loading=\"lazy\" decoding=\"async\" class=\"alignleft size-full wp-image-18728\" src=\"https:\/\/svilupporaytech.com\/wp-content\/uploads\/imq-retina.jpg\" alt=\"Certificaci\u00f3n IMQ\" width=\"150\" height=\"150\" srcset=\"https:\/\/svilupporaytech.com\/wp-content\/uploads\/imq-retina.jpg 300w, https:\/\/svilupporaytech.com\/wp-content\/uploads\/imq-retina-150x150.jpg 150w, https:\/\/svilupporaytech.com\/wp-content\/uploads\/imq-retina-146x146.jpg 146w, https:\/\/svilupporaytech.com\/wp-content\/uploads\/imq-retina-50x50.jpg 50w, https:\/\/svilupporaytech.com\/wp-content\/uploads\/imq-retina-75x75.jpg 75w, https:\/\/svilupporaytech.com\/wp-content\/uploads\/imq-retina-85x85.jpg 85w, https:\/\/svilupporaytech.com\/wp-content\/uploads\/imq-retina-80x80.jpg 80w\" sizes=\"(max-width: 150px) 100vw, 150px\" \/><\/div>\n<div class=\"column one-fourth\"><img loading=\"lazy\" decoding=\"async\" class=\"alignleft size-full wp-image-23001\" src=\"https:\/\/svilupporaytech.com\/wp-content\/uploads\/csq-iso45001.jpg\" alt=\"Certificaci\u00f3n CSQ ISO 45001\" width=\"150\" height=\"150\" srcset=\"https:\/\/svilupporaytech.com\/wp-content\/uploads\/csq-iso45001.jpg 150w, https:\/\/svilupporaytech.com\/wp-content\/uploads\/csq-iso45001-146x146.jpg 146w, https:\/\/svilupporaytech.com\/wp-content\/uploads\/csq-iso45001-50x50.jpg 50w, https:\/\/svilupporaytech.com\/wp-content\/uploads\/csq-iso45001-75x75.jpg 75w, https:\/\/svilupporaytech.com\/wp-content\/uploads\/csq-iso45001-85x85.jpg 85w, https:\/\/svilupporaytech.com\/wp-content\/uploads\/csq-iso45001-80x80.jpg 80w\" sizes=\"(max-width: 150px) 100vw, 150px\" \/><\/div>\n<div class=\"column one-fourth\"><img loading=\"lazy\" decoding=\"async\" class=\"alignleft size-full wp-image-23008\" src=\"https:\/\/svilupporaytech.com\/wp-content\/uploads\/logo-iqnet.jpg\" alt=\"Certificaci\u00f3n IQNet\" width=\"150\" height=\"150\" srcset=\"https:\/\/svilupporaytech.com\/wp-content\/uploads\/logo-iqnet.jpg 150w, https:\/\/svilupporaytech.com\/wp-content\/uploads\/logo-iqnet-146x146.jpg 146w, https:\/\/svilupporaytech.com\/wp-content\/uploads\/logo-iqnet-50x50.jpg 50w, https:\/\/svilupporaytech.com\/wp-content\/uploads\/logo-iqnet-75x75.jpg 75w, https:\/\/svilupporaytech.com\/wp-content\/uploads\/logo-iqnet-85x85.jpg 85w, https:\/\/svilupporaytech.com\/wp-content\/uploads\/logo-iqnet-80x80.jpg 80w\" sizes=\"(max-width: 150px) 100vw, 150px\" \/><\/div>\n<div class=\"column one-fourth\"><img loading=\"lazy\" decoding=\"async\" class=\"alignleft size-full wp-image-22994\" src=\"https:\/\/svilupporaytech.com\/wp-content\/uploads\/csq-iso9001.jpg\" alt=\"Certificaci\u00f3n CSQ ISO 9001\" width=\"150\" height=\"150\" srcset=\"https:\/\/svilupporaytech.com\/wp-content\/uploads\/csq-iso9001.jpg 150w, https:\/\/svilupporaytech.com\/wp-content\/uploads\/csq-iso9001-146x146.jpg 146w, https:\/\/svilupporaytech.com\/wp-content\/uploads\/csq-iso9001-50x50.jpg 50w, https:\/\/svilupporaytech.com\/wp-content\/uploads\/csq-iso9001-75x75.jpg 75w, https:\/\/svilupporaytech.com\/wp-content\/uploads\/csq-iso9001-85x85.jpg 85w, https:\/\/svilupporaytech.com\/wp-content\/uploads\/csq-iso9001-80x80.jpg 80w\" sizes=\"(max-width: 150px) 100vw, 150px\" \/><\/div>\n<div class=\"column one-fourth\"><img loading=\"lazy\" decoding=\"async\" class=\"alignleft size-full wp-image-18742\" src=\"https:\/\/svilupporaytech.com\/wp-content\/uploads\/rse-retina.jpg\" alt=\"Certificaci\u00f3n RSE\" width=\"150\" height=\"150\" srcset=\"https:\/\/svilupporaytech.com\/wp-content\/uploads\/rse-retina.jpg 300w, https:\/\/svilupporaytech.com\/wp-content\/uploads\/rse-retina-150x150.jpg 150w, https:\/\/svilupporaytech.com\/wp-content\/uploads\/rse-retina-146x146.jpg 146w, https:\/\/svilupporaytech.com\/wp-content\/uploads\/rse-retina-50x50.jpg 50w, https:\/\/svilupporaytech.com\/wp-content\/uploads\/rse-retina-75x75.jpg 75w, https:\/\/svilupporaytech.com\/wp-content\/uploads\/rse-retina-85x85.jpg 85w, https:\/\/svilupporaytech.com\/wp-content\/uploads\/rse-retina-80x80.jpg 80w\" sizes=\"(max-width: 150px) 100vw, 150px\" \/><\/div>\n<div class=\"column one-fourth\"><img loading=\"lazy\" decoding=\"async\" class=\"alignleft size-full wp-image-18707\" src=\"https:\/\/svilupporaytech.com\/wp-content\/uploads\/bureau-retina.jpg\" alt=\"Certificaci\u00f3n Bureau Veritas\" width=\"150\" height=\"150\" srcset=\"https:\/\/svilupporaytech.com\/wp-content\/uploads\/bureau-retina.jpg 300w, https:\/\/svilupporaytech.com\/wp-content\/uploads\/bureau-retina-150x150.jpg 150w, https:\/\/svilupporaytech.com\/wp-content\/uploads\/bureau-retina-146x146.jpg 146w, https:\/\/svilupporaytech.com\/wp-content\/uploads\/bureau-retina-50x50.jpg 50w, https:\/\/svilupporaytech.com\/wp-content\/uploads\/bureau-retina-75x75.jpg 75w, https:\/\/svilupporaytech.com\/wp-content\/uploads\/bureau-retina-85x85.jpg 85w, https:\/\/svilupporaytech.com\/wp-content\/uploads\/bureau-retina-80x80.jpg 80w\" sizes=\"(max-width: 150px) 100vw, 150px\" \/><\/div>\n<div class=\"column one-fourth\"><img loading=\"lazy\" decoding=\"async\" class=\"alignleft size-full wp-image-18735\" src=\"https:\/\/svilupporaytech.com\/wp-content\/uploads\/kema-retina.jpg\" alt=\"Certificaci\u00f3n KEMA\" width=\"150\" height=\"150\" srcset=\"https:\/\/svilupporaytech.com\/wp-content\/uploads\/kema-retina-150x150.jpg 150w, https:\/\/svilupporaytech.com\/wp-content\/uploads\/kema-retina-85x85.jpg 85w, https:\/\/svilupporaytech.com\/wp-content\/uploads\/kema-retina-80x80.jpg 80w, https:\/\/svilupporaytech.com\/wp-content\/uploads\/kema-retina-300x300.jpg 300w\" sizes=\"(max-width: 150px) 100vw, 150px\" \/><\/div>\n<div class=\"column one-fourth\"><img loading=\"lazy\" decoding=\"async\" class=\"alignleft size-full wp-image-18721\" src=\"https:\/\/svilupporaytech.com\/wp-content\/uploads\/dekra-retina.jpg\" alt=\"Certificaci\u00f3n DEKRA\" width=\"150\" height=\"150\" srcset=\"https:\/\/svilupporaytech.com\/wp-content\/uploads\/dekra-retina-150x150.jpg 150w, https:\/\/svilupporaytech.com\/wp-content\/uploads\/dekra-retina-85x85.jpg 85w, https:\/\/svilupporaytech.com\/wp-content\/uploads\/dekra-retina-80x80.jpg 80w, https:\/\/svilupporaytech.com\/wp-content\/uploads\/dekra-retina-300x300.jpg 300w\" sizes=\"(max-width: 150px) 100vw, 150px\" \/><\/div>\n<div class=\"column one-fourth\"><img loading=\"lazy\" decoding=\"async\" class=\"alignleft size-full wp-image-18721\" src=\"https:\/\/svilupporaytech.com\/wp-content\/uploads\/csq-iso14001-v1.jpg\" alt=\"Certificaci\u00f3n CSQ ISO 14001\" width=\"150\" height=\"150\" \/><\/div>\n[\/vc_column_text][\/vc_column_inner][\/vc_row_inner][\/vc_column][\/vc_row]<\/p>\n<\/div>","protected":false},"excerpt":{"rendered":"<p>[vc_row css=\u00bb.vc_custom_1564757943622{margin-bottom: 20px !important;}\u00bb][vc_column][vc_custom_heading text=\u00bbRaytech, 25 a\u00f1os de investigaci\u00f3n y desarrollo\u00bb font_container=\u00bbtag:h1|font_size:32px|text_align:left|color:%23e30613|line_height:38px\u00bb use_theme_fonts=\u00bbyes\u00bb css=\u00bb.vc_custom_1566815610712{margin-bottom: 30px !important;}\u00bb][vc_row_inner][vc_column_inner width=\u00bb1\/4&#8243;][vc_single_image image=\u00bb34717&#8243; img_size=\u00bbfull\u00bb add_caption=\u00bbyes\u00bb alignment=\u00bbcenter\u00bb][vc_btn title=\u00bbDescargar la certificaci\u00f3n\u00bb style=\u00bbcustom\u00bb custom_background=\u00bb#e30613&#8243; custom_text=\u00bb#ffffff\u00bb shape=\u00bbsquare\u00bb align=\u00bbcenter\u00bb i_align=\u00bbright\u00bb<span class=\"excerpt-hellip\"> [\u2026]<\/span><\/p>\n","protected":false},"author":1,"featured_media":0,"parent":7141,"menu_order":1,"comment_status":"closed","ping_status":"closed","template":"","meta":{"footnotes":""},"yoast_head":"<!-- This site is optimized with the Yoast SEO plugin v22.7 - https:\/\/yoast.com\/wordpress\/plugins\/seo\/ -->\n<title>Empresa | Raytech<\/title>\n<meta name=\"robots\" content=\"index, follow, max-snippet:-1, max-image-preview:large, max-video-preview:-1\" \/>\n<link rel=\"canonical\" href=\"https:\/\/svilupporaytech.com\/es\/quienes-somos\/empresa\/\" \/>\n<meta property=\"og:locale\" content=\"es_ES\" \/>\n<meta property=\"og:type\" content=\"article\" \/>\n<meta property=\"og:title\" content=\"Empresa | Raytech\" \/>\n<meta property=\"og:description\" content=\"[vc_row css=\u00bb.vc_custom_1564757943622{margin-bottom: 20px !important;}\u00bb][vc_column][vc_custom_heading text=\u00bbRaytech, 25 a\u00f1os de investigaci\u00f3n y desarrollo\u00bb font_container=\u00bbtag:h1|font_size:32px|text_align:left|color:%23e30613|line_height:38px\u00bb use_theme_fonts=\u00bbyes\u00bb css=\u00bb.vc_custom_1566815610712{margin-bottom: 30px !important;}\u00bb][vc_row_inner][vc_column_inner width=\u00bb1\/4&#8243;][vc_single_image image=\u00bb34717&#8243; img_size=\u00bbfull\u00bb add_caption=\u00bbyes\u00bb alignment=\u00bbcenter\u00bb][vc_btn title=\u00bbDescargar la certificaci\u00f3n\u00bb style=\u00bbcustom\u00bb custom_background=\u00bb#e30613&#8243; custom_text=\u00bb#ffffff\u00bb shape=\u00bbsquare\u00bb align=\u00bbcenter\u00bb i_align=\u00bbright\u00bb [\u2026]\" \/>\n<meta property=\"og:url\" content=\"https:\/\/svilupporaytech.com\/es\/quienes-somos\/empresa\/\" \/>\n<meta property=\"og:site_name\" content=\"Raytech\" \/>\n<meta property=\"article:modified_time\" content=\"2023-12-13T12:32:47+00:00\" \/>\n<meta property=\"og:image\" content=\"https:\/\/svilupporaytech.com\/wp-content\/uploads\/imq-retina.jpg\" \/>\n<meta name=\"twitter:card\" content=\"summary_large_image\" \/>\n<meta name=\"twitter:label1\" content=\"Tiempo de lectura\" \/>\n\t<meta name=\"twitter:data1\" content=\"4 minutos\" \/>\n<script type=\"application\/ld+json\" class=\"yoast-schema-graph\">{\"@context\":\"https:\/\/schema.org\",\"@graph\":[{\"@type\":\"WebPage\",\"@id\":\"https:\/\/svilupporaytech.com\/es\/quienes-somos\/empresa\/\",\"url\":\"https:\/\/svilupporaytech.com\/es\/quienes-somos\/empresa\/\",\"name\":\"Empresa | Raytech\",\"isPartOf\":{\"@id\":\"https:\/\/svilupporaytech.com\/#website\"},\"primaryImageOfPage\":{\"@id\":\"https:\/\/svilupporaytech.com\/es\/quienes-somos\/empresa\/#primaryimage\"},\"image\":{\"@id\":\"https:\/\/svilupporaytech.com\/es\/quienes-somos\/empresa\/#primaryimage\"},\"thumbnailUrl\":\"https:\/\/svilupporaytech.com\/wp-content\/uploads\/imq-retina.jpg\",\"datePublished\":\"2015-09-17T08:41:32+00:00\",\"dateModified\":\"2023-12-13T12:32:47+00:00\",\"breadcrumb\":{\"@id\":\"https:\/\/svilupporaytech.com\/es\/quienes-somos\/empresa\/#breadcrumb\"},\"inLanguage\":\"es\",\"potentialAction\":[{\"@type\":\"ReadAction\",\"target\":[\"https:\/\/svilupporaytech.com\/es\/quienes-somos\/empresa\/\"]}]},{\"@type\":\"ImageObject\",\"inLanguage\":\"es\",\"@id\":\"https:\/\/svilupporaytech.com\/es\/quienes-somos\/empresa\/#primaryimage\",\"url\":\"https:\/\/svilupporaytech.com\/wp-content\/uploads\/imq-retina.jpg\",\"contentUrl\":\"https:\/\/svilupporaytech.com\/wp-content\/uploads\/imq-retina.jpg\"},{\"@type\":\"BreadcrumbList\",\"@id\":\"https:\/\/svilupporaytech.com\/es\/quienes-somos\/empresa\/#breadcrumb\",\"itemListElement\":[{\"@type\":\"ListItem\",\"position\":1,\"name\":\"Home\",\"item\":\"https:\/\/svilupporaytech.com\/es\/\"},{\"@type\":\"ListItem\",\"position\":2,\"name\":\"Qui\u00e9nes somos\",\"item\":\"https:\/\/svilupporaytech.com\/es\/quienes-somos\/\"},{\"@type\":\"ListItem\",\"position\":3,\"name\":\"Empresa\"}]},{\"@type\":\"WebSite\",\"@id\":\"https:\/\/svilupporaytech.com\/#website\",\"url\":\"https:\/\/svilupporaytech.com\/\",\"name\":\"Raytech\",\"description\":\"Cable accessories company\",\"potentialAction\":[{\"@type\":\"SearchAction\",\"target\":{\"@type\":\"EntryPoint\",\"urlTemplate\":\"https:\/\/svilupporaytech.com\/?s={search_term_string}\"},\"query-input\":\"required name=search_term_string\"}],\"inLanguage\":\"es\"}]}<\/script>\n<!-- \/ Yoast SEO plugin. -->","yoast_head_json":{"title":"Empresa | Raytech","robots":{"index":"index","follow":"follow","max-snippet":"max-snippet:-1","max-image-preview":"max-image-preview:large","max-video-preview":"max-video-preview:-1"},"canonical":"https:\/\/svilupporaytech.com\/es\/quienes-somos\/empresa\/","og_locale":"es_ES","og_type":"article","og_title":"Empresa | Raytech","og_description":"[vc_row css=\u00bb.vc_custom_1564757943622{margin-bottom: 20px !important;}\u00bb][vc_column][vc_custom_heading text=\u00bbRaytech, 25 a\u00f1os de investigaci\u00f3n y desarrollo\u00bb font_container=\u00bbtag:h1|font_size:32px|text_align:left|color:%23e30613|line_height:38px\u00bb use_theme_fonts=\u00bbyes\u00bb css=\u00bb.vc_custom_1566815610712{margin-bottom: 30px !important;}\u00bb][vc_row_inner][vc_column_inner width=\u00bb1\/4&#8243;][vc_single_image image=\u00bb34717&#8243; img_size=\u00bbfull\u00bb add_caption=\u00bbyes\u00bb alignment=\u00bbcenter\u00bb][vc_btn title=\u00bbDescargar la certificaci\u00f3n\u00bb style=\u00bbcustom\u00bb custom_background=\u00bb#e30613&#8243; custom_text=\u00bb#ffffff\u00bb shape=\u00bbsquare\u00bb align=\u00bbcenter\u00bb i_align=\u00bbright\u00bb [\u2026]","og_url":"https:\/\/svilupporaytech.com\/es\/quienes-somos\/empresa\/","og_site_name":"Raytech","article_modified_time":"2023-12-13T12:32:47+00:00","og_image":[{"url":"https:\/\/svilupporaytech.com\/wp-content\/uploads\/imq-retina.jpg"}],"twitter_card":"summary_large_image","twitter_misc":{"Tiempo de lectura":"4 minutos"},"schema":{"@context":"https:\/\/schema.org","@graph":[{"@type":"WebPage","@id":"https:\/\/svilupporaytech.com\/es\/quienes-somos\/empresa\/","url":"https:\/\/svilupporaytech.com\/es\/quienes-somos\/empresa\/","name":"Empresa | Raytech","isPartOf":{"@id":"https:\/\/svilupporaytech.com\/#website"},"primaryImageOfPage":{"@id":"https:\/\/svilupporaytech.com\/es\/quienes-somos\/empresa\/#primaryimage"},"image":{"@id":"https:\/\/svilupporaytech.com\/es\/quienes-somos\/empresa\/#primaryimage"},"thumbnailUrl":"https:\/\/svilupporaytech.com\/wp-content\/uploads\/imq-retina.jpg","datePublished":"2015-09-17T08:41:32+00:00","dateModified":"2023-12-13T12:32:47+00:00","breadcrumb":{"@id":"https:\/\/svilupporaytech.com\/es\/quienes-somos\/empresa\/#breadcrumb"},"inLanguage":"es","potentialAction":[{"@type":"ReadAction","target":["https:\/\/svilupporaytech.com\/es\/quienes-somos\/empresa\/"]}]},{"@type":"ImageObject","inLanguage":"es","@id":"https:\/\/svilupporaytech.com\/es\/quienes-somos\/empresa\/#primaryimage","url":"https:\/\/svilupporaytech.com\/wp-content\/uploads\/imq-retina.jpg","contentUrl":"https:\/\/svilupporaytech.com\/wp-content\/uploads\/imq-retina.jpg"},{"@type":"BreadcrumbList","@id":"https:\/\/svilupporaytech.com\/es\/quienes-somos\/empresa\/#breadcrumb","itemListElement":[{"@type":"ListItem","position":1,"name":"Home","item":"https:\/\/svilupporaytech.com\/es\/"},{"@type":"ListItem","position":2,"name":"Qui\u00e9nes somos","item":"https:\/\/svilupporaytech.com\/es\/quienes-somos\/"},{"@type":"ListItem","position":3,"name":"Empresa"}]},{"@type":"WebSite","@id":"https:\/\/svilupporaytech.com\/#website","url":"https:\/\/svilupporaytech.com\/","name":"Raytech","description":"Cable accessories company","potentialAction":[{"@type":"SearchAction","target":{"@type":"EntryPoint","urlTemplate":"https:\/\/svilupporaytech.com\/?s={search_term_string}"},"query-input":"required name=search_term_string"}],"inLanguage":"es"}]}},"_links":{"self":[{"href":"https:\/\/svilupporaytech.com\/es\/wp-json\/wp\/v2\/pages\/7144"}],"collection":[{"href":"https:\/\/svilupporaytech.com\/es\/wp-json\/wp\/v2\/pages"}],"about":[{"href":"https:\/\/svilupporaytech.com\/es\/wp-json\/wp\/v2\/types\/page"}],"author":[{"embeddable":true,"href":"https:\/\/svilupporaytech.com\/es\/wp-json\/wp\/v2\/users\/1"}],"replies":[{"embeddable":true,"href":"https:\/\/svilupporaytech.com\/es\/wp-json\/wp\/v2\/comments?post=7144"}],"version-history":[{"count":3,"href":"https:\/\/svilupporaytech.com\/es\/wp-json\/wp\/v2\/pages\/7144\/revisions"}],"predecessor-version":[{"id":34743,"href":"https:\/\/svilupporaytech.com\/es\/wp-json\/wp\/v2\/pages\/7144\/revisions\/34743"}],"up":[{"embeddable":true,"href":"https:\/\/svilupporaytech.com\/es\/wp-json\/wp\/v2\/pages\/7141"}],"wp:attachment":[{"href":"https:\/\/svilupporaytech.com\/es\/wp-json\/wp\/v2\/media?parent=7144"}],"curies":[{"name":"wp","href":"https:\/\/api.w.org\/{rel}","templated":true}]}}