{"id":7591,"date":"2015-07-14T09:52:39","date_gmt":"2015-07-14T09:52:39","guid":{"rendered":"https:\/\/svilupporaytech.com\/?page_id=7591&#038;lang=es"},"modified":"2019-12-09T12:18:27","modified_gmt":"2019-12-09T12:18:27","slug":"trazados-en-linea","status":"publish","type":"page","link":"https:\/\/svilupporaytech.com\/es\/trazados-en-linea\/","title":{"rendered":"Trazados en linea"},"content":{"rendered":"<div class=\"wpb-content-wrapper\"><p>[vc_row css=\u00bb.vc_custom_1565167862357{margin-bottom: 30px !important;}\u00bb][vc_column][vc_custom_heading text=\u00bbTrazados en linea<br \/>\n\u00bb font_container=\u00bbtag:h1|font_size:32px|text_align:left|color:%23e30613|line_height:38px\u00bb use_theme_fonts=\u00bbyes\u00bb][\/vc_column][\/vc_row][vc_row css=\u00bb.vc_custom_1565167873441{margin-bottom: 30px !important;}\u00bb][vc_column][vc_column_text]Compila el m\u00f3dulo de proyecto m\u00e1s apropiado, envia a Raytech y recibir\u00e1s en breve el trazado y la oferta.<\/p>\n<p>[\/vc_column_text][\/vc_column][\/vc_row][vc_row css=\u00bb.vc_custom_1575893648313{margin-top: 0px !important;margin-bottom: 20px !important;}\u00bb][vc_column][vc_column_text]Para diferentes tipolog\u00edas de proyecto, <a href=\"https:\/\/svilupporaytech.com\/es\/contactos\/\">cont\u00e1ctenos<\/a>.[\/vc_column_text][\/vc_column][\/vc_row][vc_row][vc_column width=\u00bb1\/4&#8243;]<div class=\"icon_box icon_position_top no_border\"><a class=\"item-progetti-online\" href=\"\/es\/cavi-scaldanti\/rampas\"  ><div class=\"image_wrapper\"><img loading=\"lazy\" decoding=\"async\" src=\"https:\/\/svilupporaytech.com\/wp-content\/uploads\/cavi-scaldanti-rampe-1.jpg\" class=\"scale-with-grid\" alt=\"cavi-scaldanti-rampe\" width=\"600\" height=\"600\"\/><\/div><div class=\"desc_wrapper\"><h4 class=\"title\">Rampas<\/h4><\/div><\/a><\/div>\n[\/vc_column][vc_column width=\u00bb1\/4&#8243;]<div class=\"icon_box icon_position_top no_border\"><a class=\"item-progetti-online\" href=\"\/es\/cavi-scaldanti\/pasos-peatonales\"  ><div class=\"image_wrapper\"><img loading=\"lazy\" decoding=\"async\" src=\"https:\/\/svilupporaytech.com\/wp-content\/uploads\/cavi-scaldanti-passaggi-1.jpg\" class=\"scale-with-grid\" alt=\"cavi-scaldanti-passaggi\" width=\"600\" height=\"600\"\/><\/div><div class=\"desc_wrapper\"><h4 class=\"title\">Pasos peatonales<\/h4><\/div><\/a><\/div>\n[\/vc_column][vc_column width=\u00bb1\/4&#8243;]<div class=\"icon_box icon_position_top no_border\"><a class=\"item-progetti-online\" href=\"\/es\/cavi-scaldanti\/canalones-y-tubos-bajantes-de-agua\"  ><div class=\"image_wrapper\"><img loading=\"lazy\" decoding=\"async\" src=\"https:\/\/svilupporaytech.com\/wp-content\/uploads\/cavi-scaldanti-grondaie-1.jpg\" class=\"scale-with-grid\" alt=\"cavi-scaldanti-grondaie\" width=\"600\" height=\"600\"\/><\/div><div class=\"desc_wrapper\"><h4 class=\"title\">Canalones y tubos bajantes de agua<\/h4><\/div><\/a><\/div>\n[\/vc_column][vc_column width=\u00bb1\/4&#8243;]<div class=\"icon_box icon_position_top no_border\"><a class=\"item-progetti-online\" href=\"\/es\/cavi-scaldanti\/tuberias\"  ><div class=\"image_wrapper\"><img loading=\"lazy\" decoding=\"async\" src=\"https:\/\/svilupporaytech.com\/wp-content\/uploads\/cavi-scaldanti-tubazioni.jpg\" class=\"scale-with-grid\" alt=\"cavi-scaldanti-tubazioni\" width=\"600\" height=\"600\"\/><\/div><div class=\"desc_wrapper\"><h4 class=\"title\">Tuber\u00edas<\/h4><\/div><\/a><\/div>\n[\/vc_column][\/vc_row][vc_row][vc_column width=\u00bb1\/4&#8243;]<div class=\"icon_box icon_position_top no_border\"><a class=\"item-progetti-online\" href=\"\/es\/cavi-scaldanti\/silos-y-depositos\"  ><div class=\"image_wrapper\"><img loading=\"lazy\" decoding=\"async\" src=\"https:\/\/svilupporaytech.com\/wp-content\/uploads\/cavi-scaldanti-sili-1.jpg\" class=\"scale-with-grid\" alt=\"cavi-scaldanti-sili\" width=\"600\" height=\"600\"\/><\/div><div class=\"desc_wrapper\"><h4 class=\"title\">Silos y dep\u00f3sitos<\/h4><\/div><\/a><\/div>\n[\/vc_column][vc_column width=\u00bb1\/4&#8243;]<div class=\"icon_box icon_position_top no_border\"><a class=\"item-progetti-online\" href=\"\/es\/cavi-scaldanti\/terraza\"  ><div class=\"image_wrapper\"><img loading=\"lazy\" decoding=\"async\" src=\"https:\/\/svilupporaytech.com\/wp-content\/uploads\/cavi-scaldanti-terrazzi-1.jpg\" class=\"scale-with-grid\" alt=\"cavi-scaldanti-terrazzi\" width=\"600\" height=\"600\"\/><\/div><div class=\"desc_wrapper\"><h4 class=\"title\">Terraza<\/h4><\/div><\/a><\/div>\n[\/vc_column][vc_column width=\u00bb1\/4&#8243;]<div class=\"icon_box icon_position_top no_border\"><a class=\"item-progetti-online\" href=\"\/es\/cavi-scaldanti\/gradas-externas\"  ><div class=\"image_wrapper\"><img loading=\"lazy\" decoding=\"async\" src=\"https:\/\/svilupporaytech.com\/wp-content\/uploads\/cavi-scaldanti-gradini-1.jpg\" class=\"scale-with-grid\" alt=\"cavi-scaldanti-gradini\" width=\"600\" height=\"600\"\/><\/div><div class=\"desc_wrapper\"><h4 class=\"title\">Gradas<\/h4><\/div><\/a><\/div>\n[\/vc_column][vc_column width=\u00bb1\/4&#8243;]<div class=\"icon_box icon_position_top no_border\"><a class=\"item-progetti-online\" href=\"\/es\/cavi-scaldanti\/pavimientos\"  ><div class=\"image_wrapper\"><img loading=\"lazy\" decoding=\"async\" src=\"https:\/\/svilupporaytech.com\/wp-content\/uploads\/cavi-scaldanti-pavimenti-1.jpg\" class=\"scale-with-grid\" alt=\"cavi-scaldanti-pavimenti\" width=\"600\" height=\"600\"\/><\/div><div class=\"desc_wrapper\"><h4 class=\"title\">Plantas de interior<\/h4><\/div><\/a><\/div>\n[\/vc_column][\/vc_row]<\/p>\n<\/div>","protected":false},"excerpt":{"rendered":"<p>[vc_row css=\u00bb.vc_custom_1565167862357{margin-bottom: 30px !important;}\u00bb][vc_column][vc_custom_heading text=\u00bbTrazados en linea \u00bb font_container=\u00bbtag:h1|font_size:32px|text_align:left|color:%23e30613|line_height:38px\u00bb use_theme_fonts=\u00bbyes\u00bb][\/vc_column][\/vc_row][vc_row css=\u00bb.vc_custom_1565167873441{margin-bottom: 30px !important;}\u00bb][vc_column][vc_column_text]Compila el m\u00f3dulo de proyecto m\u00e1s apropiado, envia a Raytech y recibir\u00e1s en breve el trazado y la<span class=\"excerpt-hellip\"> [\u2026]<\/span><\/p>\n","protected":false},"author":1,"featured_media":0,"parent":0,"menu_order":0,"comment_status":"closed","ping_status":"open","template":"page-progetti.php","meta":{"footnotes":""},"yoast_head":"<!-- This site is optimized with the Yoast SEO plugin v22.7 - https:\/\/yoast.com\/wordpress\/plugins\/seo\/ -->\n<title>Cables calefactores - Trazados en linea - Raytech Italia<\/title>\n<meta name=\"description\" content=\"Compila el m\u00f3dulo de proyecto m\u00e1s apropiado, envia a Raytech y recibir\u00e1s en breve el trazado y la oferta.\" \/>\n<meta name=\"robots\" content=\"index, follow, max-snippet:-1, max-image-preview:large, max-video-preview:-1\" \/>\n<link rel=\"canonical\" href=\"https:\/\/svilupporaytech.com\/es\/trazados-en-linea\/\" \/>\n<meta property=\"og:locale\" content=\"es_ES\" \/>\n<meta property=\"og:type\" content=\"article\" \/>\n<meta property=\"og:title\" content=\"Cables calefactores - Trazados en linea - Raytech Italia\" \/>\n<meta property=\"og:description\" content=\"Compila el m\u00f3dulo de proyecto m\u00e1s apropiado, envia a Raytech y recibir\u00e1s en breve el trazado y la oferta.\" \/>\n<meta property=\"og:url\" content=\"https:\/\/svilupporaytech.com\/es\/trazados-en-linea\/\" \/>\n<meta property=\"og:site_name\" content=\"Raytech\" \/>\n<meta property=\"article:modified_time\" content=\"2019-12-09T12:18:27+00:00\" \/>\n<meta property=\"og:image\" content=\"https:\/\/svilupporaytech.com\/wp-content\/uploads\/logo_raytech.png\" \/>\n\t<meta property=\"og:image:width\" content=\"188\" \/>\n\t<meta property=\"og:image:height\" content=\"101\" \/>\n\t<meta property=\"og:image:type\" content=\"image\/png\" \/>\n<meta name=\"twitter:card\" content=\"summary_large_image\" \/>\n<meta name=\"twitter:label1\" content=\"Tiempo de lectura\" \/>\n\t<meta name=\"twitter:data1\" content=\"1 minuto\" \/>\n<script type=\"application\/ld+json\" class=\"yoast-schema-graph\">{\"@context\":\"https:\/\/schema.org\",\"@graph\":[{\"@type\":\"WebPage\",\"@id\":\"https:\/\/svilupporaytech.com\/es\/trazados-en-linea\/\",\"url\":\"https:\/\/svilupporaytech.com\/es\/trazados-en-linea\/\",\"name\":\"Cables calefactores - Trazados en linea - Raytech Italia\",\"isPartOf\":{\"@id\":\"https:\/\/svilupporaytech.com\/#website\"},\"datePublished\":\"2015-07-14T09:52:39+00:00\",\"dateModified\":\"2019-12-09T12:18:27+00:00\",\"description\":\"Compila el m\u00f3dulo de proyecto m\u00e1s apropiado, envia a Raytech y recibir\u00e1s en breve el trazado y la oferta.\",\"breadcrumb\":{\"@id\":\"https:\/\/svilupporaytech.com\/es\/trazados-en-linea\/#breadcrumb\"},\"inLanguage\":\"es\",\"potentialAction\":[{\"@type\":\"ReadAction\",\"target\":[\"https:\/\/svilupporaytech.com\/es\/trazados-en-linea\/\"]}]},{\"@type\":\"BreadcrumbList\",\"@id\":\"https:\/\/svilupporaytech.com\/es\/trazados-en-linea\/#breadcrumb\",\"itemListElement\":[{\"@type\":\"ListItem\",\"position\":1,\"name\":\"Home\",\"item\":\"https:\/\/svilupporaytech.com\/es\/\"},{\"@type\":\"ListItem\",\"position\":2,\"name\":\"Trazados en linea\"}]},{\"@type\":\"WebSite\",\"@id\":\"https:\/\/svilupporaytech.com\/#website\",\"url\":\"https:\/\/svilupporaytech.com\/\",\"name\":\"Raytech\",\"description\":\"Cable accessories company\",\"potentialAction\":[{\"@type\":\"SearchAction\",\"target\":{\"@type\":\"EntryPoint\",\"urlTemplate\":\"https:\/\/svilupporaytech.com\/?s={search_term_string}\"},\"query-input\":\"required name=search_term_string\"}],\"inLanguage\":\"es\"}]}<\/script>\n<!-- \/ Yoast SEO plugin. -->","yoast_head_json":{"title":"Cables calefactores - Trazados en linea - Raytech Italia","description":"Compila el m\u00f3dulo de proyecto m\u00e1s apropiado, envia a Raytech y recibir\u00e1s en breve el trazado y la oferta.","robots":{"index":"index","follow":"follow","max-snippet":"max-snippet:-1","max-image-preview":"max-image-preview:large","max-video-preview":"max-video-preview:-1"},"canonical":"https:\/\/svilupporaytech.com\/es\/trazados-en-linea\/","og_locale":"es_ES","og_type":"article","og_title":"Cables calefactores - Trazados en linea - Raytech Italia","og_description":"Compila el m\u00f3dulo de proyecto m\u00e1s apropiado, envia a Raytech y recibir\u00e1s en breve el trazado y la oferta.","og_url":"https:\/\/svilupporaytech.com\/es\/trazados-en-linea\/","og_site_name":"Raytech","article_modified_time":"2019-12-09T12:18:27+00:00","og_image":[{"width":188,"height":101,"url":"https:\/\/svilupporaytech.com\/wp-content\/uploads\/logo_raytech.png","type":"image\/png"}],"twitter_card":"summary_large_image","twitter_misc":{"Tiempo de lectura":"1 minuto"},"schema":{"@context":"https:\/\/schema.org","@graph":[{"@type":"WebPage","@id":"https:\/\/svilupporaytech.com\/es\/trazados-en-linea\/","url":"https:\/\/svilupporaytech.com\/es\/trazados-en-linea\/","name":"Cables calefactores - Trazados en linea - Raytech Italia","isPartOf":{"@id":"https:\/\/svilupporaytech.com\/#website"},"datePublished":"2015-07-14T09:52:39+00:00","dateModified":"2019-12-09T12:18:27+00:00","description":"Compila el m\u00f3dulo de proyecto m\u00e1s apropiado, envia a Raytech y recibir\u00e1s en breve el trazado y la oferta.","breadcrumb":{"@id":"https:\/\/svilupporaytech.com\/es\/trazados-en-linea\/#breadcrumb"},"inLanguage":"es","potentialAction":[{"@type":"ReadAction","target":["https:\/\/svilupporaytech.com\/es\/trazados-en-linea\/"]}]},{"@type":"BreadcrumbList","@id":"https:\/\/svilupporaytech.com\/es\/trazados-en-linea\/#breadcrumb","itemListElement":[{"@type":"ListItem","position":1,"name":"Home","item":"https:\/\/svilupporaytech.com\/es\/"},{"@type":"ListItem","position":2,"name":"Trazados en linea"}]},{"@type":"WebSite","@id":"https:\/\/svilupporaytech.com\/#website","url":"https:\/\/svilupporaytech.com\/","name":"Raytech","description":"Cable accessories company","potentialAction":[{"@type":"SearchAction","target":{"@type":"EntryPoint","urlTemplate":"https:\/\/svilupporaytech.com\/?s={search_term_string}"},"query-input":"required name=search_term_string"}],"inLanguage":"es"}]}},"_links":{"self":[{"href":"https:\/\/svilupporaytech.com\/es\/wp-json\/wp\/v2\/pages\/7591"}],"collection":[{"href":"https:\/\/svilupporaytech.com\/es\/wp-json\/wp\/v2\/pages"}],"about":[{"href":"https:\/\/svilupporaytech.com\/es\/wp-json\/wp\/v2\/types\/page"}],"author":[{"embeddable":true,"href":"https:\/\/svilupporaytech.com\/es\/wp-json\/wp\/v2\/users\/1"}],"replies":[{"embeddable":true,"href":"https:\/\/svilupporaytech.com\/es\/wp-json\/wp\/v2\/comments?post=7591"}],"version-history":[{"count":3,"href":"https:\/\/svilupporaytech.com\/es\/wp-json\/wp\/v2\/pages\/7591\/revisions"}],"predecessor-version":[{"id":21447,"href":"https:\/\/svilupporaytech.com\/es\/wp-json\/wp\/v2\/pages\/7591\/revisions\/21447"}],"wp:attachment":[{"href":"https:\/\/svilupporaytech.com\/es\/wp-json\/wp\/v2\/media?parent=7591"}],"curies":[{"name":"wp","href":"https:\/\/api.w.org\/{rel}","templated":true}]}}