{"id":22599,"date":"2019-12-19T14:42:05","date_gmt":"2019-12-19T13:42:05","guid":{"rendered":"https:\/\/svilupporaytech.com\/?post_type=product&#038;p=22599"},"modified":"2019-12-19T14:58:46","modified_gmt":"2019-12-19T13:58:46","slug":"mca-box","status":"publish","type":"product","link":"https:\/\/svilupporaytech.com\/es\/producto\/cables-calefactores\/accesorios\/mca-box\/","title":{"rendered":"MCA BOX"},"content":{"rendered":"<h4>Cajas de conexiones pre-rellenadas con gel para cables<br \/>\ncalefactores.<\/h4>\n<p>Cajas para la conexi\u00f3n, incluso m\u00faltiple, entre cables calefactores y entre cables calefactores y cables de alimentaci\u00f3n. Listas para usar, pre-rellenadas con gel, completadas<br \/>\ncon bloque de bornes de conexi\u00f3n con tuercas de tornillo, permiten la conexi\u00f3n entre<br \/>\ncables calefactores y entre cables calefactores con cables de alimentaci\u00f3n, asegurando<br \/>\nun grado de protecci\u00f3n IP68 e IP69K. Adecuadas para cables de alimentaci\u00f3n de \u00d88mm a<br \/>\n\u00d818mm, o para fuentes de alimentaci\u00f3n con conductores aislados de \u00d816mm, \u00d820mm,<br \/>\n\u00d825mm y \u00d832mm. Las CAJAS MCA son esenciales en lugares h\u00famedos, en \u00e1reas sujetas<br \/>\na condensaci\u00f3n o inundaci\u00f3n y est\u00e1n disponibles en versiones de 3 o 4 entradas para<br \/>\nsatisfacer cualquier requisito de instalaci\u00f3n<\/p>\n","protected":false},"excerpt":{"rendered":"<p>Cajas de conexiones pre-rellenadas con gel para cables calefactores. Cajas para la conexi\u00f3n, incluso m\u00faltiple, entre cables calefactores y entre cables calefactores y cables de alimentaci\u00f3n. Listas para usar, pre-rellenadas<span class=\"excerpt-hellip\"> [\u2026]<\/span><\/p>\n","protected":false},"featured_media":22609,"template":"","meta":[],"product_cat":[264,385],"product_tag":[],"yoast_head":"<!-- This site is optimized with the Yoast SEO plugin v22.7 - https:\/\/yoast.com\/wordpress\/plugins\/seo\/ -->\n<title>MCA BOX | Raytech<\/title>\n<meta name=\"robots\" content=\"index, follow, max-snippet:-1, max-image-preview:large, max-video-preview:-1\" \/>\n<link rel=\"canonical\" href=\"https:\/\/svilupporaytech.com\/es\/producto\/cables-calefactores\/accesorios\/mca-box\/\" \/>\n<meta property=\"og:locale\" content=\"es_ES\" \/>\n<meta property=\"og:type\" content=\"article\" \/>\n<meta property=\"og:title\" content=\"MCA BOX | Raytech\" \/>\n<meta property=\"og:description\" content=\"Cajas de conexiones pre-rellenadas con gel para cables calefactores. Cajas para la conexi\u00f3n, incluso m\u00faltiple, entre cables calefactores y entre cables calefactores y cables de alimentaci\u00f3n. Listas para usar, pre-rellenadas [\u2026]\" \/>\n<meta property=\"og:url\" content=\"https:\/\/svilupporaytech.com\/es\/producto\/cables-calefactores\/accesorios\/mca-box\/\" \/>\n<meta property=\"og:site_name\" content=\"Raytech\" \/>\n<meta property=\"article:modified_time\" content=\"2019-12-19T13:58:46+00:00\" \/>\n<meta property=\"og:image\" content=\"https:\/\/svilupporaytech.com\/wp-content\/uploads\/mcabox-00.jpg\" \/>\n\t<meta property=\"og:image:width\" content=\"1024\" \/>\n\t<meta property=\"og:image:height\" content=\"1024\" \/>\n\t<meta property=\"og:image:type\" content=\"image\/jpeg\" \/>\n<meta name=\"twitter:card\" content=\"summary_large_image\" \/>\n<meta name=\"twitter:label1\" content=\"Tiempo de lectura\" \/>\n\t<meta name=\"twitter:data1\" content=\"1 minuto\" \/>\n<script type=\"application\/ld+json\" class=\"yoast-schema-graph\">{\"@context\":\"https:\/\/schema.org\",\"@graph\":[{\"@type\":\"WebPage\",\"@id\":\"https:\/\/svilupporaytech.com\/es\/producto\/cables-calefactores\/accesorios\/mca-box\/\",\"url\":\"https:\/\/svilupporaytech.com\/es\/producto\/cables-calefactores\/accesorios\/mca-box\/\",\"name\":\"MCA BOX | Raytech\",\"isPartOf\":{\"@id\":\"https:\/\/svilupporaytech.com\/#website\"},\"primaryImageOfPage\":{\"@id\":\"https:\/\/svilupporaytech.com\/es\/producto\/cables-calefactores\/accesorios\/mca-box\/#primaryimage\"},\"image\":{\"@id\":\"https:\/\/svilupporaytech.com\/es\/producto\/cables-calefactores\/accesorios\/mca-box\/#primaryimage\"},\"thumbnailUrl\":\"https:\/\/svilupporaytech.com\/wp-content\/uploads\/mcabox-00.jpg\",\"datePublished\":\"2019-12-19T13:42:05+00:00\",\"dateModified\":\"2019-12-19T13:58:46+00:00\",\"breadcrumb\":{\"@id\":\"https:\/\/svilupporaytech.com\/es\/producto\/cables-calefactores\/accesorios\/mca-box\/#breadcrumb\"},\"inLanguage\":\"es\",\"potentialAction\":[{\"@type\":\"ReadAction\",\"target\":[\"https:\/\/svilupporaytech.com\/es\/producto\/cables-calefactores\/accesorios\/mca-box\/\"]}]},{\"@type\":\"ImageObject\",\"inLanguage\":\"es\",\"@id\":\"https:\/\/svilupporaytech.com\/es\/producto\/cables-calefactores\/accesorios\/mca-box\/#primaryimage\",\"url\":\"https:\/\/svilupporaytech.com\/wp-content\/uploads\/mcabox-00.jpg\",\"contentUrl\":\"https:\/\/svilupporaytech.com\/wp-content\/uploads\/mcabox-00.jpg\",\"width\":1024,\"height\":1024},{\"@type\":\"BreadcrumbList\",\"@id\":\"https:\/\/svilupporaytech.com\/es\/producto\/cables-calefactores\/accesorios\/mca-box\/#breadcrumb\",\"itemListElement\":[{\"@type\":\"ListItem\",\"position\":1,\"name\":\"Home\",\"item\":\"https:\/\/svilupporaytech.com\/es\/\"},{\"@type\":\"ListItem\",\"position\":2,\"name\":\"Tienda\",\"item\":\"https:\/\/svilupporaytech.com\/es\/tienda\/\"},{\"@type\":\"ListItem\",\"position\":3,\"name\":\"MCA BOX\"}]},{\"@type\":\"WebSite\",\"@id\":\"https:\/\/svilupporaytech.com\/#website\",\"url\":\"https:\/\/svilupporaytech.com\/\",\"name\":\"Raytech\",\"description\":\"Cable accessories company\",\"potentialAction\":[{\"@type\":\"SearchAction\",\"target\":{\"@type\":\"EntryPoint\",\"urlTemplate\":\"https:\/\/svilupporaytech.com\/?s={search_term_string}\"},\"query-input\":\"required name=search_term_string\"}],\"inLanguage\":\"es\"}]}<\/script>\n<!-- \/ Yoast SEO plugin. -->","yoast_head_json":{"title":"MCA BOX | Raytech","robots":{"index":"index","follow":"follow","max-snippet":"max-snippet:-1","max-image-preview":"max-image-preview:large","max-video-preview":"max-video-preview:-1"},"canonical":"https:\/\/svilupporaytech.com\/es\/producto\/cables-calefactores\/accesorios\/mca-box\/","og_locale":"es_ES","og_type":"article","og_title":"MCA BOX | Raytech","og_description":"Cajas de conexiones pre-rellenadas con gel para cables calefactores. Cajas para la conexi\u00f3n, incluso m\u00faltiple, entre cables calefactores y entre cables calefactores y cables de alimentaci\u00f3n. Listas para usar, pre-rellenadas [\u2026]","og_url":"https:\/\/svilupporaytech.com\/es\/producto\/cables-calefactores\/accesorios\/mca-box\/","og_site_name":"Raytech","article_modified_time":"2019-12-19T13:58:46+00:00","og_image":[{"width":1024,"height":1024,"url":"https:\/\/svilupporaytech.com\/wp-content\/uploads\/mcabox-00.jpg","type":"image\/jpeg"}],"twitter_card":"summary_large_image","twitter_misc":{"Tiempo de lectura":"1 minuto"},"schema":{"@context":"https:\/\/schema.org","@graph":[{"@type":"WebPage","@id":"https:\/\/svilupporaytech.com\/es\/producto\/cables-calefactores\/accesorios\/mca-box\/","url":"https:\/\/svilupporaytech.com\/es\/producto\/cables-calefactores\/accesorios\/mca-box\/","name":"MCA BOX | Raytech","isPartOf":{"@id":"https:\/\/svilupporaytech.com\/#website"},"primaryImageOfPage":{"@id":"https:\/\/svilupporaytech.com\/es\/producto\/cables-calefactores\/accesorios\/mca-box\/#primaryimage"},"image":{"@id":"https:\/\/svilupporaytech.com\/es\/producto\/cables-calefactores\/accesorios\/mca-box\/#primaryimage"},"thumbnailUrl":"https:\/\/svilupporaytech.com\/wp-content\/uploads\/mcabox-00.jpg","datePublished":"2019-12-19T13:42:05+00:00","dateModified":"2019-12-19T13:58:46+00:00","breadcrumb":{"@id":"https:\/\/svilupporaytech.com\/es\/producto\/cables-calefactores\/accesorios\/mca-box\/#breadcrumb"},"inLanguage":"es","potentialAction":[{"@type":"ReadAction","target":["https:\/\/svilupporaytech.com\/es\/producto\/cables-calefactores\/accesorios\/mca-box\/"]}]},{"@type":"ImageObject","inLanguage":"es","@id":"https:\/\/svilupporaytech.com\/es\/producto\/cables-calefactores\/accesorios\/mca-box\/#primaryimage","url":"https:\/\/svilupporaytech.com\/wp-content\/uploads\/mcabox-00.jpg","contentUrl":"https:\/\/svilupporaytech.com\/wp-content\/uploads\/mcabox-00.jpg","width":1024,"height":1024},{"@type":"BreadcrumbList","@id":"https:\/\/svilupporaytech.com\/es\/producto\/cables-calefactores\/accesorios\/mca-box\/#breadcrumb","itemListElement":[{"@type":"ListItem","position":1,"name":"Home","item":"https:\/\/svilupporaytech.com\/es\/"},{"@type":"ListItem","position":2,"name":"Tienda","item":"https:\/\/svilupporaytech.com\/es\/tienda\/"},{"@type":"ListItem","position":3,"name":"MCA BOX"}]},{"@type":"WebSite","@id":"https:\/\/svilupporaytech.com\/#website","url":"https:\/\/svilupporaytech.com\/","name":"Raytech","description":"Cable accessories company","potentialAction":[{"@type":"SearchAction","target":{"@type":"EntryPoint","urlTemplate":"https:\/\/svilupporaytech.com\/?s={search_term_string}"},"query-input":"required name=search_term_string"}],"inLanguage":"es"}]}},"_links":{"self":[{"href":"https:\/\/svilupporaytech.com\/es\/wp-json\/wp\/v2\/product\/22599"}],"collection":[{"href":"https:\/\/svilupporaytech.com\/es\/wp-json\/wp\/v2\/product"}],"about":[{"href":"https:\/\/svilupporaytech.com\/es\/wp-json\/wp\/v2\/types\/product"}],"wp:featuredmedia":[{"embeddable":true,"href":"https:\/\/svilupporaytech.com\/es\/wp-json\/wp\/v2\/media\/22609"}],"wp:attachment":[{"href":"https:\/\/svilupporaytech.com\/es\/wp-json\/wp\/v2\/media?parent=22599"}],"wp:term":[{"taxonomy":"product_cat","embeddable":true,"href":"https:\/\/svilupporaytech.com\/es\/wp-json\/wp\/v2\/product_cat?post=22599"},{"taxonomy":"product_tag","embeddable":true,"href":"https:\/\/svilupporaytech.com\/es\/wp-json\/wp\/v2\/product_tag?post=22599"}],"curies":[{"name":"wp","href":"https:\/\/api.w.org\/{rel}","templated":true}]}}