{"id":33431,"date":"2023-06-07T14:59:34","date_gmt":"2023-06-07T13:59:34","guid":{"rendered":"https:\/\/svilupporaytech.com\/?post_type=product&#038;p=33431"},"modified":"2023-06-12T17:38:50","modified_gmt":"2023-06-12T16:38:50","slug":"ready-cast","status":"publish","type":"product","link":"https:\/\/svilupporaytech.com\/es\/producto\/baja-tension\/empalmes\/pre-rellenados\/ready-cast\/","title":{"rendered":"Ready Cast"},"content":{"rendered":"<h4>La nueva junta pre-rellenada en resina para cables de aislamiento extruido de hasta 1 kV.<\/h4>\n<p>Gracias a su innovador sistema de entrada de cables pregrabado y de fractura f\u00e1cil, Ready Cast se adapta de forma r\u00e1pida y sencilla a cualquier di\u00e1metro de cable, respetando los di\u00e1metros m\u00ednimos y m\u00e1ximos alogibles en la gama. Con el bloque de terminales r\u00e1pido y seguro incluido en el paquete o con conectores de uso com\u00fan que siempre se pueden alojar en el pr\u00e1ctico separador cruzado, incluido en el kit. Ready Cast est\u00e1 equipado con un sistema de anti-tracci\u00f3n de cable, ya que se puede anclar a la carcasa utilizando las bridas en dotaci\u00f3n.<\/p>\n","protected":false},"excerpt":{"rendered":"<p>La nueva junta pre-rellenada en resina para cables de aislamiento extruido de hasta 1 kV. Gracias a su innovador sistema de entrada de cables pregrabado y de fractura f\u00e1cil, Ready<span class=\"excerpt-hellip\"> [\u2026]<\/span><\/p>\n","protected":false},"featured_media":33527,"template":"","meta":[],"product_cat":[239,241,244],"product_tag":[],"yoast_head":"<!-- This site is optimized with the Yoast SEO plugin v22.7 - https:\/\/yoast.com\/wordpress\/plugins\/seo\/ -->\n<title>Ready Cast - Mini giunti IP68 e IP69K pre-riempiti in gel | Raytech<\/title>\n<meta name=\"robots\" content=\"index, follow, max-snippet:-1, max-image-preview:large, max-video-preview:-1\" \/>\n<link rel=\"canonical\" href=\"https:\/\/svilupporaytech.com\/es\/producto\/baja-tension\/empalmes\/pre-rellenados\/ready-cast\/\" \/>\n<meta property=\"og:locale\" content=\"es_ES\" \/>\n<meta property=\"og:type\" content=\"article\" \/>\n<meta property=\"og:title\" content=\"Ready Cast - Mini giunti IP68 e IP69K pre-riempiti in gel | Raytech\" \/>\n<meta property=\"og:description\" content=\"La nueva junta pre-rellenada en resina para cables de aislamiento extruido de hasta 1 kV. Gracias a su innovador sistema de entrada de cables pregrabado y de fractura f\u00e1cil, Ready [\u2026]\" \/>\n<meta property=\"og:url\" content=\"https:\/\/svilupporaytech.com\/es\/producto\/baja-tension\/empalmes\/pre-rellenados\/ready-cast\/\" \/>\n<meta property=\"og:site_name\" content=\"Raytech\" \/>\n<meta property=\"article:modified_time\" content=\"2023-06-12T16:38:50+00:00\" \/>\n<meta property=\"og:image\" content=\"https:\/\/svilupporaytech.com\/wp-content\/uploads\/ReadyCast.jpg\" \/>\n\t<meta property=\"og:image:width\" content=\"1024\" \/>\n\t<meta property=\"og:image:height\" content=\"1024\" \/>\n\t<meta property=\"og:image:type\" content=\"image\/jpeg\" \/>\n<meta name=\"twitter:card\" content=\"summary_large_image\" \/>\n<meta name=\"twitter:label1\" content=\"Tiempo de lectura\" \/>\n\t<meta name=\"twitter:data1\" content=\"1 minuto\" \/>\n<script type=\"application\/ld+json\" class=\"yoast-schema-graph\">{\"@context\":\"https:\/\/schema.org\",\"@graph\":[{\"@type\":\"WebPage\",\"@id\":\"https:\/\/svilupporaytech.com\/es\/producto\/baja-tension\/empalmes\/pre-rellenados\/ready-cast\/\",\"url\":\"https:\/\/svilupporaytech.com\/es\/producto\/baja-tension\/empalmes\/pre-rellenados\/ready-cast\/\",\"name\":\"Ready Cast - Mini giunti IP68 e IP69K pre-riempiti in gel | Raytech\",\"isPartOf\":{\"@id\":\"https:\/\/svilupporaytech.com\/#website\"},\"primaryImageOfPage\":{\"@id\":\"https:\/\/svilupporaytech.com\/es\/producto\/baja-tension\/empalmes\/pre-rellenados\/ready-cast\/#primaryimage\"},\"image\":{\"@id\":\"https:\/\/svilupporaytech.com\/es\/producto\/baja-tension\/empalmes\/pre-rellenados\/ready-cast\/#primaryimage\"},\"thumbnailUrl\":\"https:\/\/svilupporaytech.com\/wp-content\/uploads\/ReadyCast.jpg\",\"datePublished\":\"2023-06-07T13:59:34+00:00\",\"dateModified\":\"2023-06-12T16:38:50+00:00\",\"breadcrumb\":{\"@id\":\"https:\/\/svilupporaytech.com\/es\/producto\/baja-tension\/empalmes\/pre-rellenados\/ready-cast\/#breadcrumb\"},\"inLanguage\":\"es\",\"potentialAction\":[{\"@type\":\"ReadAction\",\"target\":[\"https:\/\/svilupporaytech.com\/es\/producto\/baja-tension\/empalmes\/pre-rellenados\/ready-cast\/\"]}]},{\"@type\":\"ImageObject\",\"inLanguage\":\"es\",\"@id\":\"https:\/\/svilupporaytech.com\/es\/producto\/baja-tension\/empalmes\/pre-rellenados\/ready-cast\/#primaryimage\",\"url\":\"https:\/\/svilupporaytech.com\/wp-content\/uploads\/ReadyCast.jpg\",\"contentUrl\":\"https:\/\/svilupporaytech.com\/wp-content\/uploads\/ReadyCast.jpg\",\"width\":1024,\"height\":1024},{\"@type\":\"BreadcrumbList\",\"@id\":\"https:\/\/svilupporaytech.com\/es\/producto\/baja-tension\/empalmes\/pre-rellenados\/ready-cast\/#breadcrumb\",\"itemListElement\":[{\"@type\":\"ListItem\",\"position\":1,\"name\":\"Home\",\"item\":\"https:\/\/svilupporaytech.com\/es\/\"},{\"@type\":\"ListItem\",\"position\":2,\"name\":\"Tienda\",\"item\":\"https:\/\/svilupporaytech.com\/es\/tienda\/\"},{\"@type\":\"ListItem\",\"position\":3,\"name\":\"Ready Cast\"}]},{\"@type\":\"WebSite\",\"@id\":\"https:\/\/svilupporaytech.com\/#website\",\"url\":\"https:\/\/svilupporaytech.com\/\",\"name\":\"Raytech\",\"description\":\"Cable accessories company\",\"potentialAction\":[{\"@type\":\"SearchAction\",\"target\":{\"@type\":\"EntryPoint\",\"urlTemplate\":\"https:\/\/svilupporaytech.com\/?s={search_term_string}\"},\"query-input\":\"required name=search_term_string\"}],\"inLanguage\":\"es\"}]}<\/script>\n<!-- \/ Yoast SEO plugin. -->","yoast_head_json":{"title":"Ready Cast - Mini giunti IP68 e IP69K pre-riempiti in gel | Raytech","robots":{"index":"index","follow":"follow","max-snippet":"max-snippet:-1","max-image-preview":"max-image-preview:large","max-video-preview":"max-video-preview:-1"},"canonical":"https:\/\/svilupporaytech.com\/es\/producto\/baja-tension\/empalmes\/pre-rellenados\/ready-cast\/","og_locale":"es_ES","og_type":"article","og_title":"Ready Cast - Mini giunti IP68 e IP69K pre-riempiti in gel | Raytech","og_description":"La nueva junta pre-rellenada en resina para cables de aislamiento extruido de hasta 1 kV. Gracias a su innovador sistema de entrada de cables pregrabado y de fractura f\u00e1cil, Ready [\u2026]","og_url":"https:\/\/svilupporaytech.com\/es\/producto\/baja-tension\/empalmes\/pre-rellenados\/ready-cast\/","og_site_name":"Raytech","article_modified_time":"2023-06-12T16:38:50+00:00","og_image":[{"width":1024,"height":1024,"url":"https:\/\/svilupporaytech.com\/wp-content\/uploads\/ReadyCast.jpg","type":"image\/jpeg"}],"twitter_card":"summary_large_image","twitter_misc":{"Tiempo de lectura":"1 minuto"},"schema":{"@context":"https:\/\/schema.org","@graph":[{"@type":"WebPage","@id":"https:\/\/svilupporaytech.com\/es\/producto\/baja-tension\/empalmes\/pre-rellenados\/ready-cast\/","url":"https:\/\/svilupporaytech.com\/es\/producto\/baja-tension\/empalmes\/pre-rellenados\/ready-cast\/","name":"Ready Cast - Mini giunti IP68 e IP69K pre-riempiti in gel | Raytech","isPartOf":{"@id":"https:\/\/svilupporaytech.com\/#website"},"primaryImageOfPage":{"@id":"https:\/\/svilupporaytech.com\/es\/producto\/baja-tension\/empalmes\/pre-rellenados\/ready-cast\/#primaryimage"},"image":{"@id":"https:\/\/svilupporaytech.com\/es\/producto\/baja-tension\/empalmes\/pre-rellenados\/ready-cast\/#primaryimage"},"thumbnailUrl":"https:\/\/svilupporaytech.com\/wp-content\/uploads\/ReadyCast.jpg","datePublished":"2023-06-07T13:59:34+00:00","dateModified":"2023-06-12T16:38:50+00:00","breadcrumb":{"@id":"https:\/\/svilupporaytech.com\/es\/producto\/baja-tension\/empalmes\/pre-rellenados\/ready-cast\/#breadcrumb"},"inLanguage":"es","potentialAction":[{"@type":"ReadAction","target":["https:\/\/svilupporaytech.com\/es\/producto\/baja-tension\/empalmes\/pre-rellenados\/ready-cast\/"]}]},{"@type":"ImageObject","inLanguage":"es","@id":"https:\/\/svilupporaytech.com\/es\/producto\/baja-tension\/empalmes\/pre-rellenados\/ready-cast\/#primaryimage","url":"https:\/\/svilupporaytech.com\/wp-content\/uploads\/ReadyCast.jpg","contentUrl":"https:\/\/svilupporaytech.com\/wp-content\/uploads\/ReadyCast.jpg","width":1024,"height":1024},{"@type":"BreadcrumbList","@id":"https:\/\/svilupporaytech.com\/es\/producto\/baja-tension\/empalmes\/pre-rellenados\/ready-cast\/#breadcrumb","itemListElement":[{"@type":"ListItem","position":1,"name":"Home","item":"https:\/\/svilupporaytech.com\/es\/"},{"@type":"ListItem","position":2,"name":"Tienda","item":"https:\/\/svilupporaytech.com\/es\/tienda\/"},{"@type":"ListItem","position":3,"name":"Ready Cast"}]},{"@type":"WebSite","@id":"https:\/\/svilupporaytech.com\/#website","url":"https:\/\/svilupporaytech.com\/","name":"Raytech","description":"Cable accessories company","potentialAction":[{"@type":"SearchAction","target":{"@type":"EntryPoint","urlTemplate":"https:\/\/svilupporaytech.com\/?s={search_term_string}"},"query-input":"required name=search_term_string"}],"inLanguage":"es"}]}},"_links":{"self":[{"href":"https:\/\/svilupporaytech.com\/es\/wp-json\/wp\/v2\/product\/33431"}],"collection":[{"href":"https:\/\/svilupporaytech.com\/es\/wp-json\/wp\/v2\/product"}],"about":[{"href":"https:\/\/svilupporaytech.com\/es\/wp-json\/wp\/v2\/types\/product"}],"wp:featuredmedia":[{"embeddable":true,"href":"https:\/\/svilupporaytech.com\/es\/wp-json\/wp\/v2\/media\/33527"}],"wp:attachment":[{"href":"https:\/\/svilupporaytech.com\/es\/wp-json\/wp\/v2\/media?parent=33431"}],"wp:term":[{"taxonomy":"product_cat","embeddable":true,"href":"https:\/\/svilupporaytech.com\/es\/wp-json\/wp\/v2\/product_cat?post=33431"},{"taxonomy":"product_tag","embeddable":true,"href":"https:\/\/svilupporaytech.com\/es\/wp-json\/wp\/v2\/product_tag?post=33431"}],"curies":[{"name":"wp","href":"https:\/\/api.w.org\/{rel}","templated":true}]}}