{"id":6144,"date":"2015-07-15T10:18:23","date_gmt":"2015-12-15T15:30:21","guid":{"rendered":"https:\/\/svilupporaytech.com\/?post_type=product&#038;p=6144&#038;lang=es"},"modified":"2019-08-01T09:01:48","modified_gmt":"2019-08-01T09:01:48","slug":"king-joint","status":"publish","type":"product","link":"https:\/\/svilupporaytech.com\/es\/producto\/baja-tension\/empalmes\/pre-rellenados\/king-joint\/","title":{"rendered":"King Joint"},"content":{"rendered":"<h4><span style=\"color: #009832;\">Gama de juntas r\u00e1pidas pre rellenadas de gel, de tipo recto y derivado, para cables multi polares 0,6\/1 kV de hasta 5 almas.<\/span><\/h4>\n<p>Debido al aislamiento primario, constituido por un gel polim\u00e9rico reticulado, y a la envoltura de pl\u00e1stico aislante de solidez extraordinaria, el empalme pertenece a la Clase 2 cumpliendo con las definiciones de la norma CEI 64-8. El empalme, probado seg\u00fan las principales normas internacionales con numerosos ciclos de flexi\u00f3n y de torsi\u00f3n, y con inmersi\u00f3n en agua, ha sido declarado conforme a los requisitos mec\u00e1nicos, el\u00e9ctricos y de sellado necesarios para los accesorios de cables pl\u00e1sticos. El empalme y sus componentes no tienen caducidad de almacenamiento, son inertes desde el punto de vista qu\u00edmico y, por consiguiente, son absolutamente seguros; las conexiones de los conductores son reaccesibles tambi\u00e9n despu\u00e9s de largos per\u00edodos de trabajo. Producido con material autoextinguible, no propaga llamas. Adecuado para cables con temperatura de funcionamiento de 90\u00b0C.<\/p>\n<ul>\n<li><span style=\"color: #008b33;\">Para cables multipolares de hasta 5 almas <\/span><\/li>\n<li><span style=\"color: #008b33;\">Espaciador con 5 sectores para una perfecta conexi\u00f3n pentapolar<\/span><\/li>\n<li><span style=\"color: #008b33;\">Dotados de conectores de tornillo<\/span><\/li>\n<li><span style=\"color: #008b33;\">Para conexiones rectas y derivadas tambi\u00e9n de tipo armado<\/span><\/li>\n<li><span style=\"color: #008b33;\">Para todo tipo de uso, incluso sumergido<\/span><\/li>\n<li><span style=\"color: #008b33;\">Reaccesibles y sin caducidad<\/span><\/li>\n<li><span style=\"color: #008b33;\">No propagan la llama<\/span><\/li>\n<li><span style=\"color: #008b33;\">At\u00f3xicos y seguros<\/span><\/li>\n<\/ul>\n","protected":false},"excerpt":{"rendered":"<p>Gama de juntas r\u00e1pidas pre rellenadas de gel, de tipo recto y derivado, para cables multi polares 0,6\/1 kV de hasta 5 almas. Debido al aislamiento primario, constituido por un<span class=\"excerpt-hellip\"> [\u2026]<\/span><\/p>\n","protected":false},"featured_media":2814,"template":"","meta":[],"product_cat":[239,241,244],"product_tag":[],"yoast_head":"<!-- This site is optimized with the Yoast SEO plugin v22.7 - https:\/\/yoast.com\/wordpress\/plugins\/seo\/ -->\n<title>King Joint | Raytech<\/title>\n<meta name=\"robots\" content=\"index, follow, max-snippet:-1, max-image-preview:large, max-video-preview:-1\" \/>\n<link rel=\"canonical\" href=\"https:\/\/svilupporaytech.com\/es\/producto\/baja-tension\/empalmes\/pre-rellenados\/king-joint\/\" \/>\n<meta property=\"og:locale\" content=\"es_ES\" \/>\n<meta property=\"og:type\" content=\"article\" \/>\n<meta property=\"og:title\" content=\"King Joint | Raytech\" \/>\n<meta property=\"og:description\" content=\"Gama de juntas r\u00e1pidas pre rellenadas de gel, de tipo recto y derivado, para cables multi polares 0,6\/1 kV de hasta 5 almas. Debido al aislamiento primario, constituido por un [\u2026]\" \/>\n<meta property=\"og:url\" content=\"https:\/\/svilupporaytech.com\/es\/producto\/baja-tension\/empalmes\/pre-rellenados\/king-joint\/\" \/>\n<meta property=\"og:site_name\" content=\"Raytech\" \/>\n<meta property=\"article:modified_time\" content=\"2019-08-01T09:01:48+00:00\" \/>\n<meta property=\"og:image\" content=\"https:\/\/svilupporaytech.com\/wp-content\/uploads\/king-joint-1.jpg\" \/>\n\t<meta property=\"og:image:width\" content=\"1024\" \/>\n\t<meta property=\"og:image:height\" content=\"1024\" \/>\n\t<meta property=\"og:image:type\" content=\"image\/jpeg\" \/>\n<meta name=\"twitter:card\" content=\"summary_large_image\" \/>\n<meta name=\"twitter:label1\" content=\"Tiempo de lectura\" \/>\n\t<meta name=\"twitter:data1\" content=\"1 minuto\" \/>\n<script type=\"application\/ld+json\" class=\"yoast-schema-graph\">{\"@context\":\"https:\/\/schema.org\",\"@graph\":[{\"@type\":\"WebPage\",\"@id\":\"https:\/\/svilupporaytech.com\/es\/producto\/baja-tension\/empalmes\/pre-rellenados\/king-joint\/\",\"url\":\"https:\/\/svilupporaytech.com\/es\/producto\/baja-tension\/empalmes\/pre-rellenados\/king-joint\/\",\"name\":\"King Joint | Raytech\",\"isPartOf\":{\"@id\":\"https:\/\/svilupporaytech.com\/#website\"},\"primaryImageOfPage\":{\"@id\":\"https:\/\/svilupporaytech.com\/es\/producto\/baja-tension\/empalmes\/pre-rellenados\/king-joint\/#primaryimage\"},\"image\":{\"@id\":\"https:\/\/svilupporaytech.com\/es\/producto\/baja-tension\/empalmes\/pre-rellenados\/king-joint\/#primaryimage\"},\"thumbnailUrl\":\"https:\/\/svilupporaytech.com\/wp-content\/uploads\/king-joint-1.jpg\",\"datePublished\":\"2015-12-15T15:30:21+00:00\",\"dateModified\":\"2019-08-01T09:01:48+00:00\",\"breadcrumb\":{\"@id\":\"https:\/\/svilupporaytech.com\/es\/producto\/baja-tension\/empalmes\/pre-rellenados\/king-joint\/#breadcrumb\"},\"inLanguage\":\"es\",\"potentialAction\":[{\"@type\":\"ReadAction\",\"target\":[\"https:\/\/svilupporaytech.com\/es\/producto\/baja-tension\/empalmes\/pre-rellenados\/king-joint\/\"]}]},{\"@type\":\"ImageObject\",\"inLanguage\":\"es\",\"@id\":\"https:\/\/svilupporaytech.com\/es\/producto\/baja-tension\/empalmes\/pre-rellenados\/king-joint\/#primaryimage\",\"url\":\"https:\/\/svilupporaytech.com\/wp-content\/uploads\/king-joint-1.jpg\",\"contentUrl\":\"https:\/\/svilupporaytech.com\/wp-content\/uploads\/king-joint-1.jpg\",\"width\":1024,\"height\":1024},{\"@type\":\"BreadcrumbList\",\"@id\":\"https:\/\/svilupporaytech.com\/es\/producto\/baja-tension\/empalmes\/pre-rellenados\/king-joint\/#breadcrumb\",\"itemListElement\":[{\"@type\":\"ListItem\",\"position\":1,\"name\":\"Home\",\"item\":\"https:\/\/svilupporaytech.com\/es\/\"},{\"@type\":\"ListItem\",\"position\":2,\"name\":\"Tienda\",\"item\":\"https:\/\/svilupporaytech.com\/es\/tienda\/\"},{\"@type\":\"ListItem\",\"position\":3,\"name\":\"King Joint\"}]},{\"@type\":\"WebSite\",\"@id\":\"https:\/\/svilupporaytech.com\/#website\",\"url\":\"https:\/\/svilupporaytech.com\/\",\"name\":\"Raytech\",\"description\":\"Cable accessories company\",\"potentialAction\":[{\"@type\":\"SearchAction\",\"target\":{\"@type\":\"EntryPoint\",\"urlTemplate\":\"https:\/\/svilupporaytech.com\/?s={search_term_string}\"},\"query-input\":\"required name=search_term_string\"}],\"inLanguage\":\"es\"}]}<\/script>\n<!-- \/ Yoast SEO plugin. -->","yoast_head_json":{"title":"King Joint | Raytech","robots":{"index":"index","follow":"follow","max-snippet":"max-snippet:-1","max-image-preview":"max-image-preview:large","max-video-preview":"max-video-preview:-1"},"canonical":"https:\/\/svilupporaytech.com\/es\/producto\/baja-tension\/empalmes\/pre-rellenados\/king-joint\/","og_locale":"es_ES","og_type":"article","og_title":"King Joint | Raytech","og_description":"Gama de juntas r\u00e1pidas pre rellenadas de gel, de tipo recto y derivado, para cables multi polares 0,6\/1 kV de hasta 5 almas. Debido al aislamiento primario, constituido por un [\u2026]","og_url":"https:\/\/svilupporaytech.com\/es\/producto\/baja-tension\/empalmes\/pre-rellenados\/king-joint\/","og_site_name":"Raytech","article_modified_time":"2019-08-01T09:01:48+00:00","og_image":[{"width":1024,"height":1024,"url":"https:\/\/svilupporaytech.com\/wp-content\/uploads\/king-joint-1.jpg","type":"image\/jpeg"}],"twitter_card":"summary_large_image","twitter_misc":{"Tiempo de lectura":"1 minuto"},"schema":{"@context":"https:\/\/schema.org","@graph":[{"@type":"WebPage","@id":"https:\/\/svilupporaytech.com\/es\/producto\/baja-tension\/empalmes\/pre-rellenados\/king-joint\/","url":"https:\/\/svilupporaytech.com\/es\/producto\/baja-tension\/empalmes\/pre-rellenados\/king-joint\/","name":"King Joint | Raytech","isPartOf":{"@id":"https:\/\/svilupporaytech.com\/#website"},"primaryImageOfPage":{"@id":"https:\/\/svilupporaytech.com\/es\/producto\/baja-tension\/empalmes\/pre-rellenados\/king-joint\/#primaryimage"},"image":{"@id":"https:\/\/svilupporaytech.com\/es\/producto\/baja-tension\/empalmes\/pre-rellenados\/king-joint\/#primaryimage"},"thumbnailUrl":"https:\/\/svilupporaytech.com\/wp-content\/uploads\/king-joint-1.jpg","datePublished":"2015-12-15T15:30:21+00:00","dateModified":"2019-08-01T09:01:48+00:00","breadcrumb":{"@id":"https:\/\/svilupporaytech.com\/es\/producto\/baja-tension\/empalmes\/pre-rellenados\/king-joint\/#breadcrumb"},"inLanguage":"es","potentialAction":[{"@type":"ReadAction","target":["https:\/\/svilupporaytech.com\/es\/producto\/baja-tension\/empalmes\/pre-rellenados\/king-joint\/"]}]},{"@type":"ImageObject","inLanguage":"es","@id":"https:\/\/svilupporaytech.com\/es\/producto\/baja-tension\/empalmes\/pre-rellenados\/king-joint\/#primaryimage","url":"https:\/\/svilupporaytech.com\/wp-content\/uploads\/king-joint-1.jpg","contentUrl":"https:\/\/svilupporaytech.com\/wp-content\/uploads\/king-joint-1.jpg","width":1024,"height":1024},{"@type":"BreadcrumbList","@id":"https:\/\/svilupporaytech.com\/es\/producto\/baja-tension\/empalmes\/pre-rellenados\/king-joint\/#breadcrumb","itemListElement":[{"@type":"ListItem","position":1,"name":"Home","item":"https:\/\/svilupporaytech.com\/es\/"},{"@type":"ListItem","position":2,"name":"Tienda","item":"https:\/\/svilupporaytech.com\/es\/tienda\/"},{"@type":"ListItem","position":3,"name":"King Joint"}]},{"@type":"WebSite","@id":"https:\/\/svilupporaytech.com\/#website","url":"https:\/\/svilupporaytech.com\/","name":"Raytech","description":"Cable accessories company","potentialAction":[{"@type":"SearchAction","target":{"@type":"EntryPoint","urlTemplate":"https:\/\/svilupporaytech.com\/?s={search_term_string}"},"query-input":"required name=search_term_string"}],"inLanguage":"es"}]}},"_links":{"self":[{"href":"https:\/\/svilupporaytech.com\/es\/wp-json\/wp\/v2\/product\/6144"}],"collection":[{"href":"https:\/\/svilupporaytech.com\/es\/wp-json\/wp\/v2\/product"}],"about":[{"href":"https:\/\/svilupporaytech.com\/es\/wp-json\/wp\/v2\/types\/product"}],"wp:featuredmedia":[{"embeddable":true,"href":"https:\/\/svilupporaytech.com\/es\/wp-json\/wp\/v2\/media\/2814"}],"wp:attachment":[{"href":"https:\/\/svilupporaytech.com\/es\/wp-json\/wp\/v2\/media?parent=6144"}],"wp:term":[{"taxonomy":"product_cat","embeddable":true,"href":"https:\/\/svilupporaytech.com\/es\/wp-json\/wp\/v2\/product_cat?post=6144"},{"taxonomy":"product_tag","embeddable":true,"href":"https:\/\/svilupporaytech.com\/es\/wp-json\/wp\/v2\/product_tag?post=6144"}],"curies":[{"name":"wp","href":"https:\/\/api.w.org\/{rel}","templated":true}]}}