{"id":6147,"date":"2015-07-15T12:30:37","date_gmt":"2015-12-15T15:49:55","guid":{"rendered":"https:\/\/svilupporaytech.com\/?post_type=product&#038;p=6147&#038;lang=es"},"modified":"2019-12-18T14:31:12","modified_gmt":"2019-12-18T13:31:12","slug":"clik-fire","status":"publish","type":"product","link":"https:\/\/svilupporaytech.com\/es\/producto\/baja-tension\/empalmes\/pre-rellenados\/clik-fire\/","title":{"rendered":"Clik Fire"},"content":{"rendered":"<h4> Uni\u00f3n pre rellenada de gel, recta o derivada, para cables<br \/>\nmultipolares de hasta 4 almas.<\/h4>\n<p><\/br><\/p>\n<h4> Clik Fire &#8211; A2A<\/h4>\n<h4> Uniones de derivaci\u00f3n de dorsal para sistemas<br \/>\nde iluminaci\u00f3n p\u00fablica de tipo paralelo.<\/h4>\n<p>Uniones de derivaci\u00f3n de dorsal a dorsal, de dorsal a subida poste, de l\u00ednea a\u00e9rea a poste de<br \/>\ncableado en haz para poste, del tipo homologado por la Azienda Elettrica Milanese (A2A,<br \/>\nex AEM). Los accesorios est\u00e1n dotados por conectores con tornillo allen del tipo recubierto,<br \/>\npreaislados y, para las instalaciones en pozo, con un adecuado monitor de protecci\u00f3n. Las<br \/>\njuntas son at\u00f3xicas, sin caducidad y reaccesibles.<br \/>\n<\/br><\/br><\/p>\n<h4> Clik Fire &#8211; A2A (Fuse)<\/h4>\n<h4> Uniones de derivaci\u00f3n de dorsal subida poste<br \/>\ncon fusible de protecci\u00f3n.<\/h4>\n<p>Uniones de derivaci\u00f3n de dorsal a subida poste dotados de portafusible seccionable y fusible con se\u00f1al de fusi\u00f3n para indicaci\u00f3n de la intervenci\u00f3n. Los accesorios est\u00e1n dotados<br \/>\nde conectores con tornillo allen del tipo recubierto, preaislado, y para las instalaciones en<br \/>\npozo con un adecuado monitor de protecci\u00f3n. Las juntas son at\u00f3xicas, sin caducidad y<br \/>\nreaccesibles, no propagantes.<\/p>\n","protected":false},"excerpt":{"rendered":"<p>Uni\u00f3n pre rellenada de gel, recta o derivada, para cables multipolares de hasta 4 almas. Clik Fire &#8211; A2A Uniones de derivaci\u00f3n de dorsal para sistemas de iluminaci\u00f3n p\u00fablica de<span class=\"excerpt-hellip\"> [\u2026]<\/span><\/p>\n","protected":false},"featured_media":19394,"template":"","meta":[],"product_cat":[239,241,244],"product_tag":[],"yoast_head":"<!-- This site is optimized with the Yoast SEO plugin v22.7 - https:\/\/yoast.com\/wordpress\/plugins\/seo\/ -->\n<title>Clik Fire | Raytech<\/title>\n<meta name=\"robots\" content=\"index, follow, max-snippet:-1, max-image-preview:large, max-video-preview:-1\" \/>\n<link rel=\"canonical\" href=\"https:\/\/svilupporaytech.com\/es\/producto\/baja-tension\/empalmes\/pre-rellenados\/clik-fire\/\" \/>\n<meta property=\"og:locale\" content=\"es_ES\" \/>\n<meta property=\"og:type\" content=\"article\" \/>\n<meta property=\"og:title\" content=\"Clik Fire | Raytech\" \/>\n<meta property=\"og:description\" content=\"Uni\u00f3n pre rellenada de gel, recta o derivada, para cables multipolares de hasta 4 almas. Clik Fire &#8211; A2A Uniones de derivaci\u00f3n de dorsal para sistemas de iluminaci\u00f3n p\u00fablica de [\u2026]\" \/>\n<meta property=\"og:url\" content=\"https:\/\/svilupporaytech.com\/es\/producto\/baja-tension\/empalmes\/pre-rellenados\/clik-fire\/\" \/>\n<meta property=\"og:site_name\" content=\"Raytech\" \/>\n<meta property=\"article:modified_time\" content=\"2019-12-18T13:31:12+00:00\" \/>\n<meta property=\"og:image\" content=\"https:\/\/svilupporaytech.com\/wp-content\/uploads\/clik.jpg\" \/>\n\t<meta property=\"og:image:width\" content=\"1024\" \/>\n\t<meta property=\"og:image:height\" content=\"1024\" \/>\n\t<meta property=\"og:image:type\" content=\"image\/jpeg\" \/>\n<meta name=\"twitter:card\" content=\"summary_large_image\" \/>\n<meta name=\"twitter:label1\" content=\"Tiempo de lectura\" \/>\n\t<meta name=\"twitter:data1\" content=\"1 minuto\" \/>\n<script type=\"application\/ld+json\" class=\"yoast-schema-graph\">{\"@context\":\"https:\/\/schema.org\",\"@graph\":[{\"@type\":\"WebPage\",\"@id\":\"https:\/\/svilupporaytech.com\/es\/producto\/baja-tension\/empalmes\/pre-rellenados\/clik-fire\/\",\"url\":\"https:\/\/svilupporaytech.com\/es\/producto\/baja-tension\/empalmes\/pre-rellenados\/clik-fire\/\",\"name\":\"Clik Fire | Raytech\",\"isPartOf\":{\"@id\":\"https:\/\/svilupporaytech.com\/#website\"},\"primaryImageOfPage\":{\"@id\":\"https:\/\/svilupporaytech.com\/es\/producto\/baja-tension\/empalmes\/pre-rellenados\/clik-fire\/#primaryimage\"},\"image\":{\"@id\":\"https:\/\/svilupporaytech.com\/es\/producto\/baja-tension\/empalmes\/pre-rellenados\/clik-fire\/#primaryimage\"},\"thumbnailUrl\":\"https:\/\/svilupporaytech.com\/wp-content\/uploads\/clik.jpg\",\"datePublished\":\"2015-12-15T15:49:55+00:00\",\"dateModified\":\"2019-12-18T13:31:12+00:00\",\"breadcrumb\":{\"@id\":\"https:\/\/svilupporaytech.com\/es\/producto\/baja-tension\/empalmes\/pre-rellenados\/clik-fire\/#breadcrumb\"},\"inLanguage\":\"es\",\"potentialAction\":[{\"@type\":\"ReadAction\",\"target\":[\"https:\/\/svilupporaytech.com\/es\/producto\/baja-tension\/empalmes\/pre-rellenados\/clik-fire\/\"]}]},{\"@type\":\"ImageObject\",\"inLanguage\":\"es\",\"@id\":\"https:\/\/svilupporaytech.com\/es\/producto\/baja-tension\/empalmes\/pre-rellenados\/clik-fire\/#primaryimage\",\"url\":\"https:\/\/svilupporaytech.com\/wp-content\/uploads\/clik.jpg\",\"contentUrl\":\"https:\/\/svilupporaytech.com\/wp-content\/uploads\/clik.jpg\",\"width\":1024,\"height\":1024},{\"@type\":\"BreadcrumbList\",\"@id\":\"https:\/\/svilupporaytech.com\/es\/producto\/baja-tension\/empalmes\/pre-rellenados\/clik-fire\/#breadcrumb\",\"itemListElement\":[{\"@type\":\"ListItem\",\"position\":1,\"name\":\"Home\",\"item\":\"https:\/\/svilupporaytech.com\/es\/\"},{\"@type\":\"ListItem\",\"position\":2,\"name\":\"Tienda\",\"item\":\"https:\/\/svilupporaytech.com\/es\/tienda\/\"},{\"@type\":\"ListItem\",\"position\":3,\"name\":\"Clik Fire\"}]},{\"@type\":\"WebSite\",\"@id\":\"https:\/\/svilupporaytech.com\/#website\",\"url\":\"https:\/\/svilupporaytech.com\/\",\"name\":\"Raytech\",\"description\":\"Cable accessories company\",\"potentialAction\":[{\"@type\":\"SearchAction\",\"target\":{\"@type\":\"EntryPoint\",\"urlTemplate\":\"https:\/\/svilupporaytech.com\/?s={search_term_string}\"},\"query-input\":\"required name=search_term_string\"}],\"inLanguage\":\"es\"}]}<\/script>\n<!-- \/ Yoast SEO plugin. -->","yoast_head_json":{"title":"Clik Fire | Raytech","robots":{"index":"index","follow":"follow","max-snippet":"max-snippet:-1","max-image-preview":"max-image-preview:large","max-video-preview":"max-video-preview:-1"},"canonical":"https:\/\/svilupporaytech.com\/es\/producto\/baja-tension\/empalmes\/pre-rellenados\/clik-fire\/","og_locale":"es_ES","og_type":"article","og_title":"Clik Fire | Raytech","og_description":"Uni\u00f3n pre rellenada de gel, recta o derivada, para cables multipolares de hasta 4 almas. Clik Fire &#8211; A2A Uniones de derivaci\u00f3n de dorsal para sistemas de iluminaci\u00f3n p\u00fablica de [\u2026]","og_url":"https:\/\/svilupporaytech.com\/es\/producto\/baja-tension\/empalmes\/pre-rellenados\/clik-fire\/","og_site_name":"Raytech","article_modified_time":"2019-12-18T13:31:12+00:00","og_image":[{"width":1024,"height":1024,"url":"https:\/\/svilupporaytech.com\/wp-content\/uploads\/clik.jpg","type":"image\/jpeg"}],"twitter_card":"summary_large_image","twitter_misc":{"Tiempo de lectura":"1 minuto"},"schema":{"@context":"https:\/\/schema.org","@graph":[{"@type":"WebPage","@id":"https:\/\/svilupporaytech.com\/es\/producto\/baja-tension\/empalmes\/pre-rellenados\/clik-fire\/","url":"https:\/\/svilupporaytech.com\/es\/producto\/baja-tension\/empalmes\/pre-rellenados\/clik-fire\/","name":"Clik Fire | Raytech","isPartOf":{"@id":"https:\/\/svilupporaytech.com\/#website"},"primaryImageOfPage":{"@id":"https:\/\/svilupporaytech.com\/es\/producto\/baja-tension\/empalmes\/pre-rellenados\/clik-fire\/#primaryimage"},"image":{"@id":"https:\/\/svilupporaytech.com\/es\/producto\/baja-tension\/empalmes\/pre-rellenados\/clik-fire\/#primaryimage"},"thumbnailUrl":"https:\/\/svilupporaytech.com\/wp-content\/uploads\/clik.jpg","datePublished":"2015-12-15T15:49:55+00:00","dateModified":"2019-12-18T13:31:12+00:00","breadcrumb":{"@id":"https:\/\/svilupporaytech.com\/es\/producto\/baja-tension\/empalmes\/pre-rellenados\/clik-fire\/#breadcrumb"},"inLanguage":"es","potentialAction":[{"@type":"ReadAction","target":["https:\/\/svilupporaytech.com\/es\/producto\/baja-tension\/empalmes\/pre-rellenados\/clik-fire\/"]}]},{"@type":"ImageObject","inLanguage":"es","@id":"https:\/\/svilupporaytech.com\/es\/producto\/baja-tension\/empalmes\/pre-rellenados\/clik-fire\/#primaryimage","url":"https:\/\/svilupporaytech.com\/wp-content\/uploads\/clik.jpg","contentUrl":"https:\/\/svilupporaytech.com\/wp-content\/uploads\/clik.jpg","width":1024,"height":1024},{"@type":"BreadcrumbList","@id":"https:\/\/svilupporaytech.com\/es\/producto\/baja-tension\/empalmes\/pre-rellenados\/clik-fire\/#breadcrumb","itemListElement":[{"@type":"ListItem","position":1,"name":"Home","item":"https:\/\/svilupporaytech.com\/es\/"},{"@type":"ListItem","position":2,"name":"Tienda","item":"https:\/\/svilupporaytech.com\/es\/tienda\/"},{"@type":"ListItem","position":3,"name":"Clik Fire"}]},{"@type":"WebSite","@id":"https:\/\/svilupporaytech.com\/#website","url":"https:\/\/svilupporaytech.com\/","name":"Raytech","description":"Cable accessories company","potentialAction":[{"@type":"SearchAction","target":{"@type":"EntryPoint","urlTemplate":"https:\/\/svilupporaytech.com\/?s={search_term_string}"},"query-input":"required name=search_term_string"}],"inLanguage":"es"}]}},"_links":{"self":[{"href":"https:\/\/svilupporaytech.com\/es\/wp-json\/wp\/v2\/product\/6147"}],"collection":[{"href":"https:\/\/svilupporaytech.com\/es\/wp-json\/wp\/v2\/product"}],"about":[{"href":"https:\/\/svilupporaytech.com\/es\/wp-json\/wp\/v2\/types\/product"}],"wp:featuredmedia":[{"embeddable":true,"href":"https:\/\/svilupporaytech.com\/es\/wp-json\/wp\/v2\/media\/19394"}],"wp:attachment":[{"href":"https:\/\/svilupporaytech.com\/es\/wp-json\/wp\/v2\/media?parent=6147"}],"wp:term":[{"taxonomy":"product_cat","embeddable":true,"href":"https:\/\/svilupporaytech.com\/es\/wp-json\/wp\/v2\/product_cat?post=6147"},{"taxonomy":"product_tag","embeddable":true,"href":"https:\/\/svilupporaytech.com\/es\/wp-json\/wp\/v2\/product_tag?post=6147"}],"curies":[{"name":"wp","href":"https:\/\/api.w.org\/{rel}","templated":true}]}}